{"id":12334,"date":"2024-05-05T19:39:36","date_gmt":"2024-05-05T19:39:36","guid":{"rendered":"https:\/\/brizyproducts.com\/product\/pocono-sleeveless\/"},"modified":"2026-04-01T11:23:57","modified_gmt":"2026-04-01T11:23:57","slug":"pocono-sleeveless","status":"publish","type":"product","link":"https:\/\/brizyproducts.com\/sv\/product\/pocono-sleeveless\/","title":{"rendered":"Pocono \u00c4rml\u00f6s"},"content":{"rendered":"<h2><strong>Underst\u00e4llstr\u00f6ja f\u00f6r de varmaste dagarna<\/strong><\/h2>\n<p>Uppt\u00e4ck v\u00e5r \u00e4rml\u00f6sa underst\u00e4llstr\u00f6ja, designad f\u00f6r maximal komfort och perfekt passform under de varmaste v\u00e5r- och sommardagarna p\u00e5 t\u00e4vlingsbanan.<\/p>\n<p>Tillverkad i ett mjukt, stretchigt material med h\u00f6g krage, kan du r\u00f6ra dig fritt utan att smuts eller grus hamnar i innanf\u00f6r tr\u00f6jan. Det avancerade materialet transporterar snabbt bort svett och torkar p\u00e5 nolltid, s\u00e5 att du h\u00e5ller dig bekv\u00e4m hela dagen. Den \u00e5tsittande designen ger maximal r\u00f6relsefrihet och komfort under alla aktiviteter.<\/p>\n","protected":false},"excerpt":{"rendered":"<p>Vitt \u00e4rml\u00f6s underst\u00e4llstr\u00f6ja som snabbt transporterar bort fukt och h\u00e5ller dig torr.<\/p>\n","protected":false},"featured_media":23343,"comment_status":"closed","ping_status":"closed","template":"","meta":{"_acf_changed":false},"product_brand":[],"product_cat":[304],"product_tag":[256],"season":[506,502],"gender":[510],"collection":[540],"activity":[562,564],"product_type_brizy":[570],"class_list":{"0":"post-12334","1":"product","2":"type-product","3":"status-publish","4":"has-post-thumbnail","6":"product_cat-underwear","7":"product_tag-pocono-sv","8":"season-spring-fall","9":"season-summer","10":"gender-men","11":"collection-pocono","12":"activity-training","13":"activity-trotting","14":"product_type_brizy-stock-products","16":"first","17":"instock","18":"taxable","19":"shipping-taxable","20":"purchasable","21":"product-type-variable"},"acf":[],"yoast_head":"<!-- This site is optimized with the Yoast SEO plugin v27.3 - https:\/\/yoast.com\/product\/yoast-seo-wordpress\/ -->\n<title>Pocono \u00c4rml\u00f6s | \u00c4rml\u00f6s underst\u00e4llstr\u00f6ja f\u00f6r travkuskar | Brizy<\/title>\n<meta name=\"description\" content=\"En vit \u00e4rml\u00f6s underst\u00e4llstr\u00f6ja skapad f\u00f6r de varmaste dagarna. Med h\u00f6g krage och maximal r\u00f6relsefrihet \u00e4r den optimal under k\u00f6rdressen.\" \/>\n<meta name=\"robots\" content=\"index, follow, max-snippet:-1, max-image-preview:large, max-video-preview:-1\" \/>\n<link rel=\"canonical\" href=\"https:\/\/brizyproducts.com\/sv\/product\/pocono-sleeveless\/\" \/>\n<meta property=\"og:locale\" content=\"sv_SE\" \/>\n<meta property=\"og:type\" content=\"article\" \/>\n<meta property=\"og:title\" content=\"Pocono \u00c4rml\u00f6s | \u00c4rml\u00f6s underst\u00e4llstr\u00f6ja f\u00f6r travkuskar | Brizy\" \/>\n<meta property=\"og:description\" content=\"En vit \u00e4rml\u00f6s underst\u00e4llstr\u00f6ja skapad f\u00f6r de varmaste dagarna. Med h\u00f6g krage och maximal r\u00f6relsefrihet \u00e4r den optimal under k\u00f6rdressen.\" \/>\n<meta property=\"og:url\" content=\"https:\/\/brizyproducts.com\/sv\/product\/pocono-sleeveless\/\" \/>\n<meta property=\"og:site_name\" content=\"Brizy Products\" \/>\n<meta property=\"article:publisher\" content=\"https:\/\/www.facebook.com\/brizy.1983\/\" \/>\n<meta property=\"article:modified_time\" content=\"2026-04-01T11:23:57+00:00\" \/>\n<meta property=\"og:image\" content=\"https:\/\/brizyproducts.com\/wp-content\/uploads\/2024\/05\/2v2-2-scaled.webp\" \/>\n\t<meta property=\"og:image:width\" content=\"1920\" \/>\n\t<meta property=\"og:image:height\" content=\"2560\" \/>\n\t<meta property=\"og:image:type\" content=\"image\/png\" \/>\n<meta name=\"twitter:card\" content=\"summary_large_image\" \/>\n<meta property=\"og:availability\" content=\"instock\" \/>\n<meta property=\"product:availability\" content=\"instock\" \/>\n<meta property=\"product:condition\" content=\"new\" \/>\n<!-- \/ Yoast SEO plugin. -->","yoast_head_json":{"title":"Pocono \u00c4rml\u00f6s | \u00c4rml\u00f6s underst\u00e4llstr\u00f6ja f\u00f6r travkuskar | Brizy","description":"En vit \u00e4rml\u00f6s underst\u00e4llstr\u00f6ja skapad f\u00f6r de varmaste dagarna. Med h\u00f6g krage och maximal r\u00f6relsefrihet \u00e4r den optimal under k\u00f6rdressen.","robots":{"index":"index","follow":"follow","max-snippet":"max-snippet:-1","max-image-preview":"max-image-preview:large","max-video-preview":"max-video-preview:-1"},"canonical":"https:\/\/brizyproducts.com\/sv\/product\/pocono-sleeveless\/","og_locale":"sv_SE","og_type":"article","og_title":"Pocono \u00c4rml\u00f6s | \u00c4rml\u00f6s underst\u00e4llstr\u00f6ja f\u00f6r travkuskar | Brizy","og_description":"En vit \u00e4rml\u00f6s underst\u00e4llstr\u00f6ja skapad f\u00f6r de varmaste dagarna. Med h\u00f6g krage och maximal r\u00f6relsefrihet \u00e4r den optimal under k\u00f6rdressen.","og_url":"https:\/\/brizyproducts.com\/sv\/product\/pocono-sleeveless\/","og_site_name":"Brizy Products","article_publisher":"https:\/\/www.facebook.com\/brizy.1983\/","article_modified_time":"2026-04-01T11:23:57+00:00","og_image":[{"width":1920,"height":2560,"url":"https:\/\/brizyproducts.com\/wp-content\/uploads\/2024\/05\/2v2-2-scaled.webp","type":"image\/png"}],"twitter_card":"summary_large_image","schema":{"@context":"https:\/\/schema.org","@graph":[{"@type":"WebPage","@id":"https:\/\/brizyproducts.com\/sv\/product\/pocono-sleeveless\/","url":"https:\/\/brizyproducts.com\/sv\/product\/pocono-sleeveless\/","name":"Pocono \u00c4rml\u00f6s | \u00c4rml\u00f6s underst\u00e4llstr\u00f6ja f\u00f6r travkuskar | Brizy","isPartOf":{"@id":"https:\/\/brizyproducts.com\/sv\/#website"},"primaryImageOfPage":{"@id":"https:\/\/brizyproducts.com\/sv\/product\/pocono-sleeveless\/#primaryimage"},"image":{"@id":"https:\/\/brizyproducts.com\/sv\/product\/pocono-sleeveless\/#primaryimage"},"thumbnailUrl":"https:\/\/brizyproducts.com\/wp-content\/uploads\/2024\/05\/2v2-2-scaled.webp","datePublished":"2024-05-05T19:39:36+00:00","dateModified":"2026-04-01T11:23:57+00:00","description":"En vit \u00e4rml\u00f6s underst\u00e4llstr\u00f6ja skapad f\u00f6r de varmaste dagarna. Med h\u00f6g krage och maximal r\u00f6relsefrihet \u00e4r den optimal under k\u00f6rdressen.","breadcrumb":{"@id":"https:\/\/brizyproducts.com\/sv\/product\/pocono-sleeveless\/#breadcrumb"},"inLanguage":"sv-SE","potentialAction":[{"@type":"ReadAction","target":["https:\/\/brizyproducts.com\/sv\/product\/pocono-sleeveless\/"]}]},{"@type":"ImageObject","inLanguage":"sv-SE","@id":"https:\/\/brizyproducts.com\/sv\/product\/pocono-sleeveless\/#primaryimage","url":"https:\/\/brizyproducts.com\/wp-content\/uploads\/2024\/05\/2v2-2-scaled.webp","contentUrl":"https:\/\/brizyproducts.com\/wp-content\/uploads\/2024\/05\/2v2-2-scaled.webp","width":1920,"height":2560},{"@type":"BreadcrumbList","@id":"https:\/\/brizyproducts.com\/sv\/product\/pocono-sleeveless\/#breadcrumb","itemListElement":[{"@type":"ListItem","position":1,"name":"Hem","item":"https:\/\/brizyproducts.com\/sv\/start-april-2026\/"},{"@type":"ListItem","position":2,"name":"Shop","item":"https:\/\/brizyproducts.com\/sv\/shop\/"},{"@type":"ListItem","position":3,"name":"Pocono \u00c4rml\u00f6s"}]},{"@type":"WebSite","@id":"https:\/\/brizyproducts.com\/sv\/#website","url":"https:\/\/brizyproducts.com\/sv\/","name":"Brizy","description":"","publisher":{"@id":"https:\/\/brizyproducts.com\/sv\/#organization"},"potentialAction":[{"@type":"SearchAction","target":{"@type":"EntryPoint","urlTemplate":"https:\/\/brizyproducts.com\/sv\/?s={search_term_string}"},"query-input":{"@type":"PropertyValueSpecification","valueRequired":true,"valueName":"search_term_string"}}],"inLanguage":"sv-SE"},{"@type":"Organization","@id":"https:\/\/brizyproducts.com\/sv\/#organization","name":"Brizy","url":"https:\/\/brizyproducts.com\/sv\/","logo":{"@type":"ImageObject","inLanguage":"sv-SE","@id":"https:\/\/brizyproducts.com\/sv\/#\/schema\/logo\/image\/","url":"https:\/\/brizyproducts.com\/wp-content\/uploads\/2023\/12\/Brizy-old.svg","contentUrl":"https:\/\/brizyproducts.com\/wp-content\/uploads\/2023\/12\/Brizy-old.svg","width":1,"height":1,"caption":"Brizy"},"image":{"@id":"https:\/\/brizyproducts.com\/sv\/#\/schema\/logo\/image\/"},"sameAs":["https:\/\/www.facebook.com\/brizy.1983\/","https:\/\/www.linkedin.com\/company\/brizy-produktion\/"]}]},"og_availability":"instock","product_availability":"instock","product_condition":"new"},"_links":{"self":[{"href":"https:\/\/brizyproducts.com\/sv\/wp-json\/wp\/v2\/product\/12334","targetHints":{"allow":["GET"]}}],"collection":[{"href":"https:\/\/brizyproducts.com\/sv\/wp-json\/wp\/v2\/product"}],"about":[{"href":"https:\/\/brizyproducts.com\/sv\/wp-json\/wp\/v2\/types\/product"}],"replies":[{"embeddable":true,"href":"https:\/\/brizyproducts.com\/sv\/wp-json\/wp\/v2\/comments?post=12334"}],"wp:featuredmedia":[{"embeddable":true,"href":"https:\/\/brizyproducts.com\/sv\/wp-json\/wp\/v2\/media\/23343"}],"wp:attachment":[{"href":"https:\/\/brizyproducts.com\/sv\/wp-json\/wp\/v2\/media?parent=12334"}],"wp:term":[{"taxonomy":"product_brand","embeddable":true,"href":"https:\/\/brizyproducts.com\/sv\/wp-json\/wp\/v2\/product_brand?post=12334"},{"taxonomy":"product_cat","embeddable":true,"href":"https:\/\/brizyproducts.com\/sv\/wp-json\/wp\/v2\/product_cat?post=12334"},{"taxonomy":"product_tag","embeddable":true,"href":"https:\/\/brizyproducts.com\/sv\/wp-json\/wp\/v2\/product_tag?post=12334"},{"taxonomy":"season","embeddable":true,"href":"https:\/\/brizyproducts.com\/sv\/wp-json\/wp\/v2\/season?post=12334"},{"taxonomy":"gender","embeddable":true,"href":"https:\/\/brizyproducts.com\/sv\/wp-json\/wp\/v2\/gender?post=12334"},{"taxonomy":"collection","embeddable":true,"href":"https:\/\/brizyproducts.com\/sv\/wp-json\/wp\/v2\/collection?post=12334"},{"taxonomy":"activity","embeddable":true,"href":"https:\/\/brizyproducts.com\/sv\/wp-json\/wp\/v2\/activity?post=12334"},{"taxonomy":"product_type_brizy","embeddable":true,"href":"https:\/\/brizyproducts.com\/sv\/wp-json\/wp\/v2\/product_type_brizy?post=12334"}],"curies":[{"name":"wp","href":"https:\/\/api.w.org\/{rel}","templated":true}]}}