{"id":12313,"date":"2024-05-06T07:08:51","date_gmt":"2024-05-06T07:08:51","guid":{"rendered":"https:\/\/brizyproducts.com\/product\/pocono-sleeveless-kopia\/"},"modified":"2026-03-09T12:53:00","modified_gmt":"2026-03-09T12:53:00","slug":"pocono-sleeveless-kopia","status":"publish","type":"product","link":"https:\/\/brizyproducts.com\/sv\/product\/pocono-sleeveless-kopia\/","title":{"rendered":"Pocono L\u00e5ng\u00e4rmad"},"content":{"rendered":"<div class=\"flex flex-grow flex-col max-w-full\">\n<div class=\"min-h-[20px] text-message flex flex-col items-start whitespace-pre-wrap break-words [.text-message+&amp;]:mt-5 juice:w-full juice:items-end overflow-x-auto gap-2\" dir=\"auto\" data-message-author-role=\"assistant\" data-message-id=\"9caee085-675a-4cbc-b105-317765d2b5eb\">\n<div class=\"flex w-full flex-col gap-1 juice:empty:hidden juice:first:pt-[3px]\">\n<div class=\"markdown prose w-full break-words dark:prose-invert light\">\n<h2><strong>Ett extra lager som g\u00f6r skillnad<\/strong><\/h2>\n<p>Uppt\u00e4ck v\u00e5r l\u00e5ng\u00e4rmade underst\u00e4llstr\u00f6ja, designad f\u00f6r maximal komfort och perfekt passform under de kallare dagarna p\u00e5 t\u00e4vlingsbanan.<\/p>\n<p>Tillverkad i ett mjukt, stretchmaterial med h\u00f6g krage, kan du r\u00f6ra dig fritt utan att smuts eller grus hamnar i innanf\u00f6r tr\u00f6jan. Det avancerade materialet transporterar snabbt bort svett och torkar p\u00e5 nolltid, s\u00e5 att du h\u00e5ller dig bekv\u00e4m hela dagen. Den \u00e5tsittande designen ger maximal r\u00f6relsefrihet och komfort under alla aktiviteter.<\/p>\n<\/div>\n<\/div>\n<\/div>\n<\/div>\n<div class=\"mt-1 flex gap-3 empty:hidden juice:-ml-3\">\n<div class=\"items-center justify-start rounded-xl p-1 flex\">\n<div class=\"flex items-center\">\n\n<div class=\"flex\"><\/div>\n<div class=\"flex items-center pb-0.5 juice:pb-0\">\n<div class=\"[&amp;_svg]:h-full [&amp;_svg]:w-full icon-md h-4 w-4\"><\/div>\n<p><span class=\"line-clamp-1 text-sm\">4o<\/span><\/p>\n<\/div>\n<\/div>\n<\/div>\n<\/div>\n","protected":false},"excerpt":{"rendered":"<p>L\u00e5ng\u00e4rmad underst\u00e4llstr\u00f6ja med h\u00f6g komfort som snabbt transporterar bort fukt.<\/p>\n","protected":false},"featured_media":23604,"comment_status":"closed","ping_status":"closed","template":"","meta":{"_acf_changed":false},"product_brand":[],"product_cat":[304],"product_tag":[256],"season":[506,502],"gender":[510],"collection":[540],"activity":[562,564],"product_type_brizy":[570],"class_list":{"0":"post-12313","1":"product","2":"type-product","3":"status-publish","4":"has-post-thumbnail","6":"product_cat-underwear","7":"product_tag-pocono-sv","8":"season-spring-fall","9":"season-summer","10":"gender-men","11":"collection-pocono","12":"activity-training","13":"activity-trotting","14":"product_type_brizy-stock-products","16":"first","17":"instock","18":"taxable","19":"shipping-taxable","20":"purchasable","21":"product-type-variable"},"acf":[],"yoast_head":"<!-- This site is optimized with the Yoast SEO plugin v27.4 - https:\/\/yoast.com\/product\/yoast-seo-wordpress\/ -->\n<title>Pocono L\u00e5ng\u00e4rmad | L\u00e5ng\u00e4rmad underst\u00e4llstr\u00f6ja | Brizy<\/title>\n<meta name=\"description\" content=\"En vit l\u00e5ng\u00e4rmad underst\u00e4llstr\u00f6ja skapad f\u00f6r de kallare dagarna. Med h\u00f6g krage och maximal r\u00f6relsefrihet \u00e4r den optimal under travdressen.\" \/>\n<meta name=\"robots\" content=\"index, follow, max-snippet:-1, max-image-preview:large, max-video-preview:-1\" \/>\n<link rel=\"canonical\" href=\"https:\/\/brizyproducts.com\/sv\/product\/pocono-sleeveless-kopia\/\" \/>\n<meta property=\"og:locale\" content=\"sv_SE\" \/>\n<meta property=\"og:type\" content=\"article\" \/>\n<meta property=\"og:title\" content=\"Pocono L\u00e5ng\u00e4rmad | L\u00e5ng\u00e4rmad underst\u00e4llstr\u00f6ja | Brizy\" \/>\n<meta property=\"og:description\" content=\"En vit l\u00e5ng\u00e4rmad underst\u00e4llstr\u00f6ja skapad f\u00f6r de kallare dagarna. Med h\u00f6g krage och maximal r\u00f6relsefrihet \u00e4r den optimal under travdressen.\" \/>\n<meta property=\"og:url\" content=\"https:\/\/brizyproducts.com\/sv\/product\/pocono-sleeveless-kopia\/\" \/>\n<meta property=\"og:site_name\" content=\"Brizy Products\" \/>\n<meta property=\"article:publisher\" content=\"https:\/\/www.facebook.com\/brizy.1983\/\" \/>\n<meta property=\"article:modified_time\" content=\"2026-03-09T12:53:00+00:00\" \/>\n<meta property=\"og:image\" content=\"https:\/\/brizyproducts.com\/wp-content\/uploads\/2024\/05\/2-1-png.webp\" \/>\n\t<meta property=\"og:image:width\" content=\"3375\" \/>\n\t<meta property=\"og:image:height\" content=\"4500\" \/>\n\t<meta property=\"og:image:type\" content=\"image\/png\" \/>\n<meta name=\"twitter:card\" content=\"summary_large_image\" \/>\n<meta property=\"og:availability\" content=\"instock\" \/>\n<meta property=\"product:availability\" content=\"instock\" \/>\n<meta property=\"product:condition\" content=\"new\" \/>\n<!-- \/ Yoast SEO plugin. -->","yoast_head_json":{"title":"Pocono L\u00e5ng\u00e4rmad | L\u00e5ng\u00e4rmad underst\u00e4llstr\u00f6ja | Brizy","description":"En vit l\u00e5ng\u00e4rmad underst\u00e4llstr\u00f6ja skapad f\u00f6r de kallare dagarna. Med h\u00f6g krage och maximal r\u00f6relsefrihet \u00e4r den optimal under travdressen.","robots":{"index":"index","follow":"follow","max-snippet":"max-snippet:-1","max-image-preview":"max-image-preview:large","max-video-preview":"max-video-preview:-1"},"canonical":"https:\/\/brizyproducts.com\/sv\/product\/pocono-sleeveless-kopia\/","og_locale":"sv_SE","og_type":"article","og_title":"Pocono L\u00e5ng\u00e4rmad | L\u00e5ng\u00e4rmad underst\u00e4llstr\u00f6ja | Brizy","og_description":"En vit l\u00e5ng\u00e4rmad underst\u00e4llstr\u00f6ja skapad f\u00f6r de kallare dagarna. Med h\u00f6g krage och maximal r\u00f6relsefrihet \u00e4r den optimal under travdressen.","og_url":"https:\/\/brizyproducts.com\/sv\/product\/pocono-sleeveless-kopia\/","og_site_name":"Brizy Products","article_publisher":"https:\/\/www.facebook.com\/brizy.1983\/","article_modified_time":"2026-03-09T12:53:00+00:00","og_image":[{"width":3375,"height":4500,"url":"https:\/\/brizyproducts.com\/wp-content\/uploads\/2024\/05\/2-1-png.webp","type":"image\/png"}],"twitter_card":"summary_large_image","schema":{"@context":"https:\/\/schema.org","@graph":[{"@type":"WebPage","@id":"https:\/\/brizyproducts.com\/sv\/product\/pocono-sleeveless-kopia\/","url":"https:\/\/brizyproducts.com\/sv\/product\/pocono-sleeveless-kopia\/","name":"Pocono L\u00e5ng\u00e4rmad | L\u00e5ng\u00e4rmad underst\u00e4llstr\u00f6ja | Brizy","isPartOf":{"@id":"https:\/\/brizyproducts.com\/sv\/#website"},"primaryImageOfPage":{"@id":"https:\/\/brizyproducts.com\/sv\/product\/pocono-sleeveless-kopia\/#primaryimage"},"image":{"@id":"https:\/\/brizyproducts.com\/sv\/product\/pocono-sleeveless-kopia\/#primaryimage"},"thumbnailUrl":"https:\/\/brizyproducts.com\/wp-content\/uploads\/2024\/05\/2v2-3-scaled.webp","datePublished":"2024-05-06T07:08:51+00:00","dateModified":"2026-03-09T12:53:00+00:00","description":"En vit l\u00e5ng\u00e4rmad underst\u00e4llstr\u00f6ja skapad f\u00f6r de kallare dagarna. Med h\u00f6g krage och maximal r\u00f6relsefrihet \u00e4r den optimal under travdressen.","breadcrumb":{"@id":"https:\/\/brizyproducts.com\/sv\/product\/pocono-sleeveless-kopia\/#breadcrumb"},"inLanguage":"sv-SE","potentialAction":[{"@type":"ReadAction","target":["https:\/\/brizyproducts.com\/sv\/product\/pocono-sleeveless-kopia\/"]}]},{"@type":"ImageObject","inLanguage":"sv-SE","@id":"https:\/\/brizyproducts.com\/sv\/product\/pocono-sleeveless-kopia\/#primaryimage","url":"https:\/\/brizyproducts.com\/wp-content\/uploads\/2024\/05\/2v2-3-scaled.webp","contentUrl":"https:\/\/brizyproducts.com\/wp-content\/uploads\/2024\/05\/2v2-3-scaled.webp","width":1920,"height":2560},{"@type":"BreadcrumbList","@id":"https:\/\/brizyproducts.com\/sv\/product\/pocono-sleeveless-kopia\/#breadcrumb","itemListElement":[{"@type":"ListItem","position":1,"name":"Hem","item":"https:\/\/brizyproducts.com\/sv\/"},{"@type":"ListItem","position":2,"name":"Shop","item":"https:\/\/brizyproducts.com\/sv\/shop\/"},{"@type":"ListItem","position":3,"name":"Pocono L\u00e5ng\u00e4rmad"}]},{"@type":"WebSite","@id":"https:\/\/brizyproducts.com\/sv\/#website","url":"https:\/\/brizyproducts.com\/sv\/","name":"Brizy","description":"","publisher":{"@id":"https:\/\/brizyproducts.com\/sv\/#organization"},"potentialAction":[{"@type":"SearchAction","target":{"@type":"EntryPoint","urlTemplate":"https:\/\/brizyproducts.com\/sv\/?s={search_term_string}"},"query-input":{"@type":"PropertyValueSpecification","valueRequired":true,"valueName":"search_term_string"}}],"inLanguage":"sv-SE"},{"@type":"Organization","@id":"https:\/\/brizyproducts.com\/sv\/#organization","name":"Brizy","url":"https:\/\/brizyproducts.com\/sv\/","logo":{"@type":"ImageObject","inLanguage":"sv-SE","@id":"https:\/\/brizyproducts.com\/sv\/#\/schema\/logo\/image\/","url":"https:\/\/brizyproducts.com\/wp-content\/uploads\/2023\/12\/Brizy-old.svg","contentUrl":"https:\/\/brizyproducts.com\/wp-content\/uploads\/2023\/12\/Brizy-old.svg","width":1,"height":1,"caption":"Brizy"},"image":{"@id":"https:\/\/brizyproducts.com\/sv\/#\/schema\/logo\/image\/"},"sameAs":["https:\/\/www.facebook.com\/brizy.1983\/","https:\/\/www.linkedin.com\/company\/brizy-produktion\/"]}]},"og_availability":"instock","product_availability":"instock","product_condition":"new"},"_links":{"self":[{"href":"https:\/\/brizyproducts.com\/sv\/wp-json\/wp\/v2\/product\/12313","targetHints":{"allow":["GET"]}}],"collection":[{"href":"https:\/\/brizyproducts.com\/sv\/wp-json\/wp\/v2\/product"}],"about":[{"href":"https:\/\/brizyproducts.com\/sv\/wp-json\/wp\/v2\/types\/product"}],"replies":[{"embeddable":true,"href":"https:\/\/brizyproducts.com\/sv\/wp-json\/wp\/v2\/comments?post=12313"}],"wp:featuredmedia":[{"embeddable":true,"href":"https:\/\/brizyproducts.com\/sv\/wp-json\/wp\/v2\/media\/23604"}],"wp:attachment":[{"href":"https:\/\/brizyproducts.com\/sv\/wp-json\/wp\/v2\/media?parent=12313"}],"wp:term":[{"taxonomy":"product_brand","embeddable":true,"href":"https:\/\/brizyproducts.com\/sv\/wp-json\/wp\/v2\/product_brand?post=12313"},{"taxonomy":"product_cat","embeddable":true,"href":"https:\/\/brizyproducts.com\/sv\/wp-json\/wp\/v2\/product_cat?post=12313"},{"taxonomy":"product_tag","embeddable":true,"href":"https:\/\/brizyproducts.com\/sv\/wp-json\/wp\/v2\/product_tag?post=12313"},{"taxonomy":"season","embeddable":true,"href":"https:\/\/brizyproducts.com\/sv\/wp-json\/wp\/v2\/season?post=12313"},{"taxonomy":"gender","embeddable":true,"href":"https:\/\/brizyproducts.com\/sv\/wp-json\/wp\/v2\/gender?post=12313"},{"taxonomy":"collection","embeddable":true,"href":"https:\/\/brizyproducts.com\/sv\/wp-json\/wp\/v2\/collection?post=12313"},{"taxonomy":"activity","embeddable":true,"href":"https:\/\/brizyproducts.com\/sv\/wp-json\/wp\/v2\/activity?post=12313"},{"taxonomy":"product_type_brizy","embeddable":true,"href":"https:\/\/brizyproducts.com\/sv\/wp-json\/wp\/v2\/product_type_brizy?post=12313"}],"curies":[{"name":"wp","href":"https:\/\/api.w.org\/{rel}","templated":true}]}}