{"id":12271,"date":"2024-05-06T10:10:17","date_gmt":"2024-05-06T10:10:17","guid":{"rendered":"https:\/\/brizyproducts.com\/product\/hermod-vest\/"},"modified":"2025-03-12T07:26:29","modified_gmt":"2025-03-12T07:26:29","slug":"hermod-vest","status":"publish","type":"product","link":"https:\/\/brizyproducts.com\/sv\/product\/hermod-vest\/","title":{"rendered":"Hermod v\u00e4st"},"content":{"rendered":"<p><strong>Utforska Hermod Vest: L\u00e4tt och m\u00e5ngsidig f\u00f6r dina stabila dagar<\/strong><\/p>\n<p>Vi presenterar v\u00e5rt senaste tillskott, Hermod Vest, som \u00e4r designad f\u00f6r att ge exceptionell komfort och h\u00e5llbarhet. Den m\u00e5ngsidiga designen p\u00e5 denna v\u00e4st \u00e4r perfekt f\u00f6r att ta itu med stalluppgifter, resa eller navigera en hektisk dag, s\u00e5 att du h\u00e5ller dig bekv\u00e4m och snygg.<\/p>\n<p><strong>Funktioner:<\/strong><\/p>\n<ul>\n<li>Tv\u00e5 sidofickor med dragkedja<\/li>\n<li>En br\u00f6stficka med dragkedja<\/li>\n<li>Res\u00e5r i nederkanten f\u00f6r en \u00e5tsittande passform<\/li>\n<\/ul>\n<p><strong>Passar:<\/strong><\/p>\n<ul>\n<li>Vanlig passform och passar perfekt i storlek<\/li>\n<\/ul>\n<p><strong>Sammans\u00e4ttning:<\/strong><\/p>\n<ul>\n<li>Yttermaterial 100% polyester<\/li>\n<\/ul>\n<p><strong>Anpassning tillg\u00e4nglig:<\/strong><\/p>\n<ul>\n<li>G\u00f6r din Hermod Vest personlig med din logotyp eller din sponsors logotyp f\u00f6r en unik touch. Tveka inte att kontakta oss f\u00f6r mer information<\/li>\n<\/ul>\n<p>Hermod Vest, som erbjuder o\u00f6vertr\u00e4ffad m\u00e5ngsidighet, uppfyller alla dina krav utan anstr\u00e4ngning.<\/p>\n\n","protected":false},"excerpt":{"rendered":"<p>Utforska Hermod Vest: L\u00e4tt och m\u00e5ngsidig f\u00f6r dina stabila dagar Vi presenterar v\u00e5rt senaste tillskott, Hermod Vest, som \u00e4r designad f\u00f6r att ge exceptionell komfort och h\u00e5llbarhet. Den m\u00e5ngsidiga designen p\u00e5 denna v\u00e4st \u00e4r perfekt f\u00f6r att ta itu med stalluppgifter, resa eller navigera en hektisk dag, s\u00e5 att du h\u00e5ller dig bekv\u00e4m och snygg. [&hellip;]<\/p>\n","protected":false},"featured_media":12043,"comment_status":"closed","ping_status":"closed","template":"","meta":{"_acf_changed":false},"product_brand":[],"product_cat":[439,283],"product_tag":[256],"class_list":{"0":"post-12271","1":"product","2":"type-product","3":"status-publish","4":"has-post-thumbnail","6":"product_cat-outlet","7":"product_cat-vests","8":"product_tag-pocono-sv","9":"season-spring-fall","10":"season-summer","11":"gender-men","12":"collection-hermod","13":"activity-training","14":"activity-workwear","15":"product_type_brizy-stock-products","17":"first","18":"outofstock","19":"sale","20":"taxable","21":"shipping-taxable","22":"purchasable","23":"product-type-variable"},"acf":[],"yoast_head":"<!-- This site is optimized with the Yoast SEO plugin v27.0 - https:\/\/yoast.com\/product\/yoast-seo-wordpress\/ -->\n<title>Hermod v\u00e4st | Kl\u00e4der f\u00f6r trav och stall | Brizy<\/title>\n<meta name=\"description\" content=\"Utforska Hermod Vest: L\u00e4tt och m\u00e5ngsidig f\u00f6r dina stabila dagar Vi presenterar v\u00e5rt senaste tillskott, Hermod Vest, som \u00e4r designad f\u00f6r att ge\" \/>\n<meta name=\"robots\" content=\"index, follow, max-snippet:-1, max-image-preview:large, max-video-preview:-1\" \/>\n<link rel=\"canonical\" href=\"https:\/\/brizyproducts.com\/sv\/product\/hermod-vest\/\" \/>\n<meta property=\"og:locale\" content=\"sv_SE\" \/>\n<meta property=\"og:type\" content=\"article\" \/>\n<meta property=\"og:title\" content=\"Hermod v\u00e4st | Kl\u00e4der f\u00f6r trav och stall | Brizy\" \/>\n<meta property=\"og:description\" content=\"Utforska Hermod Vest: L\u00e4tt och m\u00e5ngsidig f\u00f6r dina stabila dagar Vi presenterar v\u00e5rt senaste tillskott, Hermod Vest, som \u00e4r designad f\u00f6r att ge\" \/>\n<meta property=\"og:url\" content=\"https:\/\/brizyproducts.com\/sv\/product\/hermod-vest\/\" \/>\n<meta property=\"og:site_name\" content=\"Brizy Products\" \/>\n<meta property=\"article:publisher\" content=\"https:\/\/www.facebook.com\/brizy.1983\/\" \/>\n<meta property=\"article:modified_time\" content=\"2025-03-12T07:26:29+00:00\" \/>\n<meta property=\"og:image\" content=\"https:\/\/brizyproducts.com\/wp-content\/uploads\/2024\/05\/2-3-png.webp\" \/>\n\t<meta property=\"og:image:width\" content=\"3375\" \/>\n\t<meta property=\"og:image:height\" content=\"4500\" \/>\n\t<meta property=\"og:image:type\" content=\"image\/png\" \/>\n<meta name=\"twitter:card\" content=\"summary_large_image\" \/>\n<meta property=\"og:availability\" content=\"out of stock\" \/>\n<meta property=\"product:availability\" content=\"out of stock\" \/>\n<meta property=\"product:condition\" content=\"new\" \/>\n<!-- \/ Yoast SEO plugin. -->","yoast_head_json":{"title":"Hermod v\u00e4st | Kl\u00e4der f\u00f6r trav och stall | Brizy","description":"Utforska Hermod Vest: L\u00e4tt och m\u00e5ngsidig f\u00f6r dina stabila dagar Vi presenterar v\u00e5rt senaste tillskott, Hermod Vest, som \u00e4r designad f\u00f6r att ge","robots":{"index":"index","follow":"follow","max-snippet":"max-snippet:-1","max-image-preview":"max-image-preview:large","max-video-preview":"max-video-preview:-1"},"canonical":"https:\/\/brizyproducts.com\/sv\/product\/hermod-vest\/","og_locale":"sv_SE","og_type":"article","og_title":"Hermod v\u00e4st | Kl\u00e4der f\u00f6r trav och stall | Brizy","og_description":"Utforska Hermod Vest: L\u00e4tt och m\u00e5ngsidig f\u00f6r dina stabila dagar Vi presenterar v\u00e5rt senaste tillskott, Hermod Vest, som \u00e4r designad f\u00f6r att ge","og_url":"https:\/\/brizyproducts.com\/sv\/product\/hermod-vest\/","og_site_name":"Brizy Products","article_publisher":"https:\/\/www.facebook.com\/brizy.1983\/","article_modified_time":"2025-03-12T07:26:29+00:00","og_image":[{"width":3375,"height":4500,"url":"https:\/\/brizyproducts.com\/wp-content\/uploads\/2024\/05\/2-3-png.webp","type":"image\/png"}],"twitter_card":"summary_large_image","schema":{"@context":"https:\/\/schema.org","@graph":[{"@type":"WebPage","@id":"https:\/\/brizyproducts.com\/sv\/product\/hermod-vest\/","url":"https:\/\/brizyproducts.com\/sv\/product\/hermod-vest\/","name":"Hermod v\u00e4st | Kl\u00e4der f\u00f6r trav och stall | Brizy","isPartOf":{"@id":"https:\/\/brizyproducts.com\/sv\/#website"},"primaryImageOfPage":{"@id":"https:\/\/brizyproducts.com\/sv\/product\/hermod-vest\/#primaryimage"},"image":{"@id":"https:\/\/brizyproducts.com\/sv\/product\/hermod-vest\/#primaryimage"},"thumbnailUrl":"https:\/\/brizyproducts.com\/wp-content\/uploads\/2024\/05\/2-3-png.webp","datePublished":"2024-05-06T10:10:17+00:00","dateModified":"2025-03-12T07:26:29+00:00","description":"Utforska Hermod Vest: L\u00e4tt och m\u00e5ngsidig f\u00f6r dina stabila dagar Vi presenterar v\u00e5rt senaste tillskott, Hermod Vest, som \u00e4r designad f\u00f6r att ge","breadcrumb":{"@id":"https:\/\/brizyproducts.com\/sv\/product\/hermod-vest\/#breadcrumb"},"inLanguage":"sv-SE","potentialAction":[{"@type":"ReadAction","target":["https:\/\/brizyproducts.com\/sv\/product\/hermod-vest\/"]}]},{"@type":"ImageObject","inLanguage":"sv-SE","@id":"https:\/\/brizyproducts.com\/sv\/product\/hermod-vest\/#primaryimage","url":"https:\/\/brizyproducts.com\/wp-content\/uploads\/2024\/05\/2-3-png.webp","contentUrl":"https:\/\/brizyproducts.com\/wp-content\/uploads\/2024\/05\/2-3-png.webp","width":2560,"height":3413},{"@type":"BreadcrumbList","@id":"https:\/\/brizyproducts.com\/sv\/product\/hermod-vest\/#breadcrumb","itemListElement":[{"@type":"ListItem","position":1,"name":"Hem","item":"https:\/\/brizyproducts.com\/sv\/"},{"@type":"ListItem","position":2,"name":"Shop","item":"https:\/\/brizyproducts.com\/sv\/shop\/"},{"@type":"ListItem","position":3,"name":"Hermod v\u00e4st"}]},{"@type":"WebSite","@id":"https:\/\/brizyproducts.com\/sv\/#website","url":"https:\/\/brizyproducts.com\/sv\/","name":"Brizy","description":"","publisher":{"@id":"https:\/\/brizyproducts.com\/sv\/#organization"},"potentialAction":[{"@type":"SearchAction","target":{"@type":"EntryPoint","urlTemplate":"https:\/\/brizyproducts.com\/sv\/?s={search_term_string}"},"query-input":{"@type":"PropertyValueSpecification","valueRequired":true,"valueName":"search_term_string"}}],"inLanguage":"sv-SE"},{"@type":"Organization","@id":"https:\/\/brizyproducts.com\/sv\/#organization","name":"Brizy","url":"https:\/\/brizyproducts.com\/sv\/","logo":{"@type":"ImageObject","inLanguage":"sv-SE","@id":"https:\/\/brizyproducts.com\/sv\/#\/schema\/logo\/image\/","url":"https:\/\/brizyproducts.com\/wp-content\/uploads\/2023\/12\/Brizy-old.svg","contentUrl":"https:\/\/brizyproducts.com\/wp-content\/uploads\/2023\/12\/Brizy-old.svg","width":1,"height":1,"caption":"Brizy"},"image":{"@id":"https:\/\/brizyproducts.com\/sv\/#\/schema\/logo\/image\/"},"sameAs":["https:\/\/www.facebook.com\/brizy.1983\/","https:\/\/www.linkedin.com\/company\/brizy-produktion\/"]}]},"og_availability":"out of stock","product_availability":"out of stock","product_condition":"new"},"_links":{"self":[{"href":"https:\/\/brizyproducts.com\/sv\/wp-json\/wp\/v2\/product\/12271","targetHints":{"allow":["GET"]}}],"collection":[{"href":"https:\/\/brizyproducts.com\/sv\/wp-json\/wp\/v2\/product"}],"about":[{"href":"https:\/\/brizyproducts.com\/sv\/wp-json\/wp\/v2\/types\/product"}],"replies":[{"embeddable":true,"href":"https:\/\/brizyproducts.com\/sv\/wp-json\/wp\/v2\/comments?post=12271"}],"wp:featuredmedia":[{"embeddable":true,"href":"https:\/\/brizyproducts.com\/sv\/wp-json\/wp\/v2\/media\/12043"}],"wp:attachment":[{"href":"https:\/\/brizyproducts.com\/sv\/wp-json\/wp\/v2\/media?parent=12271"}],"wp:term":[{"taxonomy":"product_brand","embeddable":true,"href":"https:\/\/brizyproducts.com\/sv\/wp-json\/wp\/v2\/product_brand?post=12271"},{"taxonomy":"product_cat","embeddable":true,"href":"https:\/\/brizyproducts.com\/sv\/wp-json\/wp\/v2\/product_cat?post=12271"},{"taxonomy":"product_tag","embeddable":true,"href":"https:\/\/brizyproducts.com\/sv\/wp-json\/wp\/v2\/product_tag?post=12271"}],"curies":[{"name":"wp","href":"https:\/\/api.w.org\/{rel}","templated":true}]}}