{"id":12255,"date":"2024-05-06T13:42:23","date_gmt":"2024-05-06T13:42:23","guid":{"rendered":"https:\/\/brizyproducts.com\/product\/foot-straps\/"},"modified":"2026-03-03T12:22:54","modified_gmt":"2026-03-03T12:22:54","slug":"foot-straps","status":"publish","type":"product","link":"https:\/\/brizyproducts.com\/sv\/product\/foot-straps\/","title":{"rendered":"Fotremmar"},"content":{"rendered":"<h2><strong>Elastiska fotremmar<\/strong><\/h2>\n<p>Elastiska och avtagbara fotremmar som passar med din Brizy byxa eller dress. Gjorda f\u00f6r att h\u00e5lla plagget p\u00e5 plats runt foten. Perfekt om dina gamla \u00e4r borta eller har slitits ut.<\/p>\n<p><strong>Obs: S\u00e4ljs i f\u00f6rpackningar om 2 par.<\/strong><\/p>\n","protected":false},"excerpt":{"rendered":"<p>Tv\u00e5 par elastiska fotremmar.<\/p>\n","protected":false},"featured_media":12256,"comment_status":"closed","ping_status":"closed","template":"","meta":{"_acf_changed":false},"product_brand":[],"product_cat":[299],"product_tag":[],"class_list":{"0":"post-12255","1":"product","2":"type-product","3":"status-publish","4":"has-post-thumbnail","6":"product_cat-accessories","7":"season-rain","8":"season-spring-fall","9":"season-summer","10":"season-winter","11":"gender-men","12":"gender-women","13":"activity-racing","14":"activity-training","15":"activity-workwear","16":"product_type_brizy-stock-products","18":"first","19":"instock","20":"taxable","21":"shipping-taxable","22":"purchasable","23":"product-type-simple"},"acf":[],"yoast_head":"<!-- This site is optimized with the Yoast SEO plugin v27.0 - https:\/\/yoast.com\/product\/yoast-seo-wordpress\/ -->\n<title>Fotremmar | Elastiska fotremmar | Brizy<\/title>\n<meta name=\"description\" content=\"Tv\u00e5 par elastiska och avtagbara fotremmar med knappar gjorda f\u00f6r att h\u00e5lla din Brizy byxa och dress p\u00e5 plats.\" \/>\n<meta name=\"robots\" content=\"index, follow, max-snippet:-1, max-image-preview:large, max-video-preview:-1\" \/>\n<link rel=\"canonical\" href=\"https:\/\/brizyproducts.com\/sv\/product\/foot-straps\/\" \/>\n<meta property=\"og:locale\" content=\"sv_SE\" \/>\n<meta property=\"og:type\" content=\"article\" \/>\n<meta property=\"og:title\" content=\"Fotremmar | Elastiska fotremmar | Brizy\" \/>\n<meta property=\"og:description\" content=\"Tv\u00e5 par elastiska och avtagbara fotremmar med knappar gjorda f\u00f6r att h\u00e5lla din Brizy byxa och dress p\u00e5 plats.\" \/>\n<meta property=\"og:url\" content=\"https:\/\/brizyproducts.com\/sv\/product\/foot-straps\/\" \/>\n<meta property=\"og:site_name\" content=\"Brizy Products\" \/>\n<meta property=\"article:publisher\" content=\"https:\/\/www.facebook.com\/brizy.1983\/\" \/>\n<meta property=\"article:modified_time\" content=\"2026-03-03T12:22:54+00:00\" \/>\n<meta property=\"og:image\" content=\"https:\/\/brizyproducts.com\/wp-content\/uploads\/2024\/05\/1-4-png.webp\" \/>\n\t<meta property=\"og:image:width\" content=\"2560\" \/>\n\t<meta property=\"og:image:height\" content=\"1707\" \/>\n\t<meta property=\"og:image:type\" content=\"image\/png\" \/>\n<meta name=\"twitter:card\" content=\"summary_large_image\" \/>\n<meta property=\"product:price:amount\" content=\"16.00\" \/>\n<meta property=\"product:price:currency\" content=\"USD\" \/>\n<meta property=\"og:availability\" content=\"instock\" \/>\n<meta property=\"product:availability\" content=\"instock\" \/>\n<meta property=\"product:retailer_item_id\" content=\"8014-1\" \/>\n<meta property=\"product:condition\" content=\"new\" \/>\n<!-- \/ Yoast SEO plugin. -->","yoast_head_json":{"title":"Fotremmar | Elastiska fotremmar | Brizy","description":"Tv\u00e5 par elastiska och avtagbara fotremmar med knappar gjorda f\u00f6r att h\u00e5lla din Brizy byxa och dress p\u00e5 plats.","robots":{"index":"index","follow":"follow","max-snippet":"max-snippet:-1","max-image-preview":"max-image-preview:large","max-video-preview":"max-video-preview:-1"},"canonical":"https:\/\/brizyproducts.com\/sv\/product\/foot-straps\/","og_locale":"sv_SE","og_type":"article","og_title":"Fotremmar | Elastiska fotremmar | Brizy","og_description":"Tv\u00e5 par elastiska och avtagbara fotremmar med knappar gjorda f\u00f6r att h\u00e5lla din Brizy byxa och dress p\u00e5 plats.","og_url":"https:\/\/brizyproducts.com\/sv\/product\/foot-straps\/","og_site_name":"Brizy Products","article_publisher":"https:\/\/www.facebook.com\/brizy.1983\/","article_modified_time":"2026-03-03T12:22:54+00:00","og_image":[{"width":2560,"height":1707,"url":"https:\/\/brizyproducts.com\/wp-content\/uploads\/2024\/05\/1-4-png.webp","type":"image\/png"}],"twitter_card":"summary_large_image","schema":{"@context":"https:\/\/schema.org","@graph":[{"@type":"WebPage","@id":"https:\/\/brizyproducts.com\/sv\/product\/foot-straps\/","url":"https:\/\/brizyproducts.com\/sv\/product\/foot-straps\/","name":"Fotremmar | Elastiska fotremmar | Brizy","isPartOf":{"@id":"https:\/\/brizyproducts.com\/sv\/#website"},"primaryImageOfPage":{"@id":"https:\/\/brizyproducts.com\/sv\/product\/foot-straps\/#primaryimage"},"image":{"@id":"https:\/\/brizyproducts.com\/sv\/product\/foot-straps\/#primaryimage"},"thumbnailUrl":"https:\/\/brizyproducts.com\/wp-content\/uploads\/2024\/05\/1-4-png.webp","datePublished":"2024-05-06T13:42:23+00:00","dateModified":"2026-03-03T12:22:54+00:00","description":"Tv\u00e5 par elastiska och avtagbara fotremmar med knappar gjorda f\u00f6r att h\u00e5lla din Brizy byxa och dress p\u00e5 plats.","breadcrumb":{"@id":"https:\/\/brizyproducts.com\/sv\/product\/foot-straps\/#breadcrumb"},"inLanguage":"sv-SE","potentialAction":[{"@type":"ReadAction","target":["https:\/\/brizyproducts.com\/sv\/product\/foot-straps\/"]}]},{"@type":"ImageObject","inLanguage":"sv-SE","@id":"https:\/\/brizyproducts.com\/sv\/product\/foot-straps\/#primaryimage","url":"https:\/\/brizyproducts.com\/wp-content\/uploads\/2024\/05\/1-4-png.webp","contentUrl":"https:\/\/brizyproducts.com\/wp-content\/uploads\/2024\/05\/1-4-png.webp","width":2560,"height":1707},{"@type":"BreadcrumbList","@id":"https:\/\/brizyproducts.com\/sv\/product\/foot-straps\/#breadcrumb","itemListElement":[{"@type":"ListItem","position":1,"name":"Hem","item":"https:\/\/brizyproducts.com\/sv\/"},{"@type":"ListItem","position":2,"name":"Shop","item":"https:\/\/brizyproducts.com\/sv\/shop\/"},{"@type":"ListItem","position":3,"name":"Fotremmar"}]},{"@type":"WebSite","@id":"https:\/\/brizyproducts.com\/sv\/#website","url":"https:\/\/brizyproducts.com\/sv\/","name":"Brizy","description":"","publisher":{"@id":"https:\/\/brizyproducts.com\/sv\/#organization"},"potentialAction":[{"@type":"SearchAction","target":{"@type":"EntryPoint","urlTemplate":"https:\/\/brizyproducts.com\/sv\/?s={search_term_string}"},"query-input":{"@type":"PropertyValueSpecification","valueRequired":true,"valueName":"search_term_string"}}],"inLanguage":"sv-SE"},{"@type":"Organization","@id":"https:\/\/brizyproducts.com\/sv\/#organization","name":"Brizy","url":"https:\/\/brizyproducts.com\/sv\/","logo":{"@type":"ImageObject","inLanguage":"sv-SE","@id":"https:\/\/brizyproducts.com\/sv\/#\/schema\/logo\/image\/","url":"https:\/\/brizyproducts.com\/wp-content\/uploads\/2023\/12\/Brizy-old.svg","contentUrl":"https:\/\/brizyproducts.com\/wp-content\/uploads\/2023\/12\/Brizy-old.svg","width":1,"height":1,"caption":"Brizy"},"image":{"@id":"https:\/\/brizyproducts.com\/sv\/#\/schema\/logo\/image\/"},"sameAs":["https:\/\/www.facebook.com\/brizy.1983\/","https:\/\/www.linkedin.com\/company\/brizy-produktion\/"]}]},"product_price_amount":"16.00","product_price_currency":"USD","og_availability":"instock","product_availability":"instock","product_retailer_item_id":"8014-1","product_condition":"new"},"_links":{"self":[{"href":"https:\/\/brizyproducts.com\/sv\/wp-json\/wp\/v2\/product\/12255","targetHints":{"allow":["GET"]}}],"collection":[{"href":"https:\/\/brizyproducts.com\/sv\/wp-json\/wp\/v2\/product"}],"about":[{"href":"https:\/\/brizyproducts.com\/sv\/wp-json\/wp\/v2\/types\/product"}],"replies":[{"embeddable":true,"href":"https:\/\/brizyproducts.com\/sv\/wp-json\/wp\/v2\/comments?post=12255"}],"wp:featuredmedia":[{"embeddable":true,"href":"https:\/\/brizyproducts.com\/sv\/wp-json\/wp\/v2\/media\/12256"}],"wp:attachment":[{"href":"https:\/\/brizyproducts.com\/sv\/wp-json\/wp\/v2\/media?parent=12255"}],"wp:term":[{"taxonomy":"product_brand","embeddable":true,"href":"https:\/\/brizyproducts.com\/sv\/wp-json\/wp\/v2\/product_brand?post=12255"},{"taxonomy":"product_cat","embeddable":true,"href":"https:\/\/brizyproducts.com\/sv\/wp-json\/wp\/v2\/product_cat?post=12255"},{"taxonomy":"product_tag","embeddable":true,"href":"https:\/\/brizyproducts.com\/sv\/wp-json\/wp\/v2\/product_tag?post=12255"}],"curies":[{"name":"wp","href":"https:\/\/api.w.org\/{rel}","templated":true}]}}