{"id":12214,"date":"2025-03-15T15:09:57","date_gmt":"2025-03-15T15:09:57","guid":{"rendered":"https:\/\/brizyproducts.com\/product\/san-paolo-2\/"},"modified":"2025-11-19T10:16:10","modified_gmt":"2025-11-19T10:16:10","slug":"san-paolo-2","status":"publish","type":"product","link":"https:\/\/brizyproducts.com\/sv\/product\/san-paolo-2\/","title":{"rendered":"San Paolo No. 2 Brogue"},"content":{"rendered":"<h2><strong>San Paolo No. 2 Brogue \u2013 Stilren design och funktion i ett<\/strong><\/h2>\n<p>San Paolo No. 2 Brogue \u00e4r en stabil och snygg st\u00f6vel som \u00e4r byggd f\u00f6r att vara bekv\u00e4m under l\u00e5nga t\u00e4vlingsdagar. Den \u00e4r mjuk och f\u00f6ljsam fr\u00e5n start och formar sig efter foten ju mer du anv\u00e4nder den.<\/p>\n<p>Designen \u00e4r klassisk med brogue-detaljer, men framf\u00f6r allt \u00e4r st\u00f6veln f\u00f6r dig som vill ha en p\u00e5litlig k\u00f6rboot. Den \u00e4r gjord i slitstarkt italienskt l\u00e4der som t\u00e5l h\u00e5rt anv\u00e4ndande och f\u00e5r en fin glans utan att du beh\u00f6ver l\u00e4gga mycket tid p\u00e5 sk\u00f6tsel. Med f\u00f6rst\u00e4rkt h\u00e4lparti f\u00e5r du b\u00e5de \u00f6kad stabilitet och ett skydd som f\u00f6rl\u00e4nger skons livsl\u00e4ngd.<\/p>\n<p>Insidan \u00e4r gjord f\u00f6r att andas och h\u00e5lla foten torr, och sulan ger bra flexibilitet och st\u00f6d n\u00e4r du r\u00f6r dig mycket. Tack vare den uttagbara innersulan kan du ocks\u00e5 anpassa st\u00f6veln efter hur du vill att den ska sitta.<\/p>\n\n","protected":false},"excerpt":{"rendered":"<p>Praktisk och robust brogue-st\u00f6vel med ventilerande foder, uttagbar innersula och slitstark konstruktion som ger st\u00f6d och komfort hela dagen.<\/p>\n","protected":false},"featured_media":19442,"comment_status":"open","ping_status":"closed","template":"","meta":{"_acf_changed":false},"product_brand":[],"product_cat":[321],"product_tag":[],"season":[506,502],"gender":[510],"collection":[544],"activity":[562,564],"product_type_brizy":[570],"class_list":{"0":"post-12214","1":"product","2":"type-product","3":"status-publish","4":"has-post-thumbnail","6":"product_cat-shoes","7":"season-spring-fall","8":"season-summer","9":"gender-men","10":"collection-san-paolo","11":"activity-training","12":"activity-trotting","13":"product_type_brizy-stock-products","15":"first","16":"instock","17":"taxable","18":"shipping-taxable","19":"purchasable","20":"product-type-variable"},"acf":[],"yoast_head":"<!-- This site is optimized with the Yoast SEO plugin v27.4 - https:\/\/yoast.com\/product\/yoast-seo-wordpress\/ -->\n<title>San Paolo No. 2 | Slitstark och h\u00e5llbar st\u00f6vel f\u00f6r travkuskar | Brizy<\/title>\n<meta name=\"description\" content=\"Uppt\u00e4ck en stilren st\u00f6vel i italienskt l\u00e4der med dragkedja, flexibel sula och ventilerande foder. Perfekt f\u00f6r travsport \u2013 bekv\u00e4m och h\u00e5llbar.\" \/>\n<meta name=\"robots\" content=\"index, follow, max-snippet:-1, max-image-preview:large, max-video-preview:-1\" \/>\n<link rel=\"canonical\" href=\"https:\/\/brizyproducts.com\/sv\/product\/san-paolo-2\/\" \/>\n<meta property=\"og:locale\" content=\"sv_SE\" \/>\n<meta property=\"og:type\" content=\"article\" \/>\n<meta property=\"og:title\" content=\"San Paolo No. 2 | Slitstark och h\u00e5llbar st\u00f6vel f\u00f6r travkuskar | Brizy\" \/>\n<meta property=\"og:description\" content=\"Uppt\u00e4ck en stilren st\u00f6vel i italienskt l\u00e4der med dragkedja, flexibel sula och ventilerande foder. Perfekt f\u00f6r travsport \u2013 bekv\u00e4m och h\u00e5llbar.\" \/>\n<meta property=\"og:url\" content=\"https:\/\/brizyproducts.com\/sv\/product\/san-paolo-2\/\" \/>\n<meta property=\"og:site_name\" content=\"Brizy Products\" \/>\n<meta property=\"article:publisher\" content=\"https:\/\/www.facebook.com\/brizy.1983\/\" \/>\n<meta property=\"article:modified_time\" content=\"2025-11-19T10:16:10+00:00\" \/>\n<meta property=\"og:image\" content=\"https:\/\/brizyproducts.com\/wp-content\/uploads\/2024\/07\/6725-V-test-sh-1650x2200-1.webp\" \/>\n\t<meta property=\"og:image:width\" content=\"1650\" \/>\n\t<meta property=\"og:image:height\" content=\"2200\" \/>\n\t<meta property=\"og:image:type\" content=\"image\/png\" \/>\n<meta name=\"twitter:card\" content=\"summary_large_image\" \/>\n<meta property=\"og:availability\" content=\"instock\" \/>\n<meta property=\"product:availability\" content=\"instock\" \/>\n<meta property=\"product:condition\" content=\"new\" \/>\n<!-- \/ Yoast SEO plugin. -->","yoast_head_json":{"title":"San Paolo No. 2 | Slitstark och h\u00e5llbar st\u00f6vel f\u00f6r travkuskar | Brizy","description":"Uppt\u00e4ck en stilren st\u00f6vel i italienskt l\u00e4der med dragkedja, flexibel sula och ventilerande foder. Perfekt f\u00f6r travsport \u2013 bekv\u00e4m och h\u00e5llbar.","robots":{"index":"index","follow":"follow","max-snippet":"max-snippet:-1","max-image-preview":"max-image-preview:large","max-video-preview":"max-video-preview:-1"},"canonical":"https:\/\/brizyproducts.com\/sv\/product\/san-paolo-2\/","og_locale":"sv_SE","og_type":"article","og_title":"San Paolo No. 2 | Slitstark och h\u00e5llbar st\u00f6vel f\u00f6r travkuskar | Brizy","og_description":"Uppt\u00e4ck en stilren st\u00f6vel i italienskt l\u00e4der med dragkedja, flexibel sula och ventilerande foder. Perfekt f\u00f6r travsport \u2013 bekv\u00e4m och h\u00e5llbar.","og_url":"https:\/\/brizyproducts.com\/sv\/product\/san-paolo-2\/","og_site_name":"Brizy Products","article_publisher":"https:\/\/www.facebook.com\/brizy.1983\/","article_modified_time":"2025-11-19T10:16:10+00:00","og_image":[{"width":1650,"height":2200,"url":"https:\/\/brizyproducts.com\/wp-content\/uploads\/2024\/07\/6725-V-test-sh-1650x2200-1.webp","type":"image\/png"}],"twitter_card":"summary_large_image","schema":{"@context":"https:\/\/schema.org","@graph":[{"@type":"WebPage","@id":"https:\/\/brizyproducts.com\/sv\/product\/san-paolo-2\/","url":"https:\/\/brizyproducts.com\/sv\/product\/san-paolo-2\/","name":"San Paolo No. 2 | Slitstark och h\u00e5llbar st\u00f6vel f\u00f6r travkuskar | Brizy","isPartOf":{"@id":"https:\/\/brizyproducts.com\/sv\/#website"},"primaryImageOfPage":{"@id":"https:\/\/brizyproducts.com\/sv\/product\/san-paolo-2\/#primaryimage"},"image":{"@id":"https:\/\/brizyproducts.com\/sv\/product\/san-paolo-2\/#primaryimage"},"thumbnailUrl":"https:\/\/brizyproducts.com\/wp-content\/uploads\/2024\/07\/6725-V-test-sh-1650x2200-1.webp","datePublished":"2025-03-15T15:09:57+00:00","dateModified":"2025-11-19T10:16:10+00:00","description":"Uppt\u00e4ck en stilren st\u00f6vel i italienskt l\u00e4der med dragkedja, flexibel sula och ventilerande foder. Perfekt f\u00f6r travsport \u2013 bekv\u00e4m och h\u00e5llbar.","breadcrumb":{"@id":"https:\/\/brizyproducts.com\/sv\/product\/san-paolo-2\/#breadcrumb"},"inLanguage":"sv-SE","potentialAction":[{"@type":"ReadAction","target":["https:\/\/brizyproducts.com\/sv\/product\/san-paolo-2\/"]}]},{"@type":"ImageObject","inLanguage":"sv-SE","@id":"https:\/\/brizyproducts.com\/sv\/product\/san-paolo-2\/#primaryimage","url":"https:\/\/brizyproducts.com\/wp-content\/uploads\/2024\/07\/6725-V-test-sh-1650x2200-1.webp","contentUrl":"https:\/\/brizyproducts.com\/wp-content\/uploads\/2024\/07\/6725-V-test-sh-1650x2200-1.webp","width":1650,"height":2200},{"@type":"BreadcrumbList","@id":"https:\/\/brizyproducts.com\/sv\/product\/san-paolo-2\/#breadcrumb","itemListElement":[{"@type":"ListItem","position":1,"name":"Hem","item":"https:\/\/brizyproducts.com\/sv\/"},{"@type":"ListItem","position":2,"name":"Shop","item":"https:\/\/brizyproducts.com\/sv\/shop\/"},{"@type":"ListItem","position":3,"name":"San Paolo No. 2 Brogue"}]},{"@type":"WebSite","@id":"https:\/\/brizyproducts.com\/sv\/#website","url":"https:\/\/brizyproducts.com\/sv\/","name":"Brizy","description":"","publisher":{"@id":"https:\/\/brizyproducts.com\/sv\/#organization"},"potentialAction":[{"@type":"SearchAction","target":{"@type":"EntryPoint","urlTemplate":"https:\/\/brizyproducts.com\/sv\/?s={search_term_string}"},"query-input":{"@type":"PropertyValueSpecification","valueRequired":true,"valueName":"search_term_string"}}],"inLanguage":"sv-SE"},{"@type":"Organization","@id":"https:\/\/brizyproducts.com\/sv\/#organization","name":"Brizy","url":"https:\/\/brizyproducts.com\/sv\/","logo":{"@type":"ImageObject","inLanguage":"sv-SE","@id":"https:\/\/brizyproducts.com\/sv\/#\/schema\/logo\/image\/","url":"https:\/\/brizyproducts.com\/wp-content\/uploads\/2023\/12\/Brizy-old.svg","contentUrl":"https:\/\/brizyproducts.com\/wp-content\/uploads\/2023\/12\/Brizy-old.svg","width":1,"height":1,"caption":"Brizy"},"image":{"@id":"https:\/\/brizyproducts.com\/sv\/#\/schema\/logo\/image\/"},"sameAs":["https:\/\/www.facebook.com\/brizy.1983\/","https:\/\/www.linkedin.com\/company\/brizy-produktion\/"]}]},"og_availability":"instock","product_availability":"instock","product_condition":"new"},"_links":{"self":[{"href":"https:\/\/brizyproducts.com\/sv\/wp-json\/wp\/v2\/product\/12214","targetHints":{"allow":["GET"]}}],"collection":[{"href":"https:\/\/brizyproducts.com\/sv\/wp-json\/wp\/v2\/product"}],"about":[{"href":"https:\/\/brizyproducts.com\/sv\/wp-json\/wp\/v2\/types\/product"}],"replies":[{"embeddable":true,"href":"https:\/\/brizyproducts.com\/sv\/wp-json\/wp\/v2\/comments?post=12214"}],"wp:featuredmedia":[{"embeddable":true,"href":"https:\/\/brizyproducts.com\/sv\/wp-json\/wp\/v2\/media\/19442"}],"wp:attachment":[{"href":"https:\/\/brizyproducts.com\/sv\/wp-json\/wp\/v2\/media?parent=12214"}],"wp:term":[{"taxonomy":"product_brand","embeddable":true,"href":"https:\/\/brizyproducts.com\/sv\/wp-json\/wp\/v2\/product_brand?post=12214"},{"taxonomy":"product_cat","embeddable":true,"href":"https:\/\/brizyproducts.com\/sv\/wp-json\/wp\/v2\/product_cat?post=12214"},{"taxonomy":"product_tag","embeddable":true,"href":"https:\/\/brizyproducts.com\/sv\/wp-json\/wp\/v2\/product_tag?post=12214"},{"taxonomy":"season","embeddable":true,"href":"https:\/\/brizyproducts.com\/sv\/wp-json\/wp\/v2\/season?post=12214"},{"taxonomy":"gender","embeddable":true,"href":"https:\/\/brizyproducts.com\/sv\/wp-json\/wp\/v2\/gender?post=12214"},{"taxonomy":"collection","embeddable":true,"href":"https:\/\/brizyproducts.com\/sv\/wp-json\/wp\/v2\/collection?post=12214"},{"taxonomy":"activity","embeddable":true,"href":"https:\/\/brizyproducts.com\/sv\/wp-json\/wp\/v2\/activity?post=12214"},{"taxonomy":"product_type_brizy","embeddable":true,"href":"https:\/\/brizyproducts.com\/sv\/wp-json\/wp\/v2\/product_type_brizy?post=12214"}],"curies":[{"name":"wp","href":"https:\/\/api.w.org\/{rel}","templated":true}]}}