{"id":12154,"date":"2025-03-15T13:55:37","date_gmt":"2025-03-15T13:55:37","guid":{"rendered":"https:\/\/brizyproducts.com\/product\/san-paolo-3\/"},"modified":"2025-11-19T10:19:18","modified_gmt":"2025-11-19T10:19:18","slug":"san-paolo-3","status":"publish","type":"product","link":"https:\/\/brizyproducts.com\/sv\/product\/san-paolo-3\/","title":{"rendered":"San Paolo No.3 Chelsea"},"content":{"rendered":"<div class=\"flex flex-grow flex-col max-w-full\">\n<div class=\"min-h-[20px] text-message flex w-full flex-col items-end gap-2 whitespace-pre-wrap break-words [.text-message+&amp;]:mt-5 overflow-x-auto\" dir=\"auto\" data-message-author-role=\"assistant\" data-message-id=\"54b9a520-356e-43e3-9c40-59ab993b0e5d\">\n<div class=\"flex w-full flex-col gap-1 empty:hidden first:pt-[3px]\">\n<div class=\"markdown prose w-full break-words dark:prose-invert light\">\n<h2><strong>San Paolo No. 3 Chelsea \u2013 Klassisk elegans med h\u00f6g komfort<\/strong><\/h2>\n<p>San Paolo No. 3 Chelsea \u00e4r en st\u00f6vel i tidl\u00f6s modell med elastiska sidopaneler som g\u00f6r den enkel att ta p\u00e5 och av. De \u00e4r tillverkade i italienskt premiuml\u00e4der som ger en lyxig k\u00e4nsla och f\u00f6ljsam passform. Den flexibla sulan och den uttagbara fotb\u00e4dden ger extra st\u00f6d och g\u00f6r skon l\u00e4tt att anpassa f\u00f6r b\u00e4sta komfort och passform.<\/p>\n<p>Det ventilerande och fukttransporterande kalvl\u00e4dret h\u00e5ller foten sval och torr \u00e4ven under l\u00e5nga dagar i stallet eller p\u00e5 t\u00e4vlingsbanan. Med f\u00f6rst\u00e4rkt h\u00e4lparti f\u00e5r du b\u00e5de stabilitet och h\u00e5llbarhet som klarar travsportens krav.<\/p>\n<p>Tack vare den klassiska designen g\u00e5r st\u00f6veln utm\u00e4rkt att anv\u00e4ndas till vardags. San Paolo No. 3 Chelsea kombinerar italienskt hantverk, slitstyrka och en klassisk design. En p\u00e5litlig st\u00f6vel som fungerar lika bra till vardags, stallarbete och p\u00e5 t\u00e4vlingsdagen.<\/p>\n<\/div>\n<\/div>\n<\/div>\n<\/div>\n","protected":false},"excerpt":{"rendered":"<p>En stilren och bekv\u00e4m Chelsea-st\u00f6vel i italienskt l\u00e4der, perfekt b\u00e5de f\u00f6r vardag, stall och t\u00e4vling.<\/p>\n","protected":false},"featured_media":12156,"comment_status":"open","ping_status":"closed","template":"","meta":{"_acf_changed":false},"product_brand":[],"product_cat":[439],"product_tag":[],"class_list":{"0":"post-12154","1":"product","2":"type-product","3":"status-publish","4":"has-post-thumbnail","6":"product_cat-outlet","7":"season-spring-fall","8":"season-summer","9":"gender-men","10":"collection-san-paolo","11":"activity-racing","12":"activity-training","13":"activity-workwear","14":"product_type_brizy-stock-products","16":"first","17":"instock","18":"sale","19":"taxable","20":"shipping-taxable","21":"purchasable","22":"product-type-variable"},"acf":[],"yoast_head":"<!-- This site is optimized with the Yoast SEO plugin v27.0 - https:\/\/yoast.com\/product\/yoast-seo-wordpress\/ -->\n<title>San Paolo No. 3 | Bekv\u00e4m och stilren f\u00f6r vardag och t\u00e4vling | Brizy<\/title>\n<meta name=\"description\" content=\"En tidl\u00f6s Chelsea-st\u00f6vel i italienskt l\u00e4der med elastiska sidor och flexibel sula. Perfekt f\u00f6r vardag och t\u00e4vling - bekv\u00e4m, slitstark och perfekt passform.\" \/>\n<meta name=\"robots\" content=\"index, follow, max-snippet:-1, max-image-preview:large, max-video-preview:-1\" \/>\n<link rel=\"canonical\" href=\"https:\/\/brizyproducts.com\/sv\/product\/san-paolo-3\/\" \/>\n<meta property=\"og:locale\" content=\"sv_SE\" \/>\n<meta property=\"og:type\" content=\"article\" \/>\n<meta property=\"og:title\" content=\"San Paolo No. 3 | Bekv\u00e4m och stilren f\u00f6r vardag och t\u00e4vling | Brizy\" \/>\n<meta property=\"og:description\" content=\"En tidl\u00f6s Chelsea-st\u00f6vel i italienskt l\u00e4der med elastiska sidor och flexibel sula. Perfekt f\u00f6r vardag och t\u00e4vling - bekv\u00e4m, slitstark och perfekt passform.\" \/>\n<meta property=\"og:url\" content=\"https:\/\/brizyproducts.com\/sv\/product\/san-paolo-3\/\" \/>\n<meta property=\"og:site_name\" content=\"Brizy Products\" \/>\n<meta property=\"article:publisher\" content=\"https:\/\/www.facebook.com\/brizy.1983\/\" \/>\n<meta property=\"article:modified_time\" content=\"2025-11-19T10:19:18+00:00\" \/>\n<meta property=\"og:image\" content=\"https:\/\/brizyproducts.com\/wp-content\/uploads\/2024\/07\/6661-V-png.webp\" \/>\n\t<meta property=\"og:image:width\" content=\"3375\" \/>\n\t<meta property=\"og:image:height\" content=\"4500\" \/>\n\t<meta property=\"og:image:type\" content=\"image\/png\" \/>\n<meta name=\"twitter:card\" content=\"summary_large_image\" \/>\n<meta property=\"og:availability\" content=\"instock\" \/>\n<meta property=\"product:availability\" content=\"instock\" \/>\n<meta property=\"product:condition\" content=\"new\" \/>\n<!-- \/ Yoast SEO plugin. -->","yoast_head_json":{"title":"San Paolo No. 3 | Bekv\u00e4m och stilren f\u00f6r vardag och t\u00e4vling | Brizy","description":"En tidl\u00f6s Chelsea-st\u00f6vel i italienskt l\u00e4der med elastiska sidor och flexibel sula. Perfekt f\u00f6r vardag och t\u00e4vling - bekv\u00e4m, slitstark och perfekt passform.","robots":{"index":"index","follow":"follow","max-snippet":"max-snippet:-1","max-image-preview":"max-image-preview:large","max-video-preview":"max-video-preview:-1"},"canonical":"https:\/\/brizyproducts.com\/sv\/product\/san-paolo-3\/","og_locale":"sv_SE","og_type":"article","og_title":"San Paolo No. 3 | Bekv\u00e4m och stilren f\u00f6r vardag och t\u00e4vling | Brizy","og_description":"En tidl\u00f6s Chelsea-st\u00f6vel i italienskt l\u00e4der med elastiska sidor och flexibel sula. Perfekt f\u00f6r vardag och t\u00e4vling - bekv\u00e4m, slitstark och perfekt passform.","og_url":"https:\/\/brizyproducts.com\/sv\/product\/san-paolo-3\/","og_site_name":"Brizy Products","article_publisher":"https:\/\/www.facebook.com\/brizy.1983\/","article_modified_time":"2025-11-19T10:19:18+00:00","og_image":[{"width":3375,"height":4500,"url":"https:\/\/brizyproducts.com\/wp-content\/uploads\/2024\/07\/6661-V-png.webp","type":"image\/png"}],"twitter_card":"summary_large_image","schema":{"@context":"https:\/\/schema.org","@graph":[{"@type":"WebPage","@id":"https:\/\/brizyproducts.com\/sv\/product\/san-paolo-3\/","url":"https:\/\/brizyproducts.com\/sv\/product\/san-paolo-3\/","name":"San Paolo No. 3 | Bekv\u00e4m och stilren f\u00f6r vardag och t\u00e4vling | Brizy","isPartOf":{"@id":"https:\/\/brizyproducts.com\/sv\/#website"},"primaryImageOfPage":{"@id":"https:\/\/brizyproducts.com\/sv\/product\/san-paolo-3\/#primaryimage"},"image":{"@id":"https:\/\/brizyproducts.com\/sv\/product\/san-paolo-3\/#primaryimage"},"thumbnailUrl":"https:\/\/brizyproducts.com\/wp-content\/uploads\/2024\/07\/6661-V-png.webp","datePublished":"2025-03-15T13:55:37+00:00","dateModified":"2025-11-19T10:19:18+00:00","description":"En tidl\u00f6s Chelsea-st\u00f6vel i italienskt l\u00e4der med elastiska sidor och flexibel sula. Perfekt f\u00f6r vardag och t\u00e4vling - bekv\u00e4m, slitstark och perfekt passform.","breadcrumb":{"@id":"https:\/\/brizyproducts.com\/sv\/product\/san-paolo-3\/#breadcrumb"},"inLanguage":"sv-SE","potentialAction":[{"@type":"ReadAction","target":["https:\/\/brizyproducts.com\/sv\/product\/san-paolo-3\/"]}]},{"@type":"ImageObject","inLanguage":"sv-SE","@id":"https:\/\/brizyproducts.com\/sv\/product\/san-paolo-3\/#primaryimage","url":"https:\/\/brizyproducts.com\/wp-content\/uploads\/2024\/07\/6661-V-png.webp","contentUrl":"https:\/\/brizyproducts.com\/wp-content\/uploads\/2024\/07\/6661-V-png.webp","width":2560,"height":3413},{"@type":"BreadcrumbList","@id":"https:\/\/brizyproducts.com\/sv\/product\/san-paolo-3\/#breadcrumb","itemListElement":[{"@type":"ListItem","position":1,"name":"Hem","item":"https:\/\/brizyproducts.com\/sv\/"},{"@type":"ListItem","position":2,"name":"Shop","item":"https:\/\/brizyproducts.com\/sv\/shop\/"},{"@type":"ListItem","position":3,"name":"San Paolo No.3 Chelsea"}]},{"@type":"WebSite","@id":"https:\/\/brizyproducts.com\/sv\/#website","url":"https:\/\/brizyproducts.com\/sv\/","name":"Brizy","description":"","publisher":{"@id":"https:\/\/brizyproducts.com\/sv\/#organization"},"potentialAction":[{"@type":"SearchAction","target":{"@type":"EntryPoint","urlTemplate":"https:\/\/brizyproducts.com\/sv\/?s={search_term_string}"},"query-input":{"@type":"PropertyValueSpecification","valueRequired":true,"valueName":"search_term_string"}}],"inLanguage":"sv-SE"},{"@type":"Organization","@id":"https:\/\/brizyproducts.com\/sv\/#organization","name":"Brizy","url":"https:\/\/brizyproducts.com\/sv\/","logo":{"@type":"ImageObject","inLanguage":"sv-SE","@id":"https:\/\/brizyproducts.com\/sv\/#\/schema\/logo\/image\/","url":"https:\/\/brizyproducts.com\/wp-content\/uploads\/2023\/12\/Brizy-old.svg","contentUrl":"https:\/\/brizyproducts.com\/wp-content\/uploads\/2023\/12\/Brizy-old.svg","width":1,"height":1,"caption":"Brizy"},"image":{"@id":"https:\/\/brizyproducts.com\/sv\/#\/schema\/logo\/image\/"},"sameAs":["https:\/\/www.facebook.com\/brizy.1983\/","https:\/\/www.linkedin.com\/company\/brizy-produktion\/"]}]},"og_availability":"instock","product_availability":"instock","product_condition":"new"},"_links":{"self":[{"href":"https:\/\/brizyproducts.com\/sv\/wp-json\/wp\/v2\/product\/12154","targetHints":{"allow":["GET"]}}],"collection":[{"href":"https:\/\/brizyproducts.com\/sv\/wp-json\/wp\/v2\/product"}],"about":[{"href":"https:\/\/brizyproducts.com\/sv\/wp-json\/wp\/v2\/types\/product"}],"replies":[{"embeddable":true,"href":"https:\/\/brizyproducts.com\/sv\/wp-json\/wp\/v2\/comments?post=12154"}],"wp:featuredmedia":[{"embeddable":true,"href":"https:\/\/brizyproducts.com\/sv\/wp-json\/wp\/v2\/media\/12156"}],"wp:attachment":[{"href":"https:\/\/brizyproducts.com\/sv\/wp-json\/wp\/v2\/media?parent=12154"}],"wp:term":[{"taxonomy":"product_brand","embeddable":true,"href":"https:\/\/brizyproducts.com\/sv\/wp-json\/wp\/v2\/product_brand?post=12154"},{"taxonomy":"product_cat","embeddable":true,"href":"https:\/\/brizyproducts.com\/sv\/wp-json\/wp\/v2\/product_cat?post=12154"},{"taxonomy":"product_tag","embeddable":true,"href":"https:\/\/brizyproducts.com\/sv\/wp-json\/wp\/v2\/product_tag?post=12154"}],"curies":[{"name":"wp","href":"https:\/\/api.w.org\/{rel}","templated":true}]}}