{"id":12127,"date":"2024-08-01T06:31:00","date_gmt":"2024-08-01T06:31:00","guid":{"rendered":"https:\/\/brizyproducts.com\/product\/pocono-protection-short-tights-x2\/"},"modified":"2026-02-24T09:33:08","modified_gmt":"2026-02-24T09:33:08","slug":"pocono-protection-short-tights-x2","status":"publish","type":"product","link":"https:\/\/brizyproducts.com\/sv\/product\/pocono-protection-short-tights-x2\/","title":{"rendered":"Pocono Korta Protection Tights"},"content":{"rendered":"<div class=\"flex flex-grow flex-col max-w-full\">\n<div class=\"min-h-[20px] text-message flex flex-col items-start whitespace-pre-wrap break-words [.text-message+&amp;]:mt-5 juice:w-full juice:items-end overflow-x-auto gap-2\" dir=\"auto\" data-message-author-role=\"assistant\" data-message-id=\"e7a5a197-9d72-4d69-a6e6-d29f96192760\">\n<div class=\"flex w-full flex-col gap-1 juice:empty:hidden juice:first:pt-[3px]\">\n<h2><strong>Underst\u00e4llsshorts med extra skydd<\/strong><\/h2>\n<p>Uppt\u00e4ck v\u00e5ra Pocono Korta Protection Tights \u2013 Vita shorts med extra skydd mot grus och sm\u00e5sten n\u00e4r du k\u00f6r h\u00e4st. Designade f\u00f6r optimal komfort, r\u00f6relsefrihet och st\u00f6d under b\u00e5de tr\u00e4ning och t\u00e4vling. Tillverkade i ett mjukt och stretchigt material sitter de tajt mot kroppen utan att begr\u00e4nsa dina r\u00f6relser. Den f\u00f6ljsamma passformen ger ett behagligt st\u00f6d och minimerar skav.<\/p>\n<p>Det funktionella materialet transporterar effektivt bort fukt och torkar snabbt, vilket h\u00e5ller dig torr och bekv\u00e4m \u00e4ven under intensiva dagar. ESF-skuminsatsen framtill skyddar privata omr\u00e5den fr\u00e5n grus och sm\u00e5 stenar under tr\u00e4ning och t\u00e4vling.<\/p>\n<p><strong>Obs: S\u00e4ljs i f\u00f6rpackningar om 2 par.<\/strong><\/p>\n<\/div>\n<\/div>\n<\/div>\n<div class=\"mt-1 flex gap-3 empty:hidden juice:-ml-3\">\n<div class=\"items-center justify-start rounded-xl p-1 flex\">\n<div class=\"flex items-center\">\n<div class=\"flex items-center pb-0.5 juice:pb-0\">\n<div class=\"[&amp;_svg]:h-full [&amp;_svg]:w-full icon-md h-4 w-4\"><\/div>\n\n<\/div>\n<\/div>\n<\/div>\n<\/div>\n","protected":false},"excerpt":{"rendered":"<p>Tv\u00e5 par, l\u00e4tta och fukttransporterande underst\u00e4llsshorts med extra skydd.<\/p>\n","protected":false},"featured_media":12128,"comment_status":"closed","ping_status":"closed","template":"","meta":{"_acf_changed":false},"product_brand":[],"product_cat":[304],"product_tag":[256],"class_list":{"0":"post-12127","1":"product","2":"type-product","3":"status-publish","4":"has-post-thumbnail","6":"product_cat-underwear","7":"product_tag-pocono-sv","8":"season-spring-fall","9":"season-summer","10":"gender-men","11":"collection-pocono","13":"first","14":"instock","15":"taxable","16":"shipping-taxable","17":"purchasable","18":"product-type-variable"},"acf":[],"yoast_head":"<!-- This site is optimized with the Yoast SEO plugin v27.3 - https:\/\/yoast.com\/product\/yoast-seo-wordpress\/ -->\n<title>Pocono Korta Protection Tights | Korta underst\u00e4llstights | Brizy<\/title>\n<meta name=\"description\" content=\"Vita shorts med skydd i fukttransporterande och stretchigt material. Perfekta att ha under t\u00e4vlingsdressen f\u00f6r att skydda mot grus och sm\u00e5sten.\" \/>\n<meta name=\"robots\" content=\"index, follow, max-snippet:-1, max-image-preview:large, max-video-preview:-1\" \/>\n<link rel=\"canonical\" href=\"https:\/\/brizyproducts.com\/sv\/product\/pocono-protection-short-tights-x2\/\" \/>\n<meta property=\"og:locale\" content=\"sv_SE\" \/>\n<meta property=\"og:type\" content=\"article\" \/>\n<meta property=\"og:title\" content=\"Pocono Korta Protection Tights | Korta underst\u00e4llstights | Brizy\" \/>\n<meta property=\"og:description\" content=\"Vita shorts med skydd i fukttransporterande och stretchigt material. Perfekta att ha under t\u00e4vlingsdressen f\u00f6r att skydda mot grus och sm\u00e5sten.\" \/>\n<meta property=\"og:url\" content=\"https:\/\/brizyproducts.com\/sv\/product\/pocono-protection-short-tights-x2\/\" \/>\n<meta property=\"og:site_name\" content=\"Brizy Products\" \/>\n<meta property=\"article:publisher\" content=\"https:\/\/www.facebook.com\/brizy.1983\/\" \/>\n<meta property=\"article:modified_time\" content=\"2026-02-24T09:33:08+00:00\" \/>\n<meta property=\"og:image\" content=\"https:\/\/brizyproducts.com\/wp-content\/uploads\/2024\/08\/1-png.webp\" \/>\n\t<meta property=\"og:image:width\" content=\"2560\" \/>\n\t<meta property=\"og:image:height\" content=\"3413\" \/>\n\t<meta property=\"og:image:type\" content=\"image\/png\" \/>\n<meta name=\"twitter:card\" content=\"summary_large_image\" \/>\n<meta property=\"og:availability\" content=\"instock\" \/>\n<meta property=\"product:availability\" content=\"instock\" \/>\n<meta property=\"product:condition\" content=\"new\" \/>\n<!-- \/ Yoast SEO plugin. -->","yoast_head_json":{"title":"Pocono Korta Protection Tights | Korta underst\u00e4llstights | Brizy","description":"Vita shorts med skydd i fukttransporterande och stretchigt material. Perfekta att ha under t\u00e4vlingsdressen f\u00f6r att skydda mot grus och sm\u00e5sten.","robots":{"index":"index","follow":"follow","max-snippet":"max-snippet:-1","max-image-preview":"max-image-preview:large","max-video-preview":"max-video-preview:-1"},"canonical":"https:\/\/brizyproducts.com\/sv\/product\/pocono-protection-short-tights-x2\/","og_locale":"sv_SE","og_type":"article","og_title":"Pocono Korta Protection Tights | Korta underst\u00e4llstights | Brizy","og_description":"Vita shorts med skydd i fukttransporterande och stretchigt material. Perfekta att ha under t\u00e4vlingsdressen f\u00f6r att skydda mot grus och sm\u00e5sten.","og_url":"https:\/\/brizyproducts.com\/sv\/product\/pocono-protection-short-tights-x2\/","og_site_name":"Brizy Products","article_publisher":"https:\/\/www.facebook.com\/brizy.1983\/","article_modified_time":"2026-02-24T09:33:08+00:00","og_image":[{"width":2560,"height":3413,"url":"https:\/\/brizyproducts.com\/wp-content\/uploads\/2024\/08\/1-png.webp","type":"image\/png"}],"twitter_card":"summary_large_image","schema":{"@context":"https:\/\/schema.org","@graph":[{"@type":"WebPage","@id":"https:\/\/brizyproducts.com\/sv\/product\/pocono-protection-short-tights-x2\/","url":"https:\/\/brizyproducts.com\/sv\/product\/pocono-protection-short-tights-x2\/","name":"Pocono Korta Protection Tights | Korta underst\u00e4llstights | Brizy","isPartOf":{"@id":"https:\/\/brizyproducts.com\/sv\/#website"},"primaryImageOfPage":{"@id":"https:\/\/brizyproducts.com\/sv\/product\/pocono-protection-short-tights-x2\/#primaryimage"},"image":{"@id":"https:\/\/brizyproducts.com\/sv\/product\/pocono-protection-short-tights-x2\/#primaryimage"},"thumbnailUrl":"https:\/\/brizyproducts.com\/wp-content\/uploads\/2024\/08\/1-png.webp","datePublished":"2024-08-01T06:31:00+00:00","dateModified":"2026-02-24T09:33:08+00:00","description":"Vita shorts med skydd i fukttransporterande och stretchigt material. Perfekta att ha under t\u00e4vlingsdressen f\u00f6r att skydda mot grus och sm\u00e5sten.","breadcrumb":{"@id":"https:\/\/brizyproducts.com\/sv\/product\/pocono-protection-short-tights-x2\/#breadcrumb"},"inLanguage":"sv-SE","potentialAction":[{"@type":"ReadAction","target":["https:\/\/brizyproducts.com\/sv\/product\/pocono-protection-short-tights-x2\/"]}]},{"@type":"ImageObject","inLanguage":"sv-SE","@id":"https:\/\/brizyproducts.com\/sv\/product\/pocono-protection-short-tights-x2\/#primaryimage","url":"https:\/\/brizyproducts.com\/wp-content\/uploads\/2024\/08\/1-png.webp","contentUrl":"https:\/\/brizyproducts.com\/wp-content\/uploads\/2024\/08\/1-png.webp","width":2560,"height":3413},{"@type":"BreadcrumbList","@id":"https:\/\/brizyproducts.com\/sv\/product\/pocono-protection-short-tights-x2\/#breadcrumb","itemListElement":[{"@type":"ListItem","position":1,"name":"Hem","item":"https:\/\/brizyproducts.com\/sv\/"},{"@type":"ListItem","position":2,"name":"Shop","item":"https:\/\/brizyproducts.com\/sv\/shop\/"},{"@type":"ListItem","position":3,"name":"Pocono Korta Protection Tights"}]},{"@type":"WebSite","@id":"https:\/\/brizyproducts.com\/sv\/#website","url":"https:\/\/brizyproducts.com\/sv\/","name":"Brizy","description":"","publisher":{"@id":"https:\/\/brizyproducts.com\/sv\/#organization"},"potentialAction":[{"@type":"SearchAction","target":{"@type":"EntryPoint","urlTemplate":"https:\/\/brizyproducts.com\/sv\/?s={search_term_string}"},"query-input":{"@type":"PropertyValueSpecification","valueRequired":true,"valueName":"search_term_string"}}],"inLanguage":"sv-SE"},{"@type":"Organization","@id":"https:\/\/brizyproducts.com\/sv\/#organization","name":"Brizy","url":"https:\/\/brizyproducts.com\/sv\/","logo":{"@type":"ImageObject","inLanguage":"sv-SE","@id":"https:\/\/brizyproducts.com\/sv\/#\/schema\/logo\/image\/","url":"https:\/\/brizyproducts.com\/wp-content\/uploads\/2023\/12\/Brizy-old.svg","contentUrl":"https:\/\/brizyproducts.com\/wp-content\/uploads\/2023\/12\/Brizy-old.svg","width":1,"height":1,"caption":"Brizy"},"image":{"@id":"https:\/\/brizyproducts.com\/sv\/#\/schema\/logo\/image\/"},"sameAs":["https:\/\/www.facebook.com\/brizy.1983\/","https:\/\/www.linkedin.com\/company\/brizy-produktion\/"]}]},"og_availability":"instock","product_availability":"instock","product_condition":"new"},"_links":{"self":[{"href":"https:\/\/brizyproducts.com\/sv\/wp-json\/wp\/v2\/product\/12127","targetHints":{"allow":["GET"]}}],"collection":[{"href":"https:\/\/brizyproducts.com\/sv\/wp-json\/wp\/v2\/product"}],"about":[{"href":"https:\/\/brizyproducts.com\/sv\/wp-json\/wp\/v2\/types\/product"}],"replies":[{"embeddable":true,"href":"https:\/\/brizyproducts.com\/sv\/wp-json\/wp\/v2\/comments?post=12127"}],"wp:featuredmedia":[{"embeddable":true,"href":"https:\/\/brizyproducts.com\/sv\/wp-json\/wp\/v2\/media\/12128"}],"wp:attachment":[{"href":"https:\/\/brizyproducts.com\/sv\/wp-json\/wp\/v2\/media?parent=12127"}],"wp:term":[{"taxonomy":"product_brand","embeddable":true,"href":"https:\/\/brizyproducts.com\/sv\/wp-json\/wp\/v2\/product_brand?post=12127"},{"taxonomy":"product_cat","embeddable":true,"href":"https:\/\/brizyproducts.com\/sv\/wp-json\/wp\/v2\/product_cat?post=12127"},{"taxonomy":"product_tag","embeddable":true,"href":"https:\/\/brizyproducts.com\/sv\/wp-json\/wp\/v2\/product_tag?post=12127"}],"curies":[{"name":"wp","href":"https:\/\/api.w.org\/{rel}","templated":true}]}}