{"id":12108,"date":"2024-08-28T08:33:28","date_gmt":"2024-08-28T08:33:28","guid":{"rendered":"https:\/\/brizyproducts.com\/product\/loke-wool-sock\/"},"modified":"2026-03-03T12:41:36","modified_gmt":"2026-03-03T12:41:36","slug":"loke-wool-sock","status":"publish","type":"product","link":"https:\/\/brizyproducts.com\/sv\/product\/loke-wool-sock\/","title":{"rendered":"Loke Merinoull Strumpa"},"content":{"rendered":"<h2><strong>Bekv\u00e4ma och temperaturreglerande strumpor<\/strong><\/h2>\n<p>Upplev komfort och h\u00e5llbarhet med Loke Merinoull Strumpa. Tillverkade i mjuk, klimatreglerande merinoull h\u00e5ller de f\u00f6tterna varma p\u00e5 vintern och svala p\u00e5 sommaren. F\u00f6rst\u00e4rkta zoner klarar slitaget fr\u00e5n stall, t\u00e4vling och vardag. De platta s\u00f6mmarna minskar irritation och ger sk\u00f6n passform. Perfekta tillsammans med travboots eller vardagsskor. Ett par strumpor som h\u00e5ller dig varm, sval och bekv\u00e4m hela dagen.<\/p>\n","protected":false},"excerpt":{"rendered":"<p>Bekv\u00e4ma strumpor i merinoull.<\/p>\n","protected":false},"featured_media":20193,"comment_status":"open","ping_status":"closed","template":"","meta":{"_acf_changed":false},"product_brand":[],"product_cat":[299],"product_tag":[],"season":[],"gender":[],"collection":[],"activity":[],"product_type_brizy":[],"class_list":{"0":"post-12108","1":"product","2":"type-product","3":"status-publish","4":"has-post-thumbnail","6":"product_cat-accessories","8":"first","9":"instock","10":"taxable","11":"shipping-taxable","12":"purchasable","13":"product-type-variable"},"acf":[],"yoast_head":"<!-- This site is optimized with the Yoast SEO plugin v27.4 - https:\/\/yoast.com\/product\/yoast-seo-wordpress\/ -->\n<title>Loke Merinoull Strumpa | Bekv\u00e4ma ullstrumpor | Brizy<\/title>\n<meta name=\"description\" content=\"Strumpor I merinoull som h\u00e5ller dig varm p\u00e5 vintern och sval p\u00e5 sommaren. Platta s\u00f6mmar som ger en bekv\u00e4m och irritationsfri passform.\" \/>\n<meta name=\"robots\" content=\"index, follow, max-snippet:-1, max-image-preview:large, max-video-preview:-1\" \/>\n<link rel=\"canonical\" href=\"https:\/\/brizyproducts.com\/sv\/product\/loke-wool-sock\/\" \/>\n<meta property=\"og:locale\" content=\"sv_SE\" \/>\n<meta property=\"og:type\" content=\"article\" \/>\n<meta property=\"og:title\" content=\"Loke Merinoull Strumpa | Bekv\u00e4ma ullstrumpor | Brizy\" \/>\n<meta property=\"og:description\" content=\"Strumpor I merinoull som h\u00e5ller dig varm p\u00e5 vintern och sval p\u00e5 sommaren. Platta s\u00f6mmar som ger en bekv\u00e4m och irritationsfri passform.\" \/>\n<meta property=\"og:url\" content=\"https:\/\/brizyproducts.com\/sv\/product\/loke-wool-sock\/\" \/>\n<meta property=\"og:site_name\" content=\"Brizy Products\" \/>\n<meta property=\"article:publisher\" content=\"https:\/\/www.facebook.com\/brizy.1983\/\" \/>\n<meta property=\"article:modified_time\" content=\"2026-03-03T12:41:36+00:00\" \/>\n<meta property=\"og:image\" content=\"https:\/\/brizyproducts.com\/wp-content\/uploads\/2024\/08\/socks-v2-1.webp\" \/>\n\t<meta property=\"og:image:width\" content=\"1804\" \/>\n\t<meta property=\"og:image:height\" content=\"2012\" \/>\n\t<meta property=\"og:image:type\" content=\"image\/png\" \/>\n<meta name=\"twitter:card\" content=\"summary_large_image\" \/>\n<meta property=\"og:availability\" content=\"instock\" \/>\n<meta property=\"product:availability\" content=\"instock\" \/>\n<meta property=\"product:condition\" content=\"new\" \/>\n<!-- \/ Yoast SEO plugin. -->","yoast_head_json":{"title":"Loke Merinoull Strumpa | Bekv\u00e4ma ullstrumpor | Brizy","description":"Strumpor I merinoull som h\u00e5ller dig varm p\u00e5 vintern och sval p\u00e5 sommaren. Platta s\u00f6mmar som ger en bekv\u00e4m och irritationsfri passform.","robots":{"index":"index","follow":"follow","max-snippet":"max-snippet:-1","max-image-preview":"max-image-preview:large","max-video-preview":"max-video-preview:-1"},"canonical":"https:\/\/brizyproducts.com\/sv\/product\/loke-wool-sock\/","og_locale":"sv_SE","og_type":"article","og_title":"Loke Merinoull Strumpa | Bekv\u00e4ma ullstrumpor | Brizy","og_description":"Strumpor I merinoull som h\u00e5ller dig varm p\u00e5 vintern och sval p\u00e5 sommaren. Platta s\u00f6mmar som ger en bekv\u00e4m och irritationsfri passform.","og_url":"https:\/\/brizyproducts.com\/sv\/product\/loke-wool-sock\/","og_site_name":"Brizy Products","article_publisher":"https:\/\/www.facebook.com\/brizy.1983\/","article_modified_time":"2026-03-03T12:41:36+00:00","og_image":[{"width":1804,"height":2012,"url":"https:\/\/brizyproducts.com\/wp-content\/uploads\/2024\/08\/socks-v2-1.webp","type":"image\/png"}],"twitter_card":"summary_large_image","schema":{"@context":"https:\/\/schema.org","@graph":[{"@type":"WebPage","@id":"https:\/\/brizyproducts.com\/sv\/product\/loke-wool-sock\/","url":"https:\/\/brizyproducts.com\/sv\/product\/loke-wool-sock\/","name":"Loke Merinoull Strumpa | Bekv\u00e4ma ullstrumpor | Brizy","isPartOf":{"@id":"https:\/\/brizyproducts.com\/sv\/#website"},"primaryImageOfPage":{"@id":"https:\/\/brizyproducts.com\/sv\/product\/loke-wool-sock\/#primaryimage"},"image":{"@id":"https:\/\/brizyproducts.com\/sv\/product\/loke-wool-sock\/#primaryimage"},"thumbnailUrl":"https:\/\/brizyproducts.com\/wp-content\/uploads\/2024\/08\/socks-v2-1.webp","datePublished":"2024-08-28T08:33:28+00:00","dateModified":"2026-03-03T12:41:36+00:00","description":"Strumpor I merinoull som h\u00e5ller dig varm p\u00e5 vintern och sval p\u00e5 sommaren. Platta s\u00f6mmar som ger en bekv\u00e4m och irritationsfri passform.","breadcrumb":{"@id":"https:\/\/brizyproducts.com\/sv\/product\/loke-wool-sock\/#breadcrumb"},"inLanguage":"sv-SE","potentialAction":[{"@type":"ReadAction","target":["https:\/\/brizyproducts.com\/sv\/product\/loke-wool-sock\/"]}]},{"@type":"ImageObject","inLanguage":"sv-SE","@id":"https:\/\/brizyproducts.com\/sv\/product\/loke-wool-sock\/#primaryimage","url":"https:\/\/brizyproducts.com\/wp-content\/uploads\/2024\/08\/socks-v2-1.webp","contentUrl":"https:\/\/brizyproducts.com\/wp-content\/uploads\/2024\/08\/socks-v2-1.webp","width":1804,"height":2012},{"@type":"BreadcrumbList","@id":"https:\/\/brizyproducts.com\/sv\/product\/loke-wool-sock\/#breadcrumb","itemListElement":[{"@type":"ListItem","position":1,"name":"Hem","item":"https:\/\/brizyproducts.com\/sv\/start-april-2026\/"},{"@type":"ListItem","position":2,"name":"Shop","item":"https:\/\/brizyproducts.com\/sv\/shop\/"},{"@type":"ListItem","position":3,"name":"Loke Merinoull Strumpa"}]},{"@type":"WebSite","@id":"https:\/\/brizyproducts.com\/sv\/#website","url":"https:\/\/brizyproducts.com\/sv\/","name":"Brizy","description":"","publisher":{"@id":"https:\/\/brizyproducts.com\/sv\/#organization"},"potentialAction":[{"@type":"SearchAction","target":{"@type":"EntryPoint","urlTemplate":"https:\/\/brizyproducts.com\/sv\/?s={search_term_string}"},"query-input":{"@type":"PropertyValueSpecification","valueRequired":true,"valueName":"search_term_string"}}],"inLanguage":"sv-SE"},{"@type":"Organization","@id":"https:\/\/brizyproducts.com\/sv\/#organization","name":"Brizy","url":"https:\/\/brizyproducts.com\/sv\/","logo":{"@type":"ImageObject","inLanguage":"sv-SE","@id":"https:\/\/brizyproducts.com\/sv\/#\/schema\/logo\/image\/","url":"https:\/\/brizyproducts.com\/wp-content\/uploads\/2023\/12\/Brizy-old.svg","contentUrl":"https:\/\/brizyproducts.com\/wp-content\/uploads\/2023\/12\/Brizy-old.svg","width":1,"height":1,"caption":"Brizy"},"image":{"@id":"https:\/\/brizyproducts.com\/sv\/#\/schema\/logo\/image\/"},"sameAs":["https:\/\/www.facebook.com\/brizy.1983\/","https:\/\/www.linkedin.com\/company\/brizy-produktion\/"]}]},"og_availability":"instock","product_availability":"instock","product_condition":"new"},"_links":{"self":[{"href":"https:\/\/brizyproducts.com\/sv\/wp-json\/wp\/v2\/product\/12108","targetHints":{"allow":["GET"]}}],"collection":[{"href":"https:\/\/brizyproducts.com\/sv\/wp-json\/wp\/v2\/product"}],"about":[{"href":"https:\/\/brizyproducts.com\/sv\/wp-json\/wp\/v2\/types\/product"}],"replies":[{"embeddable":true,"href":"https:\/\/brizyproducts.com\/sv\/wp-json\/wp\/v2\/comments?post=12108"}],"wp:featuredmedia":[{"embeddable":true,"href":"https:\/\/brizyproducts.com\/sv\/wp-json\/wp\/v2\/media\/20193"}],"wp:attachment":[{"href":"https:\/\/brizyproducts.com\/sv\/wp-json\/wp\/v2\/media?parent=12108"}],"wp:term":[{"taxonomy":"product_brand","embeddable":true,"href":"https:\/\/brizyproducts.com\/sv\/wp-json\/wp\/v2\/product_brand?post=12108"},{"taxonomy":"product_cat","embeddable":true,"href":"https:\/\/brizyproducts.com\/sv\/wp-json\/wp\/v2\/product_cat?post=12108"},{"taxonomy":"product_tag","embeddable":true,"href":"https:\/\/brizyproducts.com\/sv\/wp-json\/wp\/v2\/product_tag?post=12108"},{"taxonomy":"season","embeddable":true,"href":"https:\/\/brizyproducts.com\/sv\/wp-json\/wp\/v2\/season?post=12108"},{"taxonomy":"gender","embeddable":true,"href":"https:\/\/brizyproducts.com\/sv\/wp-json\/wp\/v2\/gender?post=12108"},{"taxonomy":"collection","embeddable":true,"href":"https:\/\/brizyproducts.com\/sv\/wp-json\/wp\/v2\/collection?post=12108"},{"taxonomy":"activity","embeddable":true,"href":"https:\/\/brizyproducts.com\/sv\/wp-json\/wp\/v2\/activity?post=12108"},{"taxonomy":"product_type_brizy","embeddable":true,"href":"https:\/\/brizyproducts.com\/sv\/wp-json\/wp\/v2\/product_type_brizy?post=12108"}],"curies":[{"name":"wp","href":"https:\/\/api.w.org\/{rel}","templated":true}]}}