{"id":12042,"date":"2025-10-23T13:04:30","date_gmt":"2025-10-23T13:04:30","guid":{"rendered":"https:\/\/brizyproducts.com\/?post_type=product&#038;p=12042"},"modified":"2025-10-24T10:56:06","modified_gmt":"2025-10-24T10:56:06","slug":"the-new-hermod-vest","status":"publish","type":"product","link":"https:\/\/brizyproducts.com\/sv\/product\/the-new-hermod-vest\/","title":{"rendered":"Nya Hermod v\u00e4st"},"content":{"rendered":"<h2><strong>Funktionell v\u00e4st f\u00f6r alla \u00e5rstider.<\/strong><\/h2>\n<p>En stilren och funktionell v\u00e4st med stretchiga sidopaneler som ger en bekv\u00e4m passform och full r\u00f6relsefrihet. V\u00e4sten har en klassisk design med praktiska dragkedjefickor. Den passar lika bra i stallet som till vardags och fungerar utm\u00e4rkt som ett extra lager under kyligare dagar.<\/p>\n<p>V\u00e4sten \u00e4r normal i passformen, vi rekommenderar att du v\u00e4ljer din vanliga storlek.<\/p>\n<p>Vill du s\u00e4tta en personlig pr\u00e4gel p\u00e5 din Hermod v\u00e4st g\u00e5r det \u00e4ven att l\u00e4gga till logotyp eller sponsorm\u00e4rkning. Kontakta oss g\u00e4rna f\u00f6r att diskutera m\u00f6jligheterna.<\/p>\n","protected":false},"excerpt":{"rendered":"<p>En m\u00e5ngsidig v\u00e4st som passar lika bra till stallet som till vardags.<\/p>\n","protected":false},"featured_media":20594,"comment_status":"closed","ping_status":"closed","template":"","meta":{"_acf_changed":false},"product_brand":[],"product_cat":[283],"product_tag":[256],"season":[506,502],"gender":[510],"collection":[542],"activity":[560,562],"product_type_brizy":[570],"class_list":{"0":"post-12042","1":"product","2":"type-product","3":"status-publish","4":"has-post-thumbnail","6":"product_cat-vests","7":"product_tag-pocono-sv","8":"season-spring-fall","9":"season-summer","10":"gender-men","11":"collection-hermod","12":"activity-stable","13":"activity-training","14":"product_type_brizy-stock-products","16":"first","17":"instock","18":"taxable","19":"shipping-taxable","20":"purchasable","21":"product-type-variable"},"acf":[],"yoast_head":"<!-- This site is optimized with the Yoast SEO plugin v27.3 - https:\/\/yoast.com\/product\/yoast-seo-wordpress\/ -->\n<title>Nya Hermod v\u00e4st | M\u00e5ngsidig v\u00e4st till stallet och vardags | Brizy<\/title>\n<meta name=\"description\" content=\"En m\u00e5ngsidig, l\u00e4tt och smidig v\u00e4st med stretchiga sidor och praktiska fickor, perfekt f\u00f6r aktivt arbete och vardaglig anv\u00e4ndning.\" \/>\n<meta name=\"robots\" content=\"index, follow, max-snippet:-1, max-image-preview:large, max-video-preview:-1\" \/>\n<link rel=\"canonical\" href=\"https:\/\/brizyproducts.com\/sv\/product\/the-new-hermod-vest\/\" \/>\n<meta property=\"og:locale\" content=\"sv_SE\" \/>\n<meta property=\"og:type\" content=\"article\" \/>\n<meta property=\"og:title\" content=\"Nya Hermod v\u00e4st | M\u00e5ngsidig v\u00e4st till stallet och vardags | Brizy\" \/>\n<meta property=\"og:description\" content=\"En m\u00e5ngsidig, l\u00e4tt och smidig v\u00e4st med stretchiga sidor och praktiska fickor, perfekt f\u00f6r aktivt arbete och vardaglig anv\u00e4ndning.\" \/>\n<meta property=\"og:url\" content=\"https:\/\/brizyproducts.com\/sv\/product\/the-new-hermod-vest\/\" \/>\n<meta property=\"og:site_name\" content=\"Brizy Products\" \/>\n<meta property=\"article:publisher\" content=\"https:\/\/www.facebook.com\/brizy.1983\/\" \/>\n<meta property=\"article:modified_time\" content=\"2025-10-24T10:56:06+00:00\" \/>\n<meta property=\"og:image\" content=\"https:\/\/brizyproducts.com\/wp-content\/uploads\/2024\/10\/2-Low.webp\" \/>\n\t<meta property=\"og:image:width\" content=\"1181\" \/>\n\t<meta property=\"og:image:height\" content=\"1575\" \/>\n\t<meta property=\"og:image:type\" content=\"image\/png\" \/>\n<meta name=\"twitter:card\" content=\"summary_large_image\" \/>\n<meta property=\"og:availability\" content=\"instock\" \/>\n<meta property=\"product:availability\" content=\"instock\" \/>\n<meta property=\"product:condition\" content=\"new\" \/>\n<!-- \/ Yoast SEO plugin. -->","yoast_head_json":{"title":"Nya Hermod v\u00e4st | M\u00e5ngsidig v\u00e4st till stallet och vardags | Brizy","description":"En m\u00e5ngsidig, l\u00e4tt och smidig v\u00e4st med stretchiga sidor och praktiska fickor, perfekt f\u00f6r aktivt arbete och vardaglig anv\u00e4ndning.","robots":{"index":"index","follow":"follow","max-snippet":"max-snippet:-1","max-image-preview":"max-image-preview:large","max-video-preview":"max-video-preview:-1"},"canonical":"https:\/\/brizyproducts.com\/sv\/product\/the-new-hermod-vest\/","og_locale":"sv_SE","og_type":"article","og_title":"Nya Hermod v\u00e4st | M\u00e5ngsidig v\u00e4st till stallet och vardags | Brizy","og_description":"En m\u00e5ngsidig, l\u00e4tt och smidig v\u00e4st med stretchiga sidor och praktiska fickor, perfekt f\u00f6r aktivt arbete och vardaglig anv\u00e4ndning.","og_url":"https:\/\/brizyproducts.com\/sv\/product\/the-new-hermod-vest\/","og_site_name":"Brizy Products","article_publisher":"https:\/\/www.facebook.com\/brizy.1983\/","article_modified_time":"2025-10-24T10:56:06+00:00","og_image":[{"width":1181,"height":1575,"url":"https:\/\/brizyproducts.com\/wp-content\/uploads\/2024\/10\/2-Low.webp","type":"image\/png"}],"twitter_card":"summary_large_image","schema":{"@context":"https:\/\/schema.org","@graph":[{"@type":"WebPage","@id":"https:\/\/brizyproducts.com\/sv\/product\/the-new-hermod-vest\/","url":"https:\/\/brizyproducts.com\/sv\/product\/the-new-hermod-vest\/","name":"Nya Hermod v\u00e4st | M\u00e5ngsidig v\u00e4st till stallet och vardags | Brizy","isPartOf":{"@id":"https:\/\/brizyproducts.com\/sv\/#website"},"primaryImageOfPage":{"@id":"https:\/\/brizyproducts.com\/sv\/product\/the-new-hermod-vest\/#primaryimage"},"image":{"@id":"https:\/\/brizyproducts.com\/sv\/product\/the-new-hermod-vest\/#primaryimage"},"thumbnailUrl":"https:\/\/brizyproducts.com\/wp-content\/uploads\/2024\/10\/2-Low.webp","datePublished":"2025-10-23T13:04:30+00:00","dateModified":"2025-10-24T10:56:06+00:00","description":"En m\u00e5ngsidig, l\u00e4tt och smidig v\u00e4st med stretchiga sidor och praktiska fickor, perfekt f\u00f6r aktivt arbete och vardaglig anv\u00e4ndning.","breadcrumb":{"@id":"https:\/\/brizyproducts.com\/sv\/product\/the-new-hermod-vest\/#breadcrumb"},"inLanguage":"sv-SE","potentialAction":[{"@type":"ReadAction","target":["https:\/\/brizyproducts.com\/sv\/product\/the-new-hermod-vest\/"]}]},{"@type":"ImageObject","inLanguage":"sv-SE","@id":"https:\/\/brizyproducts.com\/sv\/product\/the-new-hermod-vest\/#primaryimage","url":"https:\/\/brizyproducts.com\/wp-content\/uploads\/2024\/10\/2-Low.webp","contentUrl":"https:\/\/brizyproducts.com\/wp-content\/uploads\/2024\/10\/2-Low.webp","width":1181,"height":1575},{"@type":"BreadcrumbList","@id":"https:\/\/brizyproducts.com\/sv\/product\/the-new-hermod-vest\/#breadcrumb","itemListElement":[{"@type":"ListItem","position":1,"name":"Hem","item":"https:\/\/brizyproducts.com\/sv\/start-april-2026\/"},{"@type":"ListItem","position":2,"name":"Shop","item":"https:\/\/brizyproducts.com\/sv\/shop\/"},{"@type":"ListItem","position":3,"name":"Nya Hermod v\u00e4st"}]},{"@type":"WebSite","@id":"https:\/\/brizyproducts.com\/sv\/#website","url":"https:\/\/brizyproducts.com\/sv\/","name":"Brizy","description":"","publisher":{"@id":"https:\/\/brizyproducts.com\/sv\/#organization"},"potentialAction":[{"@type":"SearchAction","target":{"@type":"EntryPoint","urlTemplate":"https:\/\/brizyproducts.com\/sv\/?s={search_term_string}"},"query-input":{"@type":"PropertyValueSpecification","valueRequired":true,"valueName":"search_term_string"}}],"inLanguage":"sv-SE"},{"@type":"Organization","@id":"https:\/\/brizyproducts.com\/sv\/#organization","name":"Brizy","url":"https:\/\/brizyproducts.com\/sv\/","logo":{"@type":"ImageObject","inLanguage":"sv-SE","@id":"https:\/\/brizyproducts.com\/sv\/#\/schema\/logo\/image\/","url":"https:\/\/brizyproducts.com\/wp-content\/uploads\/2023\/12\/Brizy-old.svg","contentUrl":"https:\/\/brizyproducts.com\/wp-content\/uploads\/2023\/12\/Brizy-old.svg","width":1,"height":1,"caption":"Brizy"},"image":{"@id":"https:\/\/brizyproducts.com\/sv\/#\/schema\/logo\/image\/"},"sameAs":["https:\/\/www.facebook.com\/brizy.1983\/","https:\/\/www.linkedin.com\/company\/brizy-produktion\/"]}]},"og_availability":"instock","product_availability":"instock","product_condition":"new"},"_links":{"self":[{"href":"https:\/\/brizyproducts.com\/sv\/wp-json\/wp\/v2\/product\/12042","targetHints":{"allow":["GET"]}}],"collection":[{"href":"https:\/\/brizyproducts.com\/sv\/wp-json\/wp\/v2\/product"}],"about":[{"href":"https:\/\/brizyproducts.com\/sv\/wp-json\/wp\/v2\/types\/product"}],"replies":[{"embeddable":true,"href":"https:\/\/brizyproducts.com\/sv\/wp-json\/wp\/v2\/comments?post=12042"}],"wp:featuredmedia":[{"embeddable":true,"href":"https:\/\/brizyproducts.com\/sv\/wp-json\/wp\/v2\/media\/20594"}],"wp:attachment":[{"href":"https:\/\/brizyproducts.com\/sv\/wp-json\/wp\/v2\/media?parent=12042"}],"wp:term":[{"taxonomy":"product_brand","embeddable":true,"href":"https:\/\/brizyproducts.com\/sv\/wp-json\/wp\/v2\/product_brand?post=12042"},{"taxonomy":"product_cat","embeddable":true,"href":"https:\/\/brizyproducts.com\/sv\/wp-json\/wp\/v2\/product_cat?post=12042"},{"taxonomy":"product_tag","embeddable":true,"href":"https:\/\/brizyproducts.com\/sv\/wp-json\/wp\/v2\/product_tag?post=12042"},{"taxonomy":"season","embeddable":true,"href":"https:\/\/brizyproducts.com\/sv\/wp-json\/wp\/v2\/season?post=12042"},{"taxonomy":"gender","embeddable":true,"href":"https:\/\/brizyproducts.com\/sv\/wp-json\/wp\/v2\/gender?post=12042"},{"taxonomy":"collection","embeddable":true,"href":"https:\/\/brizyproducts.com\/sv\/wp-json\/wp\/v2\/collection?post=12042"},{"taxonomy":"activity","embeddable":true,"href":"https:\/\/brizyproducts.com\/sv\/wp-json\/wp\/v2\/activity?post=12042"},{"taxonomy":"product_type_brizy","embeddable":true,"href":"https:\/\/brizyproducts.com\/sv\/wp-json\/wp\/v2\/product_type_brizy?post=12042"}],"curies":[{"name":"wp","href":"https:\/\/api.w.org\/{rel}","templated":true}]}}