{"id":11933,"date":"2024-10-11T04:28:57","date_gmt":"2024-10-11T04:28:57","guid":{"rendered":"https:\/\/brizyproducts.com\/product\/fenja-womens-hoody\/"},"modified":"2026-03-02T17:26:17","modified_gmt":"2026-03-02T17:26:17","slug":"fenja-womens-hoody","status":"publish","type":"product","link":"https:\/\/brizyproducts.com\/sv\/product\/fenja-womens-hoody\/","title":{"rendered":"Fenja Hoody Dam"},"content":{"rendered":"<h2>Praktisk och t\u00e5lig jacka f\u00f6r alla v\u00e4der<\/h2>\n<p>Fenja Hoody \u00e4r det perfekta plagget f\u00f6r dig som vill ha v\u00e4rme, r\u00f6relsefrihet och funktion i ett. Den \u00e4r designad f\u00f6r att klara vardagens p\u00e5frestningar och passar lika bra vid stallarbete och tr\u00e4ning som till vardags. Den praktiska luvan ger dig extra skydd \u00f6ver huvudet.<\/p>\n<p>Det t\u00e5liga materialet med l\u00e4ttviktsisolering ger dig sk\u00f6n v\u00e4rme utan att k\u00e4nnas tung eller klumpig. Dunjackan fungerar utm\u00e4rkt som ytterplagg under regniga eller bl\u00e5siga dagar, och som ett v\u00e4rmande lager under en tjockare jacka n\u00e4r kylan biter.<\/p>\n<p>Med en f\u00f6ljsam och praktisk passform f\u00e5r du full r\u00f6relsefrihet oavsett aktivitet. Jackan \u00e4r dessutom enkel att kombinera med andra plagg och blir snabbt ett m\u00e5ngsidigt plagg i garderoben \u00e5ret runt, b\u00e5de vid jobb och fritid.<\/p>\n<p>Jackan \u00e4r normal i passformen, vi rekommenderar att du v\u00e4ljer din vanliga storlek.<\/p>\n<p>L\u00e4gg till en personlig touch p\u00e5 din Fenja Hoody med logotyp eller sponsorm\u00e4rkning. Kontakta oss f\u00f6r att diskutera m\u00f6jligheterna.<\/p>\n","protected":false},"excerpt":{"rendered":"<p>En stilren och allsidig dunjacka med luva f\u00f6r vardag, arbete och stallet.<\/p>\n","protected":false},"featured_media":11934,"comment_status":"closed","ping_status":"closed","template":"","meta":{"_acf_changed":false},"product_brand":[],"product_cat":[274,267],"product_tag":[460,256],"class_list":{"0":"post-11933","1":"product","2":"type-product","3":"status-publish","4":"has-post-thumbnail","6":"product_cat-jackets","7":"product_cat-womens","8":"product_tag-fenja-sv","9":"product_tag-pocono-sv","10":"season-spring-fall","11":"season-winter","12":"gender-women","13":"collection-fenja","14":"activity-training","15":"activity-workwear","16":"product_type_brizy-stock-products","18":"first","19":"instock","20":"taxable","21":"shipping-taxable","22":"purchasable","23":"product-type-variable"},"acf":[],"yoast_head":"<!-- This site is optimized with the Yoast SEO plugin v27.0 - https:\/\/yoast.com\/product\/yoast-seo-wordpress\/ -->\n<title>Fenja Hoody | En dunjacka med luva f\u00f6r stallet och vardagen | Brizy<\/title>\n<meta name=\"description\" content=\"En stilren och allsidig dunjacka med luva f\u00f6r vardag, arbete och stallet. Perfekta plagget f\u00f6r dig som vill ha v\u00e4rme, r\u00f6relsefrihet och m\u00e5ngsidighet i ett.\" \/>\n<meta name=\"robots\" content=\"index, follow, max-snippet:-1, max-image-preview:large, max-video-preview:-1\" \/>\n<link rel=\"canonical\" href=\"https:\/\/brizyproducts.com\/sv\/product\/fenja-womens-hoody\/\" \/>\n<meta property=\"og:locale\" content=\"sv_SE\" \/>\n<meta property=\"og:type\" content=\"article\" \/>\n<meta property=\"og:title\" content=\"Fenja Hoody | En dunjacka med luva f\u00f6r stallet och vardagen | Brizy\" \/>\n<meta property=\"og:description\" content=\"En stilren och allsidig dunjacka med luva f\u00f6r vardag, arbete och stallet. Perfekta plagget f\u00f6r dig som vill ha v\u00e4rme, r\u00f6relsefrihet och m\u00e5ngsidighet i ett.\" \/>\n<meta property=\"og:url\" content=\"https:\/\/brizyproducts.com\/sv\/product\/fenja-womens-hoody\/\" \/>\n<meta property=\"og:site_name\" content=\"Brizy Products\" \/>\n<meta property=\"article:publisher\" content=\"https:\/\/www.facebook.com\/brizy.1983\/\" \/>\n<meta property=\"article:modified_time\" content=\"2026-03-02T17:26:17+00:00\" \/>\n<meta property=\"og:image\" content=\"https:\/\/brizyproducts.com\/wp-content\/uploads\/2024\/10\/4W-png.webp\" \/>\n\t<meta property=\"og:image:width\" content=\"3375\" \/>\n\t<meta property=\"og:image:height\" content=\"4500\" \/>\n\t<meta property=\"og:image:type\" content=\"image\/png\" \/>\n<meta name=\"twitter:card\" content=\"summary_large_image\" \/>\n<meta property=\"og:availability\" content=\"instock\" \/>\n<meta property=\"product:availability\" content=\"instock\" \/>\n<meta property=\"product:condition\" content=\"new\" \/>\n<!-- \/ Yoast SEO plugin. -->","yoast_head_json":{"title":"Fenja Hoody | En dunjacka med luva f\u00f6r stallet och vardagen | Brizy","description":"En stilren och allsidig dunjacka med luva f\u00f6r vardag, arbete och stallet. Perfekta plagget f\u00f6r dig som vill ha v\u00e4rme, r\u00f6relsefrihet och m\u00e5ngsidighet i ett.","robots":{"index":"index","follow":"follow","max-snippet":"max-snippet:-1","max-image-preview":"max-image-preview:large","max-video-preview":"max-video-preview:-1"},"canonical":"https:\/\/brizyproducts.com\/sv\/product\/fenja-womens-hoody\/","og_locale":"sv_SE","og_type":"article","og_title":"Fenja Hoody | En dunjacka med luva f\u00f6r stallet och vardagen | Brizy","og_description":"En stilren och allsidig dunjacka med luva f\u00f6r vardag, arbete och stallet. Perfekta plagget f\u00f6r dig som vill ha v\u00e4rme, r\u00f6relsefrihet och m\u00e5ngsidighet i ett.","og_url":"https:\/\/brizyproducts.com\/sv\/product\/fenja-womens-hoody\/","og_site_name":"Brizy Products","article_publisher":"https:\/\/www.facebook.com\/brizy.1983\/","article_modified_time":"2026-03-02T17:26:17+00:00","og_image":[{"width":3375,"height":4500,"url":"https:\/\/brizyproducts.com\/wp-content\/uploads\/2024\/10\/4W-png.webp","type":"image\/png"}],"twitter_card":"summary_large_image","schema":{"@context":"https:\/\/schema.org","@graph":[{"@type":"WebPage","@id":"https:\/\/brizyproducts.com\/sv\/product\/fenja-womens-hoody\/","url":"https:\/\/brizyproducts.com\/sv\/product\/fenja-womens-hoody\/","name":"Fenja Hoody | En dunjacka med luva f\u00f6r stallet och vardagen | Brizy","isPartOf":{"@id":"https:\/\/brizyproducts.com\/sv\/#website"},"primaryImageOfPage":{"@id":"https:\/\/brizyproducts.com\/sv\/product\/fenja-womens-hoody\/#primaryimage"},"image":{"@id":"https:\/\/brizyproducts.com\/sv\/product\/fenja-womens-hoody\/#primaryimage"},"thumbnailUrl":"https:\/\/brizyproducts.com\/wp-content\/uploads\/2024\/10\/4W-png.webp","datePublished":"2024-10-11T04:28:57+00:00","dateModified":"2026-03-02T17:26:17+00:00","description":"En stilren och allsidig dunjacka med luva f\u00f6r vardag, arbete och stallet. Perfekta plagget f\u00f6r dig som vill ha v\u00e4rme, r\u00f6relsefrihet och m\u00e5ngsidighet i ett.","breadcrumb":{"@id":"https:\/\/brizyproducts.com\/sv\/product\/fenja-womens-hoody\/#breadcrumb"},"inLanguage":"sv-SE","potentialAction":[{"@type":"ReadAction","target":["https:\/\/brizyproducts.com\/sv\/product\/fenja-womens-hoody\/"]}]},{"@type":"ImageObject","inLanguage":"sv-SE","@id":"https:\/\/brizyproducts.com\/sv\/product\/fenja-womens-hoody\/#primaryimage","url":"https:\/\/brizyproducts.com\/wp-content\/uploads\/2024\/10\/4W-png.webp","contentUrl":"https:\/\/brizyproducts.com\/wp-content\/uploads\/2024\/10\/4W-png.webp","width":2560,"height":3413},{"@type":"BreadcrumbList","@id":"https:\/\/brizyproducts.com\/sv\/product\/fenja-womens-hoody\/#breadcrumb","itemListElement":[{"@type":"ListItem","position":1,"name":"Hem","item":"https:\/\/brizyproducts.com\/sv\/"},{"@type":"ListItem","position":2,"name":"Shop","item":"https:\/\/brizyproducts.com\/sv\/shop\/"},{"@type":"ListItem","position":3,"name":"Fenja Hoody Dam"}]},{"@type":"WebSite","@id":"https:\/\/brizyproducts.com\/sv\/#website","url":"https:\/\/brizyproducts.com\/sv\/","name":"Brizy","description":"","publisher":{"@id":"https:\/\/brizyproducts.com\/sv\/#organization"},"potentialAction":[{"@type":"SearchAction","target":{"@type":"EntryPoint","urlTemplate":"https:\/\/brizyproducts.com\/sv\/?s={search_term_string}"},"query-input":{"@type":"PropertyValueSpecification","valueRequired":true,"valueName":"search_term_string"}}],"inLanguage":"sv-SE"},{"@type":"Organization","@id":"https:\/\/brizyproducts.com\/sv\/#organization","name":"Brizy","url":"https:\/\/brizyproducts.com\/sv\/","logo":{"@type":"ImageObject","inLanguage":"sv-SE","@id":"https:\/\/brizyproducts.com\/sv\/#\/schema\/logo\/image\/","url":"https:\/\/brizyproducts.com\/wp-content\/uploads\/2023\/12\/Brizy-old.svg","contentUrl":"https:\/\/brizyproducts.com\/wp-content\/uploads\/2023\/12\/Brizy-old.svg","width":1,"height":1,"caption":"Brizy"},"image":{"@id":"https:\/\/brizyproducts.com\/sv\/#\/schema\/logo\/image\/"},"sameAs":["https:\/\/www.facebook.com\/brizy.1983\/","https:\/\/www.linkedin.com\/company\/brizy-produktion\/"]}]},"og_availability":"instock","product_availability":"instock","product_condition":"new"},"_links":{"self":[{"href":"https:\/\/brizyproducts.com\/sv\/wp-json\/wp\/v2\/product\/11933","targetHints":{"allow":["GET"]}}],"collection":[{"href":"https:\/\/brizyproducts.com\/sv\/wp-json\/wp\/v2\/product"}],"about":[{"href":"https:\/\/brizyproducts.com\/sv\/wp-json\/wp\/v2\/types\/product"}],"replies":[{"embeddable":true,"href":"https:\/\/brizyproducts.com\/sv\/wp-json\/wp\/v2\/comments?post=11933"}],"wp:featuredmedia":[{"embeddable":true,"href":"https:\/\/brizyproducts.com\/sv\/wp-json\/wp\/v2\/media\/11934"}],"wp:attachment":[{"href":"https:\/\/brizyproducts.com\/sv\/wp-json\/wp\/v2\/media?parent=11933"}],"wp:term":[{"taxonomy":"product_brand","embeddable":true,"href":"https:\/\/brizyproducts.com\/sv\/wp-json\/wp\/v2\/product_brand?post=11933"},{"taxonomy":"product_cat","embeddable":true,"href":"https:\/\/brizyproducts.com\/sv\/wp-json\/wp\/v2\/product_cat?post=11933"},{"taxonomy":"product_tag","embeddable":true,"href":"https:\/\/brizyproducts.com\/sv\/wp-json\/wp\/v2\/product_tag?post=11933"}],"curies":[{"name":"wp","href":"https:\/\/api.w.org\/{rel}","templated":true}]}}