{"id":11862,"date":"2024-10-25T12:15:03","date_gmt":"2024-10-25T12:15:03","guid":{"rendered":"https:\/\/brizyproducts.com\/product\/boden-2-0-womens-pants\/"},"modified":"2026-01-07T11:02:27","modified_gmt":"2026-01-07T11:02:27","slug":"boden-2-0-womens-pants","status":"publish","type":"product","link":"https:\/\/brizyproducts.com\/sv\/product\/boden-2-0-womens-pants\/","title":{"rendered":"Boden 2.0 Byxor Dam"},"content":{"rendered":"<h2><strong>Praktiska och t\u00e5liga vinterbyxor f\u00f6r stallet<\/strong><\/h2>\n<p>Boden 2.0 Byxor \u00e4r ett par m\u00e5ngsidiga vinterbyxor som kombinerar v\u00e4rme, funktion och r\u00f6relsefrihet. De \u00e4r framtagna f\u00f6r att t\u00e5la vardagens utmaningar under de absolut kyligaste dagarna oavsett om du mockar eller tr\u00e4nar h\u00e4st.<\/p>\n<p>Byxornas f\u00f6ljsamma och praktiska passform g\u00f6r att du kan r\u00f6ra dig fritt och bekv\u00e4mt, oavsett aktivitet. Det slitstarka yttertyget och de tejpade s\u00f6mmarna g\u00f6r att den kan h\u00e5lla ute b\u00e5de vind och vatten.150 gram Sorona\u00ae-isolering ger dig p\u00e5litlig v\u00e4rme under hela dagen. De h\u00e5ller dig med andra ord bekv\u00e4m och skyddad mot alla v\u00e4der.<\/p>\n<p>Byxorna \u00e4r normal i passformen, vi rekommenderar att du v\u00e4ljer din vanliga storlek.<\/p>\n","protected":false},"excerpt":{"rendered":"<p>Praktiska vinterbyxor som h\u00e5ller dig varm och r\u00f6rlig \u00e4ven under de kallaste dagarna<\/p>\n","protected":false},"featured_media":11863,"comment_status":"closed","ping_status":"closed","template":"","meta":{"_acf_changed":false},"product_brand":[],"product_cat":[575,254,267],"product_tag":[256],"class_list":{"0":"post-11862","1":"product","2":"type-product","3":"status-publish","4":"has-post-thumbnail","6":"product_cat-black-friday","7":"product_cat-trousers","8":"product_cat-womens","9":"product_tag-pocono-sv","10":"season-winter","11":"gender-women","12":"collection-boden-2-0","13":"activity-workwear","14":"product_type_brizy-stock-products","16":"first","17":"instock","18":"taxable","19":"shipping-taxable","20":"purchasable","21":"product-type-variable"},"acf":[],"yoast_head":"<!-- This site is optimized with the Yoast SEO plugin v27.0 - https:\/\/yoast.com\/product\/yoast-seo-wordpress\/ -->\n<title>Boden 2.0 Byxor Dam | Vinterbyxor f\u00f6r stall och tr\u00e4ning | Brizy<\/title>\n<meta name=\"description\" content=\"Ett par vinterbyxor som skyddar mot regn, vind och kyla \u00e4ven under de kallaste dagarna. Perfekt stall- och utomhusplagg under vintern.\" \/>\n<meta name=\"robots\" content=\"index, follow, max-snippet:-1, max-image-preview:large, max-video-preview:-1\" \/>\n<link rel=\"canonical\" href=\"https:\/\/brizyproducts.com\/sv\/product\/boden-2-0-womens-pants\/\" \/>\n<meta property=\"og:locale\" content=\"sv_SE\" \/>\n<meta property=\"og:type\" content=\"article\" \/>\n<meta property=\"og:title\" content=\"Boden 2.0 Byxor Dam | Vinterbyxor f\u00f6r stall och tr\u00e4ning | Brizy\" \/>\n<meta property=\"og:description\" content=\"Ett par vinterbyxor som skyddar mot regn, vind och kyla \u00e4ven under de kallaste dagarna. Perfekt stall- och utomhusplagg under vintern.\" \/>\n<meta property=\"og:url\" content=\"https:\/\/brizyproducts.com\/sv\/product\/boden-2-0-womens-pants\/\" \/>\n<meta property=\"og:site_name\" content=\"Brizy Products\" \/>\n<meta property=\"article:publisher\" content=\"https:\/\/www.facebook.com\/brizy.1983\/\" \/>\n<meta property=\"article:modified_time\" content=\"2026-01-07T11:02:27+00:00\" \/>\n<meta property=\"og:image\" content=\"https:\/\/brizyproducts.com\/wp-content\/uploads\/2024\/10\/bp2-scaled.webp\" \/>\n\t<meta property=\"og:image:width\" content=\"3375\" \/>\n\t<meta property=\"og:image:height\" content=\"4500\" \/>\n\t<meta property=\"og:image:type\" content=\"image\/png\" \/>\n<meta name=\"twitter:card\" content=\"summary_large_image\" \/>\n<meta property=\"og:availability\" content=\"instock\" \/>\n<meta property=\"product:availability\" content=\"instock\" \/>\n<meta property=\"product:condition\" content=\"new\" \/>\n<!-- \/ Yoast SEO plugin. -->","yoast_head_json":{"title":"Boden 2.0 Byxor Dam | Vinterbyxor f\u00f6r stall och tr\u00e4ning | Brizy","description":"Ett par vinterbyxor som skyddar mot regn, vind och kyla \u00e4ven under de kallaste dagarna. Perfekt stall- och utomhusplagg under vintern.","robots":{"index":"index","follow":"follow","max-snippet":"max-snippet:-1","max-image-preview":"max-image-preview:large","max-video-preview":"max-video-preview:-1"},"canonical":"https:\/\/brizyproducts.com\/sv\/product\/boden-2-0-womens-pants\/","og_locale":"sv_SE","og_type":"article","og_title":"Boden 2.0 Byxor Dam | Vinterbyxor f\u00f6r stall och tr\u00e4ning | Brizy","og_description":"Ett par vinterbyxor som skyddar mot regn, vind och kyla \u00e4ven under de kallaste dagarna. Perfekt stall- och utomhusplagg under vintern.","og_url":"https:\/\/brizyproducts.com\/sv\/product\/boden-2-0-womens-pants\/","og_site_name":"Brizy Products","article_publisher":"https:\/\/www.facebook.com\/brizy.1983\/","article_modified_time":"2026-01-07T11:02:27+00:00","og_image":[{"width":3375,"height":4500,"url":"https:\/\/brizyproducts.com\/wp-content\/uploads\/2024\/10\/bp2-scaled.webp","type":"image\/png"}],"twitter_card":"summary_large_image","schema":{"@context":"https:\/\/schema.org","@graph":[{"@type":"WebPage","@id":"https:\/\/brizyproducts.com\/sv\/product\/boden-2-0-womens-pants\/","url":"https:\/\/brizyproducts.com\/sv\/product\/boden-2-0-womens-pants\/","name":"Boden 2.0 Byxor Dam | Vinterbyxor f\u00f6r stall och tr\u00e4ning | Brizy","isPartOf":{"@id":"https:\/\/brizyproducts.com\/sv\/#website"},"primaryImageOfPage":{"@id":"https:\/\/brizyproducts.com\/sv\/product\/boden-2-0-womens-pants\/#primaryimage"},"image":{"@id":"https:\/\/brizyproducts.com\/sv\/product\/boden-2-0-womens-pants\/#primaryimage"},"thumbnailUrl":"https:\/\/brizyproducts.com\/wp-content\/uploads\/2024\/10\/bp2-scaled.webp","datePublished":"2024-10-25T12:15:03+00:00","dateModified":"2026-01-07T11:02:27+00:00","description":"Ett par vinterbyxor som skyddar mot regn, vind och kyla \u00e4ven under de kallaste dagarna. Perfekt stall- och utomhusplagg under vintern.","breadcrumb":{"@id":"https:\/\/brizyproducts.com\/sv\/product\/boden-2-0-womens-pants\/#breadcrumb"},"inLanguage":"sv-SE","potentialAction":[{"@type":"ReadAction","target":["https:\/\/brizyproducts.com\/sv\/product\/boden-2-0-womens-pants\/"]}]},{"@type":"ImageObject","inLanguage":"sv-SE","@id":"https:\/\/brizyproducts.com\/sv\/product\/boden-2-0-womens-pants\/#primaryimage","url":"https:\/\/brizyproducts.com\/wp-content\/uploads\/2024\/10\/bp2-scaled.webp","contentUrl":"https:\/\/brizyproducts.com\/wp-content\/uploads\/2024\/10\/bp2-scaled.webp","width":3375,"height":4500},{"@type":"BreadcrumbList","@id":"https:\/\/brizyproducts.com\/sv\/product\/boden-2-0-womens-pants\/#breadcrumb","itemListElement":[{"@type":"ListItem","position":1,"name":"Hem","item":"https:\/\/brizyproducts.com\/sv\/"},{"@type":"ListItem","position":2,"name":"Shop","item":"https:\/\/brizyproducts.com\/sv\/shop\/"},{"@type":"ListItem","position":3,"name":"Boden 2.0 Byxor Dam"}]},{"@type":"WebSite","@id":"https:\/\/brizyproducts.com\/sv\/#website","url":"https:\/\/brizyproducts.com\/sv\/","name":"Brizy","description":"","publisher":{"@id":"https:\/\/brizyproducts.com\/sv\/#organization"},"potentialAction":[{"@type":"SearchAction","target":{"@type":"EntryPoint","urlTemplate":"https:\/\/brizyproducts.com\/sv\/?s={search_term_string}"},"query-input":{"@type":"PropertyValueSpecification","valueRequired":true,"valueName":"search_term_string"}}],"inLanguage":"sv-SE"},{"@type":"Organization","@id":"https:\/\/brizyproducts.com\/sv\/#organization","name":"Brizy","url":"https:\/\/brizyproducts.com\/sv\/","logo":{"@type":"ImageObject","inLanguage":"sv-SE","@id":"https:\/\/brizyproducts.com\/sv\/#\/schema\/logo\/image\/","url":"https:\/\/brizyproducts.com\/wp-content\/uploads\/2023\/12\/Brizy-old.svg","contentUrl":"https:\/\/brizyproducts.com\/wp-content\/uploads\/2023\/12\/Brizy-old.svg","width":1,"height":1,"caption":"Brizy"},"image":{"@id":"https:\/\/brizyproducts.com\/sv\/#\/schema\/logo\/image\/"},"sameAs":["https:\/\/www.facebook.com\/brizy.1983\/","https:\/\/www.linkedin.com\/company\/brizy-produktion\/"]}]},"og_availability":"instock","product_availability":"instock","product_condition":"new"},"_links":{"self":[{"href":"https:\/\/brizyproducts.com\/sv\/wp-json\/wp\/v2\/product\/11862","targetHints":{"allow":["GET"]}}],"collection":[{"href":"https:\/\/brizyproducts.com\/sv\/wp-json\/wp\/v2\/product"}],"about":[{"href":"https:\/\/brizyproducts.com\/sv\/wp-json\/wp\/v2\/types\/product"}],"replies":[{"embeddable":true,"href":"https:\/\/brizyproducts.com\/sv\/wp-json\/wp\/v2\/comments?post=11862"}],"wp:featuredmedia":[{"embeddable":true,"href":"https:\/\/brizyproducts.com\/sv\/wp-json\/wp\/v2\/media\/11863"}],"wp:attachment":[{"href":"https:\/\/brizyproducts.com\/sv\/wp-json\/wp\/v2\/media?parent=11862"}],"wp:term":[{"taxonomy":"product_brand","embeddable":true,"href":"https:\/\/brizyproducts.com\/sv\/wp-json\/wp\/v2\/product_brand?post=11862"},{"taxonomy":"product_cat","embeddable":true,"href":"https:\/\/brizyproducts.com\/sv\/wp-json\/wp\/v2\/product_cat?post=11862"},{"taxonomy":"product_tag","embeddable":true,"href":"https:\/\/brizyproducts.com\/sv\/wp-json\/wp\/v2\/product_tag?post=11862"}],"curies":[{"name":"wp","href":"https:\/\/api.w.org\/{rel}","templated":true}]}}