{"id":14994,"date":"2023-12-01T14:37:10","date_gmt":"2023-12-01T14:37:10","guid":{"rendered":"https:\/\/brizyproducts.com\/villkor-och-anvisningar\/"},"modified":"2026-02-24T15:04:42","modified_gmt":"2026-02-24T15:04:42","slug":"villkor-och-anvisningar","status":"publish","type":"page","link":"https:\/\/brizyproducts.com\/sv\/villkor-och-anvisningar\/","title":{"rendered":"Villkor och anvisningar"},"content":{"rendered":"\n<div class=\"wp-block-cover alignfull is-light has-custom-content-position is-position-bottom-left\" style=\"padding-top:var(--wp--preset--spacing--30);padding-bottom:var(--wp--preset--spacing--30);min-height:100vh;aspect-ratio:unset;\"><img data-dominant-color=\"959498\" data-has-transparency=\"false\" decoding=\"async\" width=\"1024\" height=\"683\" sizes=\"100vw\" class=\"wp-block-cover__image-background wp-image-18383 size-full not-transparent\" alt=\"\" src=\"https:\/\/brizyproducts.com\/wp-content\/uploads\/2025\/04\/Lopp_01_ponny34.webp\" style=\"--dominant-color: #959498; object-position:68% 37%\" data-object-fit=\"cover\" data-object-position=\"68% 37%\" srcset=\"https:\/\/brizyproducts.com\/wp-content\/uploads\/2025\/04\/Lopp_01_ponny34.webp 1024w, https:\/\/brizyproducts.com\/wp-content\/uploads\/2025\/04\/Lopp_01_ponny34-900x600.webp 900w, https:\/\/brizyproducts.com\/wp-content\/uploads\/2025\/04\/Lopp_01_ponny34-300x200.webp 300w, https:\/\/brizyproducts.com\/wp-content\/uploads\/2025\/04\/Lopp_01_ponny34-768x512.webp 768w, https:\/\/brizyproducts.com\/wp-content\/uploads\/2025\/04\/Lopp_01_ponny34-600x400.webp 600w\" \/><span aria-hidden=\"true\" class=\"wp-block-cover__background has-skogsgron-background-color has-background-dim-20 has-background-dim\"><\/span><div class=\"wp-block-cover__inner-container has-global-padding is-layout-constrained wp-container-core-cover-is-layout-1ead8876 wp-block-cover-is-layout-constrained\">\n<div class=\"wp-block-group has-global-padding is-layout-constrained wp-container-core-group-is-layout-c84a538d wp-block-group-is-layout-constrained\">\n<h1 class=\"wp-block-heading has-vinter-color has-text-color has-link-color has-heading-1-font-size wp-elements-30d3f9cf0af31e45f14f0fb7884ca057\">Villkor<\/h1>\n<\/div>\n<\/div><\/div>\n\n\n\n<div style=\"height:20px\" aria-hidden=\"true\" class=\"wp-block-spacer\"><\/div>\n\n\n\n<div class=\"wp-block-group has-midnatt-color has-text-color has-link-color wp-elements-02a3f3369724d069ee062eb26a56eeaf has-global-padding is-layout-constrained wp-block-group-is-layout-constrained\">\n<h1 class=\"wp-block-heading\">Villkor och anvisningar<\/h1>\n\n\n\n<p class=\"has-body-text-font-size\"><strong>VILLKOR F\u00d6R BRIZY PRODUKTION AB, 28 november 2023<\/strong><\/p>\n\n\n\n<p><strong>1. Inledning<\/strong><\/p>\n\n\n\n<p>1.1. These Terms &amp; Conditions (the &#8221;Terms&#8221;) govern your use of the website <a href=\"http:\/\/www.brizyproducts.com\/\">www.brizyproducts.com<\/a> (the &#8221;Website&#8221;) and your purchases from BRIZY PRODUKTION ABSE556474395201(referred to as &#8221;BRIZY,&#8221; &#8221;we,&#8221; &#8221;us,&#8221; or &#8221;our&#8221;). <\/p>\n\n\n\n<p>1.2. By accessing the Website or making a purchase, you acknowledge and agree to be bound by these Terms. If you do not agree to these Terms, please refrain from using our Website.  <\/p>\n\n\n\n<p>1.3. You must be at least 18 years of age to make purchases on our Website. If you are under 18, you must have the consent of a legal guardian.  <\/p>\n\n\n\n<p>1.4. We reserve the right to amend these Terms at any time without prior notice. Every time you order a product from us, the Terms in force at that time will apply to the contract between you and BRIZY and be available on our Website.    <\/p>\n\n\n\n<p><strong>2. Best\u00e4llningar och priss\u00e4ttning<\/strong><\/p>\n\n\n\n<p>2.1. When you place an order on our Website, you are making an offer to purchase the products listed in your order, subject to these Terms. <\/p>\n\n\n\n<p>2.2. When an order has been placed, a confirmation e-mail will be sent to you with your order details. We reserve the right to reject any order.    <\/p>\n\n\n\n<p>2.3. Prices displayed on the Website are subject to change due to factors such as currency exchange rates and markdowns. We will notify you of any price discrepancies, and you can choose to confirm the order at the corrected price or cancel it.  <\/p>\n\n\n\n<p>2.4. Payment is required before we accept an order. We accept payment methods listed on the Website. Please note that for certain countries, prices include import duties and taxes, while in others, these costs are not included.   <\/p>\n\n\n\n<p>2.5. We currently ship DDP (Delivery Duty Paid) to all countries in the European Union. All other locations are shipped to on a DDU (Delivery Duty Unpaid) basis and product prices displayed are exclusive of all local taxes and duties. As the recipient, you are liable for all import duties, customs and local sales taxes levied by the country you are shipping to and payment of these is necessary to release your order from customs on arrival.   <\/p>\n\n\n\n<p>2.6. Orders that are personalized (for example, custom measurements, advertising, name embroidery) that are confirmed or paid for cannot be cancelled once production has started.   <\/p>\n\n\n\n<p><strong>3. Leverans<\/strong><\/p>\n\n\n\n<p>3.1. We aim to deliver your orders as quickly as possible. However, unexpected events may cause delivery delays. In the unlikely event that the delivery time exceeds 30 days, you may cancel your order. If your order does not arrive by the scheduled date, please contact our Customer Service within 30 days of placing the order. After this period, we cannot be held liable for delayed or lost orders.     <\/p>\n\n\n\n<p>3.2. Expected delivery timelines will be communicated to you before placing your order. Delivery time for personalized products based on custom measurements and design is 4 \u2013 8 weeks.  <\/p>\n\n\n\n<p>3.4. Once an order is successfully placed, we cannot make changes or cancellations. If you receive an unwanted order, please refer to our return policy for instructions on how to return it for a full refund.  <\/p>\n\n\n\n<p>3.5. All shipping services on our Website include home delivery. If the delivery address is a residential building, the delivery will be made at your door. After two unsuccessful delivery attempts, the parcel will be rerouted to a service point.   <\/p>\n\n\n\n<p>3.6. If you refuse an order or if we are unable to deliver your order due to incorrect information provided, we may deduct shipping costs and any additional fees, such as import taxes and duties, from your refund. Tailor-made products are non-refundable.  <\/p>\n\n\n\n<p><strong>4 Betalningsmetoder<\/strong><\/p>\n\n\n\n<p>Vi accepterar Visa, MasterCard, American Express, Maestro och JCB-kort, och andra metoder som tydligt kan annonseras p\u00e5 webbplatsen. Det till\u00e4mpliga beloppet kommer omedelbart att debiteras ditt kredit-\/betalkort. Du bekr\u00e4ftar att det kredit-\/betalkort som anv\u00e4nds \u00e4r ditt eller att du har f\u00e5tt s\u00e4rskilt tillst\u00e5nd av \u00e4garen till kredit-\/betalkortet att anv\u00e4nda det. Alla innehavare av kredit-\/betalkort \u00e4r f\u00f6rem\u00e5l f\u00f6r valideringskontroller och auktorisation av kortutgivaren. Om utgivaren av ditt betalkort v\u00e4grar att godk\u00e4nna betalning till BRIZY \u00e4r vi inte ansvariga f\u00f6r f\u00f6rseningar eller utebliven leverans.    <\/p>\n\n\n\n<p><strong>5. Returer<\/strong><\/p>\n\n\n\n<p>5.1. Returned items must adhere to our Return Policy. They must be undamaged, unused, and in their original condition, with all tags and packaging intact.  <\/p>\n\n\n\n<p>5.2. Returns are accepted within 30 days from the date of delivery. To initiate a return, please use the pre-printed return form included in your parcel and return the item(s) following the specified procedures on our Website.  <\/p>\n\n\n\n<p>5.3. We do not accept returns that have not been sent with our provided pre-printed return label. If you choose to use a different carrier for your return, we will not receive the parcel at our warehouse or provide a refund for your order.  <\/p>\n\n\n\n<p>5.4. Please be aware that we charge a return fee to cover the return shipping costs. The return fee varies by region.    <\/p>\n\n\n\n<p>5.5. Refunds will be issued once the returned items are accepted, which may take up to 14 business days. The refund will be issued to the original payment method.  <\/p>\n\n\n\n<p>5.6. Personalized products cannot be exchanged (for example, custom measurements, advertising, name embroidery). <\/p>\n\n\n\n<p><strong>6. Klagom\u00e5l<\/strong><\/p>\n\n\n\n<p>6.1. If you discover a defect in a product, you have the right to complain in accordance with the mandatory consumer protection laws and regulations applicable in your country of residence. <\/p>\n\n\n\n<p>6.2. To initiate a complaint, please contact BRIZY&#8217;s customer care as soon as possible after discovering the defect. Your complaint must be made within a reasonable time after you have discovered or should have discovered the defect.  <\/p>\n\n\n\n<p>6.3. When initiating a complaint, please provide your name, email address, shipping address, order number, date of the order, and any other relevant information to substantiate your claim. <\/p>\n\n\n\n<p>6.4. BRIZY, at its sole discretion, may cover the cost of return shipping for approved complaints. <\/p>\n\n\n\n<p>6.5. Upon receiving a valid complaint about a product, BRIZY will take one of the following actions: replace the product, rectify the defect, make a deduction on the price you paid for the product, or reimburse the payment, including shipping fees. We will make every effort to resolve the issue as quickly as possible.  <\/p>\n\n\n\n<p>6.6. You have the right to make a complaint regarding production defects within two years. BRIZY reserves the right to deny a complaint if it is determined that the product is not defective according to the current legislation.  <\/p>\n\n\n\n<p><strong>7. V\u00e5rt ansvar och v\u00e5r jurisdiktion<\/strong><\/p>\n\n\n\n<p>7.1. Nothing in these Terms shall exclude or limit BRIZY&#8217;s liability with regard to any matter for which it would be unlawful for us to limit or exclude our liability. <\/p>\n\n\n\n<p>7.2. We do not seek to exclude liability for fraudulent misrepresentation by us or our employees or agents. If we breach these Terms, we shall only be liable for losses that are a reasonably foreseeable consequence of such breach.  <\/p>\n\n\n\n<p>7.3. BRIZY is not responsible for indirect losses that are a side effect of the main loss or damage, such as loss of profits or loss of opportunity. Additionally, we are not liable for a failure to deliver goods or meet our obligations under these Terms when such failure is due to events beyond our reasonable control, including but not limited to fire, flood, storm, riot, civil disturbance, war, nuclear accidents, and terrorist activity and pandemic.  <\/p>\n\n\n\n<p>7.4. Our maximum liability to you for any loss or damage arising in connection with your order on our Website shall be limited to the total price of your order. <\/p>\n\n\n\n<p>7.5. BRIZY reserves the right to assign or pledge to third parties any claims for payment that have arisen in connection with the delivery of goods. <\/p>\n\n\n\n<p>7.6. Without limiting your rights as a consumer under laws applicable in your country, all terms, claims, complaints, and disputes related to the use of our website or order handling shall be governed by Swedish law. Any conflicts, disputes, or claims arising from these terms, or violation thereof, shall be determined by a Swedish court.  <\/p>\n\n\n\n<p><strong>8. Intellektuell egendom<\/strong><\/p>\n\n\n\n<p>8.1. All intellectual property rights, including trademarks and copyrights at brizproducts.com, remain the property of BRIZY and its subsidiaries or licensors. <\/p>\n\n\n\n<p>8.2. Any use of brizyproducts.com or its contents, including copying or storing such content in whole or part, other than for your own personal, non-commercial use, is prohibited without the permission of BRIZY. <\/p>\n\n\n\n<p><strong>9. Intellektuell egendom<\/strong><\/p>\n\n\n\n<p>Information om f\u00f6retaget:  <\/p>\n\n\n\n<p><strong>BRIZY PRODUKTION AB<\/strong><\/p>\n\n\n\n<p>Norrgatan 3, 432 41 Varberg<br>+46320-161 95<\/p>\n\n\n\n<p>info@brizy.se<br>VAT: SE556474395201<\/p>\n\n\n\n<p><strong>BRIZY Allm\u00e4nna villkor senast uppdaterade 28 november 2023.<\/strong><\/p>\n\n\n\n<div style=\"height:100px\" aria-hidden=\"true\" class=\"wp-block-spacer\"><\/div>\n<\/div>\n","protected":false},"excerpt":{"rendered":"<p>Villkor och anvisningar VILLKOR F\u00d6R BRIZY PRODUKTION AB, 28 november 2023 1. Inledning 1.1. These Terms &amp; Conditions (the &#8221;Terms&#8221;) govern your use of the website www.brizyproducts.com (the &#8221;Website&#8221;) and your purchases from BRIZY PRODUKTION ABSE556474395201(referred to as &#8221;BRIZY,&#8221; &#8221;we,&#8221; &#8221;us,&#8221; or &#8221;our&#8221;). 1.2. By accessing the Website or making a purchase, you acknowledge and [&hellip;]<\/p>\n","protected":false},"author":1,"featured_media":18383,"parent":0,"menu_order":0,"comment_status":"closed","ping_status":"closed","template":"narrow-text-template","meta":{"_acf_changed":false,"footnotes":""},"class_list":["post-14994","page","type-page","status-publish","has-post-thumbnail","hentry"],"acf":[],"yoast_head":"<!-- This site is optimized with the Yoast SEO plugin v27.3 - https:\/\/yoast.com\/product\/yoast-seo-wordpress\/ -->\n<title>Villkor och anvisningar | Brizy<\/title>\n<meta name=\"description\" content=\"Villkor Villkor och anvisningar VILLKOR F\u00d6R BRIZY PRODUKTION AB, 28 november 2023 1. Inledning 1.1. These Terms &amp; Conditions (the &quot;Terms&quot;) govern your\" \/>\n<meta name=\"robots\" content=\"index, follow, max-snippet:-1, max-image-preview:large, max-video-preview:-1\" \/>\n<link rel=\"canonical\" href=\"https:\/\/brizyproducts.com\/sv\/villkor-och-anvisningar\/\" \/>\n<meta property=\"og:locale\" content=\"sv_SE\" \/>\n<meta property=\"og:type\" content=\"article\" \/>\n<meta property=\"og:title\" content=\"Villkor och anvisningar | Brizy\" \/>\n<meta property=\"og:description\" content=\"Villkor Villkor och anvisningar VILLKOR F\u00d6R BRIZY PRODUKTION AB, 28 november 2023 1. Inledning 1.1. These Terms &amp; Conditions (the &quot;Terms&quot;) govern your\" \/>\n<meta property=\"og:url\" content=\"https:\/\/brizyproducts.com\/sv\/villkor-och-anvisningar\/\" \/>\n<meta property=\"og:site_name\" content=\"Brizy Products\" \/>\n<meta property=\"article:publisher\" content=\"https:\/\/www.facebook.com\/brizy.1983\/\" \/>\n<meta property=\"article:modified_time\" content=\"2026-02-24T15:04:42+00:00\" \/>\n<meta property=\"og:image\" content=\"https:\/\/brizyproducts.com\/wp-content\/uploads\/2025\/04\/Lopp_01_ponny34.webp\" \/>\n\t<meta property=\"og:image:width\" content=\"1024\" \/>\n\t<meta property=\"og:image:height\" content=\"683\" \/>\n\t<meta property=\"og:image:type\" content=\"image\/jpeg\" \/>\n<meta name=\"twitter:card\" content=\"summary_large_image\" \/>\n<!-- \/ Yoast SEO plugin. -->","yoast_head_json":{"title":"Villkor och anvisningar | Brizy","description":"Villkor Villkor och anvisningar VILLKOR F\u00d6R BRIZY PRODUKTION AB, 28 november 2023 1. Inledning 1.1. These Terms &amp; Conditions (the \"Terms\") govern your","robots":{"index":"index","follow":"follow","max-snippet":"max-snippet:-1","max-image-preview":"max-image-preview:large","max-video-preview":"max-video-preview:-1"},"canonical":"https:\/\/brizyproducts.com\/sv\/villkor-och-anvisningar\/","og_locale":"sv_SE","og_type":"article","og_title":"Villkor och anvisningar | Brizy","og_description":"Villkor Villkor och anvisningar VILLKOR F\u00d6R BRIZY PRODUKTION AB, 28 november 2023 1. Inledning 1.1. These Terms &amp; Conditions (the \"Terms\") govern your","og_url":"https:\/\/brizyproducts.com\/sv\/villkor-och-anvisningar\/","og_site_name":"Brizy Products","article_publisher":"https:\/\/www.facebook.com\/brizy.1983\/","article_modified_time":"2026-02-24T15:04:42+00:00","og_image":[{"width":1024,"height":683,"url":"https:\/\/brizyproducts.com\/wp-content\/uploads\/2025\/04\/Lopp_01_ponny34.webp","type":"image\/jpeg"}],"twitter_card":"summary_large_image","schema":{"@context":"https:\/\/schema.org","@graph":[{"@type":"WebPage","@id":"https:\/\/brizyproducts.com\/sv\/villkor-och-anvisningar\/","url":"https:\/\/brizyproducts.com\/sv\/villkor-och-anvisningar\/","name":"Villkor och anvisningar | Brizy","isPartOf":{"@id":"https:\/\/brizyproducts.com\/sv\/#website"},"primaryImageOfPage":{"@id":"https:\/\/brizyproducts.com\/sv\/villkor-och-anvisningar\/#primaryimage"},"image":{"@id":"https:\/\/brizyproducts.com\/sv\/villkor-och-anvisningar\/#primaryimage"},"thumbnailUrl":"https:\/\/brizyproducts.com\/wp-content\/uploads\/2025\/04\/Lopp_01_ponny34.webp","datePublished":"2023-12-01T14:37:10+00:00","dateModified":"2026-02-24T15:04:42+00:00","description":"Villkor Villkor och anvisningar VILLKOR F\u00d6R BRIZY PRODUKTION AB, 28 november 2023 1. Inledning 1.1. These Terms &amp; Conditions (the \"Terms\") govern your","breadcrumb":{"@id":"https:\/\/brizyproducts.com\/sv\/villkor-och-anvisningar\/#breadcrumb"},"inLanguage":"sv-SE","potentialAction":[{"@type":"ReadAction","target":["https:\/\/brizyproducts.com\/sv\/villkor-och-anvisningar\/"]}]},{"@type":"ImageObject","inLanguage":"sv-SE","@id":"https:\/\/brizyproducts.com\/sv\/villkor-och-anvisningar\/#primaryimage","url":"https:\/\/brizyproducts.com\/wp-content\/uploads\/2025\/04\/Lopp_01_ponny34.webp","contentUrl":"https:\/\/brizyproducts.com\/wp-content\/uploads\/2025\/04\/Lopp_01_ponny34.webp","width":1024,"height":683,"caption":"Kamill Mo - Signe Nyblom"},{"@type":"BreadcrumbList","@id":"https:\/\/brizyproducts.com\/sv\/villkor-och-anvisningar\/#breadcrumb","itemListElement":[{"@type":"ListItem","position":1,"name":"Hem","item":"https:\/\/brizyproducts.com\/sv\/"},{"@type":"ListItem","position":2,"name":"Villkor och anvisningar"}]},{"@type":"WebSite","@id":"https:\/\/brizyproducts.com\/sv\/#website","url":"https:\/\/brizyproducts.com\/sv\/","name":"Brizy","description":"","publisher":{"@id":"https:\/\/brizyproducts.com\/sv\/#organization"},"potentialAction":[{"@type":"SearchAction","target":{"@type":"EntryPoint","urlTemplate":"https:\/\/brizyproducts.com\/sv\/?s={search_term_string}"},"query-input":{"@type":"PropertyValueSpecification","valueRequired":true,"valueName":"search_term_string"}}],"inLanguage":"sv-SE"},{"@type":"Organization","@id":"https:\/\/brizyproducts.com\/sv\/#organization","name":"Brizy","url":"https:\/\/brizyproducts.com\/sv\/","logo":{"@type":"ImageObject","inLanguage":"sv-SE","@id":"https:\/\/brizyproducts.com\/sv\/#\/schema\/logo\/image\/","url":"https:\/\/brizyproducts.com\/wp-content\/uploads\/2023\/12\/Brizy-old.svg","contentUrl":"https:\/\/brizyproducts.com\/wp-content\/uploads\/2023\/12\/Brizy-old.svg","width":1,"height":1,"caption":"Brizy"},"image":{"@id":"https:\/\/brizyproducts.com\/sv\/#\/schema\/logo\/image\/"},"sameAs":["https:\/\/www.facebook.com\/brizy.1983\/","https:\/\/www.linkedin.com\/company\/brizy-produktion\/"]}]}},"_links":{"self":[{"href":"https:\/\/brizyproducts.com\/sv\/wp-json\/wp\/v2\/pages\/14994","targetHints":{"allow":["GET"]}}],"collection":[{"href":"https:\/\/brizyproducts.com\/sv\/wp-json\/wp\/v2\/pages"}],"about":[{"href":"https:\/\/brizyproducts.com\/sv\/wp-json\/wp\/v2\/types\/page"}],"author":[{"embeddable":true,"href":"https:\/\/brizyproducts.com\/sv\/wp-json\/wp\/v2\/users\/1"}],"replies":[{"embeddable":true,"href":"https:\/\/brizyproducts.com\/sv\/wp-json\/wp\/v2\/comments?post=14994"}],"version-history":[{"count":1,"href":"https:\/\/brizyproducts.com\/sv\/wp-json\/wp\/v2\/pages\/14994\/revisions"}],"predecessor-version":[{"id":22986,"href":"https:\/\/brizyproducts.com\/sv\/wp-json\/wp\/v2\/pages\/14994\/revisions\/22986"}],"wp:featuredmedia":[{"embeddable":true,"href":"https:\/\/brizyproducts.com\/sv\/wp-json\/wp\/v2\/media\/18383"}],"wp:attachment":[{"href":"https:\/\/brizyproducts.com\/sv\/wp-json\/wp\/v2\/media?parent=14994"}],"curies":[{"name":"wp","href":"https:\/\/api.w.org\/{rel}","templated":true}]}}