{"id":14990,"date":"2024-08-29T19:37:20","date_gmt":"2024-08-29T19:37:20","guid":{"rendered":"https:\/\/brizyproducts.com\/aterforsaljare\/"},"modified":"2025-01-31T13:17:14","modified_gmt":"2025-01-31T13:17:14","slug":"aterforsaljare","status":"publish","type":"page","link":"https:\/\/brizyproducts.com\/sv\/aterforsaljare\/","title":{"rendered":"\u00c5terf\u00f6rs\u00e4ljare"},"content":{"rendered":"\n<div style=\"height:20px\" aria-hidden=\"true\" class=\"wp-block-spacer\"><\/div>\n\n<div class=\"wp-block-group is-layout-grid wp-container-core-group-is-layout-6f4f7a71 wp-block-group-is-layout-grid\">\n<div class=\"wp-block-group has-global-padding is-layout-constrained wp-container-core-group-is-layout-19e250f3 wp-block-group-is-layout-constrained\">\n<h5 class=\"wp-block-heading\">Custom Sulky Sverige AB<\/h5>\n\n\n\n<p>Sweden &#8211; Stockholm, Solvalla<br\/>Phone: +46 739 53 15<br\/><a href=\"mailto:ulf@customsulky.com\">ulf@customsulky.com<\/a><\/p>\n<\/div>\n\n\n\n<div class=\"wp-block-group has-global-padding is-layout-constrained wp-container-core-group-is-layout-19e250f3 wp-block-group-is-layout-constrained\">\n<h5 class=\"wp-block-heading\">Custom Sulky Suomi Oy<\/h5>\n\n\n\n<p>Finland &#8211; Tammerfors, Teivo<br\/>Phone: +358 449 785 143<br\/><a href=\"mailto:tero@customsulky.com\">tero@customsulky.com<br\/><\/a><br\/><\/p>\n<\/div>\n\n\n\n<div class=\"wp-block-group has-global-padding is-layout-constrained wp-container-core-group-is-layout-19e250f3 wp-block-group-is-layout-constrained\">\n<h5 class=\"wp-block-heading\">Smiths hesteutstyr Bjerke AS<\/h5>\n\n\n\n<p>Norway- Oslo, Bjerke<br\/>Phone: +47 938 924 05<br\/><a href=\"mailto:sh.avd.bjerke@gmail.com\">sh.avd.bjerke@gmail.com<\/a><\/p>\n<\/div>\n\n\n\n<div class=\"wp-block-group has-global-padding is-layout-constrained wp-container-core-group-is-layout-19e250f3 wp-block-group-is-layout-constrained\">\n<h5 class=\"wp-block-heading\">DSM Trotting <\/h5>\n\n\n\n<p>Belgium &#8211; Waregem<\/p>\n\n\n\n<p>Marc De Soete<br\/>Phone: +32 475 705 151<br\/><a href=\"mailto:marc@dsmtrotting.com\">marc@dsmtrotting.com<\/a><\/p>\n<\/div>\n\n\n\n<div class=\"wp-block-group has-global-padding is-layout-constrained wp-container-core-group-is-layout-19e250f3 wp-block-group-is-layout-constrained\">\n<h5 class=\"wp-block-heading\">DSM Trotting <\/h5>\n\n\n\n<p>France &#8211; Lisieux<\/p>\n\n\n\n<p>Peter Engberg<\/p>\n\n\n\n<p>Phone: +33 608 923 596<br\/><a href=\"mailto:peter@dsmtrotting.com\">marc@dsmtrotting.com<\/a><\/p>\n\n\n\n\n<\/div>\n\n\n\n<div class=\"wp-block-group has-global-padding is-layout-constrained wp-container-core-group-is-layout-19e250f3 wp-block-group-is-layout-constrained\">\n<h5 class=\"wp-block-heading\">DSM Trotting<\/h5>\n\n\n\n<p>France &#8211; Sud-Ouest<br\/>Laetitia Grosbot<\/p>\n\n\n\n<p>Phone: +33 665 103 337<br\/><a href=\"mailto:laetitia@dsmtrotting.com\">laetitia@dsmtrotting.com<\/a><\/p>\n\n\n\n\n<\/div>\n\n\n\n<div class=\"wp-block-group has-global-padding is-layout-constrained wp-container-core-group-is-layout-19e250f3 wp-block-group-is-layout-constrained\">\n<h5 class=\"wp-block-heading\">DSM Trotting<\/h5>\n\n\n\n<p>France &#8211; Anjou \/ Maine<\/p>\n\n\n\n<p>Caroline Brassine<br\/>Phone: +33 626 997 789<br\/><a href=\"mailto:caroline@dsmtrotting.com\">caroline@dsmtrotting.com<\/a><\/p>\n\n\n\n\n<\/div>\n\n\n\n<div class=\"wp-block-group has-global-padding is-layout-constrained wp-container-core-group-is-layout-19e250f3 wp-block-group-is-layout-constrained\">\n<h5 class=\"wp-block-heading\">TH Diffusion<\/h5>\n\n\n\n<p>France &#8211; Ouest \/ Sud-Ouest<br\/>Thierry Hernandez<\/p>\n\n\n\n<p>Phone: +33 680 684 261<br\/><a href=\"mailto:hernandezthierry@gmail.com\">hernandezthierry@gmail.com<\/a><\/p>\n\n\n\n\n<\/div>\n\n\n\n<div class=\"wp-block-group has-global-padding is-layout-constrained wp-container-core-group-is-layout-19e250f3 wp-block-group-is-layout-constrained\">\n<h5 class=\"wp-block-heading\">SAS Horse Winner<\/h5>\n\n\n\n<p>France &#8211; Normandie<br\/>Phone: +33 685 522 442<br\/><a href=\"mailto:contact@horse-winner.fr\">hernandezthierry@gmail.com<\/a><\/p>\n\n\n\n\n<\/div>\n\n\n\n<div class=\"wp-block-group has-global-padding is-layout-constrained wp-container-core-group-is-layout-19e250f3 wp-block-group-is-layout-constrained\">\n<h5 class=\"wp-block-heading\">Trotting-Equipment Willi Stelzl<\/h5>\n\n\n\n<p>Germany &#8211; M\u00fcnchen\/Straubing<br\/>Willi Stelzl<\/p>\n\n\n\n<p>Phone: + 49 15 120 297 18<br\/><a href=\"mailto:willi.stelzl@t-online.de\">willi.stelzl@t-online.de<\/a><\/p>\n\n\n\n\n<\/div>\n\n\n\n<div class=\"wp-block-group has-global-padding is-layout-constrained wp-container-core-group-is-layout-19e250f3 wp-block-group-is-layout-constrained\">\n<h5 class=\"wp-block-heading\">Pferdesport Flensburg<\/h5>\n\n\n\n<p>Germany- Flensburg<\/p>\n\n\n\n<p>Heidi Woelk<\/p>\n\n\n\n<p>Phone: +49 461 940 2875<br\/><a href=\"mailto:info@pferdesport-flensburg.de\">info@pferdesport-flensburg.de<\/a><\/p>\n\n\n\n\n\n\n\n\n<\/div>\n\n\n\n<div class=\"wp-block-group has-global-padding is-layout-constrained wp-container-core-group-is-layout-19e250f3 wp-block-group-is-layout-constrained\">\n<h5 class=\"wp-block-heading\">Ready 2 Race<\/h5>\n\n\n\n<p>Netherlands <\/p>\n\n\n\n<p>Sonja Loman<\/p>\n\n\n\n<p>Phone: +31 631 335 323<br\/><a href=\"mailto:ready2raceshop.nl\">sonja@ready2reaceshop.n<\/a><a href=\"mailto:sonja@ready2raceshop.nl\">l<\/a><\/p>\n\n\n\n\n\n\n\n\n<\/div>\n\n\n\n<div class=\"wp-block-group has-global-padding is-layout-constrained wp-container-core-group-is-layout-19e250f3 wp-block-group-is-layout-constrained\">\n<h5 class=\"wp-block-heading\">Zadel- en tuigmakerij vad den Bosh<\/h5>\n\n\n\n<p>Netherlands <\/p>\n\n\n\n<p>Phone: +31 653 447 095<br\/><a href=\"mailto:info@zadelmakerij-bosch.nl\">info@zadelmakerij-bosch.<\/a>nl<\/p>\n\n\n\n\n\n\n\n\n<\/div>\n\n\n\n<div class=\"wp-block-group has-global-padding is-layout-constrained wp-container-core-group-is-layout-19e250f3 wp-block-group-is-layout-constrained\">\n<h5 class=\"wp-block-heading\">BTurfshop.com<\/h5>\n\n\n\n<p>Belgium<\/p>\n\n\n\n<p>Andy D\u2019Haese<\/p>\n\n\n\n<p>Phone: +32 473 821 343<br\/>andy@bturf.be<\/p>\n\n\n\n\n\n\n\n\n\n\n\n\n<\/div>\n\n\n\n<div class=\"wp-block-group has-global-padding is-layout-constrained wp-container-core-group-is-layout-19e250f3 wp-block-group-is-layout-constrained\">\n<h5 class=\"wp-block-heading\">Debono Trading<\/h5>\n\n\n\n<p>Malta<\/p>\n\n\n\n<p>Karl Debono<\/p>\n\n\n\n<p>Phone: +356 995 515 68<br\/>krl.debono@gmail.com<\/p>\n\n\n\n\n\n\n\n\n\n\n\n\n<\/div>\n\n\n\n<figure class=\"wp-block-gallery has-nested-images columns-default is-cropped wp-block-gallery-1 is-layout-flex wp-block-gallery-is-layout-flex\"><\/figure>\n<\/div>\n\n<div style=\"height:128px\" aria-hidden=\"true\" class=\"wp-block-spacer\"><\/div>\n","protected":false},"excerpt":{"rendered":"<p>Custom Sulky Sverige AB Sweden &#8211; Stockholm, SolvallaPhone: +46 739 53 15ulf@customsulky.com Custom Sulky Suomi Oy Finland &#8211; Tammerfors, TeivoPhone: +358 449 785 143tero@customsulky.com Smiths hesteutstyr Bjerke AS Norway- Oslo, BjerkePhone: +47 938 924 05sh.avd.bjerke@gmail.com DSM Trotting Belgium &#8211; Waregem Marc De SoetePhone: +32 475 705 151marc@dsmtrotting.com DSM Trotting France &#8211; Lisieux Peter Engberg Phone: [&hellip;]<\/p>\n","protected":false},"author":1,"featured_media":10894,"parent":0,"menu_order":0,"comment_status":"closed","ping_status":"closed","template":"","meta":{"_acf_changed":false,"footnotes":""},"class_list":["post-14990","page","type-page","status-publish","has-post-thumbnail","hentry"],"acf":[],"yoast_head":"<!-- This site is optimized with the Yoast SEO plugin v27.4 - https:\/\/yoast.com\/product\/yoast-seo-wordpress\/ -->\n<title>\u00c5terf\u00f6rs\u00e4ljare | Brizy<\/title>\n<meta name=\"description\" content=\"Custom Sulky Sverige AB Sweden - Stockholm, SolvallaPhone: +46 739 53 15ulf@customsulky.com Custom Sulky Suomi Oy Finland - Tammerfors, TeivoPhone: +358\" \/>\n<meta name=\"robots\" content=\"index, follow, max-snippet:-1, max-image-preview:large, max-video-preview:-1\" \/>\n<link rel=\"canonical\" href=\"https:\/\/brizyproducts.com\/sv\/aterforsaljare\/\" \/>\n<meta property=\"og:locale\" content=\"sv_SE\" \/>\n<meta property=\"og:type\" content=\"article\" \/>\n<meta property=\"og:title\" content=\"\u00c5terf\u00f6rs\u00e4ljare | Brizy\" \/>\n<meta property=\"og:description\" content=\"Custom Sulky Sverige AB Sweden - Stockholm, SolvallaPhone: +46 739 53 15ulf@customsulky.com Custom Sulky Suomi Oy Finland - Tammerfors, TeivoPhone: +358\" \/>\n<meta property=\"og:url\" content=\"https:\/\/brizyproducts.com\/sv\/aterforsaljare\/\" \/>\n<meta property=\"og:site_name\" content=\"Brizy Products\" \/>\n<meta property=\"article:publisher\" content=\"https:\/\/www.facebook.com\/brizy.1983\/\" \/>\n<meta property=\"article:modified_time\" content=\"2025-01-31T13:17:14+00:00\" \/>\n<meta property=\"og:image\" content=\"https:\/\/brizyproducts.com\/wp-content\/uploads\/2024\/05\/annons-768x337.png\" \/>\n\t<meta property=\"og:image:width\" content=\"768\" \/>\n\t<meta property=\"og:image:height\" content=\"337\" \/>\n\t<meta property=\"og:image:type\" content=\"image\/png\" \/>\n<meta name=\"twitter:card\" content=\"summary_large_image\" \/>\n<!-- \/ Yoast SEO plugin. -->","yoast_head_json":{"title":"\u00c5terf\u00f6rs\u00e4ljare | Brizy","description":"Custom Sulky Sverige AB Sweden - Stockholm, SolvallaPhone: +46 739 53 15ulf@customsulky.com Custom Sulky Suomi Oy Finland - Tammerfors, TeivoPhone: +358","robots":{"index":"index","follow":"follow","max-snippet":"max-snippet:-1","max-image-preview":"max-image-preview:large","max-video-preview":"max-video-preview:-1"},"canonical":"https:\/\/brizyproducts.com\/sv\/aterforsaljare\/","og_locale":"sv_SE","og_type":"article","og_title":"\u00c5terf\u00f6rs\u00e4ljare | Brizy","og_description":"Custom Sulky Sverige AB Sweden - Stockholm, SolvallaPhone: +46 739 53 15ulf@customsulky.com Custom Sulky Suomi Oy Finland - Tammerfors, TeivoPhone: +358","og_url":"https:\/\/brizyproducts.com\/sv\/aterforsaljare\/","og_site_name":"Brizy Products","article_publisher":"https:\/\/www.facebook.com\/brizy.1983\/","article_modified_time":"2025-01-31T13:17:14+00:00","og_image":[{"width":768,"height":337,"url":"https:\/\/brizyproducts.com\/wp-content\/uploads\/2024\/05\/annons-768x337.png","type":"image\/png"}],"twitter_card":"summary_large_image","schema":{"@context":"https:\/\/schema.org","@graph":[{"@type":"WebPage","@id":"https:\/\/brizyproducts.com\/sv\/aterforsaljare\/","url":"https:\/\/brizyproducts.com\/sv\/aterforsaljare\/","name":"\u00c5terf\u00f6rs\u00e4ljare | Brizy","isPartOf":{"@id":"https:\/\/brizyproducts.com\/sv\/#website"},"primaryImageOfPage":{"@id":"https:\/\/brizyproducts.com\/sv\/aterforsaljare\/#primaryimage"},"image":{"@id":"https:\/\/brizyproducts.com\/sv\/aterforsaljare\/#primaryimage"},"thumbnailUrl":"https:\/\/brizyproducts.com\/wp-content\/uploads\/2024\/05\/annons-png.webp","datePublished":"2024-08-29T19:37:20+00:00","dateModified":"2025-01-31T13:17:14+00:00","description":"Custom Sulky Sverige AB Sweden - Stockholm, SolvallaPhone: +46 739 53 15ulf@customsulky.com Custom Sulky Suomi Oy Finland - Tammerfors, TeivoPhone: +358","breadcrumb":{"@id":"https:\/\/brizyproducts.com\/sv\/aterforsaljare\/#breadcrumb"},"inLanguage":"sv-SE","potentialAction":[{"@type":"ReadAction","target":["https:\/\/brizyproducts.com\/sv\/aterforsaljare\/"]}]},{"@type":"ImageObject","inLanguage":"sv-SE","@id":"https:\/\/brizyproducts.com\/sv\/aterforsaljare\/#primaryimage","url":"https:\/\/brizyproducts.com\/wp-content\/uploads\/2024\/05\/annons-png.webp","contentUrl":"https:\/\/brizyproducts.com\/wp-content\/uploads\/2024\/05\/annons-png.webp","width":2560,"height":1123},{"@type":"BreadcrumbList","@id":"https:\/\/brizyproducts.com\/sv\/aterforsaljare\/#breadcrumb","itemListElement":[{"@type":"ListItem","position":1,"name":"Hem","item":"https:\/\/brizyproducts.com\/sv\/"},{"@type":"ListItem","position":2,"name":"\u00c5terf\u00f6rs\u00e4ljare"}]},{"@type":"WebSite","@id":"https:\/\/brizyproducts.com\/sv\/#website","url":"https:\/\/brizyproducts.com\/sv\/","name":"Brizy","description":"","publisher":{"@id":"https:\/\/brizyproducts.com\/sv\/#organization"},"potentialAction":[{"@type":"SearchAction","target":{"@type":"EntryPoint","urlTemplate":"https:\/\/brizyproducts.com\/sv\/?s={search_term_string}"},"query-input":{"@type":"PropertyValueSpecification","valueRequired":true,"valueName":"search_term_string"}}],"inLanguage":"sv-SE"},{"@type":"Organization","@id":"https:\/\/brizyproducts.com\/sv\/#organization","name":"Brizy","url":"https:\/\/brizyproducts.com\/sv\/","logo":{"@type":"ImageObject","inLanguage":"sv-SE","@id":"https:\/\/brizyproducts.com\/sv\/#\/schema\/logo\/image\/","url":"https:\/\/brizyproducts.com\/wp-content\/uploads\/2023\/12\/Brizy-old.svg","contentUrl":"https:\/\/brizyproducts.com\/wp-content\/uploads\/2023\/12\/Brizy-old.svg","width":1,"height":1,"caption":"Brizy"},"image":{"@id":"https:\/\/brizyproducts.com\/sv\/#\/schema\/logo\/image\/"},"sameAs":["https:\/\/www.facebook.com\/brizy.1983\/","https:\/\/www.linkedin.com\/company\/brizy-produktion\/"]}]}},"_links":{"self":[{"href":"https:\/\/brizyproducts.com\/sv\/wp-json\/wp\/v2\/pages\/14990","targetHints":{"allow":["GET"]}}],"collection":[{"href":"https:\/\/brizyproducts.com\/sv\/wp-json\/wp\/v2\/pages"}],"about":[{"href":"https:\/\/brizyproducts.com\/sv\/wp-json\/wp\/v2\/types\/page"}],"author":[{"embeddable":true,"href":"https:\/\/brizyproducts.com\/sv\/wp-json\/wp\/v2\/users\/1"}],"replies":[{"embeddable":true,"href":"https:\/\/brizyproducts.com\/sv\/wp-json\/wp\/v2\/comments?post=14990"}],"version-history":[{"count":0,"href":"https:\/\/brizyproducts.com\/sv\/wp-json\/wp\/v2\/pages\/14990\/revisions"}],"wp:featuredmedia":[{"embeddable":true,"href":"https:\/\/brizyproducts.com\/sv\/wp-json\/wp\/v2\/media\/10894"}],"wp:attachment":[{"href":"https:\/\/brizyproducts.com\/sv\/wp-json\/wp\/v2\/media?parent=14990"}],"curies":[{"name":"wp","href":"https:\/\/api.w.org\/{rel}","templated":true}]}}