{"id":11239,"date":"2023-12-04T09:21:54","date_gmt":"2023-12-04T09:21:54","guid":{"rendered":"https:\/\/brizyproducts.com\/?page_id=11239"},"modified":"2026-02-24T12:37:48","modified_gmt":"2026-02-24T12:37:48","slug":"returer-returpolicy","status":"publish","type":"page","link":"https:\/\/brizyproducts.com\/sv\/returer-returpolicy\/","title":{"rendered":"Returer &amp; returpolicy"},"content":{"rendered":"\n<div class=\"wp-block-cover alignfull has-custom-content-position is-position-bottom-left\" style=\"padding-top:var(--wp--preset--spacing--30);padding-bottom:var(--wp--preset--spacing--30);min-height:100vh;aspect-ratio:unset;\"><img decoding=\"async\" width=\"2560\" height=\"1707\" sizes=\"100vw\" class=\"wp-block-cover__image-background wp-image-11609 size-full\" alt=\"\" src=\"https:\/\/brizyproducts.com\/wp-content\/uploads\/2024\/08\/Brizy-Untersteiner-02-scaled.webp\" style=\"object-position:22% 30%\" data-object-fit=\"cover\" data-object-position=\"22% 30%\" srcset=\"https:\/\/brizyproducts.com\/wp-content\/uploads\/2024\/08\/Brizy-Untersteiner-02-scaled.webp 2560w, https:\/\/brizyproducts.com\/wp-content\/uploads\/2024\/08\/Brizy-Untersteiner-02-900x600.webp 900w, https:\/\/brizyproducts.com\/wp-content\/uploads\/2024\/08\/Brizy-Untersteiner-02-300x200.webp 300w, https:\/\/brizyproducts.com\/wp-content\/uploads\/2024\/08\/Brizy-Untersteiner-02-768x512.webp 768w, https:\/\/brizyproducts.com\/wp-content\/uploads\/2024\/08\/Brizy-Untersteiner-02-1536x1024.webp 1536w, https:\/\/brizyproducts.com\/wp-content\/uploads\/2024\/08\/Brizy-Untersteiner-02-2048x1365.webp 2048w, https:\/\/brizyproducts.com\/wp-content\/uploads\/2024\/08\/Brizy-Untersteiner-02-600x400.webp 600w\" \/><span aria-hidden=\"true\" class=\"wp-block-cover__background has-skogsgron-background-color has-background-dim-20 has-background-dim\"><\/span><div class=\"wp-block-cover__inner-container has-global-padding is-layout-constrained wp-container-core-cover-is-layout-1ead8876 wp-block-cover-is-layout-constrained\">\n<div class=\"wp-block-group has-global-padding is-layout-constrained wp-container-core-group-is-layout-c84a538d wp-block-group-is-layout-constrained\">\n<h1 class=\"wp-block-heading has-vinter-color has-text-color has-link-color has-heading-1-font-size wp-elements-45c4c68d18c1661be252de2f3c675679\">Retur<\/h1>\n<\/div>\n<\/div><\/div>\n\n\n\n<div style=\"height:20px\" aria-hidden=\"true\" class=\"wp-block-spacer\"><\/div>\n\n\n\n<h2 class=\"wp-block-heading\">Returpolicy &amp; \u00c5terbetalning<\/h2>\n\n\n\n<p>Vi vill sj\u00e4lvklart att du ska vara n\u00f6jd med ditt k\u00f6p. Om du beh\u00f6ver returnera en produkt, v\u00e4nligen l\u00e4s v\u00e5r returpolicy nedan.<\/p>\n\n\n\n<div style=\"height:5px\" aria-hidden=\"true\" class=\"wp-block-spacer\"><\/div>\n\n\n\n<h3 class=\"wp-block-heading has-body-lg-font-size\"><strong>1. Villkor f\u00f6r retur<\/strong><\/h3>\n\n\n\n<ul class=\"wp-block-list\">\n<li>Artiklar m\u00e5ste returneras i originalskick: oanv\u00e4nda, oskadade och med alla etiketter och originalf\u00f6rpackningar intakta.<\/li>\n\n\n\n<li>Personliga produkter, som exempelvis produkter med anpassade m\u00e5tt, loggor eller namn, kan inte returneras.<\/li>\n<\/ul>\n\n\n\n<h3 class=\"wp-block-heading has-body-lg-font-size\"><strong>2. S\u00e5 h\u00e4r returnerar du<\/strong><\/h3>\n\n\n\n<ul class=\"wp-block-list\">\n<li>Returer accepteras inom 30 dagar fr\u00e5n leveransdatum.<\/li>\n\n\n\n<li>Anv\u00e4nd alltid den medf\u00f6ljande returetiketten. Vi accepterar inte returer som har skickats med annat \u00e4n v\u00e5r retur etikett.<\/li>\n\n\n\n<li>L\u00e4mna in ditt paket p\u00e5 ett valfritt UPS-ombud.<\/li>\n<\/ul>\n\n\n\n<h3 class=\"wp-block-heading has-body-lg-font-size\"><strong>3. Returavgift<\/strong><\/h3>\n\n\n\n<ul class=\"wp-block-list\">\n<li>En eventuell returavgift kan tas ut f\u00f6r att t\u00e4cka fraktkostnader. Denna avgift kan variera beroende p\u00e5 region.<\/li>\n<\/ul>\n\n\n\n<h3 class=\"wp-block-heading has-body-lg-font-size\"><strong>4. \u00c5terbetalning<\/strong><\/h3>\n\n\n\n<ul class=\"wp-block-list\">\n<li>N\u00e4r vi har mottagit och kontrollerat din retur, \u00e5terbetalas beloppet till din ursprungliga betalningsmetod.<\/li>\n\n\n\n<li>Observera att hanteringen kan ta upp till 14 arbetsdagar.<\/li>\n<\/ul>\n\n\n\n<h3 class=\"wp-block-heading has-body-lg-font-size\"><strong>5. Fr\u00e5gor<\/strong><\/h3>\n\n\n\n<ul class=\"wp-block-list\">\n<li>Om du har n\u00e5gra fr\u00e5gor om returer eller \u00e5terbetalningar, kontakta oss g\u00e4rna p\u00e5 <a href=\"mailto:info@brizy.se\"><mark style=\"background-color:rgba(0, 0, 0, 0);color:#8ed1fc\" class=\"has-inline-color\">info@brizy.se<\/mark><\/a>.<\/li>\n<\/ul>\n\n\n\n<div style=\"height:100px\" aria-hidden=\"true\" class=\"wp-block-spacer\"><\/div>\n","protected":false},"excerpt":{"rendered":"<p>Returpolicy &amp; \u00c5terbetalning Vi vill sj\u00e4lvklart att du ska vara n\u00f6jd med ditt k\u00f6p. Om du beh\u00f6ver returnera en produkt, v\u00e4nligen l\u00e4s v\u00e5r returpolicy nedan. 1. Villkor f\u00f6r retur 2. S\u00e5 h\u00e4r returnerar du 3. Returavgift 4. \u00c5terbetalning 5. Fr\u00e5gor<\/p>\n","protected":false},"author":1,"featured_media":11609,"parent":0,"menu_order":0,"comment_status":"closed","ping_status":"closed","template":"narrow-text-template","meta":{"_acf_changed":false,"footnotes":""},"class_list":["post-11239","page","type-page","status-publish","has-post-thumbnail","hentry"],"acf":[],"yoast_head":"<!-- This site is optimized with the Yoast SEO plugin v27.3 - https:\/\/yoast.com\/product\/yoast-seo-wordpress\/ -->\n<title>Returer &amp; returpolicy | Brizy<\/title>\n<meta name=\"description\" content=\"Vi vill sj\u00e4lvklart att du ska vara n\u00f6jd med ditt k\u00f6p. Om du beh\u00f6ver returnera en produkt, v\u00e4nligen l\u00e4s v\u00e5r returpolicy p\u00e5 denna sida.\" \/>\n<meta name=\"robots\" content=\"index, follow, max-snippet:-1, max-image-preview:large, max-video-preview:-1\" \/>\n<link rel=\"canonical\" href=\"https:\/\/brizyproducts.com\/sv\/returer-returpolicy\/\" \/>\n<meta property=\"og:locale\" content=\"sv_SE\" \/>\n<meta property=\"og:type\" content=\"article\" \/>\n<meta property=\"og:title\" content=\"Returer &amp; returpolicy | Brizy\" \/>\n<meta property=\"og:description\" content=\"Vi vill sj\u00e4lvklart att du ska vara n\u00f6jd med ditt k\u00f6p. Om du beh\u00f6ver returnera en produkt, v\u00e4nligen l\u00e4s v\u00e5r returpolicy p\u00e5 denna sida.\" \/>\n<meta property=\"og:url\" content=\"https:\/\/brizyproducts.com\/sv\/returer-returpolicy\/\" \/>\n<meta property=\"og:site_name\" content=\"Brizy Products\" \/>\n<meta property=\"article:publisher\" content=\"https:\/\/www.facebook.com\/brizy.1983\/\" \/>\n<meta property=\"article:modified_time\" content=\"2026-02-24T12:37:48+00:00\" \/>\n<meta property=\"og:image\" content=\"https:\/\/brizyproducts.com\/wp-content\/uploads\/2024\/08\/Brizy-Untersteiner-02-scaled.webp\" \/>\n\t<meta property=\"og:image:width\" content=\"2560\" \/>\n\t<meta property=\"og:image:height\" content=\"1707\" \/>\n\t<meta property=\"og:image:type\" content=\"image\/jpeg\" \/>\n<meta name=\"twitter:card\" content=\"summary_large_image\" \/>\n<!-- \/ Yoast SEO plugin. -->","yoast_head_json":{"title":"Returer &amp; returpolicy | Brizy","description":"Vi vill sj\u00e4lvklart att du ska vara n\u00f6jd med ditt k\u00f6p. Om du beh\u00f6ver returnera en produkt, v\u00e4nligen l\u00e4s v\u00e5r returpolicy p\u00e5 denna sida.","robots":{"index":"index","follow":"follow","max-snippet":"max-snippet:-1","max-image-preview":"max-image-preview:large","max-video-preview":"max-video-preview:-1"},"canonical":"https:\/\/brizyproducts.com\/sv\/returer-returpolicy\/","og_locale":"sv_SE","og_type":"article","og_title":"Returer &amp; returpolicy | Brizy","og_description":"Vi vill sj\u00e4lvklart att du ska vara n\u00f6jd med ditt k\u00f6p. Om du beh\u00f6ver returnera en produkt, v\u00e4nligen l\u00e4s v\u00e5r returpolicy p\u00e5 denna sida.","og_url":"https:\/\/brizyproducts.com\/sv\/returer-returpolicy\/","og_site_name":"Brizy Products","article_publisher":"https:\/\/www.facebook.com\/brizy.1983\/","article_modified_time":"2026-02-24T12:37:48+00:00","og_image":[{"width":2560,"height":1707,"url":"https:\/\/brizyproducts.com\/wp-content\/uploads\/2024\/08\/Brizy-Untersteiner-02-scaled.webp","type":"image\/jpeg"}],"twitter_card":"summary_large_image","schema":{"@context":"https:\/\/schema.org","@graph":[{"@type":"WebPage","@id":"https:\/\/brizyproducts.com\/sv\/returer-returpolicy\/","url":"https:\/\/brizyproducts.com\/sv\/returer-returpolicy\/","name":"Returer &amp; returpolicy | Brizy","isPartOf":{"@id":"https:\/\/brizyproducts.com\/sv\/#website"},"primaryImageOfPage":{"@id":"https:\/\/brizyproducts.com\/sv\/returer-returpolicy\/#primaryimage"},"image":{"@id":"https:\/\/brizyproducts.com\/sv\/returer-returpolicy\/#primaryimage"},"thumbnailUrl":"https:\/\/brizyproducts.com\/wp-content\/uploads\/2024\/08\/Brizy-Untersteiner-02-scaled.webp","datePublished":"2023-12-04T09:21:54+00:00","dateModified":"2026-02-24T12:37:48+00:00","description":"Vi vill sj\u00e4lvklart att du ska vara n\u00f6jd med ditt k\u00f6p. Om du beh\u00f6ver returnera en produkt, v\u00e4nligen l\u00e4s v\u00e5r returpolicy p\u00e5 denna sida.","breadcrumb":{"@id":"https:\/\/brizyproducts.com\/sv\/returer-returpolicy\/#breadcrumb"},"inLanguage":"sv-SE","potentialAction":[{"@type":"ReadAction","target":["https:\/\/brizyproducts.com\/sv\/returer-returpolicy\/"]}]},{"@type":"ImageObject","inLanguage":"sv-SE","@id":"https:\/\/brizyproducts.com\/sv\/returer-returpolicy\/#primaryimage","url":"https:\/\/brizyproducts.com\/wp-content\/uploads\/2024\/08\/Brizy-Untersteiner-02-scaled.webp","contentUrl":"https:\/\/brizyproducts.com\/wp-content\/uploads\/2024\/08\/Brizy-Untersteiner-02-scaled.webp","width":2560,"height":1707},{"@type":"BreadcrumbList","@id":"https:\/\/brizyproducts.com\/sv\/returer-returpolicy\/#breadcrumb","itemListElement":[{"@type":"ListItem","position":1,"name":"Hem","item":"https:\/\/brizyproducts.com\/sv\/"},{"@type":"ListItem","position":2,"name":"Returer &amp; returpolicy"}]},{"@type":"WebSite","@id":"https:\/\/brizyproducts.com\/sv\/#website","url":"https:\/\/brizyproducts.com\/sv\/","name":"Brizy","description":"","publisher":{"@id":"https:\/\/brizyproducts.com\/sv\/#organization"},"potentialAction":[{"@type":"SearchAction","target":{"@type":"EntryPoint","urlTemplate":"https:\/\/brizyproducts.com\/sv\/?s={search_term_string}"},"query-input":{"@type":"PropertyValueSpecification","valueRequired":true,"valueName":"search_term_string"}}],"inLanguage":"sv-SE"},{"@type":"Organization","@id":"https:\/\/brizyproducts.com\/sv\/#organization","name":"Brizy","url":"https:\/\/brizyproducts.com\/sv\/","logo":{"@type":"ImageObject","inLanguage":"sv-SE","@id":"https:\/\/brizyproducts.com\/sv\/#\/schema\/logo\/image\/","url":"https:\/\/brizyproducts.com\/wp-content\/uploads\/2023\/12\/Brizy-old.svg","contentUrl":"https:\/\/brizyproducts.com\/wp-content\/uploads\/2023\/12\/Brizy-old.svg","width":1,"height":1,"caption":"Brizy"},"image":{"@id":"https:\/\/brizyproducts.com\/sv\/#\/schema\/logo\/image\/"},"sameAs":["https:\/\/www.facebook.com\/brizy.1983\/","https:\/\/www.linkedin.com\/company\/brizy-produktion\/"]}]}},"_links":{"self":[{"href":"https:\/\/brizyproducts.com\/sv\/wp-json\/wp\/v2\/pages\/11239","targetHints":{"allow":["GET"]}}],"collection":[{"href":"https:\/\/brizyproducts.com\/sv\/wp-json\/wp\/v2\/pages"}],"about":[{"href":"https:\/\/brizyproducts.com\/sv\/wp-json\/wp\/v2\/types\/page"}],"author":[{"embeddable":true,"href":"https:\/\/brizyproducts.com\/sv\/wp-json\/wp\/v2\/users\/1"}],"replies":[{"embeddable":true,"href":"https:\/\/brizyproducts.com\/sv\/wp-json\/wp\/v2\/comments?post=11239"}],"version-history":[{"count":5,"href":"https:\/\/brizyproducts.com\/sv\/wp-json\/wp\/v2\/pages\/11239\/revisions"}],"predecessor-version":[{"id":22970,"href":"https:\/\/brizyproducts.com\/sv\/wp-json\/wp\/v2\/pages\/11239\/revisions\/22970"}],"wp:featuredmedia":[{"embeddable":true,"href":"https:\/\/brizyproducts.com\/sv\/wp-json\/wp\/v2\/media\/11609"}],"wp:attachment":[{"href":"https:\/\/brizyproducts.com\/sv\/wp-json\/wp\/v2\/media?parent=11239"}],"curies":[{"name":"wp","href":"https:\/\/api.w.org\/{rel}","templated":true}]}}