{"id":11178,"date":"2023-10-23T18:34:11","date_gmt":"2023-10-23T18:34:11","guid":{"rendered":"https:\/\/brizyproducts.com\/contact-2\/"},"modified":"2026-03-13T14:55:30","modified_gmt":"2026-03-13T14:55:30","slug":"contact","status":"publish","type":"page","link":"https:\/\/brizyproducts.com\/sv\/contact\/","title":{"rendered":"Kontakt"},"content":{"rendered":"\n<div class=\"wp-block-cover alignfull is-light has-custom-content-position is-position-bottom-left\" style=\"padding-top:var(--wp--preset--spacing--30);padding-bottom:var(--wp--preset--spacing--30);min-height:83vh;aspect-ratio:unset;\"><video class=\"wp-block-cover__video-background intrinsic-ignore\" autoplay muted loop playsinline src=\"https:\/\/brizyproducts.com\/wp-content\/uploads\/2024\/01\/2023-11-23-Brizy-Hero-reel-tailor-made-final.mp4\" data-object-fit=\"cover\"><\/video><span aria-hidden=\"true\" class=\"wp-block-cover__background has-skogsgron-background-color has-background-dim-20 has-background-dim\"><\/span><div class=\"wp-block-cover__inner-container has-global-padding is-layout-constrained wp-container-core-cover-is-layout-1ead8876 wp-block-cover-is-layout-constrained\">\n<div class=\"wp-block-group has-global-padding is-layout-constrained wp-container-core-group-is-layout-c84a538d wp-block-group-is-layout-constrained\">\n<h1 class=\"wp-block-heading has-vinter-color has-text-color has-link-color has-heading-1-font-size wp-elements-f6571d85f5d65e80c79167642ee3dbce\">Kontakta oss<\/h1>\n<\/div>\n<\/div><\/div>\n\n\n\n<div style=\"height:30px\" aria-hidden=\"true\" class=\"wp-block-spacer\"><\/div>\n\n\n\n<h2 class=\"wp-block-heading has-text-align-center has-heading-1-font-size\">Vi finns h\u00e4r f\u00f6r dig!<\/h2>\n\n\n\n<div class=\"wp-block-columns is-layout-flex wp-container-core-columns-is-layout-08c01c1c wp-block-columns-is-layout-flex\">\n<div class=\"wp-block-column is-layout-flow wp-block-column-is-layout-flow\">\n<p class=\"has-text-align-center\">Vi vill ge dig mer \u00e4n svar \u2013 vi erbjuder insikter och v\u00e4gledning som hj\u00e4lper dig g\u00f6ra de b\u00e4sta valen f\u00f6r din stil och dina praktiska behov.<\/p>\n\n\n\n<p class=\"has-text-align-center has-link-color wp-elements-5ada6fc2dda3496c07a7e156863fd06d\">V\u00e5rt team svarar snabbt, oavsett om det g\u00e4ller f\u00f6rfr\u00e5gningar, best\u00e4llningar eller enkla fr\u00e5gor. Personlig och direkt kommunikation med dig som kund \u00e4r mycket viktig f\u00f6r oss.<\/p>\n\n\n\n<p class=\"has-text-align-center\">Kontakta oss direkt: <a href=\"mailto:info@brizy.se\"><mark style=\"background-color:rgba(0, 0, 0, 0);color:#B02936\" class=\"has-inline-color\"><strong>info@brizy.se<\/strong><\/mark><\/a><\/p>\n<\/div>\n<\/div>\n\n\n\n<div class=\"wp-block-group alignwide has-global-padding is-layout-constrained wp-container-core-group-is-layout-8c33a8ec wp-block-group-is-layout-constrained\">\n<div class=\"wp-block-columns alignwide is-layout-flex wp-container-core-columns-is-layout-658170e2 wp-block-columns-is-layout-flex\">\n<div class=\"wp-block-column is-layout-flow wp-container-core-column-is-layout-6b73ce23 wp-block-column-is-layout-flow\">\n<figure class=\"wp-block-image aligncenter size-full\"><img decoding=\"async\" width=\"210\" height=\"210\" sizes=\"(max-width: 210px) 100vw, 210px\" src=\"https:\/\/brizyproducts.com\/wp-content\/uploads\/2023\/11\/andreas-210.png\" alt=\"\" class=\"wp-image-3190\" srcset=\"https:\/\/brizyproducts.com\/wp-content\/uploads\/2023\/11\/andreas-210.png 210w, https:\/\/brizyproducts.com\/wp-content\/uploads\/2023\/11\/andreas-210-100x100.png 100w\" \/><\/figure>\n\n\n\n<h4 class=\"wp-block-heading has-text-align-center has-body-md-font-size\">Andreas Jansson<\/h4>\n\n\n\n<p class=\"has-text-align-center has-80-color has-text-color has-link-color has-body-text-font-size wp-elements-8785431d15f3cb2c1cc965f5fa1748bf\">Sales and marketing<\/p>\n\n\n\n<p class=\"has-text-align-center has-body-text-font-size\">+46 (0) 734 172 118<br><a href=\"mailto:andreas@brizy.se\" target=\"_blank\" rel=\"noreferrer noopener\">andreas@brizy.se<\/a><\/p>\n<\/div>\n\n\n\n<div class=\"wp-block-column is-layout-flow wp-container-core-column-is-layout-6b73ce23 wp-block-column-is-layout-flow\">\n<figure class=\"wp-block-image aligncenter size-full\"><img decoding=\"async\" width=\"210\" height=\"210\" sizes=\"(max-width: 210px) 100vw, 210px\" src=\"https:\/\/brizyproducts.com\/wp-content\/uploads\/2023\/11\/micke-210.png\" alt=\"\" class=\"wp-image-3187\" srcset=\"https:\/\/brizyproducts.com\/wp-content\/uploads\/2023\/11\/micke-210.png 210w, https:\/\/brizyproducts.com\/wp-content\/uploads\/2023\/11\/micke-210-100x100.png 100w\" \/><\/figure>\n\n\n\n<h4 class=\"wp-block-heading has-text-align-center has-body-md-font-size\">Micke Fagerberg<\/h4>\n\n\n\n<p class=\"has-text-align-center has-80-color has-text-color has-link-color has-body-text-font-size wp-elements-f639b5f61bc5ce9447cd19b2b45b3695\">Sales representative Nordic and international<\/p>\n\n\n\n<p class=\"has-text-align-center has-body-text-font-size\">+46 (0) 768 679 951<br><a href=\"mailto:micke@brizy.se\">micke@brizy.se<\/a><\/p>\n<\/div>\n\n\n\n<div class=\"wp-block-column is-layout-flow wp-container-core-column-is-layout-6b73ce23 wp-block-column-is-layout-flow\">\n<figure class=\"wp-block-image aligncenter size-full\"><img decoding=\"async\" width=\"210\" height=\"210\" sizes=\"(max-width: 210px) 100vw, 210px\" src=\"https:\/\/brizyproducts.com\/wp-content\/uploads\/2023\/11\/jonas-210.png\" alt=\"\" class=\"wp-image-3188\" srcset=\"https:\/\/brizyproducts.com\/wp-content\/uploads\/2023\/11\/jonas-210.png 210w, https:\/\/brizyproducts.com\/wp-content\/uploads\/2023\/11\/jonas-210-100x100.png 100w\" \/><\/figure>\n\n\n\n<h4 class=\"wp-block-heading has-text-align-center has-body-md-font-size\">Jonas Toft<\/h4>\n\n\n\n<p class=\"has-text-align-center has-80-color has-text-color has-link-color has-body-text-font-size wp-elements-2b23edccf1dba9a73efbf30381e09cf4\">Sales representative Nordic<\/p>\n\n\n\n<p class=\"has-text-align-center has-body-text-font-size\">+46 (0) 703 142 319<br><a href=\"mailto:jonas@brizy.se\">jonas@brizy.se<\/a><\/p>\n<\/div>\n<\/div>\n\n\n\n<div class=\"wp-block-columns alignwide is-layout-flex wp-container-core-columns-is-layout-658170e2 wp-block-columns-is-layout-flex\">\n<div class=\"wp-block-column is-layout-flow wp-container-core-column-is-layout-6b73ce23 wp-block-column-is-layout-flow\">\n<figure class=\"wp-block-image aligncenter size-full is-resized has-custom-border is-style-default\"><img data-dominant-color=\"c5a7a0\" data-has-transparency=\"false\" decoding=\"async\" width=\"640\" height=\"640\" sizes=\"(max-width: 196px) 100vw, 196px\" src=\"https:\/\/brizyproducts.com\/wp-content\/uploads\/2025\/07\/Updated-Picture-of-Scott-edited.webp\" alt=\"\" class=\"has-border-color has-20-border-color wp-image-19020 not-transparent\" style=\"--dominant-color: #c5a7a0; border-width:1px;border-radius:100px;aspect-ratio:1;object-fit:cover;width:196px;height:auto\" srcset=\"https:\/\/brizyproducts.com\/wp-content\/uploads\/2025\/07\/Updated-Picture-of-Scott-edited.webp 640w, https:\/\/brizyproducts.com\/wp-content\/uploads\/2025\/07\/Updated-Picture-of-Scott-edited-300x300.webp 300w, https:\/\/brizyproducts.com\/wp-content\/uploads\/2025\/07\/Updated-Picture-of-Scott-edited-600x600.webp 600w, https:\/\/brizyproducts.com\/wp-content\/uploads\/2025\/07\/Updated-Picture-of-Scott-edited-100x100.webp 100w\" \/><\/figure>\n\n\n\n<h4 class=\"wp-block-heading has-text-align-center has-body-md-font-size\">Scott Hennessy<\/h4>\n\n\n\n<p class=\"has-text-align-center has-midnatt-color has-text-color has-link-color wp-elements-0fbb3777a56f4a4dca44dd3bcaa54df6\">Sales representative North America<\/p>\n\n\n\n<p class=\"has-text-align-center has-80-color has-text-color has-link-color has-body-text-font-size wp-elements-3afe13ba8fb8a62e19aca4d344faef1a\">+1 631-433-6523<br><a href=\"mailto:scott@brizy.se\" target=\"_blank\" rel=\"noreferrer noopener\">scott@brizy.se<\/a><\/p>\n<\/div>\n\n\n\n<div class=\"wp-block-column is-layout-flow wp-container-core-column-is-layout-6b73ce23 wp-block-column-is-layout-flow\">\n<figure class=\"wp-block-image aligncenter size-full is-resized has-custom-border is-style-default\"><img data-dominant-color=\"7e7267\" data-has-transparency=\"false\" decoding=\"async\" width=\"1161\" height=\"1130\" sizes=\"(max-width: 196px) 100vw, 196px\" src=\"https:\/\/brizyproducts.com\/wp-content\/uploads\/2025\/07\/sophie-edited.webp\" alt=\"\" class=\"has-border-color has-20-border-color wp-image-19056 not-transparent\" style=\"--dominant-color: #7e7267; border-width:1px;border-radius:100px;aspect-ratio:1;object-fit:cover;width:196px;height:auto\" srcset=\"https:\/\/brizyproducts.com\/wp-content\/uploads\/2025\/07\/sophie-edited.webp 1161w, https:\/\/brizyproducts.com\/wp-content\/uploads\/2025\/07\/sophie-edited-900x876.webp 900w, https:\/\/brizyproducts.com\/wp-content\/uploads\/2025\/07\/sophie-edited-300x292.webp 300w, https:\/\/brizyproducts.com\/wp-content\/uploads\/2025\/07\/sophie-edited-768x747.webp 768w, https:\/\/brizyproducts.com\/wp-content\/uploads\/2025\/07\/sophie-edited-600x584.webp 600w\" \/><\/figure>\n\n\n\n<h4 class=\"wp-block-heading has-text-align-center has-body-md-font-size\">Sophie De Soete<\/h4>\n\n\n\n<p class=\"has-text-align-center has-midnatt-color has-text-color has-link-color wp-elements-f49c7d615da5188486a180695f2335fc\">Brizy Europe<\/p>\n\n\n\n<p class=\"has-text-align-center has-80-color has-text-color has-link-color has-body-text-font-size wp-elements-352dda6382d2d606e8fe0a15bacc8228\">+32 479 536&nbsp;158<br><a href=\"mailto:sophie@brizy.eu\" target=\"_blank\" rel=\"noreferrer noopener\">sophie@brizy.eu<\/a><\/p>\n<\/div>\n\n\n\n<div class=\"wp-block-column is-layout-flow wp-container-core-column-is-layout-6b73ce23 wp-block-column-is-layout-flow\">\n<figure class=\"wp-block-image aligncenter size-full\"><img decoding=\"async\" width=\"210\" height=\"210\" sizes=\"(max-width: 210px) 100vw, 210px\" src=\"https:\/\/brizyproducts.com\/wp-content\/uploads\/2023\/11\/maria-gawin-210.png\" alt=\"\" class=\"wp-image-3193\" srcset=\"https:\/\/brizyproducts.com\/wp-content\/uploads\/2023\/11\/maria-gawin-210.png 210w, https:\/\/brizyproducts.com\/wp-content\/uploads\/2023\/11\/maria-gawin-210-100x100.png 100w\" \/><\/figure>\n\n\n\n<h4 class=\"wp-block-heading has-text-align-center has-body-md-font-size\">Maria Gawin<\/h4>\n\n\n\n<p class=\"has-text-align-center has-80-color has-text-color has-link-color has-body-text-font-size wp-elements-2dafef76807d472a10ab8f466f044d9b\">Factory Manager<\/p>\n\n\n\n<p class=\"has-text-align-center has-80-color has-text-color has-link-color has-body-text-font-size wp-elements-8471fb24cfd8c76b659bdc6e7de0fe75\">Maria Gawin<br><a href=\"mailto:maria.gawin@brizy.se\" target=\"_blank\" rel=\"noreferrer noopener\">maria.gawin@brizy.se<\/a><\/p>\n<\/div>\n<\/div>\n\n\n\n<div class=\"wp-block-columns alignwide is-layout-flex wp-container-core-columns-is-layout-658170e2 wp-block-columns-is-layout-flex\">\n<div class=\"wp-block-column is-layout-flow wp-container-core-column-is-layout-6b73ce23 wp-block-column-is-layout-flow\">\n<figure class=\"wp-block-image aligncenter size-full\"><img decoding=\"async\" width=\"210\" height=\"210\" sizes=\"(max-width: 210px) 100vw, 210px\" src=\"https:\/\/brizyproducts.com\/wp-content\/uploads\/2023\/11\/christian-210.png\" alt=\"\" class=\"wp-image-3194\" srcset=\"https:\/\/brizyproducts.com\/wp-content\/uploads\/2023\/11\/christian-210.png 210w, https:\/\/brizyproducts.com\/wp-content\/uploads\/2023\/11\/christian-210-100x100.png 100w\" \/><\/figure>\n\n\n\n<h4 class=\"wp-block-heading has-text-align-center has-body-md-font-size\">Chrystian&nbsp;Studzi\u0144ski<\/h4>\n\n\n\n<p class=\"has-text-align-center has-80-color has-text-color has-link-color has-body-text-font-size wp-elements-b93bdc110586e71efb73af16d0812d38\">Graphic and technology manager<\/p>\n\n\n\n<p class=\"has-text-align-center has-80-color has-text-color has-link-color has-body-text-font-size wp-elements-a47d0723880b76e81267118613eb3770\"><a href=\"mailto:chrystian@brizy.se\">chrystian@brizy.se<\/a><\/p>\n<\/div>\n\n\n\n<div class=\"wp-block-column is-layout-flow wp-container-core-column-is-layout-6b73ce23 wp-block-column-is-layout-flow\">\n<figure class=\"wp-block-image aligncenter size-full\"><img decoding=\"async\" width=\"210\" height=\"210\" sizes=\"(max-width: 210px) 100vw, 210px\" src=\"https:\/\/brizyproducts.com\/wp-content\/uploads\/2023\/11\/Klas-210.png\" alt=\"\" class=\"wp-image-3197\" srcset=\"https:\/\/brizyproducts.com\/wp-content\/uploads\/2023\/11\/Klas-210.png 210w, https:\/\/brizyproducts.com\/wp-content\/uploads\/2023\/11\/Klas-210-100x100.png 100w\" \/><\/figure>\n\n\n\n<h4 class=\"wp-block-heading has-text-align-center has-body-md-font-size\">Klas&nbsp;Andersson<\/h4>\n\n\n\n<p class=\"has-text-align-center has-80-color has-text-color has-link-color has-body-text-font-size wp-elements-847f146d64a27e52d5814bd36d612515\">CEO<\/p>\n\n\n\n<p class=\"has-text-align-center has-80-color has-text-color has-link-color has-body-text-font-size wp-elements-566407cb3a515412bb88ed1834f667c9\">+46 (0) 705 186 692<br><a href=\"mailto:klas@brizy.se\" target=\"_blank\" rel=\"noreferrer noopener\">klas@brizy.se<\/a><\/p>\n<\/div>\n\n\n\n<div class=\"wp-block-column is-layout-flow wp-block-column-is-layout-flow\"><\/div>\n<\/div>\n\n\n\n<div style=\"height:20px\" aria-hidden=\"true\" class=\"wp-block-spacer\"><\/div>\n\n\n\n<p class=\"has-text-align-center\">Brizy Produktion AB<br>Norrgatan 3, 432 41 Varberg<br>+46 320-161 95<br>info@brizy.se<br>Org.nr: 556474-3952<\/p>\n\n\n<a href=\"\/retailers\/\"    class=\"alignwide wp-block-tiptip-hyperlink-group-block\" >\n<div class=\"wp-block-cover has-custom-content-position is-position-center-left\" style=\"min-height:200px;aspect-ratio:unset;\"><img decoding=\"async\" width=\"2768\" height=\"1214\" sizes=\"(max-width: 1280px) 100vw, 1280px\" class=\"wp-block-cover__image-background wp-image-6185\" alt=\"\" src=\"https:\/\/brizyproducts.com\/wp-content\/uploads\/2024\/05\/annons-png.webp\" data-object-fit=\"cover\" srcset=\"https:\/\/brizyproducts.com\/wp-content\/uploads\/2024\/05\/annons-png.webp 2768w, https:\/\/brizyproducts.com\/wp-content\/uploads\/2024\/05\/annons-900x395.webp 900w, https:\/\/brizyproducts.com\/wp-content\/uploads\/2024\/05\/annons-300x132.webp 300w, https:\/\/brizyproducts.com\/wp-content\/uploads\/2024\/05\/annons-768x337.webp 768w, https:\/\/brizyproducts.com\/wp-content\/uploads\/2024\/05\/annons-1536x674.webp 1536w, https:\/\/brizyproducts.com\/wp-content\/uploads\/2024\/05\/annons-2048x898.webp 2048w, https:\/\/brizyproducts.com\/wp-content\/uploads\/2024\/05\/annons-600x263.webp 600w\" \/><span aria-hidden=\"true\" class=\"wp-block-cover__background has-havsbla-background-color has-background-dim-30 has-background-dim\"><\/span><div class=\"wp-block-cover__inner-container has-global-padding is-layout-constrained wp-block-cover-is-layout-constrained\">\n<h2 class=\"wp-block-heading has-text-align-left has-vinter-color has-text-color has-link-color has-heading-1-font-size wp-elements-4ff18a382a07a267972982ead1b4ace5\">Our Retailers<\/h2>\n<\/div><\/div>\n<\/a><\/div>\n\n\n\n<div style=\"height:100px\" aria-hidden=\"true\" class=\"wp-block-spacer\"><\/div>\n","protected":false},"excerpt":{"rendered":"<p>Vi finns h\u00e4r f\u00f6r dig! Vi vill ge dig mer \u00e4n svar \u2013 vi erbjuder insikter och v\u00e4gledning som hj\u00e4lper dig g\u00f6ra de b\u00e4sta valen f\u00f6r din stil och dina praktiska behov. V\u00e5rt team svarar snabbt, oavsett om det g\u00e4ller f\u00f6rfr\u00e5gningar, best\u00e4llningar eller enkla fr\u00e5gor. Personlig och direkt kommunikation med dig som kund \u00e4r mycket [&hellip;]<\/p>\n","protected":false},"author":1,"featured_media":10945,"parent":0,"menu_order":0,"comment_status":"closed","ping_status":"closed","template":"startsida","meta":{"_acf_changed":false,"footnotes":""},"class_list":["post-11178","page","type-page","status-publish","has-post-thumbnail","hentry"],"acf":[],"yoast_head":"<!-- This site is optimized with the Yoast SEO plugin v27.0 - https:\/\/yoast.com\/product\/yoast-seo-wordpress\/ -->\n<title>Kontakt | Brizy<\/title>\n<meta name=\"description\" content=\"Kontakta oss Vi finns h\u00e4r f\u00f6r dig! Vi vill ge dig mer \u00e4n svar \u2013 vi erbjuder insikter och v\u00e4gledning som hj\u00e4lper dig g\u00f6ra de b\u00e4sta valen f\u00f6r din stil och\" \/>\n<meta name=\"robots\" content=\"index, follow, max-snippet:-1, max-image-preview:large, max-video-preview:-1\" \/>\n<link rel=\"canonical\" href=\"https:\/\/brizyproducts.com\/sv\/contact\/\" \/>\n<meta property=\"og:locale\" content=\"sv_SE\" \/>\n<meta property=\"og:type\" content=\"article\" \/>\n<meta property=\"og:title\" content=\"Kontakt | Brizy\" \/>\n<meta property=\"og:description\" content=\"Kontakta oss Vi finns h\u00e4r f\u00f6r dig! Vi vill ge dig mer \u00e4n svar \u2013 vi erbjuder insikter och v\u00e4gledning som hj\u00e4lper dig g\u00f6ra de b\u00e4sta valen f\u00f6r din stil och\" \/>\n<meta property=\"og:url\" content=\"https:\/\/brizyproducts.com\/sv\/contact\/\" \/>\n<meta property=\"og:site_name\" content=\"Brizy Products\" \/>\n<meta property=\"article:publisher\" content=\"https:\/\/www.facebook.com\/brizy.1983\/\" \/>\n<meta property=\"article:modified_time\" content=\"2026-03-13T14:55:30+00:00\" \/>\n<meta property=\"og:image\" content=\"https:\/\/brizyproducts.com\/wp-content\/uploads\/2023\/11\/2023-10-26BrizyxHalmstadtravet-84-jpg.webp\" \/>\n\t<meta property=\"og:image:width\" content=\"1024\" \/>\n\t<meta property=\"og:image:height\" content=\"683\" \/>\n\t<meta property=\"og:image:type\" content=\"image\/jpeg\" \/>\n<meta name=\"twitter:card\" content=\"summary_large_image\" \/>\n<!-- \/ Yoast SEO plugin. -->","yoast_head_json":{"title":"Kontakt | Brizy","description":"Kontakta oss Vi finns h\u00e4r f\u00f6r dig! Vi vill ge dig mer \u00e4n svar \u2013 vi erbjuder insikter och v\u00e4gledning som hj\u00e4lper dig g\u00f6ra de b\u00e4sta valen f\u00f6r din stil och","robots":{"index":"index","follow":"follow","max-snippet":"max-snippet:-1","max-image-preview":"max-image-preview:large","max-video-preview":"max-video-preview:-1"},"canonical":"https:\/\/brizyproducts.com\/sv\/contact\/","og_locale":"sv_SE","og_type":"article","og_title":"Kontakt | Brizy","og_description":"Kontakta oss Vi finns h\u00e4r f\u00f6r dig! Vi vill ge dig mer \u00e4n svar \u2013 vi erbjuder insikter och v\u00e4gledning som hj\u00e4lper dig g\u00f6ra de b\u00e4sta valen f\u00f6r din stil och","og_url":"https:\/\/brizyproducts.com\/sv\/contact\/","og_site_name":"Brizy Products","article_publisher":"https:\/\/www.facebook.com\/brizy.1983\/","article_modified_time":"2026-03-13T14:55:30+00:00","og_image":[{"width":1024,"height":683,"url":"https:\/\/brizyproducts.com\/wp-content\/uploads\/2023\/11\/2023-10-26BrizyxHalmstadtravet-84-jpg.webp","type":"image\/jpeg"}],"twitter_card":"summary_large_image","schema":{"@context":"https:\/\/schema.org","@graph":[{"@type":"WebPage","@id":"https:\/\/brizyproducts.com\/sv\/contact\/","url":"https:\/\/brizyproducts.com\/sv\/contact\/","name":"Kontakt | Brizy","isPartOf":{"@id":"https:\/\/brizyproducts.com\/sv\/#website"},"primaryImageOfPage":{"@id":"https:\/\/brizyproducts.com\/sv\/contact\/#primaryimage"},"image":{"@id":"https:\/\/brizyproducts.com\/sv\/contact\/#primaryimage"},"thumbnailUrl":"https:\/\/brizyproducts.com\/wp-content\/uploads\/2023\/11\/2023-10-26BrizyxHalmstadtravet-84-jpg.webp","datePublished":"2023-10-23T18:34:11+00:00","dateModified":"2026-03-13T14:55:30+00:00","description":"Kontakta oss Vi finns h\u00e4r f\u00f6r dig! Vi vill ge dig mer \u00e4n svar \u2013 vi erbjuder insikter och v\u00e4gledning som hj\u00e4lper dig g\u00f6ra de b\u00e4sta valen f\u00f6r din stil och","breadcrumb":{"@id":"https:\/\/brizyproducts.com\/sv\/contact\/#breadcrumb"},"inLanguage":"sv-SE","potentialAction":[{"@type":"ReadAction","target":["https:\/\/brizyproducts.com\/sv\/contact\/"]}]},{"@type":"ImageObject","inLanguage":"sv-SE","@id":"https:\/\/brizyproducts.com\/sv\/contact\/#primaryimage","url":"https:\/\/brizyproducts.com\/wp-content\/uploads\/2023\/11\/2023-10-26BrizyxHalmstadtravet-84-jpg.webp","contentUrl":"https:\/\/brizyproducts.com\/wp-content\/uploads\/2023\/11\/2023-10-26BrizyxHalmstadtravet-84-jpg.webp","width":1024,"height":683},{"@type":"BreadcrumbList","@id":"https:\/\/brizyproducts.com\/sv\/contact\/#breadcrumb","itemListElement":[{"@type":"ListItem","position":1,"name":"Hem","item":"https:\/\/brizyproducts.com\/sv\/"},{"@type":"ListItem","position":2,"name":"Kontakt"}]},{"@type":"WebSite","@id":"https:\/\/brizyproducts.com\/sv\/#website","url":"https:\/\/brizyproducts.com\/sv\/","name":"Brizy","description":"","publisher":{"@id":"https:\/\/brizyproducts.com\/sv\/#organization"},"potentialAction":[{"@type":"SearchAction","target":{"@type":"EntryPoint","urlTemplate":"https:\/\/brizyproducts.com\/sv\/?s={search_term_string}"},"query-input":{"@type":"PropertyValueSpecification","valueRequired":true,"valueName":"search_term_string"}}],"inLanguage":"sv-SE"},{"@type":"Organization","@id":"https:\/\/brizyproducts.com\/sv\/#organization","name":"Brizy","url":"https:\/\/brizyproducts.com\/sv\/","logo":{"@type":"ImageObject","inLanguage":"sv-SE","@id":"https:\/\/brizyproducts.com\/sv\/#\/schema\/logo\/image\/","url":"https:\/\/brizyproducts.com\/wp-content\/uploads\/2023\/12\/Brizy-old.svg","contentUrl":"https:\/\/brizyproducts.com\/wp-content\/uploads\/2023\/12\/Brizy-old.svg","width":1,"height":1,"caption":"Brizy"},"image":{"@id":"https:\/\/brizyproducts.com\/sv\/#\/schema\/logo\/image\/"},"sameAs":["https:\/\/www.facebook.com\/brizy.1983\/","https:\/\/www.linkedin.com\/company\/brizy-produktion\/"]}]}},"_links":{"self":[{"href":"https:\/\/brizyproducts.com\/sv\/wp-json\/wp\/v2\/pages\/11178","targetHints":{"allow":["GET"]}}],"collection":[{"href":"https:\/\/brizyproducts.com\/sv\/wp-json\/wp\/v2\/pages"}],"about":[{"href":"https:\/\/brizyproducts.com\/sv\/wp-json\/wp\/v2\/types\/page"}],"author":[{"embeddable":true,"href":"https:\/\/brizyproducts.com\/sv\/wp-json\/wp\/v2\/users\/1"}],"replies":[{"embeddable":true,"href":"https:\/\/brizyproducts.com\/sv\/wp-json\/wp\/v2\/comments?post=11178"}],"version-history":[{"count":1,"href":"https:\/\/brizyproducts.com\/sv\/wp-json\/wp\/v2\/pages\/11178\/revisions"}],"predecessor-version":[{"id":23194,"href":"https:\/\/brizyproducts.com\/sv\/wp-json\/wp\/v2\/pages\/11178\/revisions\/23194"}],"wp:featuredmedia":[{"embeddable":true,"href":"https:\/\/brizyproducts.com\/sv\/wp-json\/wp\/v2\/media\/10945"}],"wp:attachment":[{"href":"https:\/\/brizyproducts.com\/sv\/wp-json\/wp\/v2\/media?parent=11178"}],"curies":[{"name":"wp","href":"https:\/\/api.w.org\/{rel}","templated":true}]}}