{"id":11154,"date":"2024-05-06T21:09:43","date_gmt":"2024-05-06T21:09:43","guid":{"rendered":"https:\/\/brizyproducts.com\/career-2\/"},"modified":"2025-01-15T18:29:46","modified_gmt":"2025-01-15T18:29:46","slug":"career-2","status":"publish","type":"page","link":"https:\/\/brizyproducts.com\/sv\/career-2\/","title":{"rendered":"Career"},"content":{"rendered":"\n<h1 class=\"wp-block-heading\">S\u00e4ljare Norden<\/h1>\n\n<p class=\"has-body-md-font-size\">Vi s\u00f6ker nu en s\u00e4ljare som delar v\u00e5r passion f\u00f6r h\u00e4stsport och kundservice, f\u00f6rst\u00e5r vikten av att bygga l\u00e5ngsiktiga relationer samt har intresse f\u00f6r passform och design.<\/p>\n\n<p>Din huvudsakliga uppgift kommer att vara att aktivt s\u00e4lja v\u00e5ra produkter till b\u00e5de befintliga och nya kunder i Norden, med s\u00e4rskild inriktning p\u00e5 Sverige, Norge och Danmark. Du f\u00f6rv\u00e4ntas \u00e4ven planera och delta i stora evenemang, t\u00e4vlingar samt g\u00f6ra regelbundna bes\u00f6k p\u00e5 travbanor och hos kunder. <\/p>\n\n<p>Vi ser att du \u00e4r en lagspelare med starkt driv, en &#8217;doer&#8217;, \u00e4rlig och har en positiv inst\u00e4llning. Det \u00e4r viktigt att du \u00e4r strukturerad och ordningsam, och att du kan planera och styra din tid effektivt. Om du dessutom trivs med ett h\u00f6gt arbetstempo och \u00e4r van vid att arbeta m\u00e5linriktat, s\u00e5 \u00e4r det ett plus.  <\/p>\n\n<p>Eftersom v\u00e5r aff\u00e4rsverksamhet digitaliseras \u00e4r det en f\u00f6rdel om du \u00e4r skicklig och effektiv vid datorn, s\u00e4rskilt med program som Office och Adobe. Kunskaper i svenska och engelska, b\u00e5de i tal och skrift, \u00e4r ett krav och ytterligare spr\u00e5kkunskaper ses som meriterande. Vi f\u00f6redrar att du arbetar fr\u00e5n v\u00e5rt huvudkontor i centrala Varberg.  <\/p>\n\n<p>Skicka din ans\u00f6kan till <a href=\"mailto:klas@brizy.se\">klas@brizy.se<\/a> senast 30:e september och m\u00e4rk den med &#8221;S\u00e4ljare till Brizy&#8221;. Vi behandlar ans\u00f6kningar l\u00f6pande. Tj\u00e4nsten \u00e4r en tillsvidare tj\u00e4nst med 6 m\u00e5naders provanst\u00e4llning  <\/p>\n\n<div style=\"height:160px\" aria-hidden=\"true\" class=\"wp-block-spacer\"><\/div>\n","protected":false},"excerpt":{"rendered":"<p>S\u00e4ljare Norden Vi s\u00f6ker nu en s\u00e4ljare som delar v\u00e5r passion f\u00f6r h\u00e4stsport och kundservice, f\u00f6rst\u00e5r vikten av att bygga l\u00e5ngsiktiga relationer samt har intresse f\u00f6r passform och design. Din huvudsakliga uppgift kommer att vara att aktivt s\u00e4lja v\u00e5ra produkter till b\u00e5de befintliga och nya kunder i Norden, med s\u00e4rskild inriktning p\u00e5 Sverige, Norge och [&hellip;]<\/p>\n","protected":false},"author":1,"featured_media":10894,"parent":0,"menu_order":0,"comment_status":"closed","ping_status":"closed","template":"","meta":{"_acf_changed":false,"footnotes":""},"class_list":["post-11154","page","type-page","status-publish","has-post-thumbnail","hentry"],"acf":[],"yoast_head":"<!-- This site is optimized with the Yoast SEO plugin v27.0 - https:\/\/yoast.com\/product\/yoast-seo-wordpress\/ -->\n<title>Career | Brizy<\/title>\n<meta name=\"description\" content=\"S\u00e4ljare Norden Vi s\u00f6ker nu en s\u00e4ljare som delar v\u00e5r passion f\u00f6r h\u00e4stsport och kundservice, f\u00f6rst\u00e5r vikten av att bygga l\u00e5ngsiktiga relationer samt har\" \/>\n<meta name=\"robots\" content=\"index, follow, max-snippet:-1, max-image-preview:large, max-video-preview:-1\" \/>\n<link rel=\"canonical\" href=\"https:\/\/brizyproducts.com\/sv\/career-2\/\" \/>\n<meta property=\"og:locale\" content=\"sv_SE\" \/>\n<meta property=\"og:type\" content=\"article\" \/>\n<meta property=\"og:title\" content=\"Career | Brizy\" \/>\n<meta property=\"og:description\" content=\"S\u00e4ljare Norden Vi s\u00f6ker nu en s\u00e4ljare som delar v\u00e5r passion f\u00f6r h\u00e4stsport och kundservice, f\u00f6rst\u00e5r vikten av att bygga l\u00e5ngsiktiga relationer samt har\" \/>\n<meta property=\"og:url\" content=\"https:\/\/brizyproducts.com\/sv\/career-2\/\" \/>\n<meta property=\"og:site_name\" content=\"Brizy Products\" \/>\n<meta property=\"article:publisher\" content=\"https:\/\/www.facebook.com\/brizy.1983\/\" \/>\n<meta property=\"article:modified_time\" content=\"2025-01-15T18:29:46+00:00\" \/>\n<meta property=\"og:image\" content=\"https:\/\/brizyproducts.com\/wp-content\/uploads\/2024\/05\/annons-768x337.png\" \/>\n\t<meta property=\"og:image:width\" content=\"768\" \/>\n\t<meta property=\"og:image:height\" content=\"337\" \/>\n\t<meta property=\"og:image:type\" content=\"image\/png\" \/>\n<meta name=\"twitter:card\" content=\"summary_large_image\" \/>\n<!-- \/ Yoast SEO plugin. -->","yoast_head_json":{"title":"Career | Brizy","description":"S\u00e4ljare Norden Vi s\u00f6ker nu en s\u00e4ljare som delar v\u00e5r passion f\u00f6r h\u00e4stsport och kundservice, f\u00f6rst\u00e5r vikten av att bygga l\u00e5ngsiktiga relationer samt har","robots":{"index":"index","follow":"follow","max-snippet":"max-snippet:-1","max-image-preview":"max-image-preview:large","max-video-preview":"max-video-preview:-1"},"canonical":"https:\/\/brizyproducts.com\/sv\/career-2\/","og_locale":"sv_SE","og_type":"article","og_title":"Career | Brizy","og_description":"S\u00e4ljare Norden Vi s\u00f6ker nu en s\u00e4ljare som delar v\u00e5r passion f\u00f6r h\u00e4stsport och kundservice, f\u00f6rst\u00e5r vikten av att bygga l\u00e5ngsiktiga relationer samt har","og_url":"https:\/\/brizyproducts.com\/sv\/career-2\/","og_site_name":"Brizy Products","article_publisher":"https:\/\/www.facebook.com\/brizy.1983\/","article_modified_time":"2025-01-15T18:29:46+00:00","og_image":[{"width":768,"height":337,"url":"https:\/\/brizyproducts.com\/wp-content\/uploads\/2024\/05\/annons-768x337.png","type":"image\/png"}],"twitter_card":"summary_large_image","schema":{"@context":"https:\/\/schema.org","@graph":[{"@type":"WebPage","@id":"https:\/\/brizyproducts.com\/sv\/career-2\/","url":"https:\/\/brizyproducts.com\/sv\/career-2\/","name":"Career | Brizy","isPartOf":{"@id":"https:\/\/brizyproducts.com\/sv\/#website"},"primaryImageOfPage":{"@id":"https:\/\/brizyproducts.com\/sv\/career-2\/#primaryimage"},"image":{"@id":"https:\/\/brizyproducts.com\/sv\/career-2\/#primaryimage"},"thumbnailUrl":"https:\/\/brizyproducts.com\/wp-content\/uploads\/2024\/05\/annons-png.webp","datePublished":"2024-05-06T21:09:43+00:00","dateModified":"2025-01-15T18:29:46+00:00","description":"S\u00e4ljare Norden Vi s\u00f6ker nu en s\u00e4ljare som delar v\u00e5r passion f\u00f6r h\u00e4stsport och kundservice, f\u00f6rst\u00e5r vikten av att bygga l\u00e5ngsiktiga relationer samt har","breadcrumb":{"@id":"https:\/\/brizyproducts.com\/sv\/career-2\/#breadcrumb"},"inLanguage":"sv-SE","potentialAction":[{"@type":"ReadAction","target":["https:\/\/brizyproducts.com\/sv\/career-2\/"]}]},{"@type":"ImageObject","inLanguage":"sv-SE","@id":"https:\/\/brizyproducts.com\/sv\/career-2\/#primaryimage","url":"https:\/\/brizyproducts.com\/wp-content\/uploads\/2024\/05\/annons-png.webp","contentUrl":"https:\/\/brizyproducts.com\/wp-content\/uploads\/2024\/05\/annons-png.webp","width":2560,"height":1123},{"@type":"BreadcrumbList","@id":"https:\/\/brizyproducts.com\/sv\/career-2\/#breadcrumb","itemListElement":[{"@type":"ListItem","position":1,"name":"Hem","item":"https:\/\/brizyproducts.com\/sv\/"},{"@type":"ListItem","position":2,"name":"Career"}]},{"@type":"WebSite","@id":"https:\/\/brizyproducts.com\/sv\/#website","url":"https:\/\/brizyproducts.com\/sv\/","name":"Brizy","description":"","publisher":{"@id":"https:\/\/brizyproducts.com\/sv\/#organization"},"potentialAction":[{"@type":"SearchAction","target":{"@type":"EntryPoint","urlTemplate":"https:\/\/brizyproducts.com\/sv\/?s={search_term_string}"},"query-input":{"@type":"PropertyValueSpecification","valueRequired":true,"valueName":"search_term_string"}}],"inLanguage":"sv-SE"},{"@type":"Organization","@id":"https:\/\/brizyproducts.com\/sv\/#organization","name":"Brizy","url":"https:\/\/brizyproducts.com\/sv\/","logo":{"@type":"ImageObject","inLanguage":"sv-SE","@id":"https:\/\/brizyproducts.com\/sv\/#\/schema\/logo\/image\/","url":"https:\/\/brizyproducts.com\/wp-content\/uploads\/2023\/12\/Brizy-old.svg","contentUrl":"https:\/\/brizyproducts.com\/wp-content\/uploads\/2023\/12\/Brizy-old.svg","width":1,"height":1,"caption":"Brizy"},"image":{"@id":"https:\/\/brizyproducts.com\/sv\/#\/schema\/logo\/image\/"},"sameAs":["https:\/\/www.facebook.com\/brizy.1983\/","https:\/\/www.linkedin.com\/company\/brizy-produktion\/"]}]}},"_links":{"self":[{"href":"https:\/\/brizyproducts.com\/sv\/wp-json\/wp\/v2\/pages\/11154","targetHints":{"allow":["GET"]}}],"collection":[{"href":"https:\/\/brizyproducts.com\/sv\/wp-json\/wp\/v2\/pages"}],"about":[{"href":"https:\/\/brizyproducts.com\/sv\/wp-json\/wp\/v2\/types\/page"}],"author":[{"embeddable":true,"href":"https:\/\/brizyproducts.com\/sv\/wp-json\/wp\/v2\/users\/1"}],"replies":[{"embeddable":true,"href":"https:\/\/brizyproducts.com\/sv\/wp-json\/wp\/v2\/comments?post=11154"}],"version-history":[{"count":0,"href":"https:\/\/brizyproducts.com\/sv\/wp-json\/wp\/v2\/pages\/11154\/revisions"}],"wp:featuredmedia":[{"embeddable":true,"href":"https:\/\/brizyproducts.com\/sv\/wp-json\/wp\/v2\/media\/10894"}],"wp:attachment":[{"href":"https:\/\/brizyproducts.com\/sv\/wp-json\/wp\/v2\/media?parent=11154"}],"curies":[{"name":"wp","href":"https:\/\/api.w.org\/{rel}","templated":true}]}}