{"id":11146,"date":"2023-11-23T14:42:18","date_gmt":"2023-11-23T14:42:18","guid":{"rendered":"https:\/\/brizyproducts.com\/care-instructions\/"},"modified":"2026-02-18T09:37:48","modified_gmt":"2026-02-18T09:37:48","slug":"care-instructions","status":"publish","type":"page","link":"https:\/\/brizyproducts.com\/sv\/care-instructions\/","title":{"rendered":"Sk\u00f6tselr\u00e5d"},"content":{"rendered":"\n<div class=\"wp-block-cover alignfull has-custom-content-position is-position-bottom-left\" style=\"padding-top:var(--wp--preset--spacing--30);padding-bottom:var(--wp--preset--spacing--30);min-height:100vh;aspect-ratio:unset;\"><img data-dominant-color=\"3f434d\" data-has-transparency=\"false\" style=\"--dominant-color: #3f434d;\" decoding=\"async\" width=\"1728\" height=\"895\" sizes=\"100vw\" class=\"wp-block-cover__image-background wp-image-17827 size-full not-transparent\" alt=\"\" src=\"https:\/\/brizyproducts.com\/wp-content\/uploads\/2023\/10\/Rectangle-1.webp\" data-object-fit=\"cover\" srcset=\"https:\/\/brizyproducts.com\/wp-content\/uploads\/2023\/10\/Rectangle-1.webp 1728w, https:\/\/brizyproducts.com\/wp-content\/uploads\/2023\/10\/Rectangle-1-900x466.webp 900w, https:\/\/brizyproducts.com\/wp-content\/uploads\/2023\/10\/Rectangle-1-300x155.webp 300w, https:\/\/brizyproducts.com\/wp-content\/uploads\/2023\/10\/Rectangle-1-768x398.webp 768w, https:\/\/brizyproducts.com\/wp-content\/uploads\/2023\/10\/Rectangle-1-1536x796.webp 1536w, https:\/\/brizyproducts.com\/wp-content\/uploads\/2023\/10\/Rectangle-1-600x311.webp 600w\" \/><span aria-hidden=\"true\" class=\"wp-block-cover__background has-skogsgron-background-color has-background-dim-20 has-background-dim\"><\/span><div class=\"wp-block-cover__inner-container has-global-padding is-layout-constrained wp-container-core-cover-is-layout-1ead8876 wp-block-cover-is-layout-constrained\">\n<div class=\"wp-block-group has-global-padding is-layout-constrained wp-container-core-group-is-layout-c84a538d wp-block-group-is-layout-constrained\">\n<h1 class=\"wp-block-heading has-vinter-color has-text-color has-link-color has-heading-1-font-size wp-elements-fd5e23ecb28ab862b4c3552741fee9ae\">Sk\u00f6tselr\u00e5d<\/h1>\n<\/div>\n<\/div><\/div>\n\n\n\n<div style=\"height:15px\" aria-hidden=\"true\" class=\"wp-block-spacer\"><\/div>\n\n\n\n<h2 class=\"wp-block-heading\"><strong>Ta hand om dina Brizy-produkter<\/strong><\/h2>\n\n\n\n<p>F\u00f6r att f\u00e5 ut maximal livsl\u00e4ngd, komfort och kvalitet av dina Brizy-produkter \u00e4r det viktigt att f\u00f6lja v\u00e5ra rekommenderade sk\u00f6tselr\u00e5d. Genom r\u00e4tt tv\u00e4tt och underh\u00e5ll bevarar du b\u00e5de passform, f\u00e4rg och material under l\u00e5ng tid.<\/p>\n\n\n\n<p>Observera att varje produkt kan ha unika sk\u00f6tselr\u00e5d. F\u00f6r produktspecifika instruktioner h\u00e4nvisar vi till sk\u00f6tselr\u00e5den som finns p\u00e5 respektive produktsida.<\/p>\n\n\n\n<div style=\"height:15px\" aria-hidden=\"true\" class=\"wp-block-spacer\"><\/div>\n\n\n\n<h3 class=\"wp-block-heading has-heading-4-font-size\">Kl\u00e4der<\/h3>\n\n\n\n<ul class=\"wp-block-list\">\n<li>Tv\u00e4tta plagget s\u00e5 snart du uppt\u00e4cker smuts f\u00f6r att f\u00f6rhindra att fl\u00e4ckar fastnar.<\/li>\n\n\n\n<li>Tv\u00e4tta alltid dina Brizy-produkter separat med liknande f\u00e4rger f\u00f6r att skydda material och f\u00e4rg.<\/li>\n\n\n\n<li>Anv\u00e4nd ett skonsamt tv\u00e4ttprogram vid 40 grader Celsius.<\/li>\n\n\n\n<li>St\u00e4ng dragkedjor.<\/li>\n\n\n\n<li>Hoppa \u00f6ver sk\u00f6ljmedel eftersom det kan p\u00e5verka tygkvalitet och f\u00e4rg.<\/li>\n\n\n\n<li>Vi rekommenderar inte att torktumla eller kemtv\u00e4tta plagget.<\/li>\n\n\n\n<li>Stryk p\u00e5 l\u00e5g v\u00e4rme f\u00f6r att undvika skador p\u00e5 tyget.<\/li>\n\n\n\n<li>Anv\u00e4nd f\u00f6rtv\u00e4tt och extra sk\u00f6ljning vid behov f\u00f6r b\u00e4sta resultat.<\/li>\n\n\n\n<li>Vid envisa fl\u00e4ckar, behandla direkt p\u00e5 plats och bl\u00f6tl\u00e4gg plagget omedelbart efter anv\u00e4ndning. Se till att plagget \u00e4r fuktigt tills det tv\u00e4ttas.<\/li>\n<\/ul>\n\n\n\n<div style=\"height:15px\" aria-hidden=\"true\" class=\"wp-block-spacer\"><\/div>\n\n\n\n<h3 class=\"wp-block-heading has-heading-4-font-size\">Skor<\/h3>\n\n\n\n<ul class=\"wp-block-list\">\n<li>Putsas av regelbundet med en mjuk trasa eller handduk.<\/li>\n\n\n\n<li>L\u00e5t lufttorka om de blir bl\u00f6ta \u2013 undvik element och direkt v\u00e4rme.<\/li>\n\n\n\n<li>H\u00e5ll dragkedjan fri fr\u00e5n smuts och grus.<\/li>\n\n\n\n<li>F\u00f6rvara med skoblock eller tidningspapper f\u00f6r att beh\u00e5lla formen.<\/li>\n\n\n\n<li>Anv\u00e4nd l\u00e4derreng\u00f6ring vid behov.<\/li>\n\n\n\n<li>Sm\u00f6rj in med skokr\u00e4m f\u00f6r l\u00e4der f\u00f6r att bevara smidighet och glans.<\/li>\n<\/ul>\n\n\n\n<div style=\"height:118px\" aria-hidden=\"true\" class=\"wp-block-spacer\"><\/div>\n","protected":false},"excerpt":{"rendered":"<p>Ta hand om dina Brizy-produkter F\u00f6r att f\u00e5 ut maximal livsl\u00e4ngd, komfort och kvalitet av dina Brizy-produkter \u00e4r det viktigt att f\u00f6lja v\u00e5ra rekommenderade sk\u00f6tselr\u00e5d. Genom r\u00e4tt tv\u00e4tt och underh\u00e5ll bevarar du b\u00e5de passform, f\u00e4rg och material under l\u00e5ng tid. Observera att varje produkt kan ha unika sk\u00f6tselr\u00e5d. F\u00f6r produktspecifika instruktioner h\u00e4nvisar vi till sk\u00f6tselr\u00e5den [&hellip;]<\/p>\n","protected":false},"author":1,"featured_media":17829,"parent":0,"menu_order":0,"comment_status":"closed","ping_status":"closed","template":"narrow-text-template","meta":{"_acf_changed":false,"footnotes":""},"class_list":["post-11146","page","type-page","status-publish","has-post-thumbnail","hentry"],"acf":[],"yoast_head":"<!-- This site is optimized with the Yoast SEO plugin v27.4 - https:\/\/yoast.com\/product\/yoast-seo-wordpress\/ -->\n<title>Sk\u00f6tselr\u00e5d | Brizy<\/title>\n<meta name=\"description\" content=\"Sk\u00f6tselr\u00e5d Ta hand om dina Brizy-produkter F\u00f6r att f\u00e5 ut maximal livsl\u00e4ngd, komfort och kvalitet av dina Brizy-produkter \u00e4r det viktigt att f\u00f6lja v\u00e5ra\" \/>\n<meta name=\"robots\" content=\"index, follow, max-snippet:-1, max-image-preview:large, max-video-preview:-1\" \/>\n<link rel=\"canonical\" href=\"https:\/\/brizyproducts.com\/sv\/care-instructions\/\" \/>\n<meta property=\"og:locale\" content=\"sv_SE\" \/>\n<meta property=\"og:type\" content=\"article\" \/>\n<meta property=\"og:title\" content=\"Sk\u00f6tselr\u00e5d | Brizy\" \/>\n<meta property=\"og:description\" content=\"Sk\u00f6tselr\u00e5d Ta hand om dina Brizy-produkter F\u00f6r att f\u00e5 ut maximal livsl\u00e4ngd, komfort och kvalitet av dina Brizy-produkter \u00e4r det viktigt att f\u00f6lja v\u00e5ra\" \/>\n<meta property=\"og:url\" content=\"https:\/\/brizyproducts.com\/sv\/care-instructions\/\" \/>\n<meta property=\"og:site_name\" content=\"Brizy Products\" \/>\n<meta property=\"article:publisher\" content=\"https:\/\/www.facebook.com\/brizy.1983\/\" \/>\n<meta property=\"article:modified_time\" content=\"2026-02-18T09:37:48+00:00\" \/>\n<meta property=\"og:image\" content=\"https:\/\/brizyproducts.com\/wp-content\/uploads\/2023\/10\/Rectangle-1.webp\" \/>\n\t<meta property=\"og:image:width\" content=\"1728\" \/>\n\t<meta property=\"og:image:height\" content=\"895\" \/>\n\t<meta property=\"og:image:type\" content=\"image\/webp\" \/>\n<meta name=\"twitter:card\" content=\"summary_large_image\" \/>\n<!-- \/ Yoast SEO plugin. -->","yoast_head_json":{"title":"Sk\u00f6tselr\u00e5d | Brizy","description":"Sk\u00f6tselr\u00e5d Ta hand om dina Brizy-produkter F\u00f6r att f\u00e5 ut maximal livsl\u00e4ngd, komfort och kvalitet av dina Brizy-produkter \u00e4r det viktigt att f\u00f6lja v\u00e5ra","robots":{"index":"index","follow":"follow","max-snippet":"max-snippet:-1","max-image-preview":"max-image-preview:large","max-video-preview":"max-video-preview:-1"},"canonical":"https:\/\/brizyproducts.com\/sv\/care-instructions\/","og_locale":"sv_SE","og_type":"article","og_title":"Sk\u00f6tselr\u00e5d | Brizy","og_description":"Sk\u00f6tselr\u00e5d Ta hand om dina Brizy-produkter F\u00f6r att f\u00e5 ut maximal livsl\u00e4ngd, komfort och kvalitet av dina Brizy-produkter \u00e4r det viktigt att f\u00f6lja v\u00e5ra","og_url":"https:\/\/brizyproducts.com\/sv\/care-instructions\/","og_site_name":"Brizy Products","article_publisher":"https:\/\/www.facebook.com\/brizy.1983\/","article_modified_time":"2026-02-18T09:37:48+00:00","og_image":[{"width":1728,"height":895,"url":"https:\/\/brizyproducts.com\/wp-content\/uploads\/2023\/10\/Rectangle-1.webp","type":"image\/webp"}],"twitter_card":"summary_large_image","schema":{"@context":"https:\/\/schema.org","@graph":[{"@type":"WebPage","@id":"https:\/\/brizyproducts.com\/sv\/care-instructions\/","url":"https:\/\/brizyproducts.com\/sv\/care-instructions\/","name":"Sk\u00f6tselr\u00e5d | Brizy","isPartOf":{"@id":"https:\/\/brizyproducts.com\/sv\/#website"},"primaryImageOfPage":{"@id":"https:\/\/brizyproducts.com\/sv\/care-instructions\/#primaryimage"},"image":{"@id":"https:\/\/brizyproducts.com\/sv\/care-instructions\/#primaryimage"},"thumbnailUrl":"https:\/\/brizyproducts.com\/wp-content\/uploads\/2023\/10\/Rectangle-1.webp","datePublished":"2023-11-23T14:42:18+00:00","dateModified":"2026-02-18T09:37:48+00:00","description":"Sk\u00f6tselr\u00e5d Ta hand om dina Brizy-produkter F\u00f6r att f\u00e5 ut maximal livsl\u00e4ngd, komfort och kvalitet av dina Brizy-produkter \u00e4r det viktigt att f\u00f6lja v\u00e5ra","breadcrumb":{"@id":"https:\/\/brizyproducts.com\/sv\/care-instructions\/#breadcrumb"},"inLanguage":"sv-SE","potentialAction":[{"@type":"ReadAction","target":["https:\/\/brizyproducts.com\/sv\/care-instructions\/"]}]},{"@type":"ImageObject","inLanguage":"sv-SE","@id":"https:\/\/brizyproducts.com\/sv\/care-instructions\/#primaryimage","url":"https:\/\/brizyproducts.com\/wp-content\/uploads\/2023\/10\/Rectangle-1.webp","contentUrl":"https:\/\/brizyproducts.com\/wp-content\/uploads\/2023\/10\/Rectangle-1.webp","width":1728,"height":895},{"@type":"BreadcrumbList","@id":"https:\/\/brizyproducts.com\/sv\/care-instructions\/#breadcrumb","itemListElement":[{"@type":"ListItem","position":1,"name":"Hem","item":"https:\/\/brizyproducts.com\/sv\/"},{"@type":"ListItem","position":2,"name":"Sk\u00f6tselr\u00e5d"}]},{"@type":"WebSite","@id":"https:\/\/brizyproducts.com\/sv\/#website","url":"https:\/\/brizyproducts.com\/sv\/","name":"Brizy","description":"","publisher":{"@id":"https:\/\/brizyproducts.com\/sv\/#organization"},"potentialAction":[{"@type":"SearchAction","target":{"@type":"EntryPoint","urlTemplate":"https:\/\/brizyproducts.com\/sv\/?s={search_term_string}"},"query-input":{"@type":"PropertyValueSpecification","valueRequired":true,"valueName":"search_term_string"}}],"inLanguage":"sv-SE"},{"@type":"Organization","@id":"https:\/\/brizyproducts.com\/sv\/#organization","name":"Brizy","url":"https:\/\/brizyproducts.com\/sv\/","logo":{"@type":"ImageObject","inLanguage":"sv-SE","@id":"https:\/\/brizyproducts.com\/sv\/#\/schema\/logo\/image\/","url":"https:\/\/brizyproducts.com\/wp-content\/uploads\/2023\/12\/Brizy-old.svg","contentUrl":"https:\/\/brizyproducts.com\/wp-content\/uploads\/2023\/12\/Brizy-old.svg","width":1,"height":1,"caption":"Brizy"},"image":{"@id":"https:\/\/brizyproducts.com\/sv\/#\/schema\/logo\/image\/"},"sameAs":["https:\/\/www.facebook.com\/brizy.1983\/","https:\/\/www.linkedin.com\/company\/brizy-produktion\/"]}]}},"_links":{"self":[{"href":"https:\/\/brizyproducts.com\/sv\/wp-json\/wp\/v2\/pages\/11146","targetHints":{"allow":["GET"]}}],"collection":[{"href":"https:\/\/brizyproducts.com\/sv\/wp-json\/wp\/v2\/pages"}],"about":[{"href":"https:\/\/brizyproducts.com\/sv\/wp-json\/wp\/v2\/types\/page"}],"author":[{"embeddable":true,"href":"https:\/\/brizyproducts.com\/sv\/wp-json\/wp\/v2\/users\/1"}],"replies":[{"embeddable":true,"href":"https:\/\/brizyproducts.com\/sv\/wp-json\/wp\/v2\/comments?post=11146"}],"version-history":[{"count":2,"href":"https:\/\/brizyproducts.com\/sv\/wp-json\/wp\/v2\/pages\/11146\/revisions"}],"predecessor-version":[{"id":22864,"href":"https:\/\/brizyproducts.com\/sv\/wp-json\/wp\/v2\/pages\/11146\/revisions\/22864"}],"wp:featuredmedia":[{"embeddable":true,"href":"https:\/\/brizyproducts.com\/sv\/wp-json\/wp\/v2\/media\/17829"}],"wp:attachment":[{"href":"https:\/\/brizyproducts.com\/sv\/wp-json\/wp\/v2\/media?parent=11146"}],"curies":[{"name":"wp","href":"https:\/\/api.w.org\/{rel}","templated":true}]}}