{"id":11140,"date":"2023-10-23T18:33:53","date_gmt":"2023-10-23T18:33:53","guid":{"rendered":"https:\/\/brizyproducts.com\/om-oss\/"},"modified":"2026-04-09T14:32:10","modified_gmt":"2026-04-09T14:32:10","slug":"om-oss","status":"publish","type":"page","link":"https:\/\/brizyproducts.com\/sv\/om-oss\/","title":{"rendered":"Om oss"},"content":{"rendered":"\n<div class=\"wp-block-cover alignfull has-custom-content-position is-position-bottom-left\" style=\"padding-top:var(--wp--preset--spacing--30);padding-bottom:var(--wp--preset--spacing--30);min-height:100vh;aspect-ratio:unset;\"><img decoding=\"async\" width=\"2560\" height=\"1206\" sizes=\"100vw\" class=\"wp-block-cover__image-background wp-image-20373 size-full\" alt=\"\" src=\"https:\/\/brizyproducts.com\/wp-content\/uploads\/2025\/10\/DSC09423-scaled.webp\" data-object-fit=\"cover\" srcset=\"https:\/\/brizyproducts.com\/wp-content\/uploads\/2025\/10\/DSC09423-scaled.webp 2560w, https:\/\/brizyproducts.com\/wp-content\/uploads\/2025\/10\/DSC09423-900x424.webp 900w, https:\/\/brizyproducts.com\/wp-content\/uploads\/2025\/10\/DSC09423-300x141.webp 300w, https:\/\/brizyproducts.com\/wp-content\/uploads\/2025\/10\/DSC09423-768x362.webp 768w, https:\/\/brizyproducts.com\/wp-content\/uploads\/2025\/10\/DSC09423-1536x724.webp 1536w, https:\/\/brizyproducts.com\/wp-content\/uploads\/2025\/10\/DSC09423-2048x965.webp 2048w, https:\/\/brizyproducts.com\/wp-content\/uploads\/2025\/10\/DSC09423-600x283.webp 600w\" \/><span aria-hidden=\"true\" class=\"wp-block-cover__background has-skogsgron-background-color has-background-dim-20 has-background-dim\"><\/span><div class=\"wp-block-cover__inner-container has-global-padding is-layout-constrained wp-container-core-cover-is-layout-1ead8876 wp-block-cover-is-layout-constrained\">\n<div class=\"wp-block-group has-global-padding is-layout-constrained wp-container-core-group-is-layout-c84a538d wp-block-group-is-layout-constrained\">\n<h1 class=\"wp-block-heading has-vinter-color has-text-color has-link-color has-heading-1-font-size wp-elements-dc44be60ac95565f6fb23d9ab701ca4d\">Om oss<\/h1>\n<\/div>\n<\/div><\/div>\n\n\n\n<div style=\"height:20px\" aria-hidden=\"true\" class=\"wp-block-spacer\"><\/div>\n\n\n\n<div class=\"wp-block-columns is-style-default is-layout-flex wp-container-core-columns-is-layout-36d0546d wp-block-columns-is-layout-flex\" style=\"margin-top:0;margin-bottom:0;padding-right:0px;padding-left:0px\">\n<div class=\"wp-block-column is-layout-flow wp-block-column-is-layout-flow\">\n<h2 class=\"wp-block-heading has-text-align-center has-heading-1-font-size\">Brizy Produktion AB<\/h2>\n\n\n\n<div style=\"height:20px\" aria-hidden=\"true\" class=\"wp-block-spacer\"><\/div>\n\n\n\n<h3 class=\"wp-block-heading has-heading-4-font-size\">V\u00e5r resa<\/h3>\n\n\n\n<p class=\"has-body-md-font-size\">Brizy grundades 1983 med sina r\u00f6tter djupt f\u00f6rankrade i textilindustrin, med en vision om kvalitet, perfekt passform och n\u00e4ra relationer med v\u00e5ra kunder. Dessa v\u00e4rderingar \u00e4r fortfarande k\u00e4rnan i v\u00e5r verksamhet idag. Under \u00e5ren har vi utvecklat v\u00e5r expertis och idag \u00e4r vi stolta \u00f6ver att vara en ledande akt\u00f6r inom h\u00e4stkl\u00e4der f\u00f6r t\u00e4vlings- och stallmilj\u00f6er. V\u00e5r passion f\u00f6r f\u00f6rarens engagemang och den st\u00e4ndiga str\u00e4van efter f\u00f6rb\u00e4ttring \u00e5terspeglas i v\u00e5ra produkter.<\/p>\n\n\n\n<figure class=\"wp-block-image size-full is-resized has-custom-border is-style-default\" style=\"margin-top:0;margin-right:0;margin-bottom:0;margin-left:0\"><img decoding=\"async\" width=\"1024\" height=\"682\" sizes=\"(max-width: 1024px) 100vw, 1024px\" src=\"https:\/\/brizyproducts.com\/wp-content\/uploads\/2025\/11\/ANA7736-1-web.webp\" alt=\"\" class=\"wp-image-21050\" style=\"border-style:none;border-width:0px;border-radius:0px;width:1280px;height:auto\" srcset=\"https:\/\/brizyproducts.com\/wp-content\/uploads\/2025\/11\/ANA7736-1-web.webp 1024w, https:\/\/brizyproducts.com\/wp-content\/uploads\/2025\/11\/ANA7736-1-web-900x599.webp 900w, https:\/\/brizyproducts.com\/wp-content\/uploads\/2025\/11\/ANA7736-1-web-300x200.webp 300w, https:\/\/brizyproducts.com\/wp-content\/uploads\/2025\/11\/ANA7736-1-web-768x512.webp 768w, https:\/\/brizyproducts.com\/wp-content\/uploads\/2025\/11\/ANA7736-1-web-600x400.webp 600w\" \/><\/figure>\n\n\n\n<div style=\"height:20px\" aria-hidden=\"true\" class=\"wp-block-spacer\"><\/div>\n\n\n\n<h3 class=\"wp-block-heading has-heading-4-font-size\"><strong>Global expansion med of\u00f6r\u00e4ndrad passion<\/strong><\/h3>\n<\/div>\n<\/div>\n\n\n\n<div class=\"wp-block-columns is-style-default is-layout-flex wp-container-core-columns-is-layout-36d0546d wp-block-columns-is-layout-flex\" style=\"margin-top:0;margin-bottom:0;padding-right:0px;padding-left:0px\">\n<div class=\"wp-block-column is-layout-flow wp-block-column-is-layout-flow\">\n<p class=\"has-body-md-font-size\">Med tiden har Brizy expanderat \u00f6ver kontinentala gr\u00e4nser, och idag n\u00e5r vi kunder i Europa, Nordamerika och Australien. Trots v\u00e5r globala n\u00e4rvaro f\u00f6rblir v\u00e5r k\u00e4rna of\u00f6r\u00e4ndrad: Vi str\u00e4var efter att erbjuda kl\u00e4der som kombinerar h\u00f6gsta kvalitet och passform, skr\u00e4ddarsydda efter dina specifika behov, oavsett var i v\u00e4rlden du befinner dig. V\u00e5rt team, d\u00e4r m\u00e5nga har l\u00e5ng erfarenhet av ridsportbranschen, fungerar som moderna skr\u00e4ddare med en unik f\u00f6rm\u00e5ga att designa och anpassa varje plagg efter individuella preferenser och m\u00e5tt.<\/p>\n\n\n\n<figure class=\"wp-block-image size-full is-resized has-custom-border is-style-default\" style=\"margin-top:0;margin-right:0;margin-bottom:0;margin-left:0\"><img data-dominant-color=\"757071\" data-has-transparency=\"false\" decoding=\"async\" width=\"2560\" height=\"1707\" sizes=\"(max-width: 1280px) 100vw, 1280px\" src=\"https:\/\/brizyproducts.com\/wp-content\/uploads\/2025\/11\/Orjan-scaled.webp\" alt=\"\" class=\"wp-image-21040 not-transparent\" style=\"--dominant-color: #757071; border-style:none;border-width:0px;border-radius:0px;width:1280px;height:auto\" srcset=\"https:\/\/brizyproducts.com\/wp-content\/uploads\/2025\/11\/Orjan-scaled.webp 2560w, https:\/\/brizyproducts.com\/wp-content\/uploads\/2025\/11\/Orjan-900x600.webp 900w, https:\/\/brizyproducts.com\/wp-content\/uploads\/2025\/11\/Orjan-300x200.webp 300w, https:\/\/brizyproducts.com\/wp-content\/uploads\/2025\/11\/Orjan-768x512.webp 768w, https:\/\/brizyproducts.com\/wp-content\/uploads\/2025\/11\/Orjan-1536x1024.webp 1536w, https:\/\/brizyproducts.com\/wp-content\/uploads\/2025\/11\/Orjan-2048x1365.webp 2048w, https:\/\/brizyproducts.com\/wp-content\/uploads\/2025\/11\/Orjan-600x400.webp 600w\" \/><\/figure>\n<\/div>\n<\/div>\n\n\n\n<div style=\"height:20px\" aria-hidden=\"true\" class=\"wp-block-spacer\"><\/div>\n\n\n\n<h3 class=\"wp-block-heading has-heading-4-font-size\">Fabriken: Hj\u00e4rtat i v\u00e5rt varum\u00e4rke<\/h3>\n\n\n\n<p class=\"has-body-md-font-size\">Sedan starten har vi haft egen produktion och det har varit en viktig del av v\u00e5r framg\u00e5ng. Med ett dedikerat team av m\u00f6nsterkonstrukt\u00f6rer och s\u00f6mmerskor som \u00e4r involverade i hela tillverkningsprocessen s\u00e4kerst\u00e4ller vi h\u00f6gkvalitativa textilprodukter. V\u00e5r anl\u00e4ggning, som \u00e4r utrustad med den senaste digitala tekniken, g\u00f6r det m\u00f6jligt att skapa produkter med precision och kvalitet &#8211; fr\u00e5n prototyper till f\u00e4rdiga plagg.  <\/p>\n\n\n\n<p class=\"has-body-md-font-size\">V\u00e5r fabrik, med ett engagerat team p\u00e5 25 anst\u00e4llda, anv\u00e4nder avancerad teknik f\u00f6r att trycka exakta f\u00e4rgnyanser, lasersk\u00e4ra perfekta m\u00f6nster och skr\u00e4ddarsy varje enskilt plagg. Denna process garanterar att du f\u00e5r en produkt av h\u00f6gsta kvalitet, anpassad efter dina exakta preferenser och m\u00e5tt &#8211; g\u00e5ng p\u00e5 g\u00e5ng. <\/p>\n\n\n\n<figure class=\"wp-block-video\"><video height=\"1080\" style=\"aspect-ratio: 1920 \/ 1080;\" width=\"1920\" autoplay controls loop muted src=\"https:\/\/brizyproducts.com\/wp-content\/uploads\/2023\/11\/2023-10-26-Brizy-Fabriksklipp-1080-final.mp4\" playsinline><\/video><\/figure>\n\n\n\n<div style=\"height:103px\" aria-hidden=\"true\" class=\"wp-block-spacer\"><\/div>\n\n\n\n\n\n\n\n\n\n\n\n\n\n\n\n\n\n\n\n\n\n\n","protected":false},"excerpt":{"rendered":"<p>Brizy Produktion AB V\u00e5r resa Brizy grundades 1983 med sina r\u00f6tter djupt f\u00f6rankrade i textilindustrin, med en vision om kvalitet, perfekt passform och n\u00e4ra relationer med v\u00e5ra kunder. Dessa v\u00e4rderingar \u00e4r fortfarande k\u00e4rnan i v\u00e5r verksamhet idag. Under \u00e5ren har vi utvecklat v\u00e5r expertis och idag \u00e4r vi stolta \u00f6ver att vara en ledande akt\u00f6r [&hellip;]<\/p>\n","protected":false},"author":1,"featured_media":10952,"parent":0,"menu_order":0,"comment_status":"closed","ping_status":"closed","template":"narrow-text-template","meta":{"_acf_changed":false,"footnotes":""},"class_list":["post-11140","page","type-page","status-publish","has-post-thumbnail","hentry"],"acf":[],"yoast_head":"<!-- This site is optimized with the Yoast SEO plugin v27.4 - https:\/\/yoast.com\/product\/yoast-seo-wordpress\/ -->\n<title>Om oss | Brizy<\/title>\n<meta name=\"description\" content=\"Om oss Brizy Produktion AB V\u00e5r resa Brizy grundades 1983 med sina r\u00f6tter djupt f\u00f6rankrade i textilindustrin, med en vision om kvalitet, perfekt passform\" \/>\n<meta name=\"robots\" content=\"index, follow, max-snippet:-1, max-image-preview:large, max-video-preview:-1\" \/>\n<link rel=\"canonical\" href=\"https:\/\/brizyproducts.com\/sv\/om-oss\/\" \/>\n<meta property=\"og:locale\" content=\"sv_SE\" \/>\n<meta property=\"og:type\" content=\"article\" \/>\n<meta property=\"og:title\" content=\"Om oss | Brizy\" \/>\n<meta property=\"og:description\" content=\"Om oss Brizy Produktion AB V\u00e5r resa Brizy grundades 1983 med sina r\u00f6tter djupt f\u00f6rankrade i textilindustrin, med en vision om kvalitet, perfekt passform\" \/>\n<meta property=\"og:url\" content=\"https:\/\/brizyproducts.com\/sv\/om-oss\/\" \/>\n<meta property=\"og:site_name\" content=\"Brizy Products\" \/>\n<meta property=\"article:publisher\" content=\"https:\/\/www.facebook.com\/brizy.1983\/\" \/>\n<meta property=\"article:modified_time\" content=\"2026-04-09T14:32:10+00:00\" \/>\n<meta property=\"og:image\" content=\"https:\/\/brizyproducts.com\/wp-content\/uploads\/2023\/10\/hailmary-jpg-webp.webp\" \/>\n\t<meta property=\"og:image:width\" content=\"2048\" \/>\n\t<meta property=\"og:image:height\" content=\"1365\" \/>\n\t<meta property=\"og:image:type\" content=\"image\/jpeg\" \/>\n<meta name=\"twitter:card\" content=\"summary_large_image\" \/>\n<!-- \/ Yoast SEO plugin. -->","yoast_head_json":{"title":"Om oss | Brizy","description":"Om oss Brizy Produktion AB V\u00e5r resa Brizy grundades 1983 med sina r\u00f6tter djupt f\u00f6rankrade i textilindustrin, med en vision om kvalitet, perfekt passform","robots":{"index":"index","follow":"follow","max-snippet":"max-snippet:-1","max-image-preview":"max-image-preview:large","max-video-preview":"max-video-preview:-1"},"canonical":"https:\/\/brizyproducts.com\/sv\/om-oss\/","og_locale":"sv_SE","og_type":"article","og_title":"Om oss | Brizy","og_description":"Om oss Brizy Produktion AB V\u00e5r resa Brizy grundades 1983 med sina r\u00f6tter djupt f\u00f6rankrade i textilindustrin, med en vision om kvalitet, perfekt passform","og_url":"https:\/\/brizyproducts.com\/sv\/om-oss\/","og_site_name":"Brizy Products","article_publisher":"https:\/\/www.facebook.com\/brizy.1983\/","article_modified_time":"2026-04-09T14:32:10+00:00","og_image":[{"width":2048,"height":1365,"url":"https:\/\/brizyproducts.com\/wp-content\/uploads\/2023\/10\/hailmary-jpg-webp.webp","type":"image\/jpeg"}],"twitter_card":"summary_large_image","schema":{"@context":"https:\/\/schema.org","@graph":[{"@type":"WebPage","@id":"https:\/\/brizyproducts.com\/sv\/om-oss\/","url":"https:\/\/brizyproducts.com\/sv\/om-oss\/","name":"Om oss | Brizy","isPartOf":{"@id":"https:\/\/brizyproducts.com\/sv\/#website"},"primaryImageOfPage":{"@id":"https:\/\/brizyproducts.com\/sv\/om-oss\/#primaryimage"},"image":{"@id":"https:\/\/brizyproducts.com\/sv\/om-oss\/#primaryimage"},"thumbnailUrl":"https:\/\/brizyproducts.com\/wp-content\/uploads\/2023\/10\/hailmary-jpg-webp.webp","datePublished":"2023-10-23T18:33:53+00:00","dateModified":"2026-04-09T14:32:10+00:00","description":"Om oss Brizy Produktion AB V\u00e5r resa Brizy grundades 1983 med sina r\u00f6tter djupt f\u00f6rankrade i textilindustrin, med en vision om kvalitet, perfekt passform","breadcrumb":{"@id":"https:\/\/brizyproducts.com\/sv\/om-oss\/#breadcrumb"},"inLanguage":"sv-SE","potentialAction":[{"@type":"ReadAction","target":["https:\/\/brizyproducts.com\/sv\/om-oss\/"]}]},{"@type":"ImageObject","inLanguage":"sv-SE","@id":"https:\/\/brizyproducts.com\/sv\/om-oss\/#primaryimage","url":"https:\/\/brizyproducts.com\/wp-content\/uploads\/2023\/10\/hailmary-jpg-webp.webp","contentUrl":"https:\/\/brizyproducts.com\/wp-content\/uploads\/2023\/10\/hailmary-jpg-webp.webp","width":2048,"height":1365},{"@type":"BreadcrumbList","@id":"https:\/\/brizyproducts.com\/sv\/om-oss\/#breadcrumb","itemListElement":[{"@type":"ListItem","position":1,"name":"Hem","item":"https:\/\/brizyproducts.com\/sv\/"},{"@type":"ListItem","position":2,"name":"Om oss"}]},{"@type":"WebSite","@id":"https:\/\/brizyproducts.com\/sv\/#website","url":"https:\/\/brizyproducts.com\/sv\/","name":"Brizy","description":"","publisher":{"@id":"https:\/\/brizyproducts.com\/sv\/#organization"},"potentialAction":[{"@type":"SearchAction","target":{"@type":"EntryPoint","urlTemplate":"https:\/\/brizyproducts.com\/sv\/?s={search_term_string}"},"query-input":{"@type":"PropertyValueSpecification","valueRequired":true,"valueName":"search_term_string"}}],"inLanguage":"sv-SE"},{"@type":"Organization","@id":"https:\/\/brizyproducts.com\/sv\/#organization","name":"Brizy","url":"https:\/\/brizyproducts.com\/sv\/","logo":{"@type":"ImageObject","inLanguage":"sv-SE","@id":"https:\/\/brizyproducts.com\/sv\/#\/schema\/logo\/image\/","url":"https:\/\/brizyproducts.com\/wp-content\/uploads\/2023\/12\/Brizy-old.svg","contentUrl":"https:\/\/brizyproducts.com\/wp-content\/uploads\/2023\/12\/Brizy-old.svg","width":1,"height":1,"caption":"Brizy"},"image":{"@id":"https:\/\/brizyproducts.com\/sv\/#\/schema\/logo\/image\/"},"sameAs":["https:\/\/www.facebook.com\/brizy.1983\/","https:\/\/www.linkedin.com\/company\/brizy-produktion\/"]}]}},"_links":{"self":[{"href":"https:\/\/brizyproducts.com\/sv\/wp-json\/wp\/v2\/pages\/11140","targetHints":{"allow":["GET"]}}],"collection":[{"href":"https:\/\/brizyproducts.com\/sv\/wp-json\/wp\/v2\/pages"}],"about":[{"href":"https:\/\/brizyproducts.com\/sv\/wp-json\/wp\/v2\/types\/page"}],"author":[{"embeddable":true,"href":"https:\/\/brizyproducts.com\/sv\/wp-json\/wp\/v2\/users\/1"}],"replies":[{"embeddable":true,"href":"https:\/\/brizyproducts.com\/sv\/wp-json\/wp\/v2\/comments?post=11140"}],"version-history":[{"count":3,"href":"https:\/\/brizyproducts.com\/sv\/wp-json\/wp\/v2\/pages\/11140\/revisions"}],"predecessor-version":[{"id":24144,"href":"https:\/\/brizyproducts.com\/sv\/wp-json\/wp\/v2\/pages\/11140\/revisions\/24144"}],"wp:featuredmedia":[{"embeddable":true,"href":"https:\/\/brizyproducts.com\/sv\/wp-json\/wp\/v2\/media\/10952"}],"wp:attachment":[{"href":"https:\/\/brizyproducts.com\/sv\/wp-json\/wp\/v2\/media?parent=11140"}],"curies":[{"name":"wp","href":"https:\/\/api.w.org\/{rel}","templated":true}]}}