{"id":23881,"date":"2026-04-09T08:00:05","date_gmt":"2026-04-09T08:00:05","guid":{"rendered":"https:\/\/brizyproducts.com\/?post_type=product&#038;p=23881"},"modified":"2026-04-09T11:41:56","modified_gmt":"2026-04-09T11:41:56","slug":"chantilly-breeches","status":"publish","type":"product","link":"https:\/\/brizyproducts.com\/fr\/product\/chantilly-breeches\/","title":{"rendered":"Chantilly Breeches"},"content":{"rendered":"<h2><strong>Pantalon de galop en mati\u00e8re \u00e9lastique avec ajustement optimal et libert\u00e9 de mouvement<\/strong><\/h2>\n<p>Les Breeches Chantilly est un pantalon de galop technique, d\u00e9velopp\u00e9 pour r\u00e9pondre aux exigences les plus \u00e9lev\u00e9es du sport, avec un focus total sur la performance, le confort et la pr\u00e9cision du jockey. Le tissu stretch avanc\u00e9 offre un ajustement pr\u00e9cis et fluide qui suit naturellement les mouvements du corps et garantit une libert\u00e9 de mouvement maximale sans r\u00e9sistance \u2013 essentiel en selle lors des phases les plus intenses d\u2019une course ou du travail.<\/p>\n<p>Les bas de jambes \u00e9lastiques sont con\u00e7us pour un ajustement serr\u00e9 et a\u00e9rodynamique sous les bottes, sans surplus de mati\u00e8re ni transitions visibles. Des empi\u00e8cements \u00e9lastiques int\u00e9gr\u00e9s \u00e0 la taille assurent un maintien stable et un ajustement personnalis\u00e9. Le pantalon peut \u00e9galement \u00eatre confectionn\u00e9 sur mesure pour un ajustement parfaitement adapt\u00e9 \u2013 contactez-nous pour plus d\u2019informations.<\/p>\n<p>Ce pantalon de galop pour jockey est personnalisable par sublimation, o\u00f9 les noms et logos sont directement int\u00e9gr\u00e9s dans le tissu et toujours inclus dans le prix. L\u2019impression fait partie du mat\u00e9riau, ce qui garantit qu\u2019elle ne se fissure pas, ne se d\u00e9colore pas et ne se d\u00e9tache pas \u2013 m\u00eame en cas d\u2019utilisation intensive et de lavages r\u00e9p\u00e9t\u00e9s.<\/p>\n<p>Le r\u00e9sultat est un pantalon technique avec une sensation sur mesure, d\u00e9velopp\u00e9 pour les jockeys exigeant performance, durabilit\u00e9 et une finition professionnelle.<\/p>\n\n","protected":false},"excerpt":{"rendered":"<p>Breeches de jockey sur mesure en tissu stretch.<\/p>\n","protected":false},"featured_media":24058,"comment_status":"closed","ping_status":"closed","template":"","meta":{"_acf_changed":false},"product_brand":[],"product_cat":[241],"product_tag":[],"season":[501],"gender":[509,511],"collection":[592],"activity":[594],"product_type_brizy":[],"class_list":{"0":"post-23881","1":"product","2":"type-product","3":"status-publish","4":"has-post-thumbnail","6":"product_cat-trousers","7":"season-summer","8":"gender-men","9":"gender-women","10":"collection-chantilly","11":"activity-gallop","13":"first","14":"instock","15":"taxable","16":"shipping-taxable","17":"purchasable","18":"product-type-variable"},"acf":[],"yoast_head":"<!-- This site is optimized with the Yoast SEO plugin v27.3 - https:\/\/yoast.com\/product\/yoast-seo-wordpress\/ -->\n<title>Chantilly Breeches | Culottes de jockey stretch | Brizy<\/title>\n<meta name=\"description\" content=\"Culottes sur mesure pour jockeys de galop. Con\u00e7ues dans un tissu l\u00e9ger et extensible, elles offrent un ajustement parfait et un confort optimal.\" \/>\n<meta name=\"robots\" content=\"index, follow, max-snippet:-1, max-image-preview:large, max-video-preview:-1\" \/>\n<link rel=\"canonical\" href=\"https:\/\/brizyproducts.com\/fr\/product\/chantilly-breeches\/\" \/>\n<meta property=\"og:locale\" content=\"fr_FR\" \/>\n<meta property=\"og:type\" content=\"article\" \/>\n<meta property=\"og:title\" content=\"Chantilly Breeches | Culottes de jockey stretch | Brizy\" \/>\n<meta property=\"og:description\" content=\"Culottes sur mesure pour jockeys de galop. Con\u00e7ues dans un tissu l\u00e9ger et extensible, elles offrent un ajustement parfait et un confort optimal.\" \/>\n<meta property=\"og:url\" content=\"https:\/\/brizyproducts.com\/fr\/product\/chantilly-breeches\/\" \/>\n<meta property=\"og:site_name\" content=\"Brizy Products\" \/>\n<meta property=\"article:publisher\" content=\"https:\/\/www.facebook.com\/brizy.1983\/\" \/>\n<meta property=\"article:modified_time\" content=\"2026-04-09T11:41:56+00:00\" \/>\n<meta property=\"og:image\" content=\"https:\/\/brizyproducts.com\/wp-content\/uploads\/2026\/04\/2-1-scaled.webp\" \/>\n\t<meta property=\"og:image:width\" content=\"1707\" \/>\n\t<meta property=\"og:image:height\" content=\"2560\" \/>\n\t<meta property=\"og:image:type\" content=\"image\/png\" \/>\n<meta name=\"twitter:card\" content=\"summary_large_image\" \/>\n<meta property=\"og:availability\" content=\"instock\" \/>\n<meta property=\"product:availability\" content=\"instock\" \/>\n<meta property=\"product:condition\" content=\"new\" \/>\n<!-- \/ Yoast SEO plugin. -->","yoast_head_json":{"title":"Chantilly Breeches | Culottes de jockey stretch | Brizy","description":"Culottes sur mesure pour jockeys de galop. Con\u00e7ues dans un tissu l\u00e9ger et extensible, elles offrent un ajustement parfait et un confort optimal.","robots":{"index":"index","follow":"follow","max-snippet":"max-snippet:-1","max-image-preview":"max-image-preview:large","max-video-preview":"max-video-preview:-1"},"canonical":"https:\/\/brizyproducts.com\/fr\/product\/chantilly-breeches\/","og_locale":"fr_FR","og_type":"article","og_title":"Chantilly Breeches | Culottes de jockey stretch | Brizy","og_description":"Culottes sur mesure pour jockeys de galop. Con\u00e7ues dans un tissu l\u00e9ger et extensible, elles offrent un ajustement parfait et un confort optimal.","og_url":"https:\/\/brizyproducts.com\/fr\/product\/chantilly-breeches\/","og_site_name":"Brizy Products","article_publisher":"https:\/\/www.facebook.com\/brizy.1983\/","article_modified_time":"2026-04-09T11:41:56+00:00","og_image":[{"width":1707,"height":2560,"url":"https:\/\/brizyproducts.com\/wp-content\/uploads\/2026\/04\/2-1-scaled.webp","type":"image\/png"}],"twitter_card":"summary_large_image","schema":{"@context":"https:\/\/schema.org","@graph":[{"@type":"WebPage","@id":"https:\/\/brizyproducts.com\/fr\/product\/chantilly-breeches\/","url":"https:\/\/brizyproducts.com\/fr\/product\/chantilly-breeches\/","name":"Chantilly Breeches | Culottes de jockey stretch | Brizy","isPartOf":{"@id":"https:\/\/brizyproducts.com\/fr\/#website"},"primaryImageOfPage":{"@id":"https:\/\/brizyproducts.com\/fr\/product\/chantilly-breeches\/#primaryimage"},"image":{"@id":"https:\/\/brizyproducts.com\/fr\/product\/chantilly-breeches\/#primaryimage"},"thumbnailUrl":"https:\/\/brizyproducts.com\/wp-content\/uploads\/2026\/04\/2-1-scaled.webp","datePublished":"2026-04-09T08:00:05+00:00","dateModified":"2026-04-09T11:41:56+00:00","description":"Culottes sur mesure pour jockeys de galop. Con\u00e7ues dans un tissu l\u00e9ger et extensible, elles offrent un ajustement parfait et un confort optimal.","breadcrumb":{"@id":"https:\/\/brizyproducts.com\/fr\/product\/chantilly-breeches\/#breadcrumb"},"inLanguage":"fr-FR","potentialAction":[{"@type":"ReadAction","target":["https:\/\/brizyproducts.com\/fr\/product\/chantilly-breeches\/"]}]},{"@type":"ImageObject","inLanguage":"fr-FR","@id":"https:\/\/brizyproducts.com\/fr\/product\/chantilly-breeches\/#primaryimage","url":"https:\/\/brizyproducts.com\/wp-content\/uploads\/2026\/04\/2-1-scaled.webp","contentUrl":"https:\/\/brizyproducts.com\/wp-content\/uploads\/2026\/04\/2-1-scaled.webp","width":1707,"height":2560},{"@type":"BreadcrumbList","@id":"https:\/\/brizyproducts.com\/fr\/product\/chantilly-breeches\/#breadcrumb","itemListElement":[{"@type":"ListItem","position":1,"name":"Hem","item":"https:\/\/brizyproducts.com\/fr\/start-april-2026\/"},{"@type":"ListItem","position":2,"name":"Shop","item":"https:\/\/brizyproducts.com\/fr\/shop\/"},{"@type":"ListItem","position":3,"name":"Chantilly Breeches"}]},{"@type":"WebSite","@id":"https:\/\/brizyproducts.com\/fr\/#website","url":"https:\/\/brizyproducts.com\/fr\/","name":"Brizy","description":"","publisher":{"@id":"https:\/\/brizyproducts.com\/fr\/#organization"},"potentialAction":[{"@type":"SearchAction","target":{"@type":"EntryPoint","urlTemplate":"https:\/\/brizyproducts.com\/fr\/?s={search_term_string}"},"query-input":{"@type":"PropertyValueSpecification","valueRequired":true,"valueName":"search_term_string"}}],"inLanguage":"fr-FR"},{"@type":"Organization","@id":"https:\/\/brizyproducts.com\/fr\/#organization","name":"Brizy","url":"https:\/\/brizyproducts.com\/fr\/","logo":{"@type":"ImageObject","inLanguage":"fr-FR","@id":"https:\/\/brizyproducts.com\/fr\/#\/schema\/logo\/image\/","url":"https:\/\/brizyproducts.com\/wp-content\/uploads\/2023\/12\/Brizy-old.svg","contentUrl":"https:\/\/brizyproducts.com\/wp-content\/uploads\/2023\/12\/Brizy-old.svg","width":1,"height":1,"caption":"Brizy"},"image":{"@id":"https:\/\/brizyproducts.com\/fr\/#\/schema\/logo\/image\/"},"sameAs":["https:\/\/www.facebook.com\/brizy.1983\/","https:\/\/www.linkedin.com\/company\/brizy-produktion\/"]}]},"og_availability":"instock","product_availability":"instock","product_condition":"new"},"_links":{"self":[{"href":"https:\/\/brizyproducts.com\/fr\/wp-json\/wp\/v2\/product\/23881","targetHints":{"allow":["GET"]}}],"collection":[{"href":"https:\/\/brizyproducts.com\/fr\/wp-json\/wp\/v2\/product"}],"about":[{"href":"https:\/\/brizyproducts.com\/fr\/wp-json\/wp\/v2\/types\/product"}],"replies":[{"embeddable":true,"href":"https:\/\/brizyproducts.com\/fr\/wp-json\/wp\/v2\/comments?post=23881"}],"wp:featuredmedia":[{"embeddable":true,"href":"https:\/\/brizyproducts.com\/fr\/wp-json\/wp\/v2\/media\/24058"}],"wp:attachment":[{"href":"https:\/\/brizyproducts.com\/fr\/wp-json\/wp\/v2\/media?parent=23881"}],"wp:term":[{"taxonomy":"product_brand","embeddable":true,"href":"https:\/\/brizyproducts.com\/fr\/wp-json\/wp\/v2\/product_brand?post=23881"},{"taxonomy":"product_cat","embeddable":true,"href":"https:\/\/brizyproducts.com\/fr\/wp-json\/wp\/v2\/product_cat?post=23881"},{"taxonomy":"product_tag","embeddable":true,"href":"https:\/\/brizyproducts.com\/fr\/wp-json\/wp\/v2\/product_tag?post=23881"},{"taxonomy":"season","embeddable":true,"href":"https:\/\/brizyproducts.com\/fr\/wp-json\/wp\/v2\/season?post=23881"},{"taxonomy":"gender","embeddable":true,"href":"https:\/\/brizyproducts.com\/fr\/wp-json\/wp\/v2\/gender?post=23881"},{"taxonomy":"collection","embeddable":true,"href":"https:\/\/brizyproducts.com\/fr\/wp-json\/wp\/v2\/collection?post=23881"},{"taxonomy":"activity","embeddable":true,"href":"https:\/\/brizyproducts.com\/fr\/wp-json\/wp\/v2\/activity?post=23881"},{"taxonomy":"product_type_brizy","embeddable":true,"href":"https:\/\/brizyproducts.com\/fr\/wp-json\/wp\/v2\/product_type_brizy?post=23881"}],"curies":[{"name":"wp","href":"https:\/\/api.w.org\/{rel}","templated":true}]}}