{"id":23395,"date":"2026-04-01T11:27:44","date_gmt":"2026-04-01T11:27:44","guid":{"rendered":"https:\/\/brizyproducts.com\/?post_type=product&#038;p=23395"},"modified":"2026-04-01T11:51:52","modified_gmt":"2026-04-01T11:51:52","slug":"harrington-rain-pants-black","status":"publish","type":"product","link":"https:\/\/brizyproducts.com\/fr\/product\/harrington-rain-pants-black\/","title":{"rendered":"Pantalon de pluie Harrington"},"content":{"rendered":"<h2 data-start=\"106\" data-end=\"163\"><strong data-start=\"106\" data-end=\"161\">Pantalon de pluie noir, parfait pour l\u2019entra\u00eenement<\/strong><\/h2>\n<p data-start=\"165\" data-end=\"352\">Les Pantalons de pluie Harrington sont le choix \u00e9vident pour les conducteurs et le personnel d\u2019\u00e9curie \u00e0 la recherche d\u2019un pantalon r\u00e9sistant et polyvalent pour le travail au stable.<\/p>\n<p data-start=\"354\" data-end=\"699\">Gr\u00e2ce \u00e0 leur surface enduite de caoutchouc et leurs coutures soud\u00e9es, ces pantalons sont totalement coupe-vent et imperm\u00e9ables, vous gardant au sec par tous les temps. La taille \u00e9lastique avec cordon de serrage assure un maintien parfait, m\u00eame en mouvement. Id\u00e9aux et faciles \u00e0 enfiler lorsque le temps change entre les s\u00e9ances d\u2019entra\u00eenement.<\/p>\n<p>Un pantalon de pluie polyvalent con\u00e7u pour r\u00e9sister aux conditions m\u00e9t\u00e9orologiques impr\u00e9visibles du printemps et de l\u2019automne.<\/p>\n\n","protected":false},"excerpt":{"rendered":"<p>Pantalon de pluie avec surface enduite de caoutchouc et coutures soud\u00e9es.<\/p>\n","protected":false},"featured_media":23425,"comment_status":"closed","ping_status":"closed","template":"","meta":{"_acf_changed":false},"product_brand":[],"product_cat":[240,241],"product_tag":[],"season":[],"gender":[],"collection":[],"activity":[],"product_type_brizy":[],"class_list":{"0":"post-23395","1":"product","2":"type-product","3":"status-publish","4":"has-post-thumbnail","6":"product_cat-mens","7":"product_cat-trousers","9":"first","10":"instock","11":"taxable","12":"shipping-taxable","13":"purchasable","14":"product-type-variable"},"acf":[],"yoast_head":"<!-- This site is optimized with the Yoast SEO plugin v27.4 - https:\/\/yoast.com\/product\/yoast-seo-wordpress\/ -->\n<title>Pantalon de pluie Harrington | Pantalon de pluie pour le trot | Brizy<\/title>\n<meta name=\"description\" content=\"Un pantalon de pluie noir sp\u00e9cialement con\u00e7u pour les journ\u00e9es d\u2019entra\u00eenement pluvieuses. Parfait pour les conducteurs et entra\u00eeneurs d\u2019attelage.\" \/>\n<meta name=\"robots\" content=\"index, follow, max-snippet:-1, max-image-preview:large, max-video-preview:-1\" \/>\n<link rel=\"canonical\" href=\"https:\/\/brizyproducts.com\/fr\/product\/harrington-rain-pants-black\/\" \/>\n<meta property=\"og:locale\" content=\"fr_FR\" \/>\n<meta property=\"og:type\" content=\"article\" \/>\n<meta property=\"og:title\" content=\"Pantalon de pluie Harrington | Pantalon de pluie pour le trot | Brizy\" \/>\n<meta property=\"og:description\" content=\"Un pantalon de pluie noir sp\u00e9cialement con\u00e7u pour les journ\u00e9es d\u2019entra\u00eenement pluvieuses. Parfait pour les conducteurs et entra\u00eeneurs d\u2019attelage.\" \/>\n<meta property=\"og:url\" content=\"https:\/\/brizyproducts.com\/fr\/product\/harrington-rain-pants-black\/\" \/>\n<meta property=\"og:site_name\" content=\"Brizy Products\" \/>\n<meta property=\"article:publisher\" content=\"https:\/\/www.facebook.com\/brizy.1983\/\" \/>\n<meta property=\"article:modified_time\" content=\"2026-04-01T11:51:52+00:00\" \/>\n<meta property=\"og:image\" content=\"https:\/\/brizyproducts.com\/wp-content\/uploads\/2026\/04\/2b-scaled.webp\" \/>\n\t<meta property=\"og:image:width\" content=\"1920\" \/>\n\t<meta property=\"og:image:height\" content=\"2560\" \/>\n\t<meta property=\"og:image:type\" content=\"image\/png\" \/>\n<meta name=\"twitter:card\" content=\"summary_large_image\" \/>\n<meta property=\"og:availability\" content=\"instock\" \/>\n<meta property=\"product:availability\" content=\"instock\" \/>\n<meta property=\"product:condition\" content=\"new\" \/>\n<!-- \/ Yoast SEO plugin. -->","yoast_head_json":{"title":"Pantalon de pluie Harrington | Pantalon de pluie pour le trot | Brizy","description":"Un pantalon de pluie noir sp\u00e9cialement con\u00e7u pour les journ\u00e9es d\u2019entra\u00eenement pluvieuses. Parfait pour les conducteurs et entra\u00eeneurs d\u2019attelage.","robots":{"index":"index","follow":"follow","max-snippet":"max-snippet:-1","max-image-preview":"max-image-preview:large","max-video-preview":"max-video-preview:-1"},"canonical":"https:\/\/brizyproducts.com\/fr\/product\/harrington-rain-pants-black\/","og_locale":"fr_FR","og_type":"article","og_title":"Pantalon de pluie Harrington | Pantalon de pluie pour le trot | Brizy","og_description":"Un pantalon de pluie noir sp\u00e9cialement con\u00e7u pour les journ\u00e9es d\u2019entra\u00eenement pluvieuses. Parfait pour les conducteurs et entra\u00eeneurs d\u2019attelage.","og_url":"https:\/\/brizyproducts.com\/fr\/product\/harrington-rain-pants-black\/","og_site_name":"Brizy Products","article_publisher":"https:\/\/www.facebook.com\/brizy.1983\/","article_modified_time":"2026-04-01T11:51:52+00:00","og_image":[{"width":1920,"height":2560,"url":"https:\/\/brizyproducts.com\/wp-content\/uploads\/2026\/04\/2b-scaled.webp","type":"image\/png"}],"twitter_card":"summary_large_image","schema":{"@context":"https:\/\/schema.org","@graph":[{"@type":"WebPage","@id":"https:\/\/brizyproducts.com\/fr\/product\/harrington-rain-pants-black\/","url":"https:\/\/brizyproducts.com\/fr\/product\/harrington-rain-pants-black\/","name":"Pantalon de pluie Harrington | Pantalon de pluie pour le trot | Brizy","isPartOf":{"@id":"https:\/\/brizyproducts.com\/fr\/#website"},"primaryImageOfPage":{"@id":"https:\/\/brizyproducts.com\/fr\/product\/harrington-rain-pants-black\/#primaryimage"},"image":{"@id":"https:\/\/brizyproducts.com\/fr\/product\/harrington-rain-pants-black\/#primaryimage"},"thumbnailUrl":"https:\/\/brizyproducts.com\/wp-content\/uploads\/2026\/04\/2b-scaled.webp","datePublished":"2026-04-01T11:27:44+00:00","dateModified":"2026-04-01T11:51:52+00:00","description":"Un pantalon de pluie noir sp\u00e9cialement con\u00e7u pour les journ\u00e9es d\u2019entra\u00eenement pluvieuses. Parfait pour les conducteurs et entra\u00eeneurs d\u2019attelage.","breadcrumb":{"@id":"https:\/\/brizyproducts.com\/fr\/product\/harrington-rain-pants-black\/#breadcrumb"},"inLanguage":"fr-FR","potentialAction":[{"@type":"ReadAction","target":["https:\/\/brizyproducts.com\/fr\/product\/harrington-rain-pants-black\/"]}]},{"@type":"ImageObject","inLanguage":"fr-FR","@id":"https:\/\/brizyproducts.com\/fr\/product\/harrington-rain-pants-black\/#primaryimage","url":"https:\/\/brizyproducts.com\/wp-content\/uploads\/2026\/04\/2b-scaled.webp","contentUrl":"https:\/\/brizyproducts.com\/wp-content\/uploads\/2026\/04\/2b-scaled.webp","width":1920,"height":2560},{"@type":"BreadcrumbList","@id":"https:\/\/brizyproducts.com\/fr\/product\/harrington-rain-pants-black\/#breadcrumb","itemListElement":[{"@type":"ListItem","position":1,"name":"Hem","item":"https:\/\/brizyproducts.com\/fr\/"},{"@type":"ListItem","position":2,"name":"Shop","item":"https:\/\/brizyproducts.com\/fr\/shop\/"},{"@type":"ListItem","position":3,"name":"Pantalon de pluie Harrington"}]},{"@type":"WebSite","@id":"https:\/\/brizyproducts.com\/fr\/#website","url":"https:\/\/brizyproducts.com\/fr\/","name":"Brizy","description":"","publisher":{"@id":"https:\/\/brizyproducts.com\/fr\/#organization"},"potentialAction":[{"@type":"SearchAction","target":{"@type":"EntryPoint","urlTemplate":"https:\/\/brizyproducts.com\/fr\/?s={search_term_string}"},"query-input":{"@type":"PropertyValueSpecification","valueRequired":true,"valueName":"search_term_string"}}],"inLanguage":"fr-FR"},{"@type":"Organization","@id":"https:\/\/brizyproducts.com\/fr\/#organization","name":"Brizy","url":"https:\/\/brizyproducts.com\/fr\/","logo":{"@type":"ImageObject","inLanguage":"fr-FR","@id":"https:\/\/brizyproducts.com\/fr\/#\/schema\/logo\/image\/","url":"https:\/\/brizyproducts.com\/wp-content\/uploads\/2023\/12\/Brizy-old.svg","contentUrl":"https:\/\/brizyproducts.com\/wp-content\/uploads\/2023\/12\/Brizy-old.svg","width":1,"height":1,"caption":"Brizy"},"image":{"@id":"https:\/\/brizyproducts.com\/fr\/#\/schema\/logo\/image\/"},"sameAs":["https:\/\/www.facebook.com\/brizy.1983\/","https:\/\/www.linkedin.com\/company\/brizy-produktion\/"]}]},"og_availability":"instock","product_availability":"instock","product_condition":"new"},"_links":{"self":[{"href":"https:\/\/brizyproducts.com\/fr\/wp-json\/wp\/v2\/product\/23395","targetHints":{"allow":["GET"]}}],"collection":[{"href":"https:\/\/brizyproducts.com\/fr\/wp-json\/wp\/v2\/product"}],"about":[{"href":"https:\/\/brizyproducts.com\/fr\/wp-json\/wp\/v2\/types\/product"}],"replies":[{"embeddable":true,"href":"https:\/\/brizyproducts.com\/fr\/wp-json\/wp\/v2\/comments?post=23395"}],"wp:featuredmedia":[{"embeddable":true,"href":"https:\/\/brizyproducts.com\/fr\/wp-json\/wp\/v2\/media\/23425"}],"wp:attachment":[{"href":"https:\/\/brizyproducts.com\/fr\/wp-json\/wp\/v2\/media?parent=23395"}],"wp:term":[{"taxonomy":"product_brand","embeddable":true,"href":"https:\/\/brizyproducts.com\/fr\/wp-json\/wp\/v2\/product_brand?post=23395"},{"taxonomy":"product_cat","embeddable":true,"href":"https:\/\/brizyproducts.com\/fr\/wp-json\/wp\/v2\/product_cat?post=23395"},{"taxonomy":"product_tag","embeddable":true,"href":"https:\/\/brizyproducts.com\/fr\/wp-json\/wp\/v2\/product_tag?post=23395"},{"taxonomy":"season","embeddable":true,"href":"https:\/\/brizyproducts.com\/fr\/wp-json\/wp\/v2\/season?post=23395"},{"taxonomy":"gender","embeddable":true,"href":"https:\/\/brizyproducts.com\/fr\/wp-json\/wp\/v2\/gender?post=23395"},{"taxonomy":"collection","embeddable":true,"href":"https:\/\/brizyproducts.com\/fr\/wp-json\/wp\/v2\/collection?post=23395"},{"taxonomy":"activity","embeddable":true,"href":"https:\/\/brizyproducts.com\/fr\/wp-json\/wp\/v2\/activity?post=23395"},{"taxonomy":"product_type_brizy","embeddable":true,"href":"https:\/\/brizyproducts.com\/fr\/wp-json\/wp\/v2\/product_type_brizy?post=23395"}],"curies":[{"name":"wp","href":"https:\/\/api.w.org\/{rel}","templated":true}]}}