{"id":20727,"date":"2025-10-24T12:24:06","date_gmt":"2025-10-24T12:24:06","guid":{"rendered":"https:\/\/brizyproducts.com\/?post_type=product&#038;p=20727"},"modified":"2025-10-27T10:06:23","modified_gmt":"2025-10-27T10:06:23","slug":"njord-mens-pants-2","status":"publish","type":"product","link":"https:\/\/brizyproducts.com\/fr\/product\/njord-mens-pants-2\/","title":{"rendered":"Pantalon Njord pour hommes"},"content":{"rendered":"<h2><strong>Pantalon Njord pour hommes \u2013 Pantalon l\u00e9ger pour entra\u00eenement et travail pour les professionnels du trot<\/strong><\/h2>\n<p>Les pantalons Njord pour hommes font partie de notre nouvelle s\u00e9rie de v\u00eatements pour le trot, con\u00e7us pour ceux qui exigent \u00e0 la fois confort et durabilit\u00e9 dans leur travail quotidien. Cr\u00e9\u00e9s comme un hybride entre pantalon d\u00e9contract\u00e9 et tenue de travail pr\u00eate pour l\u2019\u00e9curie, ils sont id\u00e9aux pour se rendre \u00e0 l\u2019hippodrome, passer de longues heures \u00e0 l\u2019\u00e9curie ou porter avec votre tenue de trot de printemps\/automne.<\/p>\n<p>Fabriqu\u00e9s en tissu stretch polyester\/\u00e9lasthanne tiss\u00e9 et durable, les pantalons Njord offrent l\u00e9g\u00e8ret\u00e9, excellente mobilit\u00e9 et r\u00e9sistance au quotidien. Con\u00e7us pour l\u2019entra\u00eenement, le travail \u00e0 l\u2019\u00e9curie et les d\u00e9placements, ils disposent de quatre poches sup\u00e9rieures et d\u2019une poche cach\u00e9e sur la cuisse, alliant praticit\u00e9 et silhouette athl\u00e9tique \u00e9pur\u00e9e.<\/p>\n<p>Vous souhaitez ajouter un logo personnalis\u00e9 ou les couleurs de votre \u00e9quipe\u202f? Nous proposons des options de personnalisation pour rendre vos pantalons Njord uniques.<\/p>\n<p>Des matin\u00e9es \u00e0 l\u2019\u00e9curie aux longues soir\u00e9es sur l\u2019hippodrome, les pantalons Njord sont con\u00e7us pour suivre le rythme complet de la vie du trot, offrant l\u2019\u00e9quilibre parfait entre style, fonctionnalit\u00e9 et performance quotidienne.<\/p>\n","protected":false},"excerpt":{"rendered":"<p>Pantalon confortable et pratique en mat\u00e9riau PowerStretch. Parfait \u00e0 porter \u00e0 l\u2019\u00e9curie comme au quotidien.<\/p>\n","protected":false},"featured_media":20700,"comment_status":"closed","ping_status":"closed","template":"","meta":{"_acf_changed":false},"product_brand":[],"product_cat":[240,241],"product_tag":[243],"class_list":{"0":"post-20727","1":"product","2":"type-product","3":"status-publish","4":"has-post-thumbnail","6":"product_cat-mens","7":"product_cat-trousers","8":"product_tag-pocono-fr","9":"season-spring-fall","10":"season-summer","11":"gender-men","12":"collection-njord","13":"activity-training","14":"activity-workwear","15":"product_type_brizy-stock-products","17":"first","18":"instock","19":"taxable","20":"shipping-taxable","21":"purchasable","22":"product-type-variable"},"acf":[],"yoast_head":"<!-- This site is optimized with the Yoast SEO plugin v27.0 - https:\/\/yoast.com\/product\/yoast-seo-wordpress\/ -->\n<title>Pantalon Njord pour hommes \u2013 Pantalon polyvalent et fonctionnel<\/title>\n<meta name=\"description\" content=\"Pantalon pratique et confortable pour toutes les occasions. L\u2019hybride parfait entre pantalon quotidien, tenue de travail et v\u00eatements d\u2019\u00e9curie.\" \/>\n<meta name=\"robots\" content=\"index, follow, max-snippet:-1, max-image-preview:large, max-video-preview:-1\" \/>\n<link rel=\"canonical\" href=\"https:\/\/brizyproducts.com\/fr\/product\/njord-mens-pants-2\/\" \/>\n<meta property=\"og:locale\" content=\"fr_FR\" \/>\n<meta property=\"og:type\" content=\"article\" \/>\n<meta property=\"og:title\" content=\"Pantalon Njord pour hommes \u2013 Pantalon polyvalent et fonctionnel\" \/>\n<meta property=\"og:description\" content=\"Pantalon pratique et confortable pour toutes les occasions. L\u2019hybride parfait entre pantalon quotidien, tenue de travail et v\u00eatements d\u2019\u00e9curie.\" \/>\n<meta property=\"og:url\" content=\"https:\/\/brizyproducts.com\/fr\/product\/njord-mens-pants-2\/\" \/>\n<meta property=\"og:site_name\" content=\"Brizy Products\" \/>\n<meta property=\"article:publisher\" content=\"https:\/\/www.facebook.com\/brizy.1983\/\" \/>\n<meta property=\"article:modified_time\" content=\"2025-10-27T10:06:23+00:00\" \/>\n<meta property=\"og:image\" content=\"https:\/\/brizyproducts.com\/wp-content\/uploads\/2025\/06\/3-Low.webp\" \/>\n\t<meta property=\"og:image:width\" content=\"1181\" \/>\n\t<meta property=\"og:image:height\" content=\"1575\" \/>\n\t<meta property=\"og:image:type\" content=\"image\/png\" \/>\n<meta name=\"twitter:card\" content=\"summary_large_image\" \/>\n<meta property=\"og:availability\" content=\"instock\" \/>\n<meta property=\"product:availability\" content=\"instock\" \/>\n<meta property=\"product:condition\" content=\"new\" \/>\n<!-- \/ Yoast SEO plugin. -->","yoast_head_json":{"title":"Pantalon Njord pour hommes \u2013 Pantalon polyvalent et fonctionnel","description":"Pantalon pratique et confortable pour toutes les occasions. L\u2019hybride parfait entre pantalon quotidien, tenue de travail et v\u00eatements d\u2019\u00e9curie.","robots":{"index":"index","follow":"follow","max-snippet":"max-snippet:-1","max-image-preview":"max-image-preview:large","max-video-preview":"max-video-preview:-1"},"canonical":"https:\/\/brizyproducts.com\/fr\/product\/njord-mens-pants-2\/","og_locale":"fr_FR","og_type":"article","og_title":"Pantalon Njord pour hommes \u2013 Pantalon polyvalent et fonctionnel","og_description":"Pantalon pratique et confortable pour toutes les occasions. L\u2019hybride parfait entre pantalon quotidien, tenue de travail et v\u00eatements d\u2019\u00e9curie.","og_url":"https:\/\/brizyproducts.com\/fr\/product\/njord-mens-pants-2\/","og_site_name":"Brizy Products","article_publisher":"https:\/\/www.facebook.com\/brizy.1983\/","article_modified_time":"2025-10-27T10:06:23+00:00","og_image":[{"width":1181,"height":1575,"url":"https:\/\/brizyproducts.com\/wp-content\/uploads\/2025\/06\/3-Low.webp","type":"image\/png"}],"twitter_card":"summary_large_image","schema":{"@context":"https:\/\/schema.org","@graph":[{"@type":"WebPage","@id":"https:\/\/brizyproducts.com\/fr\/product\/njord-mens-pants-2\/","url":"https:\/\/brizyproducts.com\/fr\/product\/njord-mens-pants-2\/","name":"Pantalon Njord pour hommes \u2013 Pantalon polyvalent et fonctionnel","isPartOf":{"@id":"https:\/\/brizyproducts.com\/fr\/#website"},"primaryImageOfPage":{"@id":"https:\/\/brizyproducts.com\/fr\/product\/njord-mens-pants-2\/#primaryimage"},"image":{"@id":"https:\/\/brizyproducts.com\/fr\/product\/njord-mens-pants-2\/#primaryimage"},"thumbnailUrl":"https:\/\/brizyproducts.com\/wp-content\/uploads\/2025\/06\/3-Low.webp","datePublished":"2025-10-24T12:24:06+00:00","dateModified":"2025-10-27T10:06:23+00:00","description":"Pantalon pratique et confortable pour toutes les occasions. L\u2019hybride parfait entre pantalon quotidien, tenue de travail et v\u00eatements d\u2019\u00e9curie.","breadcrumb":{"@id":"https:\/\/brizyproducts.com\/fr\/product\/njord-mens-pants-2\/#breadcrumb"},"inLanguage":"fr-FR","potentialAction":[{"@type":"ReadAction","target":["https:\/\/brizyproducts.com\/fr\/product\/njord-mens-pants-2\/"]}]},{"@type":"ImageObject","inLanguage":"fr-FR","@id":"https:\/\/brizyproducts.com\/fr\/product\/njord-mens-pants-2\/#primaryimage","url":"https:\/\/brizyproducts.com\/wp-content\/uploads\/2025\/06\/3-Low.webp","contentUrl":"https:\/\/brizyproducts.com\/wp-content\/uploads\/2025\/06\/3-Low.webp","width":1181,"height":1575},{"@type":"BreadcrumbList","@id":"https:\/\/brizyproducts.com\/fr\/product\/njord-mens-pants-2\/#breadcrumb","itemListElement":[{"@type":"ListItem","position":1,"name":"Hem","item":"https:\/\/brizyproducts.com\/fr\/"},{"@type":"ListItem","position":2,"name":"Shop","item":"https:\/\/brizyproducts.com\/fr\/shop\/"},{"@type":"ListItem","position":3,"name":"Pantalon Njord pour hommes"}]},{"@type":"WebSite","@id":"https:\/\/brizyproducts.com\/fr\/#website","url":"https:\/\/brizyproducts.com\/fr\/","name":"Brizy","description":"","publisher":{"@id":"https:\/\/brizyproducts.com\/fr\/#organization"},"potentialAction":[{"@type":"SearchAction","target":{"@type":"EntryPoint","urlTemplate":"https:\/\/brizyproducts.com\/fr\/?s={search_term_string}"},"query-input":{"@type":"PropertyValueSpecification","valueRequired":true,"valueName":"search_term_string"}}],"inLanguage":"fr-FR"},{"@type":"Organization","@id":"https:\/\/brizyproducts.com\/fr\/#organization","name":"Brizy","url":"https:\/\/brizyproducts.com\/fr\/","logo":{"@type":"ImageObject","inLanguage":"fr-FR","@id":"https:\/\/brizyproducts.com\/fr\/#\/schema\/logo\/image\/","url":"https:\/\/brizyproducts.com\/wp-content\/uploads\/2023\/12\/Brizy-old.svg","contentUrl":"https:\/\/brizyproducts.com\/wp-content\/uploads\/2023\/12\/Brizy-old.svg","width":1,"height":1,"caption":"Brizy"},"image":{"@id":"https:\/\/brizyproducts.com\/fr\/#\/schema\/logo\/image\/"},"sameAs":["https:\/\/www.facebook.com\/brizy.1983\/","https:\/\/www.linkedin.com\/company\/brizy-produktion\/"]}]},"og_availability":"instock","product_availability":"instock","product_condition":"new"},"_links":{"self":[{"href":"https:\/\/brizyproducts.com\/fr\/wp-json\/wp\/v2\/product\/20727","targetHints":{"allow":["GET"]}}],"collection":[{"href":"https:\/\/brizyproducts.com\/fr\/wp-json\/wp\/v2\/product"}],"about":[{"href":"https:\/\/brizyproducts.com\/fr\/wp-json\/wp\/v2\/types\/product"}],"replies":[{"embeddable":true,"href":"https:\/\/brizyproducts.com\/fr\/wp-json\/wp\/v2\/comments?post=20727"}],"wp:featuredmedia":[{"embeddable":true,"href":"https:\/\/brizyproducts.com\/fr\/wp-json\/wp\/v2\/media\/20700"}],"wp:attachment":[{"href":"https:\/\/brizyproducts.com\/fr\/wp-json\/wp\/v2\/media?parent=20727"}],"wp:term":[{"taxonomy":"product_brand","embeddable":true,"href":"https:\/\/brizyproducts.com\/fr\/wp-json\/wp\/v2\/product_brand?post=20727"},{"taxonomy":"product_cat","embeddable":true,"href":"https:\/\/brizyproducts.com\/fr\/wp-json\/wp\/v2\/product_cat?post=20727"},{"taxonomy":"product_tag","embeddable":true,"href":"https:\/\/brizyproducts.com\/fr\/wp-json\/wp\/v2\/product_tag?post=20727"}],"curies":[{"name":"wp","href":"https:\/\/api.w.org\/{rel}","templated":true}]}}