{"id":20334,"date":"2025-10-22T14:05:01","date_gmt":"2025-10-22T14:05:01","guid":{"rendered":"https:\/\/brizyproducts.com\/?post_type=product&#038;p=20334"},"modified":"2025-10-24T07:17:37","modified_gmt":"2025-10-24T07:17:37","slug":"veste-softshell-gelsen","status":"publish","type":"product","link":"https:\/\/brizyproducts.com\/fr\/product\/veste-softshell-gelsen\/","title":{"rendered":"Veste softshell Gelsen"},"content":{"rendered":"<h2><strong>Veste softshell pratique et polyvalente<\/strong><\/h2>\n<p>Notre veste softshell Gelsen est un v\u00eatement fonctionnel qui combine libert\u00e9 de mouvement, respirabilit\u00e9 et protection contre le vent et les intemp\u00e9ries. La coque coupe-vent et d\u00e9perlante vous prot\u00e8ge des rafales fra\u00eeches et des petites pluies. Elle offre \u00e9galement une grande respirabilit\u00e9 et une excellente ventilation, faisant de cette veste l\u00e9g\u00e8re un v\u00eatement id\u00e9al pour les activit\u00e9s en ext\u00e9rieur, que ce soit \u00e0 l\u2019\u00e9curie ou pendant les loisirs.<\/p>\n<p>La coupe flexible et pratique de la veste vous permet de bouger librement, que vous nettoyiez les boxes, entra\u00eeniez des chevaux ou fassiez une promenade. Des d\u00e9tails r\u00e9fl\u00e9chis, tels que les fermetures \u00e9clair, les poches pratiques et la capuche, la rendent \u00e0 la fois fonctionnelle et confortable.<\/p>\n<p>La veste a une coupe r\u00e9guli\u00e8re, nous recommandons de choisir votre taille habituelle.<\/p>\n<p>La veste softshell Gelsen peut \u00eatre enti\u00e8rement personnalis\u00e9e selon vos pr\u00e9f\u00e9rences. Choisissez les couleurs, les logos et les noms pour obtenir la veste exactement comme vous le souhaitez. Parfaite pour assortir votre tenue de course ou offrir \u00e0 votre personnel une veste assortie et facilement reconnaissable.<\/p>\n","protected":false},"excerpt":{"rendered":"<p>Veste softshell fonctionnelle qui vous garde mobile, au sec et prot\u00e9g\u00e9<\/p>\n","protected":false},"featured_media":20340,"comment_status":"closed","ping_status":"closed","template":"","meta":{"_acf_changed":false},"product_brand":[],"product_cat":[273,447],"product_tag":[463],"class_list":{"0":"post-20334","1":"product","2":"type-product","3":"status-publish","4":"has-post-thumbnail","6":"product_cat-jackets","7":"product_cat-tailor-made-layout","8":"product_tag-lexington-summer-fr","10":"first","11":"instock","12":"virtual","13":"taxable","14":"purchasable","15":"product-type-simple"},"acf":[],"yoast_head":"<!-- This site is optimized with the Yoast SEO plugin v27.0 - https:\/\/yoast.com\/product\/yoast-seo-wordpress\/ -->\n<title>Veste softshell Gelsen | Veste pour l\u2019\u00e9curie et quotidien | Brizy<\/title>\n<meta name=\"description\" content=\"Une veste softshell fonctionnelle, d\u00e9perlante et coupe-vent. Parfaite pour les activit\u00e9s en ext\u00e9rieur, \u00e0 l\u2019\u00e9curie comme dans la vie quotidienne.\" \/>\n<meta name=\"robots\" content=\"index, follow, max-snippet:-1, max-image-preview:large, max-video-preview:-1\" \/>\n<link rel=\"canonical\" href=\"https:\/\/brizyproducts.com\/fr\/product\/veste-softshell-gelsen\/\" \/>\n<meta property=\"og:locale\" content=\"fr_FR\" \/>\n<meta property=\"og:type\" content=\"article\" \/>\n<meta property=\"og:title\" content=\"Veste softshell Gelsen | Veste pour l\u2019\u00e9curie et quotidien | Brizy\" \/>\n<meta property=\"og:description\" content=\"Une veste softshell fonctionnelle, d\u00e9perlante et coupe-vent. Parfaite pour les activit\u00e9s en ext\u00e9rieur, \u00e0 l\u2019\u00e9curie comme dans la vie quotidienne.\" \/>\n<meta property=\"og:url\" content=\"https:\/\/brizyproducts.com\/fr\/product\/veste-softshell-gelsen\/\" \/>\n<meta property=\"og:site_name\" content=\"Brizy Products\" \/>\n<meta property=\"article:publisher\" content=\"https:\/\/www.facebook.com\/brizy.1983\/\" \/>\n<meta property=\"article:modified_time\" content=\"2025-10-24T07:17:37+00:00\" \/>\n<meta property=\"og:image\" content=\"https:\/\/brizyproducts.com\/wp-content\/uploads\/2025\/10\/1-1-scaled.webp\" \/>\n\t<meta property=\"og:image:width\" content=\"1920\" \/>\n\t<meta property=\"og:image:height\" content=\"2560\" \/>\n\t<meta property=\"og:image:type\" content=\"image\/png\" \/>\n<meta name=\"twitter:card\" content=\"summary_large_image\" \/>\n<meta property=\"product:price:amount\" content=\"0.00\" \/>\n<meta property=\"product:price:currency\" content=\"USD\" \/>\n<meta property=\"og:availability\" content=\"instock\" \/>\n<meta property=\"product:availability\" content=\"instock\" \/>\n<meta property=\"product:retailer_item_id\" content=\"1545-1\" \/>\n<meta property=\"product:condition\" content=\"new\" \/>\n<!-- \/ Yoast SEO plugin. -->","yoast_head_json":{"title":"Veste softshell Gelsen | Veste pour l\u2019\u00e9curie et quotidien | Brizy","description":"Une veste softshell fonctionnelle, d\u00e9perlante et coupe-vent. Parfaite pour les activit\u00e9s en ext\u00e9rieur, \u00e0 l\u2019\u00e9curie comme dans la vie quotidienne.","robots":{"index":"index","follow":"follow","max-snippet":"max-snippet:-1","max-image-preview":"max-image-preview:large","max-video-preview":"max-video-preview:-1"},"canonical":"https:\/\/brizyproducts.com\/fr\/product\/veste-softshell-gelsen\/","og_locale":"fr_FR","og_type":"article","og_title":"Veste softshell Gelsen | Veste pour l\u2019\u00e9curie et quotidien | Brizy","og_description":"Une veste softshell fonctionnelle, d\u00e9perlante et coupe-vent. Parfaite pour les activit\u00e9s en ext\u00e9rieur, \u00e0 l\u2019\u00e9curie comme dans la vie quotidienne.","og_url":"https:\/\/brizyproducts.com\/fr\/product\/veste-softshell-gelsen\/","og_site_name":"Brizy Products","article_publisher":"https:\/\/www.facebook.com\/brizy.1983\/","article_modified_time":"2025-10-24T07:17:37+00:00","og_image":[{"width":1920,"height":2560,"url":"https:\/\/brizyproducts.com\/wp-content\/uploads\/2025\/10\/1-1-scaled.webp","type":"image\/png"}],"twitter_card":"summary_large_image","schema":{"@context":"https:\/\/schema.org","@graph":[{"@type":"WebPage","@id":"https:\/\/brizyproducts.com\/fr\/product\/veste-softshell-gelsen\/","url":"https:\/\/brizyproducts.com\/fr\/product\/veste-softshell-gelsen\/","name":"Veste softshell Gelsen | Veste pour l\u2019\u00e9curie et quotidien | Brizy","isPartOf":{"@id":"https:\/\/brizyproducts.com\/fr\/#website"},"primaryImageOfPage":{"@id":"https:\/\/brizyproducts.com\/fr\/product\/veste-softshell-gelsen\/#primaryimage"},"image":{"@id":"https:\/\/brizyproducts.com\/fr\/product\/veste-softshell-gelsen\/#primaryimage"},"thumbnailUrl":"https:\/\/brizyproducts.com\/wp-content\/uploads\/2025\/10\/1-1-scaled.webp","datePublished":"2025-10-22T14:05:01+00:00","dateModified":"2025-10-24T07:17:37+00:00","description":"Une veste softshell fonctionnelle, d\u00e9perlante et coupe-vent. Parfaite pour les activit\u00e9s en ext\u00e9rieur, \u00e0 l\u2019\u00e9curie comme dans la vie quotidienne.","breadcrumb":{"@id":"https:\/\/brizyproducts.com\/fr\/product\/veste-softshell-gelsen\/#breadcrumb"},"inLanguage":"fr-FR","potentialAction":[{"@type":"ReadAction","target":["https:\/\/brizyproducts.com\/fr\/product\/veste-softshell-gelsen\/"]}]},{"@type":"ImageObject","inLanguage":"fr-FR","@id":"https:\/\/brizyproducts.com\/fr\/product\/veste-softshell-gelsen\/#primaryimage","url":"https:\/\/brizyproducts.com\/wp-content\/uploads\/2025\/10\/1-1-scaled.webp","contentUrl":"https:\/\/brizyproducts.com\/wp-content\/uploads\/2025\/10\/1-1-scaled.webp","width":1920,"height":2560},{"@type":"BreadcrumbList","@id":"https:\/\/brizyproducts.com\/fr\/product\/veste-softshell-gelsen\/#breadcrumb","itemListElement":[{"@type":"ListItem","position":1,"name":"Hem","item":"https:\/\/brizyproducts.com\/fr\/"},{"@type":"ListItem","position":2,"name":"Shop","item":"https:\/\/brizyproducts.com\/fr\/shop\/"},{"@type":"ListItem","position":3,"name":"Veste softshell Gelsen"}]},{"@type":"WebSite","@id":"https:\/\/brizyproducts.com\/fr\/#website","url":"https:\/\/brizyproducts.com\/fr\/","name":"Brizy","description":"","publisher":{"@id":"https:\/\/brizyproducts.com\/fr\/#organization"},"potentialAction":[{"@type":"SearchAction","target":{"@type":"EntryPoint","urlTemplate":"https:\/\/brizyproducts.com\/fr\/?s={search_term_string}"},"query-input":{"@type":"PropertyValueSpecification","valueRequired":true,"valueName":"search_term_string"}}],"inLanguage":"fr-FR"},{"@type":"Organization","@id":"https:\/\/brizyproducts.com\/fr\/#organization","name":"Brizy","url":"https:\/\/brizyproducts.com\/fr\/","logo":{"@type":"ImageObject","inLanguage":"fr-FR","@id":"https:\/\/brizyproducts.com\/fr\/#\/schema\/logo\/image\/","url":"https:\/\/brizyproducts.com\/wp-content\/uploads\/2023\/12\/Brizy-old.svg","contentUrl":"https:\/\/brizyproducts.com\/wp-content\/uploads\/2023\/12\/Brizy-old.svg","width":1,"height":1,"caption":"Brizy"},"image":{"@id":"https:\/\/brizyproducts.com\/fr\/#\/schema\/logo\/image\/"},"sameAs":["https:\/\/www.facebook.com\/brizy.1983\/","https:\/\/www.linkedin.com\/company\/brizy-produktion\/"]}]},"product_price_amount":"0.00","product_price_currency":"USD","og_availability":"instock","product_availability":"instock","product_retailer_item_id":"1545-1","product_condition":"new"},"_links":{"self":[{"href":"https:\/\/brizyproducts.com\/fr\/wp-json\/wp\/v2\/product\/20334","targetHints":{"allow":["GET"]}}],"collection":[{"href":"https:\/\/brizyproducts.com\/fr\/wp-json\/wp\/v2\/product"}],"about":[{"href":"https:\/\/brizyproducts.com\/fr\/wp-json\/wp\/v2\/types\/product"}],"replies":[{"embeddable":true,"href":"https:\/\/brizyproducts.com\/fr\/wp-json\/wp\/v2\/comments?post=20334"}],"wp:featuredmedia":[{"embeddable":true,"href":"https:\/\/brizyproducts.com\/fr\/wp-json\/wp\/v2\/media\/20340"}],"wp:attachment":[{"href":"https:\/\/brizyproducts.com\/fr\/wp-json\/wp\/v2\/media?parent=20334"}],"wp:term":[{"taxonomy":"product_brand","embeddable":true,"href":"https:\/\/brizyproducts.com\/fr\/wp-json\/wp\/v2\/product_brand?post=20334"},{"taxonomy":"product_cat","embeddable":true,"href":"https:\/\/brizyproducts.com\/fr\/wp-json\/wp\/v2\/product_cat?post=20334"},{"taxonomy":"product_tag","embeddable":true,"href":"https:\/\/brizyproducts.com\/fr\/wp-json\/wp\/v2\/product_tag?post=20334"}],"curies":[{"name":"wp","href":"https:\/\/api.w.org\/{rel}","templated":true}]}}