{"id":20319,"date":"2025-10-22T13:26:12","date_gmt":"2025-10-22T13:26:12","guid":{"rendered":"https:\/\/brizyproducts.com\/?post_type=product&#038;p=20319"},"modified":"2025-10-23T09:55:30","modified_gmt":"2025-10-23T09:55:30","slug":"summer-hub","status":"publish","type":"product","link":"https:\/\/brizyproducts.com\/fr\/product\/summer-hub\/","title":{"rendered":"Summer Hub \u2013 Pack de 2"},"content":{"rendered":"<h2><strong>Tour de cou fin et confortable<\/strong><\/h2>\n<p>Le Summer Hub de Brizy est une option fine et l\u00e9g\u00e8re pour les journ\u00e9es plus chaudes. Disponible en noir et blanc, vendu en pack pratique de deux. Facile \u00e0 remonter sur le nez et la bouche lors de l\u2019entra\u00eenement des chevaux.<\/p>\n","protected":false},"excerpt":{"rendered":"<p>Tour de cou fin et pratique pour l\u2019\u00e9t\u00e9<\/p>\n","protected":false},"featured_media":20411,"comment_status":"closed","ping_status":"closed","template":"","meta":{"_acf_changed":false},"product_brand":[],"product_cat":[296],"product_tag":[],"class_list":{"0":"post-20319","1":"product","2":"type-product","3":"status-publish","4":"has-post-thumbnail","6":"product_cat-accessories","7":"season-spring-fall","8":"season-summer","9":"gender-men","10":"gender-women","11":"activity-monte","12":"activity-racing","13":"activity-training","14":"activity-workwear","15":"product_type_brizy-stock-products","17":"first","18":"instock","19":"taxable","20":"shipping-taxable","21":"purchasable","22":"product-type-simple"},"acf":[],"yoast_head":"<!-- This site is optimized with the Yoast SEO plugin v27.0 - https:\/\/yoast.com\/product\/yoast-seo-wordpress\/ -->\n<title>Summer Hub \u2013 Pack de 2 | Tour de cou fin pour les journ\u00e9es chaudes | Brizy<\/title>\n<meta name=\"description\" content=\"Un Summer Hub \u00e9l\u00e9gant et pratique, parfait pour la conduite de chevaux par temps chaud. Vendu en pack de deux et disponible en noir ou blanc.\" \/>\n<meta name=\"robots\" content=\"index, follow, max-snippet:-1, max-image-preview:large, max-video-preview:-1\" \/>\n<link rel=\"canonical\" href=\"https:\/\/brizyproducts.com\/fr\/product\/summer-hub\/\" \/>\n<meta property=\"og:locale\" content=\"fr_FR\" \/>\n<meta property=\"og:type\" content=\"article\" \/>\n<meta property=\"og:title\" content=\"Summer Hub \u2013 Pack de 2 | Tour de cou fin pour les journ\u00e9es chaudes | Brizy\" \/>\n<meta property=\"og:description\" content=\"Un Summer Hub \u00e9l\u00e9gant et pratique, parfait pour la conduite de chevaux par temps chaud. Vendu en pack de deux et disponible en noir ou blanc.\" \/>\n<meta property=\"og:url\" content=\"https:\/\/brizyproducts.com\/fr\/product\/summer-hub\/\" \/>\n<meta property=\"og:site_name\" content=\"Brizy Products\" \/>\n<meta property=\"article:publisher\" content=\"https:\/\/www.facebook.com\/brizy.1983\/\" \/>\n<meta property=\"article:modified_time\" content=\"2025-10-23T09:55:30+00:00\" \/>\n<meta property=\"og:image\" content=\"https:\/\/brizyproducts.com\/wp-content\/uploads\/2025\/10\/white-v2-scaled.webp\" \/>\n\t<meta property=\"og:image:width\" content=\"1707\" \/>\n\t<meta property=\"og:image:height\" content=\"2560\" \/>\n\t<meta property=\"og:image:type\" content=\"image\/png\" \/>\n<meta name=\"twitter:card\" content=\"summary_large_image\" \/>\n<meta property=\"product:price:amount\" content=\"8.80\" \/>\n<meta property=\"product:price:currency\" content=\"USD\" \/>\n<meta property=\"og:availability\" content=\"instock\" \/>\n<meta property=\"product:availability\" content=\"instock\" \/>\n<meta property=\"product:retailer_item_id\" content=\"8010\" \/>\n<meta property=\"product:condition\" content=\"new\" \/>\n<!-- \/ Yoast SEO plugin. -->","yoast_head_json":{"title":"Summer Hub \u2013 Pack de 2 | Tour de cou fin pour les journ\u00e9es chaudes | Brizy","description":"Un Summer Hub \u00e9l\u00e9gant et pratique, parfait pour la conduite de chevaux par temps chaud. Vendu en pack de deux et disponible en noir ou blanc.","robots":{"index":"index","follow":"follow","max-snippet":"max-snippet:-1","max-image-preview":"max-image-preview:large","max-video-preview":"max-video-preview:-1"},"canonical":"https:\/\/brizyproducts.com\/fr\/product\/summer-hub\/","og_locale":"fr_FR","og_type":"article","og_title":"Summer Hub \u2013 Pack de 2 | Tour de cou fin pour les journ\u00e9es chaudes | Brizy","og_description":"Un Summer Hub \u00e9l\u00e9gant et pratique, parfait pour la conduite de chevaux par temps chaud. Vendu en pack de deux et disponible en noir ou blanc.","og_url":"https:\/\/brizyproducts.com\/fr\/product\/summer-hub\/","og_site_name":"Brizy Products","article_publisher":"https:\/\/www.facebook.com\/brizy.1983\/","article_modified_time":"2025-10-23T09:55:30+00:00","og_image":[{"width":1707,"height":2560,"url":"https:\/\/brizyproducts.com\/wp-content\/uploads\/2025\/10\/white-v2-scaled.webp","type":"image\/png"}],"twitter_card":"summary_large_image","schema":{"@context":"https:\/\/schema.org","@graph":[{"@type":"WebPage","@id":"https:\/\/brizyproducts.com\/fr\/product\/summer-hub\/","url":"https:\/\/brizyproducts.com\/fr\/product\/summer-hub\/","name":"Summer Hub \u2013 Pack de 2 | Tour de cou fin pour les journ\u00e9es chaudes | Brizy","isPartOf":{"@id":"https:\/\/brizyproducts.com\/fr\/#website"},"primaryImageOfPage":{"@id":"https:\/\/brizyproducts.com\/fr\/product\/summer-hub\/#primaryimage"},"image":{"@id":"https:\/\/brizyproducts.com\/fr\/product\/summer-hub\/#primaryimage"},"thumbnailUrl":"https:\/\/brizyproducts.com\/wp-content\/uploads\/2025\/10\/white-v2-scaled.webp","datePublished":"2025-10-22T13:26:12+00:00","dateModified":"2025-10-23T09:55:30+00:00","description":"Un Summer Hub \u00e9l\u00e9gant et pratique, parfait pour la conduite de chevaux par temps chaud. Vendu en pack de deux et disponible en noir ou blanc.","breadcrumb":{"@id":"https:\/\/brizyproducts.com\/fr\/product\/summer-hub\/#breadcrumb"},"inLanguage":"fr-FR","potentialAction":[{"@type":"ReadAction","target":["https:\/\/brizyproducts.com\/fr\/product\/summer-hub\/"]}]},{"@type":"ImageObject","inLanguage":"fr-FR","@id":"https:\/\/brizyproducts.com\/fr\/product\/summer-hub\/#primaryimage","url":"https:\/\/brizyproducts.com\/wp-content\/uploads\/2025\/10\/white-v2-scaled.webp","contentUrl":"https:\/\/brizyproducts.com\/wp-content\/uploads\/2025\/10\/white-v2-scaled.webp","width":1707,"height":2560},{"@type":"BreadcrumbList","@id":"https:\/\/brizyproducts.com\/fr\/product\/summer-hub\/#breadcrumb","itemListElement":[{"@type":"ListItem","position":1,"name":"Hem","item":"https:\/\/brizyproducts.com\/fr\/"},{"@type":"ListItem","position":2,"name":"Shop","item":"https:\/\/brizyproducts.com\/fr\/shop\/"},{"@type":"ListItem","position":3,"name":"Summer Hub \u2013 Pack de 2"}]},{"@type":"WebSite","@id":"https:\/\/brizyproducts.com\/fr\/#website","url":"https:\/\/brizyproducts.com\/fr\/","name":"Brizy","description":"","publisher":{"@id":"https:\/\/brizyproducts.com\/fr\/#organization"},"potentialAction":[{"@type":"SearchAction","target":{"@type":"EntryPoint","urlTemplate":"https:\/\/brizyproducts.com\/fr\/?s={search_term_string}"},"query-input":{"@type":"PropertyValueSpecification","valueRequired":true,"valueName":"search_term_string"}}],"inLanguage":"fr-FR"},{"@type":"Organization","@id":"https:\/\/brizyproducts.com\/fr\/#organization","name":"Brizy","url":"https:\/\/brizyproducts.com\/fr\/","logo":{"@type":"ImageObject","inLanguage":"fr-FR","@id":"https:\/\/brizyproducts.com\/fr\/#\/schema\/logo\/image\/","url":"https:\/\/brizyproducts.com\/wp-content\/uploads\/2023\/12\/Brizy-old.svg","contentUrl":"https:\/\/brizyproducts.com\/wp-content\/uploads\/2023\/12\/Brizy-old.svg","width":1,"height":1,"caption":"Brizy"},"image":{"@id":"https:\/\/brizyproducts.com\/fr\/#\/schema\/logo\/image\/"},"sameAs":["https:\/\/www.facebook.com\/brizy.1983\/","https:\/\/www.linkedin.com\/company\/brizy-produktion\/"]}]},"product_price_amount":"8.80","product_price_currency":"USD","og_availability":"instock","product_availability":"instock","product_retailer_item_id":"8010","product_condition":"new"},"_links":{"self":[{"href":"https:\/\/brizyproducts.com\/fr\/wp-json\/wp\/v2\/product\/20319","targetHints":{"allow":["GET"]}}],"collection":[{"href":"https:\/\/brizyproducts.com\/fr\/wp-json\/wp\/v2\/product"}],"about":[{"href":"https:\/\/brizyproducts.com\/fr\/wp-json\/wp\/v2\/types\/product"}],"replies":[{"embeddable":true,"href":"https:\/\/brizyproducts.com\/fr\/wp-json\/wp\/v2\/comments?post=20319"}],"wp:featuredmedia":[{"embeddable":true,"href":"https:\/\/brizyproducts.com\/fr\/wp-json\/wp\/v2\/media\/20411"}],"wp:attachment":[{"href":"https:\/\/brizyproducts.com\/fr\/wp-json\/wp\/v2\/media?parent=20319"}],"wp:term":[{"taxonomy":"product_brand","embeddable":true,"href":"https:\/\/brizyproducts.com\/fr\/wp-json\/wp\/v2\/product_brand?post=20319"},{"taxonomy":"product_cat","embeddable":true,"href":"https:\/\/brizyproducts.com\/fr\/wp-json\/wp\/v2\/product_cat?post=20319"},{"taxonomy":"product_tag","embeddable":true,"href":"https:\/\/brizyproducts.com\/fr\/wp-json\/wp\/v2\/product_tag?post=20319"}],"curies":[{"name":"wp","href":"https:\/\/api.w.org\/{rel}","templated":true}]}}