{"id":20316,"date":"2025-10-22T13:23:48","date_gmt":"2025-10-22T13:23:48","guid":{"rendered":"https:\/\/brizyproducts.com\/?post_type=product&#038;p=20316"},"modified":"2025-10-23T09:44:36","modified_gmt":"2025-10-23T09:44:36","slug":"casquette-b","status":"publish","type":"product","link":"https:\/\/brizyproducts.com\/fr\/product\/casquette-b\/","title":{"rendered":"Casquette B"},"content":{"rendered":"<h2><strong>Casquette \u00e9l\u00e9gante et fonctionnelle<\/strong><\/h2>\n<p>La B-Cap est une casquette noire avec un filet \u00e0 l\u2019arri\u00e8re pour une ventilation optimale et pour rester au frais pendant l\u2019activit\u00e9. Elle dispose \u00e9galement d\u2019une lani\u00e8re r\u00e9glable \u00e0 l\u2019arri\u00e8re, permettant un ajustement parfait pour toutes les tailles de t\u00eate. Un logo rond gris \u00e0 l\u2019avant apporte une touche \u00e9l\u00e9gante et discr\u00e8te. Une casquette simple, \u00e9l\u00e9gante, pratique et fonctionnelle. Parfaite pour l\u2019\u00e9curie comme pour un usage quotidien.<\/p>\n","protected":false},"excerpt":{"rendered":"<p>Casquette \u00e9l\u00e9gante et pratique avec logo avant. Parfaite pour le travail \u00e0 l\u2019\u00e9curie et les activit\u00e9s quotidiennes.<\/p>\n","protected":false},"featured_media":20414,"comment_status":"closed","ping_status":"closed","template":"","meta":{"_acf_changed":false},"product_brand":[],"product_cat":[296],"product_tag":[],"class_list":{"0":"post-20316","1":"product","2":"type-product","3":"status-publish","4":"has-post-thumbnail","6":"product_cat-accessories","7":"season-spring-fall","8":"season-summer","9":"season-winter","10":"gender-men","11":"gender-women","12":"activity-training","13":"activity-workwear","14":"product_type_brizy-stock-products","16":"first","17":"instock","18":"taxable","19":"shipping-taxable","20":"purchasable","21":"product-type-simple"},"acf":[],"yoast_head":"<!-- This site is optimized with the Yoast SEO plugin v27.0 - https:\/\/yoast.com\/product\/yoast-seo-wordpress\/ -->\n<title>Casquette B | Casquette pratique pour toutes les occasions | Brizy<\/title>\n<meta name=\"description\" content=\"La casquette B est \u00e9l\u00e9gante et pratique avec un logo \u00e0 l\u2019avant, une sangle r\u00e9glable et un dos en mesh. Parfaite pour l\u2019\u00e9curie et les activit\u00e9s quotidiennes.\" \/>\n<meta name=\"robots\" content=\"index, follow, max-snippet:-1, max-image-preview:large, max-video-preview:-1\" \/>\n<link rel=\"canonical\" href=\"https:\/\/brizyproducts.com\/fr\/product\/casquette-b\/\" \/>\n<meta property=\"og:locale\" content=\"fr_FR\" \/>\n<meta property=\"og:type\" content=\"article\" \/>\n<meta property=\"og:title\" content=\"Casquette B | Casquette pratique pour toutes les occasions | Brizy\" \/>\n<meta property=\"og:description\" content=\"La casquette B est \u00e9l\u00e9gante et pratique avec un logo \u00e0 l\u2019avant, une sangle r\u00e9glable et un dos en mesh. Parfaite pour l\u2019\u00e9curie et les activit\u00e9s quotidiennes.\" \/>\n<meta property=\"og:url\" content=\"https:\/\/brizyproducts.com\/fr\/product\/casquette-b\/\" \/>\n<meta property=\"og:site_name\" content=\"Brizy Products\" \/>\n<meta property=\"article:publisher\" content=\"https:\/\/www.facebook.com\/brizy.1983\/\" \/>\n<meta property=\"article:modified_time\" content=\"2025-10-23T09:44:36+00:00\" \/>\n<meta property=\"og:image\" content=\"https:\/\/brizyproducts.com\/wp-content\/uploads\/2025\/10\/DSC_0070-V2-scaled.webp\" \/>\n\t<meta property=\"og:image:width\" content=\"2560\" \/>\n\t<meta property=\"og:image:height\" content=\"2560\" \/>\n\t<meta property=\"og:image:type\" content=\"image\/png\" \/>\n<meta name=\"twitter:card\" content=\"summary_large_image\" \/>\n<meta property=\"product:price:amount\" content=\"12.00\" \/>\n<meta property=\"product:price:currency\" content=\"USD\" \/>\n<meta property=\"og:availability\" content=\"instock\" \/>\n<meta property=\"product:availability\" content=\"instock\" \/>\n<meta property=\"product:retailer_item_id\" content=\"8021-01\" \/>\n<meta property=\"product:condition\" content=\"new\" \/>\n<!-- \/ Yoast SEO plugin. -->","yoast_head_json":{"title":"Casquette B | Casquette pratique pour toutes les occasions | Brizy","description":"La casquette B est \u00e9l\u00e9gante et pratique avec un logo \u00e0 l\u2019avant, une sangle r\u00e9glable et un dos en mesh. Parfaite pour l\u2019\u00e9curie et les activit\u00e9s quotidiennes.","robots":{"index":"index","follow":"follow","max-snippet":"max-snippet:-1","max-image-preview":"max-image-preview:large","max-video-preview":"max-video-preview:-1"},"canonical":"https:\/\/brizyproducts.com\/fr\/product\/casquette-b\/","og_locale":"fr_FR","og_type":"article","og_title":"Casquette B | Casquette pratique pour toutes les occasions | Brizy","og_description":"La casquette B est \u00e9l\u00e9gante et pratique avec un logo \u00e0 l\u2019avant, une sangle r\u00e9glable et un dos en mesh. Parfaite pour l\u2019\u00e9curie et les activit\u00e9s quotidiennes.","og_url":"https:\/\/brizyproducts.com\/fr\/product\/casquette-b\/","og_site_name":"Brizy Products","article_publisher":"https:\/\/www.facebook.com\/brizy.1983\/","article_modified_time":"2025-10-23T09:44:36+00:00","og_image":[{"width":2560,"height":2560,"url":"https:\/\/brizyproducts.com\/wp-content\/uploads\/2025\/10\/DSC_0070-V2-scaled.webp","type":"image\/png"}],"twitter_card":"summary_large_image","schema":{"@context":"https:\/\/schema.org","@graph":[{"@type":"WebPage","@id":"https:\/\/brizyproducts.com\/fr\/product\/casquette-b\/","url":"https:\/\/brizyproducts.com\/fr\/product\/casquette-b\/","name":"Casquette B | Casquette pratique pour toutes les occasions | Brizy","isPartOf":{"@id":"https:\/\/brizyproducts.com\/fr\/#website"},"primaryImageOfPage":{"@id":"https:\/\/brizyproducts.com\/fr\/product\/casquette-b\/#primaryimage"},"image":{"@id":"https:\/\/brizyproducts.com\/fr\/product\/casquette-b\/#primaryimage"},"thumbnailUrl":"https:\/\/brizyproducts.com\/wp-content\/uploads\/2025\/10\/DSC_0070-V2-scaled.webp","datePublished":"2025-10-22T13:23:48+00:00","dateModified":"2025-10-23T09:44:36+00:00","description":"La casquette B est \u00e9l\u00e9gante et pratique avec un logo \u00e0 l\u2019avant, une sangle r\u00e9glable et un dos en mesh. Parfaite pour l\u2019\u00e9curie et les activit\u00e9s quotidiennes.","breadcrumb":{"@id":"https:\/\/brizyproducts.com\/fr\/product\/casquette-b\/#breadcrumb"},"inLanguage":"fr-FR","potentialAction":[{"@type":"ReadAction","target":["https:\/\/brizyproducts.com\/fr\/product\/casquette-b\/"]}]},{"@type":"ImageObject","inLanguage":"fr-FR","@id":"https:\/\/brizyproducts.com\/fr\/product\/casquette-b\/#primaryimage","url":"https:\/\/brizyproducts.com\/wp-content\/uploads\/2025\/10\/DSC_0070-V2-scaled.webp","contentUrl":"https:\/\/brizyproducts.com\/wp-content\/uploads\/2025\/10\/DSC_0070-V2-scaled.webp","width":2560,"height":2560},{"@type":"BreadcrumbList","@id":"https:\/\/brizyproducts.com\/fr\/product\/casquette-b\/#breadcrumb","itemListElement":[{"@type":"ListItem","position":1,"name":"Hem","item":"https:\/\/brizyproducts.com\/fr\/"},{"@type":"ListItem","position":2,"name":"Shop","item":"https:\/\/brizyproducts.com\/fr\/shop\/"},{"@type":"ListItem","position":3,"name":"Casquette B"}]},{"@type":"WebSite","@id":"https:\/\/brizyproducts.com\/fr\/#website","url":"https:\/\/brizyproducts.com\/fr\/","name":"Brizy","description":"","publisher":{"@id":"https:\/\/brizyproducts.com\/fr\/#organization"},"potentialAction":[{"@type":"SearchAction","target":{"@type":"EntryPoint","urlTemplate":"https:\/\/brizyproducts.com\/fr\/?s={search_term_string}"},"query-input":{"@type":"PropertyValueSpecification","valueRequired":true,"valueName":"search_term_string"}}],"inLanguage":"fr-FR"},{"@type":"Organization","@id":"https:\/\/brizyproducts.com\/fr\/#organization","name":"Brizy","url":"https:\/\/brizyproducts.com\/fr\/","logo":{"@type":"ImageObject","inLanguage":"fr-FR","@id":"https:\/\/brizyproducts.com\/fr\/#\/schema\/logo\/image\/","url":"https:\/\/brizyproducts.com\/wp-content\/uploads\/2023\/12\/Brizy-old.svg","contentUrl":"https:\/\/brizyproducts.com\/wp-content\/uploads\/2023\/12\/Brizy-old.svg","width":1,"height":1,"caption":"Brizy"},"image":{"@id":"https:\/\/brizyproducts.com\/fr\/#\/schema\/logo\/image\/"},"sameAs":["https:\/\/www.facebook.com\/brizy.1983\/","https:\/\/www.linkedin.com\/company\/brizy-produktion\/"]}]},"product_price_amount":"12.00","product_price_currency":"USD","og_availability":"instock","product_availability":"instock","product_retailer_item_id":"8021-01","product_condition":"new"},"_links":{"self":[{"href":"https:\/\/brizyproducts.com\/fr\/wp-json\/wp\/v2\/product\/20316","targetHints":{"allow":["GET"]}}],"collection":[{"href":"https:\/\/brizyproducts.com\/fr\/wp-json\/wp\/v2\/product"}],"about":[{"href":"https:\/\/brizyproducts.com\/fr\/wp-json\/wp\/v2\/types\/product"}],"replies":[{"embeddable":true,"href":"https:\/\/brizyproducts.com\/fr\/wp-json\/wp\/v2\/comments?post=20316"}],"wp:featuredmedia":[{"embeddable":true,"href":"https:\/\/brizyproducts.com\/fr\/wp-json\/wp\/v2\/media\/20414"}],"wp:attachment":[{"href":"https:\/\/brizyproducts.com\/fr\/wp-json\/wp\/v2\/media?parent=20316"}],"wp:term":[{"taxonomy":"product_brand","embeddable":true,"href":"https:\/\/brizyproducts.com\/fr\/wp-json\/wp\/v2\/product_brand?post=20316"},{"taxonomy":"product_cat","embeddable":true,"href":"https:\/\/brizyproducts.com\/fr\/wp-json\/wp\/v2\/product_cat?post=20316"},{"taxonomy":"product_tag","embeddable":true,"href":"https:\/\/brizyproducts.com\/fr\/wp-json\/wp\/v2\/product_tag?post=20316"}],"curies":[{"name":"wp","href":"https:\/\/api.w.org\/{rel}","templated":true}]}}