{"id":20283,"date":"2025-10-22T13:07:04","date_gmt":"2025-10-22T13:07:04","guid":{"rendered":"https:\/\/brizyproducts.com\/?post_type=product&#038;p=20283"},"modified":"2026-02-06T13:31:10","modified_gmt":"2026-02-06T13:31:10","slug":"san-paolo-no-1-classic-copy","status":"publish","type":"product","link":"https:\/\/brizyproducts.com\/fr\/product\/san-paolo-no-1-classic-copy\/","title":{"rendered":"San Paolo No. 4 A\/W"},"content":{"rendered":"<div class=\"flex flex-grow flex-col max-w-full\">\n<div class=\"min-h-[20px] text-message flex w-full flex-col items-end gap-2 whitespace-pre-wrap break-words [.text-message+&amp;]:mt-5 overflow-x-auto\" dir=\"auto\" data-message-author-role=\"assistant\" data-message-id=\"54b9a520-356e-43e3-9c40-59ab993b0e5d\">\n<div class=\"flex w-full flex-col gap-1 empty:hidden first:pt-[3px]\">\n<div class=\"markdown prose w-full break-words dark:prose-invert light\">\n<h2><strong>San Paolo No. 4 A\/W &amp; Chaussette en laine Loke &#8211; Chaleur, confort et savoir-faire italien<\/strong><\/h2>\n<p>D\u00e9couvrez l\u2019\u00e9quilibre parfait entre chaleur et performance avec la San Paolo No. 4 A\/W &#8211; notre version am\u00e9lior\u00e9e de la classique San Paolo No. 1. Elle conserve le m\u00eame design \u00e9l\u00e9gant avec fermeture \u00e9clair \u00e0 l\u2019avant, tout en offrant un confort accru pour les journ\u00e9es plus froides.<\/p>\n<p>Fabriqu\u00e9e en cuir italien imperm\u00e9able et doubl\u00e9e de laine naturelle douce, la botte \u00e9pouse votre pied pour une sensation chaude, confortable et luxueuse &#8211; id\u00e9ale pour la conduite de chevaux en automne et en hiver.<\/p>\n<p>Une semelle flexible et une semelle int\u00e9rieure amovible offrent une excellente stabilit\u00e9 et un soutien personnalisable, tandis que le talon renforc\u00e9 garantit une durabilit\u00e9 longue dur\u00e9e lors de longues journ\u00e9es \u00e0 l\u2019\u00e9curie ou sur la piste.<\/p>\n<p>Con\u00e7ue pour r\u00e9pondre aux exigences \u00e9lev\u00e9es des courses au harnais, la San Paolo No. 4 A\/W allie savoir-faire italien, durabilit\u00e9 et style intemporel.<\/p>\n<p>Chaque paire comprend notre chaussette en laine Loke &#8211; le compagnon parfait pour garder vos pieds au chaud et au sec toute la saison.<\/p>\n<\/div>\n<\/div>\n<\/div>\n<\/div>\n","protected":false},"excerpt":{"rendered":"<p>Cuir imperm\u00e9able, laine chaude et semelle flexible pour le confort par temps hivernal.<\/p>\n","protected":false},"featured_media":20533,"comment_status":"open","ping_status":"closed","template":"","meta":{"_acf_changed":false},"product_brand":[],"product_cat":[438],"product_tag":[],"class_list":{"0":"post-20283","1":"product","2":"type-product","3":"status-publish","4":"has-post-thumbnail","6":"product_cat-outlet","7":"season-rain","8":"season-spring-fall","9":"season-winter","10":"gender-men","11":"collection-san-paolo","12":"activity-monte","13":"activity-racing","14":"activity-training","15":"activity-workwear","16":"product_type_brizy-stock-products","18":"first","19":"instock","20":"sale","21":"taxable","22":"shipping-taxable","23":"purchasable","24":"product-type-variable"},"acf":[],"yoast_head":"<!-- This site is optimized with the Yoast SEO plugin v27.3 - https:\/\/yoast.com\/product\/yoast-seo-wordpress\/ -->\n<title>San Paolo No. 4 | Chaudes et d\u00e9perlantes pour conducteurs | Brizy<\/title>\n<meta name=\"description\" content=\"Botte \u00e9l\u00e9gante pour l\u2019automne et l\u2019hiver, avec doublure en laine et cuir d\u00e9perlant. Id\u00e9ale pour rester au chaud et au sec.\" \/>\n<meta name=\"robots\" content=\"index, follow, max-snippet:-1, max-image-preview:large, max-video-preview:-1\" \/>\n<link rel=\"canonical\" href=\"https:\/\/brizyproducts.com\/fr\/product\/san-paolo-no-1-classic-copy\/\" \/>\n<meta property=\"og:locale\" content=\"fr_FR\" \/>\n<meta property=\"og:type\" content=\"article\" \/>\n<meta property=\"og:title\" content=\"San Paolo No. 4 | Chaudes et d\u00e9perlantes pour conducteurs | Brizy\" \/>\n<meta property=\"og:description\" content=\"Botte \u00e9l\u00e9gante pour l\u2019automne et l\u2019hiver, avec doublure en laine et cuir d\u00e9perlant. Id\u00e9ale pour rester au chaud et au sec.\" \/>\n<meta property=\"og:url\" content=\"https:\/\/brizyproducts.com\/fr\/product\/san-paolo-no-1-classic-copy\/\" \/>\n<meta property=\"og:site_name\" content=\"Brizy Products\" \/>\n<meta property=\"article:publisher\" content=\"https:\/\/www.facebook.com\/brizy.1983\/\" \/>\n<meta property=\"article:modified_time\" content=\"2026-02-06T13:31:10+00:00\" \/>\n<meta property=\"og:image\" content=\"https:\/\/brizyproducts.com\/wp-content\/uploads\/2025\/10\/San-Paolo-host-strumpa-4-1.webp\" \/>\n\t<meta property=\"og:image:width\" content=\"709\" \/>\n\t<meta property=\"og:image:height\" content=\"900\" \/>\n\t<meta property=\"og:image:type\" content=\"image\/png\" \/>\n<meta name=\"twitter:card\" content=\"summary_large_image\" \/>\n<meta property=\"og:availability\" content=\"instock\" \/>\n<meta property=\"product:availability\" content=\"instock\" \/>\n<meta property=\"product:condition\" content=\"new\" \/>\n<!-- \/ Yoast SEO plugin. -->","yoast_head_json":{"title":"San Paolo No. 4 | Chaudes et d\u00e9perlantes pour conducteurs | Brizy","description":"Botte \u00e9l\u00e9gante pour l\u2019automne et l\u2019hiver, avec doublure en laine et cuir d\u00e9perlant. Id\u00e9ale pour rester au chaud et au sec.","robots":{"index":"index","follow":"follow","max-snippet":"max-snippet:-1","max-image-preview":"max-image-preview:large","max-video-preview":"max-video-preview:-1"},"canonical":"https:\/\/brizyproducts.com\/fr\/product\/san-paolo-no-1-classic-copy\/","og_locale":"fr_FR","og_type":"article","og_title":"San Paolo No. 4 | Chaudes et d\u00e9perlantes pour conducteurs | Brizy","og_description":"Botte \u00e9l\u00e9gante pour l\u2019automne et l\u2019hiver, avec doublure en laine et cuir d\u00e9perlant. Id\u00e9ale pour rester au chaud et au sec.","og_url":"https:\/\/brizyproducts.com\/fr\/product\/san-paolo-no-1-classic-copy\/","og_site_name":"Brizy Products","article_publisher":"https:\/\/www.facebook.com\/brizy.1983\/","article_modified_time":"2026-02-06T13:31:10+00:00","og_image":[{"width":709,"height":900,"url":"https:\/\/brizyproducts.com\/wp-content\/uploads\/2025\/10\/San-Paolo-host-strumpa-4-1.webp","type":"image\/png"}],"twitter_card":"summary_large_image","schema":{"@context":"https:\/\/schema.org","@graph":[{"@type":"WebPage","@id":"https:\/\/brizyproducts.com\/fr\/product\/san-paolo-no-1-classic-copy\/","url":"https:\/\/brizyproducts.com\/fr\/product\/san-paolo-no-1-classic-copy\/","name":"San Paolo No. 4 | Chaudes et d\u00e9perlantes pour conducteurs | Brizy","isPartOf":{"@id":"https:\/\/brizyproducts.com\/fr\/#website"},"primaryImageOfPage":{"@id":"https:\/\/brizyproducts.com\/fr\/product\/san-paolo-no-1-classic-copy\/#primaryimage"},"image":{"@id":"https:\/\/brizyproducts.com\/fr\/product\/san-paolo-no-1-classic-copy\/#primaryimage"},"thumbnailUrl":"https:\/\/brizyproducts.com\/wp-content\/uploads\/2025\/10\/San-Paolo-host-strumpa-4-1.webp","datePublished":"2025-10-22T13:07:04+00:00","dateModified":"2026-02-06T13:31:10+00:00","description":"Botte \u00e9l\u00e9gante pour l\u2019automne et l\u2019hiver, avec doublure en laine et cuir d\u00e9perlant. Id\u00e9ale pour rester au chaud et au sec.","breadcrumb":{"@id":"https:\/\/brizyproducts.com\/fr\/product\/san-paolo-no-1-classic-copy\/#breadcrumb"},"inLanguage":"fr-FR","potentialAction":[{"@type":"ReadAction","target":["https:\/\/brizyproducts.com\/fr\/product\/san-paolo-no-1-classic-copy\/"]}]},{"@type":"ImageObject","inLanguage":"fr-FR","@id":"https:\/\/brizyproducts.com\/fr\/product\/san-paolo-no-1-classic-copy\/#primaryimage","url":"https:\/\/brizyproducts.com\/wp-content\/uploads\/2025\/10\/San-Paolo-host-strumpa-4-1.webp","contentUrl":"https:\/\/brizyproducts.com\/wp-content\/uploads\/2025\/10\/San-Paolo-host-strumpa-4-1.webp","width":709,"height":900},{"@type":"BreadcrumbList","@id":"https:\/\/brizyproducts.com\/fr\/product\/san-paolo-no-1-classic-copy\/#breadcrumb","itemListElement":[{"@type":"ListItem","position":1,"name":"Hem","item":"https:\/\/brizyproducts.com\/fr\/"},{"@type":"ListItem","position":2,"name":"Shop","item":"https:\/\/brizyproducts.com\/fr\/shop\/"},{"@type":"ListItem","position":3,"name":"San Paolo No. 4 A\/W"}]},{"@type":"WebSite","@id":"https:\/\/brizyproducts.com\/fr\/#website","url":"https:\/\/brizyproducts.com\/fr\/","name":"Brizy","description":"","publisher":{"@id":"https:\/\/brizyproducts.com\/fr\/#organization"},"potentialAction":[{"@type":"SearchAction","target":{"@type":"EntryPoint","urlTemplate":"https:\/\/brizyproducts.com\/fr\/?s={search_term_string}"},"query-input":{"@type":"PropertyValueSpecification","valueRequired":true,"valueName":"search_term_string"}}],"inLanguage":"fr-FR"},{"@type":"Organization","@id":"https:\/\/brizyproducts.com\/fr\/#organization","name":"Brizy","url":"https:\/\/brizyproducts.com\/fr\/","logo":{"@type":"ImageObject","inLanguage":"fr-FR","@id":"https:\/\/brizyproducts.com\/fr\/#\/schema\/logo\/image\/","url":"https:\/\/brizyproducts.com\/wp-content\/uploads\/2023\/12\/Brizy-old.svg","contentUrl":"https:\/\/brizyproducts.com\/wp-content\/uploads\/2023\/12\/Brizy-old.svg","width":1,"height":1,"caption":"Brizy"},"image":{"@id":"https:\/\/brizyproducts.com\/fr\/#\/schema\/logo\/image\/"},"sameAs":["https:\/\/www.facebook.com\/brizy.1983\/","https:\/\/www.linkedin.com\/company\/brizy-produktion\/"]}]},"og_availability":"instock","product_availability":"instock","product_condition":"new"},"_links":{"self":[{"href":"https:\/\/brizyproducts.com\/fr\/wp-json\/wp\/v2\/product\/20283","targetHints":{"allow":["GET"]}}],"collection":[{"href":"https:\/\/brizyproducts.com\/fr\/wp-json\/wp\/v2\/product"}],"about":[{"href":"https:\/\/brizyproducts.com\/fr\/wp-json\/wp\/v2\/types\/product"}],"replies":[{"embeddable":true,"href":"https:\/\/brizyproducts.com\/fr\/wp-json\/wp\/v2\/comments?post=20283"}],"wp:featuredmedia":[{"embeddable":true,"href":"https:\/\/brizyproducts.com\/fr\/wp-json\/wp\/v2\/media\/20533"}],"wp:attachment":[{"href":"https:\/\/brizyproducts.com\/fr\/wp-json\/wp\/v2\/media?parent=20283"}],"wp:term":[{"taxonomy":"product_brand","embeddable":true,"href":"https:\/\/brizyproducts.com\/fr\/wp-json\/wp\/v2\/product_brand?post=20283"},{"taxonomy":"product_cat","embeddable":true,"href":"https:\/\/brizyproducts.com\/fr\/wp-json\/wp\/v2\/product_cat?post=20283"},{"taxonomy":"product_tag","embeddable":true,"href":"https:\/\/brizyproducts.com\/fr\/wp-json\/wp\/v2\/product_tag?post=20283"}],"curies":[{"name":"wp","href":"https:\/\/api.w.org\/{rel}","templated":true}]}}