{"id":19671,"date":"2025-01-22T14:38:20","date_gmt":"2025-01-22T14:38:20","guid":{"rendered":"https:\/\/brizyproducts.com\/product\/san-siro-back-protector\/"},"modified":"2026-01-20T13:10:28","modified_gmt":"2026-01-20T13:10:28","slug":"san-siro-back-protector","status":"publish","type":"product","link":"https:\/\/brizyproducts.com\/fr\/product\/san-siro-back-protector\/","title":{"rendered":"Gilet de Protection San Siro"},"content":{"rendered":"<p><strong>Le Gilet de Protection San Siro &#8211; Certifi\u00e9 pour les courses sous harnais<\/strong><\/p>\n<p>Nous sommes fiers de vous pr\u00e9senter un gilet de s\u00e9curit\u00e9 qui \u00e9tablit une nouvelle norme en mati\u00e8re d&rsquo;\u00e9quipement de protection individuelle pour les courses attel\u00e9es. Con\u00e7u pour r\u00e9pondre aux exigences les plus \u00e9lev\u00e9es en mati\u00e8re de sant\u00e9 et de s\u00e9curit\u00e9, le San Siro Protector offre une protection certifi\u00e9e aux pilotes de courses attel\u00e9es dans l&rsquo;Union europ\u00e9enne et au Royaume-Uni.<\/p>\n<p>Apr\u00e8s plus d&rsquo;un an de d\u00e9veloppement et de tests rigoureux, le Protecteur San Siro a \u00e9t\u00e9 certifi\u00e9 par SATRA Technology Europe Ltd, sous Notified Body : 2777, par M46:2024-sp\u00e9cification pour les gilets de s\u00e9curit\u00e9 pour le trot et les courses sous harnais, et le r\u00e8glement EPI 2016\/425. Il est fabriqu\u00e9 conform\u00e9ment aux normes EN 1621-2:2014 et EN 1621-3.<\/p>\n<p><strong>Un engagement pour la s\u00e9curit\u00e9<\/strong><br \/>\n\u00c9quip\u00e9 d&rsquo;une protection dorsale centrale et de protections thoraciques divis\u00e9es parfaitement int\u00e9gr\u00e9es dans des poches intelligentes \u00e0 fermeture s\u00e9curis\u00e9e, le San Siro Protector offre une protection sup\u00e9rieure et une libert\u00e9 de mouvement exceptionnelle. Ce gilet permet aux conducteurs de travailler en toute confiance, m\u00eame dans les conditions les plus exigeantes.<\/p>\n<p><strong>Remarque :<\/strong><br \/>\nRespectez toujours les r\u00e8gles de s\u00e9curit\u00e9 sp\u00e9cifiques \u00e0 votre pays ou \u00e0 votre r\u00e9gion afin de garantir la conformit\u00e9. Le protecteur San Siro est certifi\u00e9 pour une utilisation dans l&rsquo;UE et au Royaume-Uni.<\/p>\n<p>AUCUN PROTECTEUR DORSAL OU THORACIQUE NE PEUT PROT\u00c9GER LE PORTEUR CONTRE TOUS LES IMPACTS PR\u00c9VISIBLES<\/p>\n<p><strong>Adaptation<\/strong><\/p>\n<p>Lors de l&rsquo;essayage d&rsquo;un gilet, il est essentiel d&rsquo;obtenir des mesures pr\u00e9cises. Pour garantir la pr\u00e9cision des mesures, il est conseill\u00e9 de se faire aider par quelqu&rsquo;un. Vous devrez prendre trois mesures diff\u00e9rentes : la mesure de la poitrine, la mesure de la taille et la mesure de la colonne vert\u00e9brale. Consultez le guide des tailles.<\/p>\n<p>N&rsquo;oubliez pas que des mesures pr\u00e9cises sont la cl\u00e9 d&rsquo;un gilet bien ajust\u00e9, alors prenez votre temps et v\u00e9rifiez vos mesures. Pour plus d&rsquo;informations, consultez l&rsquo;onglet Guide des tailles.<\/p>\n<p><strong>Mat\u00e9riau <\/strong><\/p>\n<p>Coquille et doublure &#8211; 100 % polyester<\/p>\n<p>Protection dorsale centrale, EN 1621-2:2014, niveau 2<\/p>\n<p>Protecteurs thoraciques divis\u00e9s, EN 1621-3:2014, niveau 2<\/p>\n<p>Protection de la queue &#8211; Mousse souple visco\u00e9lastique<\/p>\n<p><strong>Faites-le v\u00f4tre<\/strong><br \/>\nPersonnalisez votre protecteur San Siro avec votre propre design, y compris des logos et des noms<strong>. <span style=\"color: #ff0000;\"><a style=\"color: #ff0000;\" href=\"\/?p=14979\">Cliquez ici<\/a><\/span><\/strong><\/p>\n<p class=\"s3\">De la piste \u00e0 l&rsquo;entra\u00eenement, le San Siro Protector est votre gilet de s\u00e9curit\u00e9 ultime, offrant une protection et un confort in\u00e9gal\u00e9s pour les courses sous harnais. Con\u00e7ue explicitement pour les pilotes de courses sous harnais, elle vous permet de rester en s\u00e9curit\u00e9 et de vous concentrer sur vos performances.<\/p>\n<p class=\"s6\">Pour plus d&rsquo;informations, consultez l&rsquo;onglet \u00ab\u00a0Documents\u00a0\u00bb.<\/p>\n","protected":false},"excerpt":{"rendered":"<p>Le Gilet de Protection San Siro &#8211; Certifi\u00e9 pour les courses sous harnais Nous sommes fiers de vous pr\u00e9senter un gilet de s\u00e9curit\u00e9 qui \u00e9tablit une nouvelle norme en mati\u00e8re d&rsquo;\u00e9quipement de protection individuelle pour les courses attel\u00e9es. Con\u00e7u pour r\u00e9pondre aux exigences les plus \u00e9lev\u00e9es en mati\u00e8re de sant\u00e9 et de s\u00e9curit\u00e9, le San [&hellip;]<\/p>\n","protected":false},"featured_media":18650,"comment_status":"closed","ping_status":"closed","template":"","meta":{"_acf_changed":false},"product_brand":[],"product_cat":[409,240,262],"product_tag":[243],"class_list":{"0":"post-19671","1":"product","2":"type-product","3":"status-publish","4":"has-post-thumbnail","6":"product_cat-protective-gear","7":"product_cat-mens","8":"product_cat-womens","9":"product_tag-pocono-fr","10":"season-rain","11":"season-spring-fall","12":"season-summer","13":"season-winter","14":"gender-men","15":"gender-women","16":"collection-san-siro","17":"activity-racing","18":"activity-training","19":"product_type_brizy-variable","21":"first","22":"instock","23":"taxable","24":"shipping-taxable","25":"purchasable","26":"product-type-variable"},"acf":[],"yoast_head":"<!-- This site is optimized with the Yoast SEO plugin v27.3 - https:\/\/yoast.com\/product\/yoast-seo-wordpress\/ -->\n<title>Gilet de Protection San Siro | Harness racing clothing | Brizy<\/title>\n<meta name=\"description\" content=\"Le Gilet de Protection San Siro - Certifi\u00e9 pour les courses sous harnais Nous sommes fiers de vous pr\u00e9senter un gilet de s\u00e9curit\u00e9 qui \u00e9tablit une nouvelle\" \/>\n<meta name=\"robots\" content=\"index, follow, max-snippet:-1, max-image-preview:large, max-video-preview:-1\" \/>\n<link rel=\"canonical\" href=\"https:\/\/brizyproducts.com\/fr\/product\/san-siro-back-protector\/\" \/>\n<meta property=\"og:locale\" content=\"fr_FR\" \/>\n<meta property=\"og:type\" content=\"article\" \/>\n<meta property=\"og:title\" content=\"Gilet de Protection San Siro | Harness racing clothing | Brizy\" \/>\n<meta property=\"og:description\" content=\"Le Gilet de Protection San Siro - Certifi\u00e9 pour les courses sous harnais Nous sommes fiers de vous pr\u00e9senter un gilet de s\u00e9curit\u00e9 qui \u00e9tablit une nouvelle\" \/>\n<meta property=\"og:url\" content=\"https:\/\/brizyproducts.com\/fr\/product\/san-siro-back-protector\/\" \/>\n<meta property=\"og:site_name\" content=\"Brizy Products\" \/>\n<meta property=\"article:publisher\" content=\"https:\/\/www.facebook.com\/brizy.1983\/\" \/>\n<meta property=\"article:modified_time\" content=\"2026-01-20T13:10:28+00:00\" \/>\n<meta property=\"og:image\" content=\"https:\/\/brizyproducts.com\/wp-content\/uploads\/2025\/01\/2-tr-png-scaled.webp\" \/>\n\t<meta property=\"og:image:width\" content=\"1920\" \/>\n\t<meta property=\"og:image:height\" content=\"2560\" \/>\n\t<meta property=\"og:image:type\" content=\"image\/webp\" \/>\n<meta name=\"twitter:card\" content=\"summary_large_image\" \/>\n<meta property=\"og:availability\" content=\"instock\" \/>\n<meta property=\"product:availability\" content=\"instock\" \/>\n<meta property=\"product:condition\" content=\"new\" \/>\n<!-- \/ Yoast SEO plugin. -->","yoast_head_json":{"title":"Gilet de Protection San Siro | Harness racing clothing | Brizy","description":"Le Gilet de Protection San Siro - Certifi\u00e9 pour les courses sous harnais Nous sommes fiers de vous pr\u00e9senter un gilet de s\u00e9curit\u00e9 qui \u00e9tablit une nouvelle","robots":{"index":"index","follow":"follow","max-snippet":"max-snippet:-1","max-image-preview":"max-image-preview:large","max-video-preview":"max-video-preview:-1"},"canonical":"https:\/\/brizyproducts.com\/fr\/product\/san-siro-back-protector\/","og_locale":"fr_FR","og_type":"article","og_title":"Gilet de Protection San Siro | Harness racing clothing | Brizy","og_description":"Le Gilet de Protection San Siro - Certifi\u00e9 pour les courses sous harnais Nous sommes fiers de vous pr\u00e9senter un gilet de s\u00e9curit\u00e9 qui \u00e9tablit une nouvelle","og_url":"https:\/\/brizyproducts.com\/fr\/product\/san-siro-back-protector\/","og_site_name":"Brizy Products","article_publisher":"https:\/\/www.facebook.com\/brizy.1983\/","article_modified_time":"2026-01-20T13:10:28+00:00","og_image":[{"width":1920,"height":2560,"url":"https:\/\/brizyproducts.com\/wp-content\/uploads\/2025\/01\/2-tr-png-scaled.webp","type":"image\/webp"}],"twitter_card":"summary_large_image","schema":{"@context":"https:\/\/schema.org","@graph":[{"@type":"WebPage","@id":"https:\/\/brizyproducts.com\/fr\/product\/san-siro-back-protector\/","url":"https:\/\/brizyproducts.com\/fr\/product\/san-siro-back-protector\/","name":"Gilet de Protection San Siro | Harness racing clothing | Brizy","isPartOf":{"@id":"https:\/\/brizyproducts.com\/fr\/#website"},"primaryImageOfPage":{"@id":"https:\/\/brizyproducts.com\/fr\/product\/san-siro-back-protector\/#primaryimage"},"image":{"@id":"https:\/\/brizyproducts.com\/fr\/product\/san-siro-back-protector\/#primaryimage"},"thumbnailUrl":"https:\/\/brizyproducts.com\/wp-content\/uploads\/2025\/01\/2-tr-png-scaled.webp","datePublished":"2025-01-22T14:38:20+00:00","dateModified":"2026-01-20T13:10:28+00:00","description":"Le Gilet de Protection San Siro - Certifi\u00e9 pour les courses sous harnais Nous sommes fiers de vous pr\u00e9senter un gilet de s\u00e9curit\u00e9 qui \u00e9tablit une nouvelle","breadcrumb":{"@id":"https:\/\/brizyproducts.com\/fr\/product\/san-siro-back-protector\/#breadcrumb"},"inLanguage":"fr-FR","potentialAction":[{"@type":"ReadAction","target":["https:\/\/brizyproducts.com\/fr\/product\/san-siro-back-protector\/"]}]},{"@type":"ImageObject","inLanguage":"fr-FR","@id":"https:\/\/brizyproducts.com\/fr\/product\/san-siro-back-protector\/#primaryimage","url":"https:\/\/brizyproducts.com\/wp-content\/uploads\/2025\/01\/2-tr-png-scaled.webp","contentUrl":"https:\/\/brizyproducts.com\/wp-content\/uploads\/2025\/01\/2-tr-png-scaled.webp","width":1920,"height":2560},{"@type":"BreadcrumbList","@id":"https:\/\/brizyproducts.com\/fr\/product\/san-siro-back-protector\/#breadcrumb","itemListElement":[{"@type":"ListItem","position":1,"name":"Hem","item":"https:\/\/brizyproducts.com\/fr\/"},{"@type":"ListItem","position":2,"name":"Shop","item":"https:\/\/brizyproducts.com\/fr\/shop\/"},{"@type":"ListItem","position":3,"name":"Gilet de Protection San Siro"}]},{"@type":"WebSite","@id":"https:\/\/brizyproducts.com\/fr\/#website","url":"https:\/\/brizyproducts.com\/fr\/","name":"Brizy","description":"","publisher":{"@id":"https:\/\/brizyproducts.com\/fr\/#organization"},"potentialAction":[{"@type":"SearchAction","target":{"@type":"EntryPoint","urlTemplate":"https:\/\/brizyproducts.com\/fr\/?s={search_term_string}"},"query-input":{"@type":"PropertyValueSpecification","valueRequired":true,"valueName":"search_term_string"}}],"inLanguage":"fr-FR"},{"@type":"Organization","@id":"https:\/\/brizyproducts.com\/fr\/#organization","name":"Brizy","url":"https:\/\/brizyproducts.com\/fr\/","logo":{"@type":"ImageObject","inLanguage":"fr-FR","@id":"https:\/\/brizyproducts.com\/fr\/#\/schema\/logo\/image\/","url":"https:\/\/brizyproducts.com\/wp-content\/uploads\/2023\/12\/Brizy-old.svg","contentUrl":"https:\/\/brizyproducts.com\/wp-content\/uploads\/2023\/12\/Brizy-old.svg","width":1,"height":1,"caption":"Brizy"},"image":{"@id":"https:\/\/brizyproducts.com\/fr\/#\/schema\/logo\/image\/"},"sameAs":["https:\/\/www.facebook.com\/brizy.1983\/","https:\/\/www.linkedin.com\/company\/brizy-produktion\/"]}]},"og_availability":"instock","product_availability":"instock","product_condition":"new"},"_links":{"self":[{"href":"https:\/\/brizyproducts.com\/fr\/wp-json\/wp\/v2\/product\/19671","targetHints":{"allow":["GET"]}}],"collection":[{"href":"https:\/\/brizyproducts.com\/fr\/wp-json\/wp\/v2\/product"}],"about":[{"href":"https:\/\/brizyproducts.com\/fr\/wp-json\/wp\/v2\/types\/product"}],"replies":[{"embeddable":true,"href":"https:\/\/brizyproducts.com\/fr\/wp-json\/wp\/v2\/comments?post=19671"}],"wp:featuredmedia":[{"embeddable":true,"href":"https:\/\/brizyproducts.com\/fr\/wp-json\/wp\/v2\/media\/18650"}],"wp:attachment":[{"href":"https:\/\/brizyproducts.com\/fr\/wp-json\/wp\/v2\/media?parent=19671"}],"wp:term":[{"taxonomy":"product_brand","embeddable":true,"href":"https:\/\/brizyproducts.com\/fr\/wp-json\/wp\/v2\/product_brand?post=19671"},{"taxonomy":"product_cat","embeddable":true,"href":"https:\/\/brizyproducts.com\/fr\/wp-json\/wp\/v2\/product_cat?post=19671"},{"taxonomy":"product_tag","embeddable":true,"href":"https:\/\/brizyproducts.com\/fr\/wp-json\/wp\/v2\/product_tag?post=19671"}],"curies":[{"name":"wp","href":"https:\/\/api.w.org\/{rel}","templated":true}]}}