{"id":18324,"date":"2025-04-01T23:44:03","date_gmt":"2025-04-01T23:44:03","guid":{"rendered":"https:\/\/brizyproducts.com\/?post_type=product&#038;p=18324"},"modified":"2025-11-07T09:19:01","modified_gmt":"2025-11-07T09:19:01","slug":"boden-2-0-pantalon-femme-copy","status":"publish","type":"product","link":"https:\/\/brizyproducts.com\/fr\/product\/boden-2-0-pantalon-femme-copy\/","title":{"rendered":"Melbourne 2.0 Pantalon Femme"},"content":{"rendered":"<h2><strong>Pantalon toutes saisons pratique et r\u00e9sistant pour l\u2019\u00e9curie<\/strong><\/h2>\n<p>Le Melbourne 2.0 Pantalon est un pantalon toutes saisons polyvalent qui combine chaleur, fonctionnalit\u00e9 et libert\u00e9 de mouvement. Con\u00e7u pour r\u00e9sister aux exigences du quotidien, il est id\u00e9al aussi bien lors d\u2019une fra\u00eeche matin\u00e9e que d\u2019une soudaine averse. C\u2019est le pantalon toutes saisons parfait pour le printemps et l\u2019automne.<\/p>\n<p>La coupe flexible et pratique du pantalon vous permet de bouger librement et confortablement, quelle que soit l\u2019activit\u00e9. Le tissu ext\u00e9rieur r\u00e9sistant et les coutures \u00e9tanch\u00e9es emp\u00eachent le vent et l\u2019eau de p\u00e9n\u00e9trer, vous garantissant confort et protection par tous les temps &#8211; que ce soit pour curer les boxes, mener un cheval ou vous pr\u00e9parer \u00e0 une comp\u00e9tition.<\/p>\n<p>La pantalon a une coupe r\u00e9guli\u00e8re, nous recommandons de choisir votre taille habituelle.<\/p>\n","protected":false},"excerpt":{"rendered":"<p>Pantalon toutes saisons pratique qui vous garde au chaud et mobile par tous les temps.<\/p>\n","protected":false},"featured_media":18333,"comment_status":"closed","ping_status":"closed","template":"","meta":{"_acf_changed":false},"product_brand":[],"product_cat":[241,496],"product_tag":[243],"season":[505],"gender":[511],"collection":[555],"activity":[559,561],"product_type_brizy":[569],"class_list":{"0":"post-18324","1":"product","2":"type-product","3":"status-publish","4":"has-post-thumbnail","6":"product_cat-trousers","7":"product_cat-race-into-autumn","8":"product_tag-pocono-fr","9":"season-spring-fall","10":"gender-women","11":"collection-melbourne-2-0","12":"activity-stable","13":"activity-training","14":"product_type_brizy-stock-products","16":"first","17":"outofstock","18":"taxable","19":"shipping-taxable","20":"purchasable","21":"product-type-variable"},"acf":[],"yoast_head":"<!-- This site is optimized with the Yoast SEO plugin v27.4 - https:\/\/yoast.com\/product\/yoast-seo-wordpress\/ -->\n<title>Melbourne 2.0 Pantalon | Pantalon toutes saisons \u00e9curie | Brizy<\/title>\n<meta name=\"description\" content=\"Pantalon toutes saisons qui prot\u00e8ge de la pluie et du vent sans \u00eatre lourd. Le choix id\u00e9al pour le printemps et l\u2019automne.\" \/>\n<meta name=\"robots\" content=\"index, follow, max-snippet:-1, max-image-preview:large, max-video-preview:-1\" \/>\n<link rel=\"canonical\" href=\"https:\/\/brizyproducts.com\/fr\/product\/boden-2-0-pantalon-femme-copy\/\" \/>\n<meta property=\"og:locale\" content=\"fr_FR\" \/>\n<meta property=\"og:type\" content=\"article\" \/>\n<meta property=\"og:title\" content=\"Melbourne 2.0 Pantalon | Pantalon toutes saisons \u00e9curie | Brizy\" \/>\n<meta property=\"og:description\" content=\"Pantalon toutes saisons qui prot\u00e8ge de la pluie et du vent sans \u00eatre lourd. Le choix id\u00e9al pour le printemps et l\u2019automne.\" \/>\n<meta property=\"og:url\" content=\"https:\/\/brizyproducts.com\/fr\/product\/boden-2-0-pantalon-femme-copy\/\" \/>\n<meta property=\"og:site_name\" content=\"Brizy Products\" \/>\n<meta property=\"article:publisher\" content=\"https:\/\/www.facebook.com\/brizy.1983\/\" \/>\n<meta property=\"article:modified_time\" content=\"2025-11-07T09:19:01+00:00\" \/>\n<meta property=\"og:image\" content=\"https:\/\/brizyproducts.com\/wp-content\/uploads\/2025\/04\/P-A-W-1-1650x2200.webp\" \/>\n\t<meta property=\"og:image:width\" content=\"1650\" \/>\n\t<meta property=\"og:image:height\" content=\"2200\" \/>\n\t<meta property=\"og:image:type\" content=\"image\/png\" \/>\n<meta name=\"twitter:card\" content=\"summary_large_image\" \/>\n<meta property=\"og:availability\" content=\"out of stock\" \/>\n<meta property=\"product:availability\" content=\"out of stock\" \/>\n<meta property=\"product:condition\" content=\"new\" \/>\n<!-- \/ Yoast SEO plugin. -->","yoast_head_json":{"title":"Melbourne 2.0 Pantalon | Pantalon toutes saisons \u00e9curie | Brizy","description":"Pantalon toutes saisons qui prot\u00e8ge de la pluie et du vent sans \u00eatre lourd. Le choix id\u00e9al pour le printemps et l\u2019automne.","robots":{"index":"index","follow":"follow","max-snippet":"max-snippet:-1","max-image-preview":"max-image-preview:large","max-video-preview":"max-video-preview:-1"},"canonical":"https:\/\/brizyproducts.com\/fr\/product\/boden-2-0-pantalon-femme-copy\/","og_locale":"fr_FR","og_type":"article","og_title":"Melbourne 2.0 Pantalon | Pantalon toutes saisons \u00e9curie | Brizy","og_description":"Pantalon toutes saisons qui prot\u00e8ge de la pluie et du vent sans \u00eatre lourd. Le choix id\u00e9al pour le printemps et l\u2019automne.","og_url":"https:\/\/brizyproducts.com\/fr\/product\/boden-2-0-pantalon-femme-copy\/","og_site_name":"Brizy Products","article_publisher":"https:\/\/www.facebook.com\/brizy.1983\/","article_modified_time":"2025-11-07T09:19:01+00:00","og_image":[{"width":1650,"height":2200,"url":"https:\/\/brizyproducts.com\/wp-content\/uploads\/2025\/04\/P-A-W-1-1650x2200.webp","type":"image\/png"}],"twitter_card":"summary_large_image","schema":{"@context":"https:\/\/schema.org","@graph":[{"@type":"WebPage","@id":"https:\/\/brizyproducts.com\/fr\/product\/boden-2-0-pantalon-femme-copy\/","url":"https:\/\/brizyproducts.com\/fr\/product\/boden-2-0-pantalon-femme-copy\/","name":"Melbourne 2.0 Pantalon | Pantalon toutes saisons \u00e9curie | Brizy","isPartOf":{"@id":"https:\/\/brizyproducts.com\/fr\/#website"},"primaryImageOfPage":{"@id":"https:\/\/brizyproducts.com\/fr\/product\/boden-2-0-pantalon-femme-copy\/#primaryimage"},"image":{"@id":"https:\/\/brizyproducts.com\/fr\/product\/boden-2-0-pantalon-femme-copy\/#primaryimage"},"thumbnailUrl":"https:\/\/brizyproducts.com\/wp-content\/uploads\/2025\/04\/P-A-W-1-scaled.webp","datePublished":"2025-04-01T23:44:03+00:00","dateModified":"2025-11-07T09:19:01+00:00","description":"Pantalon toutes saisons qui prot\u00e8ge de la pluie et du vent sans \u00eatre lourd. Le choix id\u00e9al pour le printemps et l\u2019automne.","breadcrumb":{"@id":"https:\/\/brizyproducts.com\/fr\/product\/boden-2-0-pantalon-femme-copy\/#breadcrumb"},"inLanguage":"fr-FR","potentialAction":[{"@type":"ReadAction","target":["https:\/\/brizyproducts.com\/fr\/product\/boden-2-0-pantalon-femme-copy\/"]}]},{"@type":"ImageObject","inLanguage":"fr-FR","@id":"https:\/\/brizyproducts.com\/fr\/product\/boden-2-0-pantalon-femme-copy\/#primaryimage","url":"https:\/\/brizyproducts.com\/wp-content\/uploads\/2025\/04\/P-A-W-1-scaled.webp","contentUrl":"https:\/\/brizyproducts.com\/wp-content\/uploads\/2025\/04\/P-A-W-1-scaled.webp","width":3375,"height":4500},{"@type":"BreadcrumbList","@id":"https:\/\/brizyproducts.com\/fr\/product\/boden-2-0-pantalon-femme-copy\/#breadcrumb","itemListElement":[{"@type":"ListItem","position":1,"name":"Hem","item":"https:\/\/brizyproducts.com\/fr\/start-april-2026\/"},{"@type":"ListItem","position":2,"name":"Shop","item":"https:\/\/brizyproducts.com\/fr\/shop\/"},{"@type":"ListItem","position":3,"name":"Melbourne 2.0 Pantalon Femme"}]},{"@type":"WebSite","@id":"https:\/\/brizyproducts.com\/fr\/#website","url":"https:\/\/brizyproducts.com\/fr\/","name":"Brizy","description":"","publisher":{"@id":"https:\/\/brizyproducts.com\/fr\/#organization"},"potentialAction":[{"@type":"SearchAction","target":{"@type":"EntryPoint","urlTemplate":"https:\/\/brizyproducts.com\/fr\/?s={search_term_string}"},"query-input":{"@type":"PropertyValueSpecification","valueRequired":true,"valueName":"search_term_string"}}],"inLanguage":"fr-FR"},{"@type":"Organization","@id":"https:\/\/brizyproducts.com\/fr\/#organization","name":"Brizy","url":"https:\/\/brizyproducts.com\/fr\/","logo":{"@type":"ImageObject","inLanguage":"fr-FR","@id":"https:\/\/brizyproducts.com\/fr\/#\/schema\/logo\/image\/","url":"https:\/\/brizyproducts.com\/wp-content\/uploads\/2023\/12\/Brizy-old.svg","contentUrl":"https:\/\/brizyproducts.com\/wp-content\/uploads\/2023\/12\/Brizy-old.svg","width":1,"height":1,"caption":"Brizy"},"image":{"@id":"https:\/\/brizyproducts.com\/fr\/#\/schema\/logo\/image\/"},"sameAs":["https:\/\/www.facebook.com\/brizy.1983\/","https:\/\/www.linkedin.com\/company\/brizy-produktion\/"]}]},"og_availability":"out of stock","product_availability":"out of stock","product_condition":"new"},"_links":{"self":[{"href":"https:\/\/brizyproducts.com\/fr\/wp-json\/wp\/v2\/product\/18324","targetHints":{"allow":["GET"]}}],"collection":[{"href":"https:\/\/brizyproducts.com\/fr\/wp-json\/wp\/v2\/product"}],"about":[{"href":"https:\/\/brizyproducts.com\/fr\/wp-json\/wp\/v2\/types\/product"}],"replies":[{"embeddable":true,"href":"https:\/\/brizyproducts.com\/fr\/wp-json\/wp\/v2\/comments?post=18324"}],"wp:featuredmedia":[{"embeddable":true,"href":"https:\/\/brizyproducts.com\/fr\/wp-json\/wp\/v2\/media\/18333"}],"wp:attachment":[{"href":"https:\/\/brizyproducts.com\/fr\/wp-json\/wp\/v2\/media?parent=18324"}],"wp:term":[{"taxonomy":"product_brand","embeddable":true,"href":"https:\/\/brizyproducts.com\/fr\/wp-json\/wp\/v2\/product_brand?post=18324"},{"taxonomy":"product_cat","embeddable":true,"href":"https:\/\/brizyproducts.com\/fr\/wp-json\/wp\/v2\/product_cat?post=18324"},{"taxonomy":"product_tag","embeddable":true,"href":"https:\/\/brizyproducts.com\/fr\/wp-json\/wp\/v2\/product_tag?post=18324"},{"taxonomy":"season","embeddable":true,"href":"https:\/\/brizyproducts.com\/fr\/wp-json\/wp\/v2\/season?post=18324"},{"taxonomy":"gender","embeddable":true,"href":"https:\/\/brizyproducts.com\/fr\/wp-json\/wp\/v2\/gender?post=18324"},{"taxonomy":"collection","embeddable":true,"href":"https:\/\/brizyproducts.com\/fr\/wp-json\/wp\/v2\/collection?post=18324"},{"taxonomy":"activity","embeddable":true,"href":"https:\/\/brizyproducts.com\/fr\/wp-json\/wp\/v2\/activity?post=18324"},{"taxonomy":"product_type_brizy","embeddable":true,"href":"https:\/\/brizyproducts.com\/fr\/wp-json\/wp\/v2\/product_type_brizy?post=18324"}],"curies":[{"name":"wp","href":"https:\/\/api.w.org\/{rel}","templated":true}]}}