{"id":16771,"date":"2025-03-19T07:36:06","date_gmt":"2025-03-19T07:36:06","guid":{"rendered":"https:\/\/brizyproducts.com\/?post_type=product&#038;p=16771"},"modified":"2025-12-03T11:14:25","modified_gmt":"2025-12-03T11:14:25","slug":"modena-no-5-us-brogue","status":"publish","type":"product","link":"https:\/\/brizyproducts.com\/fr\/product\/modena-no-5-us-brogue\/","title":{"rendered":"Modena No. 5 US Brogue"},"content":{"rendered":"<h2><strong>Modena No. 5 US Brogue \u2013 L\u2019\u00e9l\u00e9gance au service de la fonctionnalit\u00e9 pour le driver<\/strong><\/h2>\n<p>La Modena No. 5 US Brogue est une botte d\u2019attelage \u00e9l\u00e9gante et fonctionnelle, con\u00e7ue pour \u00eatre utilis\u00e9e avec un sulky am\u00e9ricain. Fabriqu\u00e9e en cuir italien abrasivato avec une finition polie, r\u00e9sistante \u00e0 l\u2019eau et \u00e0 la salet\u00e9, elle allie style, durabilit\u00e9 et confort, tout en \u00e9pousant parfaitement la forme du pied.<\/p>\n<p>La semelle fine et flexible offre une excellente adh\u00e9rence et une sensation directe avec le sulky, tout en assurant le confort lors de longues journ\u00e9es de comp\u00e9tition. \u00c0 l\u2019int\u00e9rieur, une doublure en cuir respirant aide \u00e0 garder les pieds secs. Gr\u00e2ce \u00e0 sa fermeture \u00e9clair pratique, la Modena No. 5 US Brogue est une option l\u00e9g\u00e8re et polyvalente pour les drivers qui pr\u00e9f\u00e8rent une botte sans renfort au talon.<\/p>\n","protected":false},"excerpt":{"rendered":"<p>Botte d\u2019attelage souple et r\u00e9sistante, con\u00e7ue pour les courses avec un sulky am\u00e9ricain, avec une semelle fine en caoutchouc et un cuir respirant pour le confort et l\u2019adh\u00e9rence<\/p>\n","protected":false},"featured_media":16789,"comment_status":"open","ping_status":"closed","template":"","meta":{"_acf_changed":false},"product_brand":[],"product_cat":[313],"product_tag":[],"season":[505,501],"gender":[509],"collection":[553],"activity":[565,561,563],"product_type_brizy":[569],"class_list":{"0":"post-16771","1":"product","2":"type-product","3":"status-publish","4":"has-post-thumbnail","6":"product_cat-shoes","7":"season-spring-fall","8":"season-summer","9":"gender-men","10":"collection-modena","11":"activity-monte","12":"activity-training","13":"activity-trotting","14":"product_type_brizy-stock-products","16":"first","17":"instock","18":"taxable","19":"shipping-taxable","20":"purchasable","21":"product-type-variable"},"acf":[],"yoast_head":"<!-- This site is optimized with the Yoast SEO plugin v27.4 - https:\/\/yoast.com\/product\/yoast-seo-wordpress\/ -->\n<title>Modena No. 5 US Brogue | Botte d\u2019attelage l\u00e9g\u00e8re pour le trot | Brizy<\/title>\n<meta name=\"description\" content=\"Botte d\u2019attelage \u00e9l\u00e9gante pour sulkys am\u00e9ricains, avec une semelle durable, un cuir respirant et un design ax\u00e9 sur le confort pour les drivers.\" \/>\n<meta name=\"robots\" content=\"index, follow, max-snippet:-1, max-image-preview:large, max-video-preview:-1\" \/>\n<link rel=\"canonical\" href=\"https:\/\/brizyproducts.com\/fr\/product\/modena-no-5-us-brogue\/\" \/>\n<meta property=\"og:locale\" content=\"fr_FR\" \/>\n<meta property=\"og:type\" content=\"article\" \/>\n<meta property=\"og:title\" content=\"Modena No. 5 US Brogue | Botte d\u2019attelage l\u00e9g\u00e8re pour le trot | Brizy\" \/>\n<meta property=\"og:description\" content=\"Botte d\u2019attelage \u00e9l\u00e9gante pour sulkys am\u00e9ricains, avec une semelle durable, un cuir respirant et un design ax\u00e9 sur le confort pour les drivers.\" \/>\n<meta property=\"og:url\" content=\"https:\/\/brizyproducts.com\/fr\/product\/modena-no-5-us-brogue\/\" \/>\n<meta property=\"og:site_name\" content=\"Brizy Products\" \/>\n<meta property=\"article:publisher\" content=\"https:\/\/www.facebook.com\/brizy.1983\/\" \/>\n<meta property=\"article:modified_time\" content=\"2025-12-03T11:14:25+00:00\" \/>\n<meta property=\"og:image\" content=\"https:\/\/brizyproducts.com\/wp-content\/uploads\/2025\/03\/1-4-1650x2200.webp\" \/>\n\t<meta property=\"og:image:width\" content=\"1650\" \/>\n\t<meta property=\"og:image:height\" content=\"2200\" \/>\n\t<meta property=\"og:image:type\" content=\"image\/png\" \/>\n<meta name=\"twitter:card\" content=\"summary_large_image\" \/>\n<meta property=\"og:availability\" content=\"instock\" \/>\n<meta property=\"product:availability\" content=\"instock\" \/>\n<meta property=\"product:condition\" content=\"new\" \/>\n<!-- \/ Yoast SEO plugin. -->","yoast_head_json":{"title":"Modena No. 5 US Brogue | Botte d\u2019attelage l\u00e9g\u00e8re pour le trot | Brizy","description":"Botte d\u2019attelage \u00e9l\u00e9gante pour sulkys am\u00e9ricains, avec une semelle durable, un cuir respirant et un design ax\u00e9 sur le confort pour les drivers.","robots":{"index":"index","follow":"follow","max-snippet":"max-snippet:-1","max-image-preview":"max-image-preview:large","max-video-preview":"max-video-preview:-1"},"canonical":"https:\/\/brizyproducts.com\/fr\/product\/modena-no-5-us-brogue\/","og_locale":"fr_FR","og_type":"article","og_title":"Modena No. 5 US Brogue | Botte d\u2019attelage l\u00e9g\u00e8re pour le trot | Brizy","og_description":"Botte d\u2019attelage \u00e9l\u00e9gante pour sulkys am\u00e9ricains, avec une semelle durable, un cuir respirant et un design ax\u00e9 sur le confort pour les drivers.","og_url":"https:\/\/brizyproducts.com\/fr\/product\/modena-no-5-us-brogue\/","og_site_name":"Brizy Products","article_publisher":"https:\/\/www.facebook.com\/brizy.1983\/","article_modified_time":"2025-12-03T11:14:25+00:00","og_image":[{"width":1650,"height":2200,"url":"https:\/\/brizyproducts.com\/wp-content\/uploads\/2025\/03\/1-4-1650x2200.webp","type":"image\/png"}],"twitter_card":"summary_large_image","schema":{"@context":"https:\/\/schema.org","@graph":[{"@type":"WebPage","@id":"https:\/\/brizyproducts.com\/fr\/product\/modena-no-5-us-brogue\/","url":"https:\/\/brizyproducts.com\/fr\/product\/modena-no-5-us-brogue\/","name":"Modena No. 5 US Brogue | Botte d\u2019attelage l\u00e9g\u00e8re pour le trot | Brizy","isPartOf":{"@id":"https:\/\/brizyproducts.com\/fr\/#website"},"primaryImageOfPage":{"@id":"https:\/\/brizyproducts.com\/fr\/product\/modena-no-5-us-brogue\/#primaryimage"},"image":{"@id":"https:\/\/brizyproducts.com\/fr\/product\/modena-no-5-us-brogue\/#primaryimage"},"thumbnailUrl":"https:\/\/brizyproducts.com\/wp-content\/uploads\/2025\/03\/1-4-scaled.webp","datePublished":"2025-03-19T07:36:06+00:00","dateModified":"2025-12-03T11:14:25+00:00","description":"Botte d\u2019attelage \u00e9l\u00e9gante pour sulkys am\u00e9ricains, avec une semelle durable, un cuir respirant et un design ax\u00e9 sur le confort pour les drivers.","breadcrumb":{"@id":"https:\/\/brizyproducts.com\/fr\/product\/modena-no-5-us-brogue\/#breadcrumb"},"inLanguage":"fr-FR","potentialAction":[{"@type":"ReadAction","target":["https:\/\/brizyproducts.com\/fr\/product\/modena-no-5-us-brogue\/"]}]},{"@type":"ImageObject","inLanguage":"fr-FR","@id":"https:\/\/brizyproducts.com\/fr\/product\/modena-no-5-us-brogue\/#primaryimage","url":"https:\/\/brizyproducts.com\/wp-content\/uploads\/2025\/03\/1-4-scaled.webp","contentUrl":"https:\/\/brizyproducts.com\/wp-content\/uploads\/2025\/03\/1-4-scaled.webp","width":3375,"height":4500},{"@type":"BreadcrumbList","@id":"https:\/\/brizyproducts.com\/fr\/product\/modena-no-5-us-brogue\/#breadcrumb","itemListElement":[{"@type":"ListItem","position":1,"name":"Hem","item":"https:\/\/brizyproducts.com\/fr\/"},{"@type":"ListItem","position":2,"name":"Shop","item":"https:\/\/brizyproducts.com\/fr\/shop\/"},{"@type":"ListItem","position":3,"name":"Modena No. 5 US Brogue"}]},{"@type":"WebSite","@id":"https:\/\/brizyproducts.com\/fr\/#website","url":"https:\/\/brizyproducts.com\/fr\/","name":"Brizy","description":"","publisher":{"@id":"https:\/\/brizyproducts.com\/fr\/#organization"},"potentialAction":[{"@type":"SearchAction","target":{"@type":"EntryPoint","urlTemplate":"https:\/\/brizyproducts.com\/fr\/?s={search_term_string}"},"query-input":{"@type":"PropertyValueSpecification","valueRequired":true,"valueName":"search_term_string"}}],"inLanguage":"fr-FR"},{"@type":"Organization","@id":"https:\/\/brizyproducts.com\/fr\/#organization","name":"Brizy","url":"https:\/\/brizyproducts.com\/fr\/","logo":{"@type":"ImageObject","inLanguage":"fr-FR","@id":"https:\/\/brizyproducts.com\/fr\/#\/schema\/logo\/image\/","url":"https:\/\/brizyproducts.com\/wp-content\/uploads\/2023\/12\/Brizy-old.svg","contentUrl":"https:\/\/brizyproducts.com\/wp-content\/uploads\/2023\/12\/Brizy-old.svg","width":1,"height":1,"caption":"Brizy"},"image":{"@id":"https:\/\/brizyproducts.com\/fr\/#\/schema\/logo\/image\/"},"sameAs":["https:\/\/www.facebook.com\/brizy.1983\/","https:\/\/www.linkedin.com\/company\/brizy-produktion\/"]}]},"og_availability":"instock","product_availability":"instock","product_condition":"new"},"_links":{"self":[{"href":"https:\/\/brizyproducts.com\/fr\/wp-json\/wp\/v2\/product\/16771","targetHints":{"allow":["GET"]}}],"collection":[{"href":"https:\/\/brizyproducts.com\/fr\/wp-json\/wp\/v2\/product"}],"about":[{"href":"https:\/\/brizyproducts.com\/fr\/wp-json\/wp\/v2\/types\/product"}],"replies":[{"embeddable":true,"href":"https:\/\/brizyproducts.com\/fr\/wp-json\/wp\/v2\/comments?post=16771"}],"wp:featuredmedia":[{"embeddable":true,"href":"https:\/\/brizyproducts.com\/fr\/wp-json\/wp\/v2\/media\/16789"}],"wp:attachment":[{"href":"https:\/\/brizyproducts.com\/fr\/wp-json\/wp\/v2\/media?parent=16771"}],"wp:term":[{"taxonomy":"product_brand","embeddable":true,"href":"https:\/\/brizyproducts.com\/fr\/wp-json\/wp\/v2\/product_brand?post=16771"},{"taxonomy":"product_cat","embeddable":true,"href":"https:\/\/brizyproducts.com\/fr\/wp-json\/wp\/v2\/product_cat?post=16771"},{"taxonomy":"product_tag","embeddable":true,"href":"https:\/\/brizyproducts.com\/fr\/wp-json\/wp\/v2\/product_tag?post=16771"},{"taxonomy":"season","embeddable":true,"href":"https:\/\/brizyproducts.com\/fr\/wp-json\/wp\/v2\/season?post=16771"},{"taxonomy":"gender","embeddable":true,"href":"https:\/\/brizyproducts.com\/fr\/wp-json\/wp\/v2\/gender?post=16771"},{"taxonomy":"collection","embeddable":true,"href":"https:\/\/brizyproducts.com\/fr\/wp-json\/wp\/v2\/collection?post=16771"},{"taxonomy":"activity","embeddable":true,"href":"https:\/\/brizyproducts.com\/fr\/wp-json\/wp\/v2\/activity?post=16771"},{"taxonomy":"product_type_brizy","embeddable":true,"href":"https:\/\/brizyproducts.com\/fr\/wp-json\/wp\/v2\/product_type_brizy?post=16771"}],"curies":[{"name":"wp","href":"https:\/\/api.w.org\/{rel}","templated":true}]}}