{"id":16694,"date":"2025-03-19T06:53:38","date_gmt":"2025-03-19T06:53:38","guid":{"rendered":"https:\/\/brizyproducts.com\/?post_type=product&#038;p=16694"},"modified":"2025-11-21T13:19:24","modified_gmt":"2025-11-21T13:19:24","slug":"modena-no-4-us-classic","status":"publish","type":"product","link":"https:\/\/brizyproducts.com\/fr\/product\/modena-no-4-us-classic\/","title":{"rendered":"Modena No. 4 US Classic"},"content":{"rendered":"<h2><strong>Modena No. 4 US Classic \u2013 Pr\u00e9cision et confort sur la piste<\/strong><\/h2>\n<p>La Modena No. 4 US Classic est une botte de conduite l\u00e9g\u00e8re et flexible, sp\u00e9cialement con\u00e7ue pour les conducteurs utilisant des sulkys de style am\u00e9ricain. Cette botte allie un design \u00e9l\u00e9gant et \u00e9pur\u00e9 \u00e0 une grande fonctionnalit\u00e9, offrant un contr\u00f4le et une sensation optimaux \u00e0 chaque course.<\/p>\n<p>Fabriqu\u00e9e en cuir italien de haute qualit\u00e9, elle est \u00e0 la fois durable et souple. Sa semelle fine et r\u00e9sistante en caoutchouc assure une excellente adh\u00e9rence et un contact direct avec le sulky, tandis que la semelle int\u00e9rieure douce garantit un confort tout au long de la journ\u00e9e de course.<\/p>\n<p>L\u2019int\u00e9rieur dispose d\u2019une doublure en cuir respirante qui maintient le pied sec et frais, et la semelle int\u00e9rieure amovible permet d\u2019ajuster facilement le chaussant. Avec son design raffin\u00e9 et sa construction pens\u00e9e, la Modena No. 4 US Classic est un choix fiable pour les conducteurs recherchant \u00e0 la fois style et performance dans le sulky.<\/p>\n","protected":false},"excerpt":{"rendered":"<p>Botte de conduite l\u00e9g\u00e8re, flexible et durable en cuir italien, avec semelle souple et doublure respirante, sp\u00e9cialement con\u00e7ue pour les sulkys de style am\u00e9ricain.<\/p>\n","protected":false},"featured_media":16712,"comment_status":"open","ping_status":"closed","template":"","meta":{"_acf_changed":false},"product_brand":[],"product_cat":[313],"product_tag":[],"class_list":{"0":"post-16694","1":"product","2":"type-product","3":"status-publish","4":"has-post-thumbnail","6":"product_cat-shoes","7":"season-spring-fall","8":"season-summer","9":"gender-men","10":"collection-modena","11":"activity-monte","12":"activity-racing","13":"activity-training","14":"product_type_brizy-stock-products","16":"first","17":"instock","18":"taxable","19":"shipping-taxable","20":"purchasable","21":"product-type-variable"},"acf":[],"yoast_head":"<!-- This site is optimized with the Yoast SEO plugin v27.3 - https:\/\/yoast.com\/product\/yoast-seo-wordpress\/ -->\n<title>Modena No.4 US | Botte pour sulkys de style am\u00e9ricain | Brizy<\/title>\n<meta name=\"description\" content=\"Botte l\u00e9g\u00e8re et durable en cuir italien, avec semelle flexible et doublure respirante, pour les conducteurs de sulkys am\u00e9ricains.\" \/>\n<meta name=\"robots\" content=\"index, follow, max-snippet:-1, max-image-preview:large, max-video-preview:-1\" \/>\n<link rel=\"canonical\" href=\"https:\/\/brizyproducts.com\/fr\/product\/modena-no-4-us-classic\/\" \/>\n<meta property=\"og:locale\" content=\"fr_FR\" \/>\n<meta property=\"og:type\" content=\"article\" \/>\n<meta property=\"og:title\" content=\"Modena No.4 US | Botte pour sulkys de style am\u00e9ricain | Brizy\" \/>\n<meta property=\"og:description\" content=\"Botte l\u00e9g\u00e8re et durable en cuir italien, avec semelle flexible et doublure respirante, pour les conducteurs de sulkys am\u00e9ricains.\" \/>\n<meta property=\"og:url\" content=\"https:\/\/brizyproducts.com\/fr\/product\/modena-no-4-us-classic\/\" \/>\n<meta property=\"og:site_name\" content=\"Brizy Products\" \/>\n<meta property=\"article:publisher\" content=\"https:\/\/www.facebook.com\/brizy.1983\/\" \/>\n<meta property=\"article:modified_time\" content=\"2025-11-21T13:19:24+00:00\" \/>\n<meta property=\"og:image\" content=\"https:\/\/brizyproducts.com\/wp-content\/uploads\/2025\/03\/1-3-1650x2200.webp\" \/>\n\t<meta property=\"og:image:width\" content=\"1650\" \/>\n\t<meta property=\"og:image:height\" content=\"2200\" \/>\n\t<meta property=\"og:image:type\" content=\"image\/png\" \/>\n<meta name=\"twitter:card\" content=\"summary_large_image\" \/>\n<meta property=\"og:availability\" content=\"instock\" \/>\n<meta property=\"product:availability\" content=\"instock\" \/>\n<meta property=\"product:condition\" content=\"new\" \/>\n<!-- \/ Yoast SEO plugin. -->","yoast_head_json":{"title":"Modena No.4 US | Botte pour sulkys de style am\u00e9ricain | Brizy","description":"Botte l\u00e9g\u00e8re et durable en cuir italien, avec semelle flexible et doublure respirante, pour les conducteurs de sulkys am\u00e9ricains.","robots":{"index":"index","follow":"follow","max-snippet":"max-snippet:-1","max-image-preview":"max-image-preview:large","max-video-preview":"max-video-preview:-1"},"canonical":"https:\/\/brizyproducts.com\/fr\/product\/modena-no-4-us-classic\/","og_locale":"fr_FR","og_type":"article","og_title":"Modena No.4 US | Botte pour sulkys de style am\u00e9ricain | Brizy","og_description":"Botte l\u00e9g\u00e8re et durable en cuir italien, avec semelle flexible et doublure respirante, pour les conducteurs de sulkys am\u00e9ricains.","og_url":"https:\/\/brizyproducts.com\/fr\/product\/modena-no-4-us-classic\/","og_site_name":"Brizy Products","article_publisher":"https:\/\/www.facebook.com\/brizy.1983\/","article_modified_time":"2025-11-21T13:19:24+00:00","og_image":[{"width":1650,"height":2200,"url":"https:\/\/brizyproducts.com\/wp-content\/uploads\/2025\/03\/1-3-1650x2200.webp","type":"image\/png"}],"twitter_card":"summary_large_image","schema":{"@context":"https:\/\/schema.org","@graph":[{"@type":"WebPage","@id":"https:\/\/brizyproducts.com\/fr\/product\/modena-no-4-us-classic\/","url":"https:\/\/brizyproducts.com\/fr\/product\/modena-no-4-us-classic\/","name":"Modena No.4 US | Botte pour sulkys de style am\u00e9ricain | Brizy","isPartOf":{"@id":"https:\/\/brizyproducts.com\/fr\/#website"},"primaryImageOfPage":{"@id":"https:\/\/brizyproducts.com\/fr\/product\/modena-no-4-us-classic\/#primaryimage"},"image":{"@id":"https:\/\/brizyproducts.com\/fr\/product\/modena-no-4-us-classic\/#primaryimage"},"thumbnailUrl":"https:\/\/brizyproducts.com\/wp-content\/uploads\/2025\/03\/1-3-scaled.webp","datePublished":"2025-03-19T06:53:38+00:00","dateModified":"2025-11-21T13:19:24+00:00","description":"Botte l\u00e9g\u00e8re et durable en cuir italien, avec semelle flexible et doublure respirante, pour les conducteurs de sulkys am\u00e9ricains.","breadcrumb":{"@id":"https:\/\/brizyproducts.com\/fr\/product\/modena-no-4-us-classic\/#breadcrumb"},"inLanguage":"fr-FR","potentialAction":[{"@type":"ReadAction","target":["https:\/\/brizyproducts.com\/fr\/product\/modena-no-4-us-classic\/"]}]},{"@type":"ImageObject","inLanguage":"fr-FR","@id":"https:\/\/brizyproducts.com\/fr\/product\/modena-no-4-us-classic\/#primaryimage","url":"https:\/\/brizyproducts.com\/wp-content\/uploads\/2025\/03\/1-3-scaled.webp","contentUrl":"https:\/\/brizyproducts.com\/wp-content\/uploads\/2025\/03\/1-3-scaled.webp","width":3375,"height":4500},{"@type":"BreadcrumbList","@id":"https:\/\/brizyproducts.com\/fr\/product\/modena-no-4-us-classic\/#breadcrumb","itemListElement":[{"@type":"ListItem","position":1,"name":"Hem","item":"https:\/\/brizyproducts.com\/fr\/"},{"@type":"ListItem","position":2,"name":"Shop","item":"https:\/\/brizyproducts.com\/fr\/shop\/"},{"@type":"ListItem","position":3,"name":"Modena No. 4 US Classic"}]},{"@type":"WebSite","@id":"https:\/\/brizyproducts.com\/fr\/#website","url":"https:\/\/brizyproducts.com\/fr\/","name":"Brizy","description":"","publisher":{"@id":"https:\/\/brizyproducts.com\/fr\/#organization"},"potentialAction":[{"@type":"SearchAction","target":{"@type":"EntryPoint","urlTemplate":"https:\/\/brizyproducts.com\/fr\/?s={search_term_string}"},"query-input":{"@type":"PropertyValueSpecification","valueRequired":true,"valueName":"search_term_string"}}],"inLanguage":"fr-FR"},{"@type":"Organization","@id":"https:\/\/brizyproducts.com\/fr\/#organization","name":"Brizy","url":"https:\/\/brizyproducts.com\/fr\/","logo":{"@type":"ImageObject","inLanguage":"fr-FR","@id":"https:\/\/brizyproducts.com\/fr\/#\/schema\/logo\/image\/","url":"https:\/\/brizyproducts.com\/wp-content\/uploads\/2023\/12\/Brizy-old.svg","contentUrl":"https:\/\/brizyproducts.com\/wp-content\/uploads\/2023\/12\/Brizy-old.svg","width":1,"height":1,"caption":"Brizy"},"image":{"@id":"https:\/\/brizyproducts.com\/fr\/#\/schema\/logo\/image\/"},"sameAs":["https:\/\/www.facebook.com\/brizy.1983\/","https:\/\/www.linkedin.com\/company\/brizy-produktion\/"]}]},"og_availability":"instock","product_availability":"instock","product_condition":"new"},"_links":{"self":[{"href":"https:\/\/brizyproducts.com\/fr\/wp-json\/wp\/v2\/product\/16694","targetHints":{"allow":["GET"]}}],"collection":[{"href":"https:\/\/brizyproducts.com\/fr\/wp-json\/wp\/v2\/product"}],"about":[{"href":"https:\/\/brizyproducts.com\/fr\/wp-json\/wp\/v2\/types\/product"}],"replies":[{"embeddable":true,"href":"https:\/\/brizyproducts.com\/fr\/wp-json\/wp\/v2\/comments?post=16694"}],"wp:featuredmedia":[{"embeddable":true,"href":"https:\/\/brizyproducts.com\/fr\/wp-json\/wp\/v2\/media\/16712"}],"wp:attachment":[{"href":"https:\/\/brizyproducts.com\/fr\/wp-json\/wp\/v2\/media?parent=16694"}],"wp:term":[{"taxonomy":"product_brand","embeddable":true,"href":"https:\/\/brizyproducts.com\/fr\/wp-json\/wp\/v2\/product_brand?post=16694"},{"taxonomy":"product_cat","embeddable":true,"href":"https:\/\/brizyproducts.com\/fr\/wp-json\/wp\/v2\/product_cat?post=16694"},{"taxonomy":"product_tag","embeddable":true,"href":"https:\/\/brizyproducts.com\/fr\/wp-json\/wp\/v2\/product_tag?post=16694"}],"curies":[{"name":"wp","href":"https:\/\/api.w.org\/{rel}","templated":true}]}}