{"id":16601,"date":"2025-03-19T06:35:27","date_gmt":"2025-03-19T06:35:27","guid":{"rendered":"https:\/\/brizyproducts.com\/?post_type=product&#038;p=16601"},"modified":"2025-12-02T14:56:31","modified_gmt":"2025-12-02T14:56:31","slug":"modena-no-2-black","status":"publish","type":"product","link":"https:\/\/brizyproducts.com\/fr\/product\/modena-no-2-black\/","title":{"rendered":"Modena No. 2 Brogue Black"},"content":{"rendered":"<h2><strong>Modena No. 2 Brogue \u2013 L\u2019\u00e9l\u00e9gance au service de la fonctionnalit\u00e9 pour le driver<\/strong><\/h2>\n<p>La Modena No. 2 Brogue est une botte d\u2019attelage \u00e0 la fois \u00e9l\u00e9gante et pratique, con\u00e7ue pour les drivers de trot. Fabriqu\u00e9e en cuir italien abrasivato avec une finition polie, r\u00e9sistante \u00e0 l\u2019eau et \u00e0 la salet\u00e9, elle allie style, durabilit\u00e9 et confort gr\u00e2ce \u00e0 une coupe qui \u00e9pouse parfaitement le pied.<\/p>\n<p>La semelle fine et flexible offre une excellente adh\u00e9rence et un contact direct dans le sulky tout en assurant le confort lors de longues journ\u00e9es de course. \u00c0 l\u2019int\u00e9rieur, une doublure respirante contribue \u00e0 garder les pieds au sec. Gr\u00e2ce \u00e0 sa fermeture \u00e9clair pratique, la Modena No. 2 Brogue est un choix \u00e0 la fois styl\u00e9 et fonctionnel pour les drivers.<\/p>\n\n","protected":false},"excerpt":{"rendered":"<p>Botte d\u2019attelage \u00e9l\u00e9gante et durable en cuir italien avec d\u00e9tails brogue, semelle flexible et doublure respirante pour un confort tout au long de la journ\u00e9e.<\/p>\n","protected":false},"featured_media":16627,"comment_status":"open","ping_status":"closed","template":"","meta":{"_acf_changed":false},"product_brand":[],"product_cat":[313],"product_tag":[],"class_list":{"0":"post-16601","1":"product","2":"type-product","3":"status-publish","4":"has-post-thumbnail","6":"product_cat-shoes","7":"season-spring-fall","8":"season-summer","9":"gender-men","10":"collection-modena","11":"activity-monte","12":"activity-racing","13":"activity-training","14":"product_type_brizy-stock-products","16":"first","17":"instock","18":"taxable","19":"shipping-taxable","20":"purchasable","21":"product-type-variable"},"acf":[],"yoast_head":"<!-- This site is optimized with the Yoast SEO plugin v27.0 - https:\/\/yoast.com\/product\/yoast-seo-wordpress\/ -->\n<title>Modena No. 2 Brogue Black | Botte d\u2019attelage l\u00e9g\u00e8re et styl\u00e9e | Brizy<\/title>\n<meta name=\"description\" content=\"Botte d\u2019attelage \u00e9l\u00e9gante et r\u00e9sistante en cuir italien avec d\u00e9tails brogue, semelle flexible et doublure respirante pour style et confort dans le sulky.\" \/>\n<meta name=\"robots\" content=\"index, follow, max-snippet:-1, max-image-preview:large, max-video-preview:-1\" \/>\n<link rel=\"canonical\" href=\"https:\/\/brizyproducts.com\/fr\/product\/modena-no-2-black\/\" \/>\n<meta property=\"og:locale\" content=\"fr_FR\" \/>\n<meta property=\"og:type\" content=\"article\" \/>\n<meta property=\"og:title\" content=\"Modena No. 2 Brogue Black | Botte d\u2019attelage l\u00e9g\u00e8re et styl\u00e9e | Brizy\" \/>\n<meta property=\"og:description\" content=\"Botte d\u2019attelage \u00e9l\u00e9gante et r\u00e9sistante en cuir italien avec d\u00e9tails brogue, semelle flexible et doublure respirante pour style et confort dans le sulky.\" \/>\n<meta property=\"og:url\" content=\"https:\/\/brizyproducts.com\/fr\/product\/modena-no-2-black\/\" \/>\n<meta property=\"og:site_name\" content=\"Brizy Products\" \/>\n<meta property=\"article:publisher\" content=\"https:\/\/www.facebook.com\/brizy.1983\/\" \/>\n<meta property=\"article:modified_time\" content=\"2025-12-02T14:56:31+00:00\" \/>\n<meta property=\"og:image\" content=\"https:\/\/brizyproducts.com\/wp-content\/uploads\/2025\/03\/1-2-1650x2200.webp\" \/>\n\t<meta property=\"og:image:width\" content=\"1650\" \/>\n\t<meta property=\"og:image:height\" content=\"2200\" \/>\n\t<meta property=\"og:image:type\" content=\"image\/png\" \/>\n<meta name=\"twitter:card\" content=\"summary_large_image\" \/>\n<meta property=\"og:availability\" content=\"instock\" \/>\n<meta property=\"product:availability\" content=\"instock\" \/>\n<meta property=\"product:condition\" content=\"new\" \/>\n<!-- \/ Yoast SEO plugin. -->","yoast_head_json":{"title":"Modena No. 2 Brogue Black | Botte d\u2019attelage l\u00e9g\u00e8re et styl\u00e9e | Brizy","description":"Botte d\u2019attelage \u00e9l\u00e9gante et r\u00e9sistante en cuir italien avec d\u00e9tails brogue, semelle flexible et doublure respirante pour style et confort dans le sulky.","robots":{"index":"index","follow":"follow","max-snippet":"max-snippet:-1","max-image-preview":"max-image-preview:large","max-video-preview":"max-video-preview:-1"},"canonical":"https:\/\/brizyproducts.com\/fr\/product\/modena-no-2-black\/","og_locale":"fr_FR","og_type":"article","og_title":"Modena No. 2 Brogue Black | Botte d\u2019attelage l\u00e9g\u00e8re et styl\u00e9e | Brizy","og_description":"Botte d\u2019attelage \u00e9l\u00e9gante et r\u00e9sistante en cuir italien avec d\u00e9tails brogue, semelle flexible et doublure respirante pour style et confort dans le sulky.","og_url":"https:\/\/brizyproducts.com\/fr\/product\/modena-no-2-black\/","og_site_name":"Brizy Products","article_publisher":"https:\/\/www.facebook.com\/brizy.1983\/","article_modified_time":"2025-12-02T14:56:31+00:00","og_image":[{"width":1650,"height":2200,"url":"https:\/\/brizyproducts.com\/wp-content\/uploads\/2025\/03\/1-2-1650x2200.webp","type":"image\/png"}],"twitter_card":"summary_large_image","schema":{"@context":"https:\/\/schema.org","@graph":[{"@type":"WebPage","@id":"https:\/\/brizyproducts.com\/fr\/product\/modena-no-2-black\/","url":"https:\/\/brizyproducts.com\/fr\/product\/modena-no-2-black\/","name":"Modena No. 2 Brogue Black | Botte d\u2019attelage l\u00e9g\u00e8re et styl\u00e9e | Brizy","isPartOf":{"@id":"https:\/\/brizyproducts.com\/fr\/#website"},"primaryImageOfPage":{"@id":"https:\/\/brizyproducts.com\/fr\/product\/modena-no-2-black\/#primaryimage"},"image":{"@id":"https:\/\/brizyproducts.com\/fr\/product\/modena-no-2-black\/#primaryimage"},"thumbnailUrl":"https:\/\/brizyproducts.com\/wp-content\/uploads\/2025\/03\/1-2-scaled.webp","datePublished":"2025-03-19T06:35:27+00:00","dateModified":"2025-12-02T14:56:31+00:00","description":"Botte d\u2019attelage \u00e9l\u00e9gante et r\u00e9sistante en cuir italien avec d\u00e9tails brogue, semelle flexible et doublure respirante pour style et confort dans le sulky.","breadcrumb":{"@id":"https:\/\/brizyproducts.com\/fr\/product\/modena-no-2-black\/#breadcrumb"},"inLanguage":"fr-FR","potentialAction":[{"@type":"ReadAction","target":["https:\/\/brizyproducts.com\/fr\/product\/modena-no-2-black\/"]}]},{"@type":"ImageObject","inLanguage":"fr-FR","@id":"https:\/\/brizyproducts.com\/fr\/product\/modena-no-2-black\/#primaryimage","url":"https:\/\/brizyproducts.com\/wp-content\/uploads\/2025\/03\/1-2-scaled.webp","contentUrl":"https:\/\/brizyproducts.com\/wp-content\/uploads\/2025\/03\/1-2-scaled.webp","width":3375,"height":4500},{"@type":"BreadcrumbList","@id":"https:\/\/brizyproducts.com\/fr\/product\/modena-no-2-black\/#breadcrumb","itemListElement":[{"@type":"ListItem","position":1,"name":"Hem","item":"https:\/\/brizyproducts.com\/fr\/"},{"@type":"ListItem","position":2,"name":"Shop","item":"https:\/\/brizyproducts.com\/fr\/shop\/"},{"@type":"ListItem","position":3,"name":"Modena No. 2 Brogue Black"}]},{"@type":"WebSite","@id":"https:\/\/brizyproducts.com\/fr\/#website","url":"https:\/\/brizyproducts.com\/fr\/","name":"Brizy","description":"","publisher":{"@id":"https:\/\/brizyproducts.com\/fr\/#organization"},"potentialAction":[{"@type":"SearchAction","target":{"@type":"EntryPoint","urlTemplate":"https:\/\/brizyproducts.com\/fr\/?s={search_term_string}"},"query-input":{"@type":"PropertyValueSpecification","valueRequired":true,"valueName":"search_term_string"}}],"inLanguage":"fr-FR"},{"@type":"Organization","@id":"https:\/\/brizyproducts.com\/fr\/#organization","name":"Brizy","url":"https:\/\/brizyproducts.com\/fr\/","logo":{"@type":"ImageObject","inLanguage":"fr-FR","@id":"https:\/\/brizyproducts.com\/fr\/#\/schema\/logo\/image\/","url":"https:\/\/brizyproducts.com\/wp-content\/uploads\/2023\/12\/Brizy-old.svg","contentUrl":"https:\/\/brizyproducts.com\/wp-content\/uploads\/2023\/12\/Brizy-old.svg","width":1,"height":1,"caption":"Brizy"},"image":{"@id":"https:\/\/brizyproducts.com\/fr\/#\/schema\/logo\/image\/"},"sameAs":["https:\/\/www.facebook.com\/brizy.1983\/","https:\/\/www.linkedin.com\/company\/brizy-produktion\/"]}]},"og_availability":"instock","product_availability":"instock","product_condition":"new"},"_links":{"self":[{"href":"https:\/\/brizyproducts.com\/fr\/wp-json\/wp\/v2\/product\/16601","targetHints":{"allow":["GET"]}}],"collection":[{"href":"https:\/\/brizyproducts.com\/fr\/wp-json\/wp\/v2\/product"}],"about":[{"href":"https:\/\/brizyproducts.com\/fr\/wp-json\/wp\/v2\/types\/product"}],"replies":[{"embeddable":true,"href":"https:\/\/brizyproducts.com\/fr\/wp-json\/wp\/v2\/comments?post=16601"}],"wp:featuredmedia":[{"embeddable":true,"href":"https:\/\/brizyproducts.com\/fr\/wp-json\/wp\/v2\/media\/16627"}],"wp:attachment":[{"href":"https:\/\/brizyproducts.com\/fr\/wp-json\/wp\/v2\/media?parent=16601"}],"wp:term":[{"taxonomy":"product_brand","embeddable":true,"href":"https:\/\/brizyproducts.com\/fr\/wp-json\/wp\/v2\/product_brand?post=16601"},{"taxonomy":"product_cat","embeddable":true,"href":"https:\/\/brizyproducts.com\/fr\/wp-json\/wp\/v2\/product_cat?post=16601"},{"taxonomy":"product_tag","embeddable":true,"href":"https:\/\/brizyproducts.com\/fr\/wp-json\/wp\/v2\/product_tag?post=16601"}],"curies":[{"name":"wp","href":"https:\/\/api.w.org\/{rel}","templated":true}]}}