{"id":16524,"date":"2025-03-19T06:18:42","date_gmt":"2025-03-19T06:18:42","guid":{"rendered":"https:\/\/brizyproducts.com\/?post_type=product&#038;p=16524"},"modified":"2025-11-19T14:49:09","modified_gmt":"2025-11-19T14:49:09","slug":"modena-no-1-classic","status":"publish","type":"product","link":"https:\/\/brizyproducts.com\/fr\/product\/modena-no-1-classic\/","title":{"rendered":"Modena No. 1 Classic"},"content":{"rendered":"<h2><strong>Modena No. 1 Classic \u2013 Design intemporelle et fonctionnalit\u00e9 r\u00e9unies<\/strong><\/h2>\n<p>La Modena No. 1 Classic est une botte de conduite l\u00e9g\u00e8re et flexible, con\u00e7ue pour offrir un excellent contact, stabilit\u00e9 et confort lors des courses d\u2019attelages. Fabriqu\u00e9e en cuir italien de haute qualit\u00e9, elle est \u00e0 la fois durable et capable de s\u2019adapter \u00e0 la forme de votre pied.<\/p>\n<p>La semelle fine et flexible en caoutchouc permet un pas naturel et une adh\u00e9rence fiable dans le sulky sans sensation de volume, un avantage particuli\u00e8rement appr\u00e9ci\u00e9 lors de longues journ\u00e9es de course. \u00c0 l\u2019int\u00e9rieur, une doublure en cuir respirant aide \u00e0 garder le pied sec, tandis que la semelle int\u00e9rieure amovible permet d\u2019ajuster facilement le chaussant.<\/p>\n<p>Avec son design \u00e9pur\u00e9 et classique, sa fermeture \u00e9clair pratique et sa conception r\u00e9fl\u00e9chie, la Modena No. 1 Classic est un choix s\u00fbr pour les conducteurs. Le talon renforc\u00e9 apporte stabilit\u00e9 et protection, prolongeant la dur\u00e9e de vie de la botte. Une botte de conduite \u00e9l\u00e9gante, durable et fiable, sp\u00e9cialement con\u00e7ue pour r\u00e9pondre aux besoins des conducteurs d\u2019attelages dans le sulky.<\/p>\n","protected":false},"excerpt":{"rendered":"<p>Botte de conduite classique et fonctionnelle avec fermeture \u00e9clair, talon renforc\u00e9 et construction flexible pour une excellente adh\u00e9rence et un confort optimal dans le sulky.<\/p>\n","protected":false},"featured_media":16542,"comment_status":"open","ping_status":"closed","template":"","meta":{"_acf_changed":false},"product_brand":[],"product_cat":[313],"product_tag":[],"class_list":{"0":"post-16524","1":"product","2":"type-product","3":"status-publish","4":"has-post-thumbnail","6":"product_cat-shoes","7":"season-spring-fall","8":"season-summer","9":"gender-men","10":"collection-modena","11":"activity-monte","12":"activity-racing","13":"activity-training","14":"product_type_brizy-stock-products","16":"first","17":"instock","18":"taxable","19":"shipping-taxable","20":"purchasable","21":"product-type-variable"},"acf":[],"yoast_head":"<!-- This site is optimized with the Yoast SEO plugin v27.0 - https:\/\/yoast.com\/product\/yoast-seo-wordpress\/ -->\n<title>Modena No. 1 Classic | Botte l\u00e9g\u00e8re et durable pour attelage | Brizy<\/title>\n<meta name=\"description\" content=\"Botte en cuir italien flexible avec doublure respirante et talon renforc\u00e9, offrant confort, stabilit\u00e9 et adh\u00e9rence optimale dans le sulky.\" \/>\n<meta name=\"robots\" content=\"index, follow, max-snippet:-1, max-image-preview:large, max-video-preview:-1\" \/>\n<link rel=\"canonical\" href=\"https:\/\/brizyproducts.com\/fr\/product\/modena-no-1-classic\/\" \/>\n<meta property=\"og:locale\" content=\"fr_FR\" \/>\n<meta property=\"og:type\" content=\"article\" \/>\n<meta property=\"og:title\" content=\"Modena No. 1 Classic | Botte l\u00e9g\u00e8re et durable pour attelage | Brizy\" \/>\n<meta property=\"og:description\" content=\"Botte en cuir italien flexible avec doublure respirante et talon renforc\u00e9, offrant confort, stabilit\u00e9 et adh\u00e9rence optimale dans le sulky.\" \/>\n<meta property=\"og:url\" content=\"https:\/\/brizyproducts.com\/fr\/product\/modena-no-1-classic\/\" \/>\n<meta property=\"og:site_name\" content=\"Brizy Products\" \/>\n<meta property=\"article:publisher\" content=\"https:\/\/www.facebook.com\/brizy.1983\/\" \/>\n<meta property=\"article:modified_time\" content=\"2025-11-19T14:49:09+00:00\" \/>\n<meta property=\"og:image\" content=\"https:\/\/brizyproducts.com\/wp-content\/uploads\/2025\/03\/1-1650x2200.webp\" \/>\n\t<meta property=\"og:image:width\" content=\"1650\" \/>\n\t<meta property=\"og:image:height\" content=\"2200\" \/>\n\t<meta property=\"og:image:type\" content=\"image\/png\" \/>\n<meta name=\"twitter:card\" content=\"summary_large_image\" \/>\n<meta property=\"og:availability\" content=\"instock\" \/>\n<meta property=\"product:availability\" content=\"instock\" \/>\n<meta property=\"product:condition\" content=\"new\" \/>\n<!-- \/ Yoast SEO plugin. -->","yoast_head_json":{"title":"Modena No. 1 Classic | Botte l\u00e9g\u00e8re et durable pour attelage | Brizy","description":"Botte en cuir italien flexible avec doublure respirante et talon renforc\u00e9, offrant confort, stabilit\u00e9 et adh\u00e9rence optimale dans le sulky.","robots":{"index":"index","follow":"follow","max-snippet":"max-snippet:-1","max-image-preview":"max-image-preview:large","max-video-preview":"max-video-preview:-1"},"canonical":"https:\/\/brizyproducts.com\/fr\/product\/modena-no-1-classic\/","og_locale":"fr_FR","og_type":"article","og_title":"Modena No. 1 Classic | Botte l\u00e9g\u00e8re et durable pour attelage | Brizy","og_description":"Botte en cuir italien flexible avec doublure respirante et talon renforc\u00e9, offrant confort, stabilit\u00e9 et adh\u00e9rence optimale dans le sulky.","og_url":"https:\/\/brizyproducts.com\/fr\/product\/modena-no-1-classic\/","og_site_name":"Brizy Products","article_publisher":"https:\/\/www.facebook.com\/brizy.1983\/","article_modified_time":"2025-11-19T14:49:09+00:00","og_image":[{"width":1650,"height":2200,"url":"https:\/\/brizyproducts.com\/wp-content\/uploads\/2025\/03\/1-1650x2200.webp","type":"image\/png"}],"twitter_card":"summary_large_image","schema":{"@context":"https:\/\/schema.org","@graph":[{"@type":"WebPage","@id":"https:\/\/brizyproducts.com\/fr\/product\/modena-no-1-classic\/","url":"https:\/\/brizyproducts.com\/fr\/product\/modena-no-1-classic\/","name":"Modena No. 1 Classic | Botte l\u00e9g\u00e8re et durable pour attelage | Brizy","isPartOf":{"@id":"https:\/\/brizyproducts.com\/fr\/#website"},"primaryImageOfPage":{"@id":"https:\/\/brizyproducts.com\/fr\/product\/modena-no-1-classic\/#primaryimage"},"image":{"@id":"https:\/\/brizyproducts.com\/fr\/product\/modena-no-1-classic\/#primaryimage"},"thumbnailUrl":"https:\/\/brizyproducts.com\/wp-content\/uploads\/2025\/03\/1-scaled.webp","datePublished":"2025-03-19T06:18:42+00:00","dateModified":"2025-11-19T14:49:09+00:00","description":"Botte en cuir italien flexible avec doublure respirante et talon renforc\u00e9, offrant confort, stabilit\u00e9 et adh\u00e9rence optimale dans le sulky.","breadcrumb":{"@id":"https:\/\/brizyproducts.com\/fr\/product\/modena-no-1-classic\/#breadcrumb"},"inLanguage":"fr-FR","potentialAction":[{"@type":"ReadAction","target":["https:\/\/brizyproducts.com\/fr\/product\/modena-no-1-classic\/"]}]},{"@type":"ImageObject","inLanguage":"fr-FR","@id":"https:\/\/brizyproducts.com\/fr\/product\/modena-no-1-classic\/#primaryimage","url":"https:\/\/brizyproducts.com\/wp-content\/uploads\/2025\/03\/1-scaled.webp","contentUrl":"https:\/\/brizyproducts.com\/wp-content\/uploads\/2025\/03\/1-scaled.webp","width":3375,"height":4500},{"@type":"BreadcrumbList","@id":"https:\/\/brizyproducts.com\/fr\/product\/modena-no-1-classic\/#breadcrumb","itemListElement":[{"@type":"ListItem","position":1,"name":"Hem","item":"https:\/\/brizyproducts.com\/fr\/"},{"@type":"ListItem","position":2,"name":"Shop","item":"https:\/\/brizyproducts.com\/fr\/shop\/"},{"@type":"ListItem","position":3,"name":"Modena No. 1 Classic"}]},{"@type":"WebSite","@id":"https:\/\/brizyproducts.com\/fr\/#website","url":"https:\/\/brizyproducts.com\/fr\/","name":"Brizy","description":"","publisher":{"@id":"https:\/\/brizyproducts.com\/fr\/#organization"},"potentialAction":[{"@type":"SearchAction","target":{"@type":"EntryPoint","urlTemplate":"https:\/\/brizyproducts.com\/fr\/?s={search_term_string}"},"query-input":{"@type":"PropertyValueSpecification","valueRequired":true,"valueName":"search_term_string"}}],"inLanguage":"fr-FR"},{"@type":"Organization","@id":"https:\/\/brizyproducts.com\/fr\/#organization","name":"Brizy","url":"https:\/\/brizyproducts.com\/fr\/","logo":{"@type":"ImageObject","inLanguage":"fr-FR","@id":"https:\/\/brizyproducts.com\/fr\/#\/schema\/logo\/image\/","url":"https:\/\/brizyproducts.com\/wp-content\/uploads\/2023\/12\/Brizy-old.svg","contentUrl":"https:\/\/brizyproducts.com\/wp-content\/uploads\/2023\/12\/Brizy-old.svg","width":1,"height":1,"caption":"Brizy"},"image":{"@id":"https:\/\/brizyproducts.com\/fr\/#\/schema\/logo\/image\/"},"sameAs":["https:\/\/www.facebook.com\/brizy.1983\/","https:\/\/www.linkedin.com\/company\/brizy-produktion\/"]}]},"og_availability":"instock","product_availability":"instock","product_condition":"new"},"_links":{"self":[{"href":"https:\/\/brizyproducts.com\/fr\/wp-json\/wp\/v2\/product\/16524","targetHints":{"allow":["GET"]}}],"collection":[{"href":"https:\/\/brizyproducts.com\/fr\/wp-json\/wp\/v2\/product"}],"about":[{"href":"https:\/\/brizyproducts.com\/fr\/wp-json\/wp\/v2\/types\/product"}],"replies":[{"embeddable":true,"href":"https:\/\/brizyproducts.com\/fr\/wp-json\/wp\/v2\/comments?post=16524"}],"wp:featuredmedia":[{"embeddable":true,"href":"https:\/\/brizyproducts.com\/fr\/wp-json\/wp\/v2\/media\/16542"}],"wp:attachment":[{"href":"https:\/\/brizyproducts.com\/fr\/wp-json\/wp\/v2\/media?parent=16524"}],"wp:term":[{"taxonomy":"product_brand","embeddable":true,"href":"https:\/\/brizyproducts.com\/fr\/wp-json\/wp\/v2\/product_brand?post=16524"},{"taxonomy":"product_cat","embeddable":true,"href":"https:\/\/brizyproducts.com\/fr\/wp-json\/wp\/v2\/product_cat?post=16524"},{"taxonomy":"product_tag","embeddable":true,"href":"https:\/\/brizyproducts.com\/fr\/wp-json\/wp\/v2\/product_tag?post=16524"}],"curies":[{"name":"wp","href":"https:\/\/api.w.org\/{rel}","templated":true}]}}