{"id":14407,"date":"2023-09-26T13:56:25","date_gmt":"2023-09-26T13:56:25","guid":{"rendered":"https:\/\/brizyproducts.com\/product\/pantalon-dhiver-lexington\/"},"modified":"2026-01-08T12:50:28","modified_gmt":"2026-01-08T12:50:28","slug":"pantalon-dhiver-lexington","status":"publish","type":"product","link":"https:\/\/brizyproducts.com\/fr\/product\/pantalon-dhiver-lexington\/","title":{"rendered":"Pantalon d&rsquo;hiver Lexington"},"content":{"rendered":"<h2><strong>Votre pantalon de course sur mesure pour affronter le froid hivernal<\/strong><\/h2>\n<p>Pantalon de course con\u00e7u pour les drivers de trot qui ont besoin d\u2019une fonctionnalit\u00e9 fiable et d\u2019un confort \u00e9lev\u00e9 dans des conditions de course froides. Confectionn\u00e9 dans un tissu blanc, r\u00e9sistant et souple, avec une doublure Z, il offre une bonne protection contre le vent et les pr\u00e9cipitations l\u00e9g\u00e8res tout en conservant une excellente libert\u00e9 de mouvement.<\/p>\n<p>Gr\u00e2ce \u00e0 plusieurs options de personnalisation, vous pouvez cr\u00e9er un pantalon parfaitement adapt\u00e9 \u00e0 votre style ou l\u2019assortir \u00e0 votre veste d\u2019hiver Lexington. Ajoutez votre nom, choisissez la couleur des passepoils et d\u00e9terminez l\u2019\u00e9paisseur du rembourrage \u2014 tout pour obtenir un pantalon de course qui vous correspond. Chaque mod\u00e8le est r\u00e9alis\u00e9 sur mesure pour une coupe optimale et fabriqu\u00e9 dans des mat\u00e9riaux sp\u00e9cialement d\u00e9velopp\u00e9s pour r\u00e9pondre aux exigences du trot attel\u00e9.<\/p>\n<p>Le r\u00e9sultat : un pantalon d\u2019hiver qui allie chaleur, fonctionnalit\u00e9, confort et touche personnelle. Parfait pour les drivers qui veulent performer par tous les temps.<\/p>\n","protected":false},"excerpt":{"rendered":"<p>Le pantalon de course d\u2019hiver sur mesure et enti\u00e8rement personnalisable, offrant une coupe parfaite.<\/p>\n","protected":false},"featured_media":14418,"comment_status":"closed","ping_status":"closed","template":"","meta":{"_acf_changed":false},"product_brand":[],"product_cat":[240,241,447,262],"product_tag":[],"class_list":{"0":"post-14407","1":"product","2":"type-product","3":"status-publish","4":"has-post-thumbnail","6":"product_cat-mens","7":"product_cat-trousers","8":"product_cat-tailor-made-layout","9":"product_cat-womens","10":"season-winter","11":"gender-men","12":"gender-women","13":"collection-lexington","14":"activity-racing","15":"product_type_brizy-tailor-made","17":"first","18":"instock","19":"taxable","20":"shipping-taxable","21":"purchasable","22":"product-type-simple"},"acf":[],"yoast_head":"<!-- This site is optimized with the Yoast SEO plugin v27.3 - https:\/\/yoast.com\/product\/yoast-seo-wordpress\/ -->\n<title>Pantalon d&#039;hiver Lexington | Pantalon de course | Brizy<\/title>\n<meta name=\"description\" content=\"Le pantalon de course id\u00e9al pour l\u2019hiver, con\u00e7u pour les drivers de trot. Un pantalon personnalis\u00e9 et fait sur mesure offrant un ajustement optimaux.\" \/>\n<meta name=\"robots\" content=\"index, follow, max-snippet:-1, max-image-preview:large, max-video-preview:-1\" \/>\n<link rel=\"canonical\" href=\"https:\/\/brizyproducts.com\/fr\/product\/pantalon-dhiver-lexington\/\" \/>\n<meta property=\"og:locale\" content=\"fr_FR\" \/>\n<meta property=\"og:type\" content=\"article\" \/>\n<meta property=\"og:title\" content=\"Pantalon d&#039;hiver Lexington | Pantalon de course | Brizy\" \/>\n<meta property=\"og:description\" content=\"Le pantalon de course id\u00e9al pour l\u2019hiver, con\u00e7u pour les drivers de trot. Un pantalon personnalis\u00e9 et fait sur mesure offrant un ajustement optimaux.\" \/>\n<meta property=\"og:url\" content=\"https:\/\/brizyproducts.com\/fr\/product\/pantalon-dhiver-lexington\/\" \/>\n<meta property=\"og:site_name\" content=\"Brizy Products\" \/>\n<meta property=\"article:publisher\" content=\"https:\/\/www.facebook.com\/brizy.1983\/\" \/>\n<meta property=\"article:modified_time\" content=\"2026-01-08T12:50:28+00:00\" \/>\n<meta property=\"og:image\" content=\"https:\/\/brizyproducts.com\/wp-content\/uploads\/2023\/09\/5-png.webp\" \/>\n\t<meta property=\"og:image:width\" content=\"3375\" \/>\n\t<meta property=\"og:image:height\" content=\"4500\" \/>\n\t<meta property=\"og:image:type\" content=\"image\/png\" \/>\n<meta name=\"twitter:card\" content=\"summary_large_image\" \/>\n<meta property=\"product:price:amount\" content=\"0.00\" \/>\n<meta property=\"product:price:currency\" content=\"USD\" \/>\n<meta property=\"og:availability\" content=\"instock\" \/>\n<meta property=\"product:availability\" content=\"instock\" \/>\n<meta property=\"product:retailer_item_id\" content=\"344080\" \/>\n<meta property=\"product:condition\" content=\"new\" \/>\n<!-- \/ Yoast SEO plugin. -->","yoast_head_json":{"title":"Pantalon d'hiver Lexington | Pantalon de course | Brizy","description":"Le pantalon de course id\u00e9al pour l\u2019hiver, con\u00e7u pour les drivers de trot. Un pantalon personnalis\u00e9 et fait sur mesure offrant un ajustement optimaux.","robots":{"index":"index","follow":"follow","max-snippet":"max-snippet:-1","max-image-preview":"max-image-preview:large","max-video-preview":"max-video-preview:-1"},"canonical":"https:\/\/brizyproducts.com\/fr\/product\/pantalon-dhiver-lexington\/","og_locale":"fr_FR","og_type":"article","og_title":"Pantalon d'hiver Lexington | Pantalon de course | Brizy","og_description":"Le pantalon de course id\u00e9al pour l\u2019hiver, con\u00e7u pour les drivers de trot. Un pantalon personnalis\u00e9 et fait sur mesure offrant un ajustement optimaux.","og_url":"https:\/\/brizyproducts.com\/fr\/product\/pantalon-dhiver-lexington\/","og_site_name":"Brizy Products","article_publisher":"https:\/\/www.facebook.com\/brizy.1983\/","article_modified_time":"2026-01-08T12:50:28+00:00","og_image":[{"width":3375,"height":4500,"url":"https:\/\/brizyproducts.com\/wp-content\/uploads\/2023\/09\/5-png.webp","type":"image\/png"}],"twitter_card":"summary_large_image","schema":{"@context":"https:\/\/schema.org","@graph":[{"@type":"WebPage","@id":"https:\/\/brizyproducts.com\/fr\/product\/pantalon-dhiver-lexington\/","url":"https:\/\/brizyproducts.com\/fr\/product\/pantalon-dhiver-lexington\/","name":"Pantalon d'hiver Lexington | Pantalon de course | Brizy","isPartOf":{"@id":"https:\/\/brizyproducts.com\/fr\/#website"},"primaryImageOfPage":{"@id":"https:\/\/brizyproducts.com\/fr\/product\/pantalon-dhiver-lexington\/#primaryimage"},"image":{"@id":"https:\/\/brizyproducts.com\/fr\/product\/pantalon-dhiver-lexington\/#primaryimage"},"thumbnailUrl":"https:\/\/brizyproducts.com\/wp-content\/uploads\/2023\/09\/5-png.webp","datePublished":"2023-09-26T13:56:25+00:00","dateModified":"2026-01-08T12:50:28+00:00","description":"Le pantalon de course id\u00e9al pour l\u2019hiver, con\u00e7u pour les drivers de trot. Un pantalon personnalis\u00e9 et fait sur mesure offrant un ajustement optimaux.","breadcrumb":{"@id":"https:\/\/brizyproducts.com\/fr\/product\/pantalon-dhiver-lexington\/#breadcrumb"},"inLanguage":"fr-FR","potentialAction":[{"@type":"ReadAction","target":["https:\/\/brizyproducts.com\/fr\/product\/pantalon-dhiver-lexington\/"]}]},{"@type":"ImageObject","inLanguage":"fr-FR","@id":"https:\/\/brizyproducts.com\/fr\/product\/pantalon-dhiver-lexington\/#primaryimage","url":"https:\/\/brizyproducts.com\/wp-content\/uploads\/2023\/09\/5-png.webp","contentUrl":"https:\/\/brizyproducts.com\/wp-content\/uploads\/2023\/09\/5-png.webp","width":2560,"height":3413},{"@type":"BreadcrumbList","@id":"https:\/\/brizyproducts.com\/fr\/product\/pantalon-dhiver-lexington\/#breadcrumb","itemListElement":[{"@type":"ListItem","position":1,"name":"Hem","item":"https:\/\/brizyproducts.com\/fr\/"},{"@type":"ListItem","position":2,"name":"Shop","item":"https:\/\/brizyproducts.com\/fr\/shop\/"},{"@type":"ListItem","position":3,"name":"Pantalon d&#8217;hiver Lexington"}]},{"@type":"WebSite","@id":"https:\/\/brizyproducts.com\/fr\/#website","url":"https:\/\/brizyproducts.com\/fr\/","name":"Brizy","description":"","publisher":{"@id":"https:\/\/brizyproducts.com\/fr\/#organization"},"potentialAction":[{"@type":"SearchAction","target":{"@type":"EntryPoint","urlTemplate":"https:\/\/brizyproducts.com\/fr\/?s={search_term_string}"},"query-input":{"@type":"PropertyValueSpecification","valueRequired":true,"valueName":"search_term_string"}}],"inLanguage":"fr-FR"},{"@type":"Organization","@id":"https:\/\/brizyproducts.com\/fr\/#organization","name":"Brizy","url":"https:\/\/brizyproducts.com\/fr\/","logo":{"@type":"ImageObject","inLanguage":"fr-FR","@id":"https:\/\/brizyproducts.com\/fr\/#\/schema\/logo\/image\/","url":"https:\/\/brizyproducts.com\/wp-content\/uploads\/2023\/12\/Brizy-old.svg","contentUrl":"https:\/\/brizyproducts.com\/wp-content\/uploads\/2023\/12\/Brizy-old.svg","width":1,"height":1,"caption":"Brizy"},"image":{"@id":"https:\/\/brizyproducts.com\/fr\/#\/schema\/logo\/image\/"},"sameAs":["https:\/\/www.facebook.com\/brizy.1983\/","https:\/\/www.linkedin.com\/company\/brizy-produktion\/"]}]},"product_price_amount":"0.00","product_price_currency":"USD","og_availability":"instock","product_availability":"instock","product_retailer_item_id":"344080","product_condition":"new"},"_links":{"self":[{"href":"https:\/\/brizyproducts.com\/fr\/wp-json\/wp\/v2\/product\/14407","targetHints":{"allow":["GET"]}}],"collection":[{"href":"https:\/\/brizyproducts.com\/fr\/wp-json\/wp\/v2\/product"}],"about":[{"href":"https:\/\/brizyproducts.com\/fr\/wp-json\/wp\/v2\/types\/product"}],"replies":[{"embeddable":true,"href":"https:\/\/brizyproducts.com\/fr\/wp-json\/wp\/v2\/comments?post=14407"}],"wp:featuredmedia":[{"embeddable":true,"href":"https:\/\/brizyproducts.com\/fr\/wp-json\/wp\/v2\/media\/14418"}],"wp:attachment":[{"href":"https:\/\/brizyproducts.com\/fr\/wp-json\/wp\/v2\/media?parent=14407"}],"wp:term":[{"taxonomy":"product_brand","embeddable":true,"href":"https:\/\/brizyproducts.com\/fr\/wp-json\/wp\/v2\/product_brand?post=14407"},{"taxonomy":"product_cat","embeddable":true,"href":"https:\/\/brizyproducts.com\/fr\/wp-json\/wp\/v2\/product_cat?post=14407"},{"taxonomy":"product_tag","embeddable":true,"href":"https:\/\/brizyproducts.com\/fr\/wp-json\/wp\/v2\/product_tag?post=14407"}],"curies":[{"name":"wp","href":"https:\/\/api.w.org\/{rel}","templated":true}]}}