{"id":14380,"date":"2022-10-26T13:56:26","date_gmt":"2022-10-26T13:56:26","guid":{"rendered":"https:\/\/brizyproducts.com\/product\/napoli-winter-onepiece\/"},"modified":"2026-02-24T10:23:23","modified_gmt":"2026-02-24T10:23:23","slug":"napoli-winter-onepiece","status":"publish","type":"product","link":"https:\/\/brizyproducts.com\/fr\/product\/napoli-winter-onepiece\/","title":{"rendered":"Combinaison d\u2019hiver Napoli"},"content":{"rendered":"<h2><strong>La combinaison d\u2019entra\u00eenement parfaite pour les jours les plus froids.<\/strong><\/h2>\n<p>Une tenue hivernale id\u00e9ale pour les drivers, entra\u00eeneurs et le personnel d\u2019\u00e9curie, con\u00e7ue pour offrir un confort maximal m\u00eame lors des entra\u00eenements les plus froids. La Combinaison d\u2019hiver Napoli assure chaleur, confort et libert\u00e9 de mouvement, m\u00eame dans les conditions les plus exigeantes. Fabriqu\u00e9e dans notre tissu stretch r\u00e9sistant avec doublure Z, elle prot\u00e8ge efficacement contre le vent et la pluie, vous gardant au sec et au chaud toute la journ\u00e9e.<\/p>\n<p>Avec un large choix de couleurs, d\u2019\u00e9paisseurs et de designs, vous pouvez personnaliser votre combinaison d\u2019entra\u00eenement selon vos envies. La Combinaison d\u2019hiver Napoli est faite sur mesure pour un ajustement parfait et con\u00e7ue avec des mat\u00e9riaux qui font vraiment la diff\u00e9rence.<\/p>\n","protected":false},"excerpt":{"rendered":"<p>Tenue d\u2019entra\u00eenement d\u2019hiver. Combinaison d\u2019entra\u00eenement sur mesure offrant un ajustement parfait et un confort optimal pour l\u2019hiver.<\/p>\n","protected":false},"featured_media":15761,"comment_status":"closed","ping_status":"closed","template":"","meta":{"_acf_changed":false},"product_brand":[],"product_cat":[331,240,447,262],"product_tag":[],"season":[503],"gender":[509,511],"collection":[517],"activity":[561],"product_type_brizy":[567],"class_list":{"0":"post-14380","1":"product","2":"type-product","3":"status-publish","4":"has-post-thumbnail","6":"product_cat-one-pieces","7":"product_cat-mens","8":"product_cat-tailor-made-layout","9":"product_cat-womens","10":"season-winter","11":"gender-men","12":"gender-women","13":"collection-napoli","14":"activity-training","15":"product_type_brizy-custom-made","17":"first","18":"instock","19":"taxable","20":"shipping-taxable","21":"purchasable","22":"product-type-simple"},"acf":[],"yoast_head":"<!-- This site is optimized with the Yoast SEO plugin v27.3 - https:\/\/yoast.com\/product\/yoast-seo-wordpress\/ -->\n<title>Combinaison d\u2019hiver Napoli | Tenue d\u2019entra\u00eenement | Brizy<\/title>\n<meta name=\"description\" content=\"Tenue d\u2019entra\u00eenement d\u2019hiver. Une tenue sur mesure offrant confort et ajustement optimal aux drivers et entra\u00eeneurs de trot en hiver.\" \/>\n<meta name=\"robots\" content=\"index, follow, max-snippet:-1, max-image-preview:large, max-video-preview:-1\" \/>\n<link rel=\"canonical\" href=\"https:\/\/brizyproducts.com\/fr\/product\/napoli-winter-onepiece\/\" \/>\n<meta property=\"og:locale\" content=\"fr_FR\" \/>\n<meta property=\"og:type\" content=\"article\" \/>\n<meta property=\"og:title\" content=\"Combinaison d\u2019hiver Napoli | Tenue d\u2019entra\u00eenement | Brizy\" \/>\n<meta property=\"og:description\" content=\"Tenue d\u2019entra\u00eenement d\u2019hiver. Une tenue sur mesure offrant confort et ajustement optimal aux drivers et entra\u00eeneurs de trot en hiver.\" \/>\n<meta property=\"og:url\" content=\"https:\/\/brizyproducts.com\/fr\/product\/napoli-winter-onepiece\/\" \/>\n<meta property=\"og:site_name\" content=\"Brizy Products\" \/>\n<meta property=\"article:publisher\" content=\"https:\/\/www.facebook.com\/brizy.1983\/\" \/>\n<meta property=\"article:modified_time\" content=\"2026-02-24T10:23:23+00:00\" \/>\n<meta property=\"og:image\" content=\"https:\/\/brizyproducts.com\/wp-content\/uploads\/2022\/10\/2-1-png.webp\" \/>\n\t<meta property=\"og:image:width\" content=\"3375\" \/>\n\t<meta property=\"og:image:height\" content=\"4500\" \/>\n\t<meta property=\"og:image:type\" content=\"image\/png\" \/>\n<meta name=\"twitter:card\" content=\"summary_large_image\" \/>\n<meta property=\"product:price:amount\" content=\"0.00\" \/>\n<meta property=\"product:price:currency\" content=\"USD\" \/>\n<meta property=\"og:availability\" content=\"instock\" \/>\n<meta property=\"product:availability\" content=\"instock\" \/>\n<meta property=\"product:retailer_item_id\" content=\"145080\" \/>\n<meta property=\"product:condition\" content=\"new\" \/>\n<!-- \/ Yoast SEO plugin. -->","yoast_head_json":{"title":"Combinaison d\u2019hiver Napoli | Tenue d\u2019entra\u00eenement | Brizy","description":"Tenue d\u2019entra\u00eenement d\u2019hiver. Une tenue sur mesure offrant confort et ajustement optimal aux drivers et entra\u00eeneurs de trot en hiver.","robots":{"index":"index","follow":"follow","max-snippet":"max-snippet:-1","max-image-preview":"max-image-preview:large","max-video-preview":"max-video-preview:-1"},"canonical":"https:\/\/brizyproducts.com\/fr\/product\/napoli-winter-onepiece\/","og_locale":"fr_FR","og_type":"article","og_title":"Combinaison d\u2019hiver Napoli | Tenue d\u2019entra\u00eenement | Brizy","og_description":"Tenue d\u2019entra\u00eenement d\u2019hiver. Une tenue sur mesure offrant confort et ajustement optimal aux drivers et entra\u00eeneurs de trot en hiver.","og_url":"https:\/\/brizyproducts.com\/fr\/product\/napoli-winter-onepiece\/","og_site_name":"Brizy Products","article_publisher":"https:\/\/www.facebook.com\/brizy.1983\/","article_modified_time":"2026-02-24T10:23:23+00:00","og_image":[{"width":3375,"height":4500,"url":"https:\/\/brizyproducts.com\/wp-content\/uploads\/2022\/10\/2-1-png.webp","type":"image\/png"}],"twitter_card":"summary_large_image","schema":{"@context":"https:\/\/schema.org","@graph":[{"@type":"WebPage","@id":"https:\/\/brizyproducts.com\/fr\/product\/napoli-winter-onepiece\/","url":"https:\/\/brizyproducts.com\/fr\/product\/napoli-winter-onepiece\/","name":"Combinaison d\u2019hiver Napoli | Tenue d\u2019entra\u00eenement | Brizy","isPartOf":{"@id":"https:\/\/brizyproducts.com\/fr\/#website"},"primaryImageOfPage":{"@id":"https:\/\/brizyproducts.com\/fr\/product\/napoli-winter-onepiece\/#primaryimage"},"image":{"@id":"https:\/\/brizyproducts.com\/fr\/product\/napoli-winter-onepiece\/#primaryimage"},"thumbnailUrl":"https:\/\/brizyproducts.com\/wp-content\/uploads\/2022\/10\/2-1-png.webp","datePublished":"2022-10-26T13:56:26+00:00","dateModified":"2026-02-24T10:23:23+00:00","description":"Tenue d\u2019entra\u00eenement d\u2019hiver. Une tenue sur mesure offrant confort et ajustement optimal aux drivers et entra\u00eeneurs de trot en hiver.","breadcrumb":{"@id":"https:\/\/brizyproducts.com\/fr\/product\/napoli-winter-onepiece\/#breadcrumb"},"inLanguage":"fr-FR","potentialAction":[{"@type":"ReadAction","target":["https:\/\/brizyproducts.com\/fr\/product\/napoli-winter-onepiece\/"]}]},{"@type":"ImageObject","inLanguage":"fr-FR","@id":"https:\/\/brizyproducts.com\/fr\/product\/napoli-winter-onepiece\/#primaryimage","url":"https:\/\/brizyproducts.com\/wp-content\/uploads\/2022\/10\/2-1-png.webp","contentUrl":"https:\/\/brizyproducts.com\/wp-content\/uploads\/2022\/10\/2-1-png.webp","width":3375,"height":4500},{"@type":"BreadcrumbList","@id":"https:\/\/brizyproducts.com\/fr\/product\/napoli-winter-onepiece\/#breadcrumb","itemListElement":[{"@type":"ListItem","position":1,"name":"Hem","item":"https:\/\/brizyproducts.com\/fr\/start-april-2026\/"},{"@type":"ListItem","position":2,"name":"Shop","item":"https:\/\/brizyproducts.com\/fr\/shop\/"},{"@type":"ListItem","position":3,"name":"Combinaison d\u2019hiver Napoli"}]},{"@type":"WebSite","@id":"https:\/\/brizyproducts.com\/fr\/#website","url":"https:\/\/brizyproducts.com\/fr\/","name":"Brizy","description":"","publisher":{"@id":"https:\/\/brizyproducts.com\/fr\/#organization"},"potentialAction":[{"@type":"SearchAction","target":{"@type":"EntryPoint","urlTemplate":"https:\/\/brizyproducts.com\/fr\/?s={search_term_string}"},"query-input":{"@type":"PropertyValueSpecification","valueRequired":true,"valueName":"search_term_string"}}],"inLanguage":"fr-FR"},{"@type":"Organization","@id":"https:\/\/brizyproducts.com\/fr\/#organization","name":"Brizy","url":"https:\/\/brizyproducts.com\/fr\/","logo":{"@type":"ImageObject","inLanguage":"fr-FR","@id":"https:\/\/brizyproducts.com\/fr\/#\/schema\/logo\/image\/","url":"https:\/\/brizyproducts.com\/wp-content\/uploads\/2023\/12\/Brizy-old.svg","contentUrl":"https:\/\/brizyproducts.com\/wp-content\/uploads\/2023\/12\/Brizy-old.svg","width":1,"height":1,"caption":"Brizy"},"image":{"@id":"https:\/\/brizyproducts.com\/fr\/#\/schema\/logo\/image\/"},"sameAs":["https:\/\/www.facebook.com\/brizy.1983\/","https:\/\/www.linkedin.com\/company\/brizy-produktion\/"]}]},"product_price_amount":"0.00","product_price_currency":"USD","og_availability":"instock","product_availability":"instock","product_retailer_item_id":"145080","product_condition":"new"},"_links":{"self":[{"href":"https:\/\/brizyproducts.com\/fr\/wp-json\/wp\/v2\/product\/14380","targetHints":{"allow":["GET"]}}],"collection":[{"href":"https:\/\/brizyproducts.com\/fr\/wp-json\/wp\/v2\/product"}],"about":[{"href":"https:\/\/brizyproducts.com\/fr\/wp-json\/wp\/v2\/types\/product"}],"replies":[{"embeddable":true,"href":"https:\/\/brizyproducts.com\/fr\/wp-json\/wp\/v2\/comments?post=14380"}],"wp:featuredmedia":[{"embeddable":true,"href":"https:\/\/brizyproducts.com\/fr\/wp-json\/wp\/v2\/media\/15761"}],"wp:attachment":[{"href":"https:\/\/brizyproducts.com\/fr\/wp-json\/wp\/v2\/media?parent=14380"}],"wp:term":[{"taxonomy":"product_brand","embeddable":true,"href":"https:\/\/brizyproducts.com\/fr\/wp-json\/wp\/v2\/product_brand?post=14380"},{"taxonomy":"product_cat","embeddable":true,"href":"https:\/\/brizyproducts.com\/fr\/wp-json\/wp\/v2\/product_cat?post=14380"},{"taxonomy":"product_tag","embeddable":true,"href":"https:\/\/brizyproducts.com\/fr\/wp-json\/wp\/v2\/product_tag?post=14380"},{"taxonomy":"season","embeddable":true,"href":"https:\/\/brizyproducts.com\/fr\/wp-json\/wp\/v2\/season?post=14380"},{"taxonomy":"gender","embeddable":true,"href":"https:\/\/brizyproducts.com\/fr\/wp-json\/wp\/v2\/gender?post=14380"},{"taxonomy":"collection","embeddable":true,"href":"https:\/\/brizyproducts.com\/fr\/wp-json\/wp\/v2\/collection?post=14380"},{"taxonomy":"activity","embeddable":true,"href":"https:\/\/brizyproducts.com\/fr\/wp-json\/wp\/v2\/activity?post=14380"},{"taxonomy":"product_type_brizy","embeddable":true,"href":"https:\/\/brizyproducts.com\/fr\/wp-json\/wp\/v2\/product_type_brizy?post=14380"}],"curies":[{"name":"wp","href":"https:\/\/api.w.org\/{rel}","templated":true}]}}