{"id":14112,"date":"2023-10-26T13:56:26","date_gmt":"2023-10-26T13:56:26","guid":{"rendered":"https:\/\/brizyproducts.com\/product\/veste-boden-2\/"},"modified":"2025-12-06T07:30:14","modified_gmt":"2025-12-06T07:30:14","slug":"veste-boden-2","status":"publish","type":"product","link":"https:\/\/brizyproducts.com\/fr\/product\/veste-boden-2\/","title":{"rendered":"Veste Boden"},"content":{"rendered":"<p>Un best-seller de Brizy ! Il est con\u00e7u de mani\u00e8re fonctionnelle pour r\u00e9pondre \u00e0 vos besoins dans le froid hivernal. Les produits sont dot\u00e9s de 150 grammes d&rsquo;isolation l\u00e9g\u00e8re avec d&rsquo;excellentes propri\u00e9t\u00e9s thermiques en Sorona\u00ae. Boden est r\u00e9sistant au vent et \u00e0 l&rsquo;eau tout en \u00e9tant extr\u00eamement confortable, gr\u00e2ce \u00e0 la mati\u00e8re extensible dans les quatre sens. Sans compromis sur la durabilit\u00e9, la veste a une longue dur\u00e9e de vie. Vous pouvez \u00e9galement personnaliser la veste en fonction de vos pr\u00e9f\u00e9rences. Choisissez parmi les diff\u00e9rentes couleurs, sp\u00e9cifiez vos mesures et cr\u00e9ez la coupe parfaite. N&rsquo;h\u00e9sitez pas \u00e0 nous contacter pour obtenir un devis personnalis\u00e9. La veste est fid\u00e8le \u00e0 la taille    <\/p>\n","protected":false},"excerpt":{"rendered":"<p>Un best-seller de Brizy ! Il est con\u00e7u de mani\u00e8re fonctionnelle pour r\u00e9pondre \u00e0 vos besoins dans le froid hivernal. Les produits sont dot\u00e9s de 150 grammes d&rsquo;isolation l\u00e9g\u00e8re avec d&rsquo;excellentes propri\u00e9t\u00e9s thermiques en Sorona\u00ae. Boden est r\u00e9sistant au vent et \u00e0 l&rsquo;eau tout en \u00e9tant extr\u00eamement confortable, gr\u00e2ce \u00e0 la mati\u00e8re extensible dans les [&hellip;]<\/p>\n","protected":false},"featured_media":14136,"comment_status":"closed","ping_status":"closed","template":"","meta":{"_acf_changed":false},"product_brand":[],"product_cat":[273,438],"product_tag":[361],"season":[503],"gender":[509,511],"collection":[515],"activity":[559,561],"product_type_brizy":[569],"class_list":{"0":"post-14112","1":"product","2":"type-product","3":"status-publish","4":"has-post-thumbnail","6":"product_cat-jackets","7":"product_cat-outlet","8":"product_tag-boden-fr","9":"season-winter","10":"gender-men","11":"gender-women","12":"collection-boden","13":"activity-stable","14":"activity-training","15":"product_type_brizy-stock-products","17":"first","18":"instock","19":"sale","20":"taxable","21":"shipping-taxable","22":"purchasable","23":"product-type-variable"},"acf":[],"yoast_head":"<!-- This site is optimized with the Yoast SEO plugin v27.4 - https:\/\/yoast.com\/product\/yoast-seo-wordpress\/ -->\n<title>Veste Boden | Harness racing clothing | Brizy<\/title>\n<meta name=\"description\" content=\"Un best-seller de Brizy ! Il est con\u00e7u de mani\u00e8re fonctionnelle pour r\u00e9pondre \u00e0 vos besoins dans le froid hivernal. Les produits sont dot\u00e9s de 150 grammes\" \/>\n<meta name=\"robots\" content=\"index, follow, max-snippet:-1, max-image-preview:large, max-video-preview:-1\" \/>\n<link rel=\"canonical\" href=\"https:\/\/brizyproducts.com\/fr\/product\/veste-boden-2\/\" \/>\n<meta property=\"og:locale\" content=\"fr_FR\" \/>\n<meta property=\"og:type\" content=\"article\" \/>\n<meta property=\"og:title\" content=\"Veste Boden | Harness racing clothing | Brizy\" \/>\n<meta property=\"og:description\" content=\"Un best-seller de Brizy ! Il est con\u00e7u de mani\u00e8re fonctionnelle pour r\u00e9pondre \u00e0 vos besoins dans le froid hivernal. Les produits sont dot\u00e9s de 150 grammes\" \/>\n<meta property=\"og:url\" content=\"https:\/\/brizyproducts.com\/fr\/product\/veste-boden-2\/\" \/>\n<meta property=\"og:site_name\" content=\"Brizy Products\" \/>\n<meta property=\"article:publisher\" content=\"https:\/\/www.facebook.com\/brizy.1983\/\" \/>\n<meta property=\"article:modified_time\" content=\"2025-12-06T07:30:14+00:00\" \/>\n<meta property=\"og:image\" content=\"https:\/\/brizyproducts.com\/wp-content\/uploads\/2023\/10\/3-12-768x1024.png\" \/>\n\t<meta property=\"og:image:width\" content=\"768\" \/>\n\t<meta property=\"og:image:height\" content=\"1024\" \/>\n\t<meta property=\"og:image:type\" content=\"image\/png\" \/>\n<meta name=\"twitter:card\" content=\"summary_large_image\" \/>\n<meta property=\"og:availability\" content=\"instock\" \/>\n<meta property=\"product:availability\" content=\"instock\" \/>\n<meta property=\"product:retailer_item_id\" content=\"2810\" \/>\n<meta property=\"product:condition\" content=\"new\" \/>\n<!-- \/ Yoast SEO plugin. -->","yoast_head_json":{"title":"Veste Boden | Harness racing clothing | Brizy","description":"Un best-seller de Brizy ! Il est con\u00e7u de mani\u00e8re fonctionnelle pour r\u00e9pondre \u00e0 vos besoins dans le froid hivernal. Les produits sont dot\u00e9s de 150 grammes","robots":{"index":"index","follow":"follow","max-snippet":"max-snippet:-1","max-image-preview":"max-image-preview:large","max-video-preview":"max-video-preview:-1"},"canonical":"https:\/\/brizyproducts.com\/fr\/product\/veste-boden-2\/","og_locale":"fr_FR","og_type":"article","og_title":"Veste Boden | Harness racing clothing | Brizy","og_description":"Un best-seller de Brizy ! Il est con\u00e7u de mani\u00e8re fonctionnelle pour r\u00e9pondre \u00e0 vos besoins dans le froid hivernal. Les produits sont dot\u00e9s de 150 grammes","og_url":"https:\/\/brizyproducts.com\/fr\/product\/veste-boden-2\/","og_site_name":"Brizy Products","article_publisher":"https:\/\/www.facebook.com\/brizy.1983\/","article_modified_time":"2025-12-06T07:30:14+00:00","og_image":[{"width":768,"height":1024,"url":"https:\/\/brizyproducts.com\/wp-content\/uploads\/2023\/10\/3-12-768x1024.png","type":"image\/png"}],"twitter_card":"summary_large_image","schema":{"@context":"https:\/\/schema.org","@graph":[{"@type":"WebPage","@id":"https:\/\/brizyproducts.com\/fr\/product\/veste-boden-2\/","url":"https:\/\/brizyproducts.com\/fr\/product\/veste-boden-2\/","name":"Veste Boden | Harness racing clothing | Brizy","isPartOf":{"@id":"https:\/\/brizyproducts.com\/fr\/#website"},"primaryImageOfPage":{"@id":"https:\/\/brizyproducts.com\/fr\/product\/veste-boden-2\/#primaryimage"},"image":{"@id":"https:\/\/brizyproducts.com\/fr\/product\/veste-boden-2\/#primaryimage"},"thumbnailUrl":"https:\/\/brizyproducts.com\/wp-content\/uploads\/2023\/10\/3-12.png","datePublished":"2023-10-26T13:56:26+00:00","dateModified":"2025-12-06T07:30:14+00:00","description":"Un best-seller de Brizy ! Il est con\u00e7u de mani\u00e8re fonctionnelle pour r\u00e9pondre \u00e0 vos besoins dans le froid hivernal. Les produits sont dot\u00e9s de 150 grammes","breadcrumb":{"@id":"https:\/\/brizyproducts.com\/fr\/product\/veste-boden-2\/#breadcrumb"},"inLanguage":"fr-FR","potentialAction":[{"@type":"ReadAction","target":["https:\/\/brizyproducts.com\/fr\/product\/veste-boden-2\/"]}]},{"@type":"ImageObject","inLanguage":"fr-FR","@id":"https:\/\/brizyproducts.com\/fr\/product\/veste-boden-2\/#primaryimage","url":"https:\/\/brizyproducts.com\/wp-content\/uploads\/2023\/10\/3-12.png","contentUrl":"https:\/\/brizyproducts.com\/wp-content\/uploads\/2023\/10\/3-12.png","width":3375,"height":4500},{"@type":"BreadcrumbList","@id":"https:\/\/brizyproducts.com\/fr\/product\/veste-boden-2\/#breadcrumb","itemListElement":[{"@type":"ListItem","position":1,"name":"Hem","item":"https:\/\/brizyproducts.com\/fr\/"},{"@type":"ListItem","position":2,"name":"Shop","item":"https:\/\/brizyproducts.com\/fr\/shop\/"},{"@type":"ListItem","position":3,"name":"Veste Boden"}]},{"@type":"WebSite","@id":"https:\/\/brizyproducts.com\/fr\/#website","url":"https:\/\/brizyproducts.com\/fr\/","name":"Brizy","description":"","publisher":{"@id":"https:\/\/brizyproducts.com\/fr\/#organization"},"potentialAction":[{"@type":"SearchAction","target":{"@type":"EntryPoint","urlTemplate":"https:\/\/brizyproducts.com\/fr\/?s={search_term_string}"},"query-input":{"@type":"PropertyValueSpecification","valueRequired":true,"valueName":"search_term_string"}}],"inLanguage":"fr-FR"},{"@type":"Organization","@id":"https:\/\/brizyproducts.com\/fr\/#organization","name":"Brizy","url":"https:\/\/brizyproducts.com\/fr\/","logo":{"@type":"ImageObject","inLanguage":"fr-FR","@id":"https:\/\/brizyproducts.com\/fr\/#\/schema\/logo\/image\/","url":"https:\/\/brizyproducts.com\/wp-content\/uploads\/2023\/12\/Brizy-old.svg","contentUrl":"https:\/\/brizyproducts.com\/wp-content\/uploads\/2023\/12\/Brizy-old.svg","width":1,"height":1,"caption":"Brizy"},"image":{"@id":"https:\/\/brizyproducts.com\/fr\/#\/schema\/logo\/image\/"},"sameAs":["https:\/\/www.facebook.com\/brizy.1983\/","https:\/\/www.linkedin.com\/company\/brizy-produktion\/"]}]},"og_availability":"instock","product_availability":"instock","product_retailer_item_id":"2810","product_condition":"new"},"_links":{"self":[{"href":"https:\/\/brizyproducts.com\/fr\/wp-json\/wp\/v2\/product\/14112","targetHints":{"allow":["GET"]}}],"collection":[{"href":"https:\/\/brizyproducts.com\/fr\/wp-json\/wp\/v2\/product"}],"about":[{"href":"https:\/\/brizyproducts.com\/fr\/wp-json\/wp\/v2\/types\/product"}],"replies":[{"embeddable":true,"href":"https:\/\/brizyproducts.com\/fr\/wp-json\/wp\/v2\/comments?post=14112"}],"wp:featuredmedia":[{"embeddable":true,"href":"https:\/\/brizyproducts.com\/fr\/wp-json\/wp\/v2\/media\/14136"}],"wp:attachment":[{"href":"https:\/\/brizyproducts.com\/fr\/wp-json\/wp\/v2\/media?parent=14112"}],"wp:term":[{"taxonomy":"product_brand","embeddable":true,"href":"https:\/\/brizyproducts.com\/fr\/wp-json\/wp\/v2\/product_brand?post=14112"},{"taxonomy":"product_cat","embeddable":true,"href":"https:\/\/brizyproducts.com\/fr\/wp-json\/wp\/v2\/product_cat?post=14112"},{"taxonomy":"product_tag","embeddable":true,"href":"https:\/\/brizyproducts.com\/fr\/wp-json\/wp\/v2\/product_tag?post=14112"},{"taxonomy":"season","embeddable":true,"href":"https:\/\/brizyproducts.com\/fr\/wp-json\/wp\/v2\/season?post=14112"},{"taxonomy":"gender","embeddable":true,"href":"https:\/\/brizyproducts.com\/fr\/wp-json\/wp\/v2\/gender?post=14112"},{"taxonomy":"collection","embeddable":true,"href":"https:\/\/brizyproducts.com\/fr\/wp-json\/wp\/v2\/collection?post=14112"},{"taxonomy":"activity","embeddable":true,"href":"https:\/\/brizyproducts.com\/fr\/wp-json\/wp\/v2\/activity?post=14112"},{"taxonomy":"product_type_brizy","embeddable":true,"href":"https:\/\/brizyproducts.com\/fr\/wp-json\/wp\/v2\/product_type_brizy?post=14112"}],"curies":[{"name":"wp","href":"https:\/\/api.w.org\/{rel}","templated":true}]}}