{"id":14078,"date":"2023-10-26T13:56:26","date_gmt":"2023-10-26T13:56:26","guid":{"rendered":"https:\/\/brizyproducts.com\/product\/pantalon-boden-2\/"},"modified":"2025-11-25T09:07:56","modified_gmt":"2025-11-25T09:07:56","slug":"pantalon-boden-2","status":"publish","type":"product","link":"https:\/\/brizyproducts.com\/fr\/product\/pantalon-boden-2\/","title":{"rendered":"Pantalon Boden"},"content":{"rendered":"<p>D\u00e9couvrez notre pantalon d&rsquo;hiver Boden, r\u00e9sistant au vent et \u00e0 l&rsquo;eau, fabriqu\u00e9 dans notre mati\u00e8re extensible dans les 4 sens pour un confort optimal. Les 150 grammes d&rsquo;isolation l\u00e9g\u00e8re de Sorona vous gardent au chaud dans les environnements les plus froids ! Les bretelles du pantalon apportent un soutien et un confort suppl\u00e9mentaires, ce qui en fait un choix fiable pour ceux qui recherchent un v\u00eatement durable pour les conditions climatiques froides. Bien s\u00fbr, vous pouvez \u00e9galement commander ce pantalon personnalis\u00e9, dans les couleurs de votre choix, adapt\u00e9 \u00e0 vos mesures personnelles et \u00e0 la coupe que vous pr\u00e9f\u00e9rez. N&rsquo;h\u00e9sitez pas \u00e0 nous contacter pour plus d&rsquo;informations ! Le pantalon est fid\u00e8le \u00e0 la taille  <\/p>\n","protected":false},"excerpt":{"rendered":"<p>D\u00e9couvrez notre pantalon d&rsquo;hiver Boden, r\u00e9sistant au vent et \u00e0 l&rsquo;eau, fabriqu\u00e9 dans notre mati\u00e8re extensible dans les 4 sens pour un confort optimal. Les 150 grammes d&rsquo;isolation l\u00e9g\u00e8re de Sorona vous gardent au chaud dans les environnements les plus froids ! Les bretelles du pantalon apportent un soutien et un confort suppl\u00e9mentaires, ce qui [&hellip;]<\/p>\n","protected":false},"featured_media":15653,"comment_status":"closed","ping_status":"closed","template":"","meta":{"_acf_changed":false},"product_brand":[],"product_cat":[438,241],"product_tag":[361],"season":[503],"gender":[509,511],"collection":[515],"activity":[559,561],"product_type_brizy":[569],"class_list":{"0":"post-14078","1":"product","2":"type-product","3":"status-publish","4":"has-post-thumbnail","6":"product_cat-outlet","7":"product_cat-trousers","8":"product_tag-boden-fr","9":"season-winter","10":"gender-men","11":"gender-women","12":"collection-boden","13":"activity-stable","14":"activity-training","15":"product_type_brizy-stock-products","17":"first","18":"instock","19":"sale","20":"taxable","21":"shipping-taxable","22":"purchasable","23":"product-type-variable"},"acf":[],"yoast_head":"<!-- This site is optimized with the Yoast SEO plugin v27.3 - https:\/\/yoast.com\/product\/yoast-seo-wordpress\/ -->\n<title>Pantalon Boden | Harness racing clothing | Brizy<\/title>\n<meta name=\"description\" content=\"D\u00e9couvrez notre pantalon d&#039;hiver Boden, r\u00e9sistant au vent et \u00e0 l&#039;eau, fabriqu\u00e9 dans notre mati\u00e8re extensible dans les 4 sens pour un confort optimal. Les\" \/>\n<meta name=\"robots\" content=\"index, follow, max-snippet:-1, max-image-preview:large, max-video-preview:-1\" \/>\n<link rel=\"canonical\" href=\"https:\/\/brizyproducts.com\/fr\/product\/pantalon-boden-2\/\" \/>\n<meta property=\"og:locale\" content=\"fr_FR\" \/>\n<meta property=\"og:type\" content=\"article\" \/>\n<meta property=\"og:title\" content=\"Pantalon Boden | Harness racing clothing | Brizy\" \/>\n<meta property=\"og:description\" content=\"D\u00e9couvrez notre pantalon d&#039;hiver Boden, r\u00e9sistant au vent et \u00e0 l&#039;eau, fabriqu\u00e9 dans notre mati\u00e8re extensible dans les 4 sens pour un confort optimal. Les\" \/>\n<meta property=\"og:url\" content=\"https:\/\/brizyproducts.com\/fr\/product\/pantalon-boden-2\/\" \/>\n<meta property=\"og:site_name\" content=\"Brizy Products\" \/>\n<meta property=\"article:publisher\" content=\"https:\/\/www.facebook.com\/brizy.1983\/\" \/>\n<meta property=\"article:modified_time\" content=\"2025-11-25T09:07:56+00:00\" \/>\n<meta property=\"og:image\" content=\"https:\/\/brizyproducts.com\/wp-content\/uploads\/2023\/11\/2-2.png\" \/>\n\t<meta property=\"og:image:width\" content=\"3375\" \/>\n\t<meta property=\"og:image:height\" content=\"4500\" \/>\n\t<meta property=\"og:image:type\" content=\"image\/png\" \/>\n<meta name=\"twitter:card\" content=\"summary_large_image\" \/>\n<meta property=\"og:availability\" content=\"instock\" \/>\n<meta property=\"product:availability\" content=\"instock\" \/>\n<meta property=\"product:retailer_item_id\" content=\"3810\" \/>\n<meta property=\"product:condition\" content=\"new\" \/>\n<!-- \/ Yoast SEO plugin. -->","yoast_head_json":{"title":"Pantalon Boden | Harness racing clothing | Brizy","description":"D\u00e9couvrez notre pantalon d'hiver Boden, r\u00e9sistant au vent et \u00e0 l'eau, fabriqu\u00e9 dans notre mati\u00e8re extensible dans les 4 sens pour un confort optimal. Les","robots":{"index":"index","follow":"follow","max-snippet":"max-snippet:-1","max-image-preview":"max-image-preview:large","max-video-preview":"max-video-preview:-1"},"canonical":"https:\/\/brizyproducts.com\/fr\/product\/pantalon-boden-2\/","og_locale":"fr_FR","og_type":"article","og_title":"Pantalon Boden | Harness racing clothing | Brizy","og_description":"D\u00e9couvrez notre pantalon d'hiver Boden, r\u00e9sistant au vent et \u00e0 l'eau, fabriqu\u00e9 dans notre mati\u00e8re extensible dans les 4 sens pour un confort optimal. Les","og_url":"https:\/\/brizyproducts.com\/fr\/product\/pantalon-boden-2\/","og_site_name":"Brizy Products","article_publisher":"https:\/\/www.facebook.com\/brizy.1983\/","article_modified_time":"2025-11-25T09:07:56+00:00","og_image":[{"width":3375,"height":4500,"url":"https:\/\/brizyproducts.com\/wp-content\/uploads\/2023\/11\/2-2.png","type":"image\/png"}],"twitter_card":"summary_large_image","schema":{"@context":"https:\/\/schema.org","@graph":[{"@type":"WebPage","@id":"https:\/\/brizyproducts.com\/fr\/product\/pantalon-boden-2\/","url":"https:\/\/brizyproducts.com\/fr\/product\/pantalon-boden-2\/","name":"Pantalon Boden | Harness racing clothing | Brizy","isPartOf":{"@id":"https:\/\/brizyproducts.com\/fr\/#website"},"primaryImageOfPage":{"@id":"https:\/\/brizyproducts.com\/fr\/product\/pantalon-boden-2\/#primaryimage"},"image":{"@id":"https:\/\/brizyproducts.com\/fr\/product\/pantalon-boden-2\/#primaryimage"},"thumbnailUrl":"https:\/\/brizyproducts.com\/wp-content\/uploads\/2023\/11\/2-2.png","datePublished":"2023-10-26T13:56:26+00:00","dateModified":"2025-11-25T09:07:56+00:00","description":"D\u00e9couvrez notre pantalon d'hiver Boden, r\u00e9sistant au vent et \u00e0 l'eau, fabriqu\u00e9 dans notre mati\u00e8re extensible dans les 4 sens pour un confort optimal. Les","breadcrumb":{"@id":"https:\/\/brizyproducts.com\/fr\/product\/pantalon-boden-2\/#breadcrumb"},"inLanguage":"fr-FR","potentialAction":[{"@type":"ReadAction","target":["https:\/\/brizyproducts.com\/fr\/product\/pantalon-boden-2\/"]}]},{"@type":"ImageObject","inLanguage":"fr-FR","@id":"https:\/\/brizyproducts.com\/fr\/product\/pantalon-boden-2\/#primaryimage","url":"https:\/\/brizyproducts.com\/wp-content\/uploads\/2023\/11\/2-2.png","contentUrl":"https:\/\/brizyproducts.com\/wp-content\/uploads\/2023\/11\/2-2.png","width":3375,"height":4500},{"@type":"BreadcrumbList","@id":"https:\/\/brizyproducts.com\/fr\/product\/pantalon-boden-2\/#breadcrumb","itemListElement":[{"@type":"ListItem","position":1,"name":"Hem","item":"https:\/\/brizyproducts.com\/fr\/start-april-2026\/"},{"@type":"ListItem","position":2,"name":"Shop","item":"https:\/\/brizyproducts.com\/fr\/shop\/"},{"@type":"ListItem","position":3,"name":"Pantalon Boden"}]},{"@type":"WebSite","@id":"https:\/\/brizyproducts.com\/fr\/#website","url":"https:\/\/brizyproducts.com\/fr\/","name":"Brizy","description":"","publisher":{"@id":"https:\/\/brizyproducts.com\/fr\/#organization"},"potentialAction":[{"@type":"SearchAction","target":{"@type":"EntryPoint","urlTemplate":"https:\/\/brizyproducts.com\/fr\/?s={search_term_string}"},"query-input":{"@type":"PropertyValueSpecification","valueRequired":true,"valueName":"search_term_string"}}],"inLanguage":"fr-FR"},{"@type":"Organization","@id":"https:\/\/brizyproducts.com\/fr\/#organization","name":"Brizy","url":"https:\/\/brizyproducts.com\/fr\/","logo":{"@type":"ImageObject","inLanguage":"fr-FR","@id":"https:\/\/brizyproducts.com\/fr\/#\/schema\/logo\/image\/","url":"https:\/\/brizyproducts.com\/wp-content\/uploads\/2023\/12\/Brizy-old.svg","contentUrl":"https:\/\/brizyproducts.com\/wp-content\/uploads\/2023\/12\/Brizy-old.svg","width":1,"height":1,"caption":"Brizy"},"image":{"@id":"https:\/\/brizyproducts.com\/fr\/#\/schema\/logo\/image\/"},"sameAs":["https:\/\/www.facebook.com\/brizy.1983\/","https:\/\/www.linkedin.com\/company\/brizy-produktion\/"]}]},"og_availability":"instock","product_availability":"instock","product_retailer_item_id":"3810","product_condition":"new"},"_links":{"self":[{"href":"https:\/\/brizyproducts.com\/fr\/wp-json\/wp\/v2\/product\/14078","targetHints":{"allow":["GET"]}}],"collection":[{"href":"https:\/\/brizyproducts.com\/fr\/wp-json\/wp\/v2\/product"}],"about":[{"href":"https:\/\/brizyproducts.com\/fr\/wp-json\/wp\/v2\/types\/product"}],"replies":[{"embeddable":true,"href":"https:\/\/brizyproducts.com\/fr\/wp-json\/wp\/v2\/comments?post=14078"}],"wp:featuredmedia":[{"embeddable":true,"href":"https:\/\/brizyproducts.com\/fr\/wp-json\/wp\/v2\/media\/15653"}],"wp:attachment":[{"href":"https:\/\/brizyproducts.com\/fr\/wp-json\/wp\/v2\/media?parent=14078"}],"wp:term":[{"taxonomy":"product_brand","embeddable":true,"href":"https:\/\/brizyproducts.com\/fr\/wp-json\/wp\/v2\/product_brand?post=14078"},{"taxonomy":"product_cat","embeddable":true,"href":"https:\/\/brizyproducts.com\/fr\/wp-json\/wp\/v2\/product_cat?post=14078"},{"taxonomy":"product_tag","embeddable":true,"href":"https:\/\/brizyproducts.com\/fr\/wp-json\/wp\/v2\/product_tag?post=14078"},{"taxonomy":"season","embeddable":true,"href":"https:\/\/brizyproducts.com\/fr\/wp-json\/wp\/v2\/season?post=14078"},{"taxonomy":"gender","embeddable":true,"href":"https:\/\/brizyproducts.com\/fr\/wp-json\/wp\/v2\/gender?post=14078"},{"taxonomy":"collection","embeddable":true,"href":"https:\/\/brizyproducts.com\/fr\/wp-json\/wp\/v2\/collection?post=14078"},{"taxonomy":"activity","embeddable":true,"href":"https:\/\/brizyproducts.com\/fr\/wp-json\/wp\/v2\/activity?post=14078"},{"taxonomy":"product_type_brizy","embeddable":true,"href":"https:\/\/brizyproducts.com\/fr\/wp-json\/wp\/v2\/product_type_brizy?post=14078"}],"curies":[{"name":"wp","href":"https:\/\/api.w.org\/{rel}","templated":true}]}}