{"id":14033,"date":"2023-10-26T13:56:26","date_gmt":"2023-10-26T13:56:26","guid":{"rendered":"https:\/\/brizyproducts.com\/product\/pantalon-printemps-automne-chantilly-monte\/"},"modified":"2023-10-26T13:56:26","modified_gmt":"2023-10-26T13:56:26","slug":"pantalon-printemps-automne-chantilly-monte","status":"publish","type":"product","link":"https:\/\/brizyproducts.com\/fr\/product\/pantalon-printemps-automne-chantilly-monte\/","title":{"rendered":"Pantalon printemps-automne Chantilly Mont\u00e9"},"content":{"rendered":"<p>Notre mod\u00e8le d&rsquo;\u00e9t\u00e9 pr\u00e9sente la m\u00eame qualit\u00e9 que notre s\u00e9rie Lexington, avec un excellent ajustement gr\u00e2ce \u00e0 la mati\u00e8re extensible, tout en \u00e9tant r\u00e9sistant au vent et \u00e0 l&rsquo;eau. Veuillez suivre notre guide ci-dessous pour personnaliser votre veste et soumettre une demande de devis. N&rsquo;h\u00e9sitez pas \u00e0 nous contacter si vous avez des questions !<\/p>\n\n","protected":false},"excerpt":{"rendered":"<p>Notre mod\u00e8le d&rsquo;\u00e9t\u00e9 pr\u00e9sente la m\u00eame qualit\u00e9 que notre s\u00e9rie Lexington, avec un excellent ajustement gr\u00e2ce \u00e0 la mati\u00e8re extensible, tout en \u00e9tant r\u00e9sistant au vent et \u00e0 l&rsquo;eau. Veuillez suivre notre guide ci-dessous pour personnaliser votre veste et soumettre une demande de devis. N&rsquo;h\u00e9sitez pas \u00e0 nous contacter si vous avez des questions !<\/p>\n","protected":false},"featured_media":14036,"comment_status":"closed","ping_status":"closed","template":"","meta":{"_acf_changed":false},"product_brand":[],"product_cat":[447],"product_tag":[],"class_list":{"0":"post-14033","1":"product","2":"type-product","3":"status-publish","4":"has-post-thumbnail","6":"product_cat-tailor-made-layout","7":"season-summer","8":"gender-men","9":"collection-monte","10":"activity-monte","11":"activity-racing","12":"product_type_brizy-tailor-made","14":"first","15":"instock","16":"taxable","17":"shipping-taxable","18":"purchasable","19":"product-type-simple"},"acf":[],"yoast_head":"<!-- This site is optimized with the Yoast SEO plugin v27.0 - https:\/\/yoast.com\/product\/yoast-seo-wordpress\/ -->\n<title>Pantalon printemps-automne Chantilly Mont\u00e9 | Harness racing clothing | Brizy<\/title>\n<meta name=\"description\" content=\"Notre mod\u00e8le d&#039;\u00e9t\u00e9 pr\u00e9sente la m\u00eame qualit\u00e9 que notre s\u00e9rie Lexington, avec un excellent ajustement gr\u00e2ce \u00e0 la mati\u00e8re extensible, tout en \u00e9tant r\u00e9sistant\" \/>\n<meta name=\"robots\" content=\"index, follow, max-snippet:-1, max-image-preview:large, max-video-preview:-1\" \/>\n<link rel=\"canonical\" href=\"https:\/\/brizyproducts.com\/fr\/product\/pantalon-printemps-automne-chantilly-monte\/\" \/>\n<meta property=\"og:locale\" content=\"fr_FR\" \/>\n<meta property=\"og:type\" content=\"article\" \/>\n<meta property=\"og:title\" content=\"Pantalon printemps-automne Chantilly Mont\u00e9 | Harness racing clothing | Brizy\" \/>\n<meta property=\"og:description\" content=\"Notre mod\u00e8le d&#039;\u00e9t\u00e9 pr\u00e9sente la m\u00eame qualit\u00e9 que notre s\u00e9rie Lexington, avec un excellent ajustement gr\u00e2ce \u00e0 la mati\u00e8re extensible, tout en \u00e9tant r\u00e9sistant\" \/>\n<meta property=\"og:url\" content=\"https:\/\/brizyproducts.com\/fr\/product\/pantalon-printemps-automne-chantilly-monte\/\" \/>\n<meta property=\"og:site_name\" content=\"Brizy Products\" \/>\n<meta property=\"article:publisher\" content=\"https:\/\/www.facebook.com\/brizy.1983\/\" \/>\n<meta property=\"og:image\" content=\"https:\/\/brizyproducts.com\/wp-content\/uploads\/2023\/10\/Monte-Spodnie.png\" \/>\n\t<meta property=\"og:image:width\" content=\"1400\" \/>\n\t<meta property=\"og:image:height\" content=\"1400\" \/>\n\t<meta property=\"og:image:type\" content=\"image\/png\" \/>\n<meta name=\"twitter:card\" content=\"summary_large_image\" \/>\n<meta property=\"product:price:amount\" content=\"0.00\" \/>\n<meta property=\"product:price:currency\" content=\"USD\" \/>\n<meta property=\"og:availability\" content=\"instock\" \/>\n<meta property=\"product:availability\" content=\"instock\" \/>\n<meta property=\"product:retailer_item_id\" content=\"3415\" \/>\n<meta property=\"product:condition\" content=\"new\" \/>\n<!-- \/ Yoast SEO plugin. -->","yoast_head_json":{"title":"Pantalon printemps-automne Chantilly Mont\u00e9 | Harness racing clothing | Brizy","description":"Notre mod\u00e8le d'\u00e9t\u00e9 pr\u00e9sente la m\u00eame qualit\u00e9 que notre s\u00e9rie Lexington, avec un excellent ajustement gr\u00e2ce \u00e0 la mati\u00e8re extensible, tout en \u00e9tant r\u00e9sistant","robots":{"index":"index","follow":"follow","max-snippet":"max-snippet:-1","max-image-preview":"max-image-preview:large","max-video-preview":"max-video-preview:-1"},"canonical":"https:\/\/brizyproducts.com\/fr\/product\/pantalon-printemps-automne-chantilly-monte\/","og_locale":"fr_FR","og_type":"article","og_title":"Pantalon printemps-automne Chantilly Mont\u00e9 | Harness racing clothing | Brizy","og_description":"Notre mod\u00e8le d'\u00e9t\u00e9 pr\u00e9sente la m\u00eame qualit\u00e9 que notre s\u00e9rie Lexington, avec un excellent ajustement gr\u00e2ce \u00e0 la mati\u00e8re extensible, tout en \u00e9tant r\u00e9sistant","og_url":"https:\/\/brizyproducts.com\/fr\/product\/pantalon-printemps-automne-chantilly-monte\/","og_site_name":"Brizy Products","article_publisher":"https:\/\/www.facebook.com\/brizy.1983\/","og_image":[{"width":1400,"height":1400,"url":"https:\/\/brizyproducts.com\/wp-content\/uploads\/2023\/10\/Monte-Spodnie.png","type":"image\/png"}],"twitter_card":"summary_large_image","schema":{"@context":"https:\/\/schema.org","@graph":[{"@type":"WebPage","@id":"https:\/\/brizyproducts.com\/fr\/product\/pantalon-printemps-automne-chantilly-monte\/","url":"https:\/\/brizyproducts.com\/fr\/product\/pantalon-printemps-automne-chantilly-monte\/","name":"Pantalon printemps-automne Chantilly Mont\u00e9 | Harness racing clothing | Brizy","isPartOf":{"@id":"https:\/\/brizyproducts.com\/fr\/#website"},"primaryImageOfPage":{"@id":"https:\/\/brizyproducts.com\/fr\/product\/pantalon-printemps-automne-chantilly-monte\/#primaryimage"},"image":{"@id":"https:\/\/brizyproducts.com\/fr\/product\/pantalon-printemps-automne-chantilly-monte\/#primaryimage"},"thumbnailUrl":"https:\/\/brizyproducts.com\/wp-content\/uploads\/2023\/10\/Monte-Spodnie.png","datePublished":"2023-10-26T13:56:26+00:00","description":"Notre mod\u00e8le d'\u00e9t\u00e9 pr\u00e9sente la m\u00eame qualit\u00e9 que notre s\u00e9rie Lexington, avec un excellent ajustement gr\u00e2ce \u00e0 la mati\u00e8re extensible, tout en \u00e9tant r\u00e9sistant","breadcrumb":{"@id":"https:\/\/brizyproducts.com\/fr\/product\/pantalon-printemps-automne-chantilly-monte\/#breadcrumb"},"inLanguage":"fr-FR","potentialAction":[{"@type":"ReadAction","target":["https:\/\/brizyproducts.com\/fr\/product\/pantalon-printemps-automne-chantilly-monte\/"]}]},{"@type":"ImageObject","inLanguage":"fr-FR","@id":"https:\/\/brizyproducts.com\/fr\/product\/pantalon-printemps-automne-chantilly-monte\/#primaryimage","url":"https:\/\/brizyproducts.com\/wp-content\/uploads\/2023\/10\/Monte-Spodnie.png","contentUrl":"https:\/\/brizyproducts.com\/wp-content\/uploads\/2023\/10\/Monte-Spodnie.png","width":1400,"height":1400},{"@type":"BreadcrumbList","@id":"https:\/\/brizyproducts.com\/fr\/product\/pantalon-printemps-automne-chantilly-monte\/#breadcrumb","itemListElement":[{"@type":"ListItem","position":1,"name":"Hem","item":"https:\/\/brizyproducts.com\/fr\/"},{"@type":"ListItem","position":2,"name":"Shop","item":"https:\/\/brizyproducts.com\/fr\/shop\/"},{"@type":"ListItem","position":3,"name":"Pantalon printemps-automne Chantilly Mont\u00e9"}]},{"@type":"WebSite","@id":"https:\/\/brizyproducts.com\/fr\/#website","url":"https:\/\/brizyproducts.com\/fr\/","name":"Brizy","description":"","publisher":{"@id":"https:\/\/brizyproducts.com\/fr\/#organization"},"potentialAction":[{"@type":"SearchAction","target":{"@type":"EntryPoint","urlTemplate":"https:\/\/brizyproducts.com\/fr\/?s={search_term_string}"},"query-input":{"@type":"PropertyValueSpecification","valueRequired":true,"valueName":"search_term_string"}}],"inLanguage":"fr-FR"},{"@type":"Organization","@id":"https:\/\/brizyproducts.com\/fr\/#organization","name":"Brizy","url":"https:\/\/brizyproducts.com\/fr\/","logo":{"@type":"ImageObject","inLanguage":"fr-FR","@id":"https:\/\/brizyproducts.com\/fr\/#\/schema\/logo\/image\/","url":"https:\/\/brizyproducts.com\/wp-content\/uploads\/2023\/12\/Brizy-old.svg","contentUrl":"https:\/\/brizyproducts.com\/wp-content\/uploads\/2023\/12\/Brizy-old.svg","width":1,"height":1,"caption":"Brizy"},"image":{"@id":"https:\/\/brizyproducts.com\/fr\/#\/schema\/logo\/image\/"},"sameAs":["https:\/\/www.facebook.com\/brizy.1983\/","https:\/\/www.linkedin.com\/company\/brizy-produktion\/"]}]},"product_price_amount":"0.00","product_price_currency":"USD","og_availability":"instock","product_availability":"instock","product_retailer_item_id":"3415","product_condition":"new"},"_links":{"self":[{"href":"https:\/\/brizyproducts.com\/fr\/wp-json\/wp\/v2\/product\/14033","targetHints":{"allow":["GET"]}}],"collection":[{"href":"https:\/\/brizyproducts.com\/fr\/wp-json\/wp\/v2\/product"}],"about":[{"href":"https:\/\/brizyproducts.com\/fr\/wp-json\/wp\/v2\/types\/product"}],"replies":[{"embeddable":true,"href":"https:\/\/brizyproducts.com\/fr\/wp-json\/wp\/v2\/comments?post=14033"}],"wp:featuredmedia":[{"embeddable":true,"href":"https:\/\/brizyproducts.com\/fr\/wp-json\/wp\/v2\/media\/14036"}],"wp:attachment":[{"href":"https:\/\/brizyproducts.com\/fr\/wp-json\/wp\/v2\/media?parent=14033"}],"wp:term":[{"taxonomy":"product_brand","embeddable":true,"href":"https:\/\/brizyproducts.com\/fr\/wp-json\/wp\/v2\/product_brand?post=14033"},{"taxonomy":"product_cat","embeddable":true,"href":"https:\/\/brizyproducts.com\/fr\/wp-json\/wp\/v2\/product_cat?post=14033"},{"taxonomy":"product_tag","embeddable":true,"href":"https:\/\/brizyproducts.com\/fr\/wp-json\/wp\/v2\/product_tag?post=14033"}],"curies":[{"name":"wp","href":"https:\/\/api.w.org\/{rel}","templated":true}]}}