{"id":14019,"date":"2023-10-26T13:56:25","date_gmt":"2023-10-26T13:56:25","guid":{"rendered":"https:\/\/brizyproducts.com\/product\/veste-de-pluie-dhiver-vincennes\/"},"modified":"2026-01-09T09:24:26","modified_gmt":"2026-01-09T09:24:26","slug":"veste-de-pluie-dhiver-vincennes","status":"publish","type":"product","link":"https:\/\/brizyproducts.com\/fr\/product\/veste-de-pluie-dhiver-vincennes\/","title":{"rendered":"Veste de pluie hivernale Vincennes"},"content":{"rendered":"<h2><strong>La veste de pluie qui vous garde au sec et au chaud lors des journ\u00e9es de course pluvieuses et venteuses<\/strong><\/h2>\n<p>La Veste de pluie hivernale Vincennes est une veste fonctionnelle con\u00e7ue sp\u00e9cifiquement pour les drivers et leurs besoins sur l\u2019hippodrome. Son tissage polyester durable avec traitement DWR prot\u00e8ge efficacement contre la pluie et le vent, tandis que l\u2019isolation Thinsulate vous garde au chaud m\u00eame lors de longues journ\u00e9es de course.<\/p>\n<p>Avec un large choix de couleurs, d\u2019\u00e9paisseurs de rembourrage et d\u2019options de design, vous pouvez cr\u00e9er une veste de course enti\u00e8rement adapt\u00e9e \u00e0 vos pr\u00e9f\u00e9rences. Chaque veste est r\u00e9alis\u00e9e sur mesure pour un ajustement optimal et fabriqu\u00e9e dans des mat\u00e9riaux qui font vraiment la diff\u00e9rence.<\/p>\n","protected":false},"excerpt":{"rendered":"<p>Veste de course sur mesure avec mat\u00e9riau durable d\u00e9perlant et coupe-vent, et isolation Thinsulate.<\/p>\n","protected":false},"featured_media":14020,"comment_status":"closed","ping_status":"closed","template":"","meta":{"_acf_changed":false},"product_brand":[],"product_cat":[273,447,262],"product_tag":[],"class_list":{"0":"post-14019","1":"product","2":"type-product","3":"status-publish","4":"has-post-thumbnail","6":"product_cat-jackets","7":"product_cat-tailor-made-layout","8":"product_cat-womens","9":"season-rain","10":"gender-men","11":"gender-women","12":"collection-vincennes","13":"activity-racing","14":"product_type_brizy-tailor-made","16":"first","17":"instock","18":"taxable","19":"shipping-taxable","20":"purchasable","21":"product-type-simple"},"acf":[],"yoast_head":"<!-- This site is optimized with the Yoast SEO plugin v27.0 - https:\/\/yoast.com\/product\/yoast-seo-wordpress\/ -->\n<title>Veste de pluie hivernale Vincennes | Pour drivers de trot | Brizy<\/title>\n<meta name=\"description\" content=\"Veste de pluie sur mesure, con\u00e7ue pour offrir chaleur et protection optimales aux drivers de trot lors des journ\u00e9es de course froides et pluvieuses.\" \/>\n<meta name=\"robots\" content=\"index, follow, max-snippet:-1, max-image-preview:large, max-video-preview:-1\" \/>\n<link rel=\"canonical\" href=\"https:\/\/brizyproducts.com\/fr\/product\/veste-de-pluie-dhiver-vincennes\/\" \/>\n<meta property=\"og:locale\" content=\"fr_FR\" \/>\n<meta property=\"og:type\" content=\"article\" \/>\n<meta property=\"og:title\" content=\"Veste de pluie hivernale Vincennes | Pour drivers de trot | Brizy\" \/>\n<meta property=\"og:description\" content=\"Veste de pluie sur mesure, con\u00e7ue pour offrir chaleur et protection optimales aux drivers de trot lors des journ\u00e9es de course froides et pluvieuses.\" \/>\n<meta property=\"og:url\" content=\"https:\/\/brizyproducts.com\/fr\/product\/veste-de-pluie-dhiver-vincennes\/\" \/>\n<meta property=\"og:site_name\" content=\"Brizy Products\" \/>\n<meta property=\"article:publisher\" content=\"https:\/\/www.facebook.com\/brizy.1983\/\" \/>\n<meta property=\"article:modified_time\" content=\"2026-01-09T09:24:26+00:00\" \/>\n<meta property=\"og:image\" content=\"https:\/\/brizyproducts.com\/wp-content\/uploads\/2023\/10\/1-25-png.webp\" \/>\n\t<meta property=\"og:image:width\" content=\"3375\" \/>\n\t<meta property=\"og:image:height\" content=\"4500\" \/>\n\t<meta property=\"og:image:type\" content=\"image\/png\" \/>\n<meta name=\"twitter:card\" content=\"summary_large_image\" \/>\n<meta property=\"product:price:amount\" content=\"0.00\" \/>\n<meta property=\"product:price:currency\" content=\"USD\" \/>\n<meta property=\"og:availability\" content=\"instock\" \/>\n<meta property=\"product:availability\" content=\"instock\" \/>\n<meta property=\"product:retailer_item_id\" content=\"2680\" \/>\n<meta property=\"product:condition\" content=\"new\" \/>\n<!-- \/ Yoast SEO plugin. -->","yoast_head_json":{"title":"Veste de pluie hivernale Vincennes | Pour drivers de trot | Brizy","description":"Veste de pluie sur mesure, con\u00e7ue pour offrir chaleur et protection optimales aux drivers de trot lors des journ\u00e9es de course froides et pluvieuses.","robots":{"index":"index","follow":"follow","max-snippet":"max-snippet:-1","max-image-preview":"max-image-preview:large","max-video-preview":"max-video-preview:-1"},"canonical":"https:\/\/brizyproducts.com\/fr\/product\/veste-de-pluie-dhiver-vincennes\/","og_locale":"fr_FR","og_type":"article","og_title":"Veste de pluie hivernale Vincennes | Pour drivers de trot | Brizy","og_description":"Veste de pluie sur mesure, con\u00e7ue pour offrir chaleur et protection optimales aux drivers de trot lors des journ\u00e9es de course froides et pluvieuses.","og_url":"https:\/\/brizyproducts.com\/fr\/product\/veste-de-pluie-dhiver-vincennes\/","og_site_name":"Brizy Products","article_publisher":"https:\/\/www.facebook.com\/brizy.1983\/","article_modified_time":"2026-01-09T09:24:26+00:00","og_image":[{"width":3375,"height":4500,"url":"https:\/\/brizyproducts.com\/wp-content\/uploads\/2023\/10\/1-25-png.webp","type":"image\/png"}],"twitter_card":"summary_large_image","schema":{"@context":"https:\/\/schema.org","@graph":[{"@type":"WebPage","@id":"https:\/\/brizyproducts.com\/fr\/product\/veste-de-pluie-dhiver-vincennes\/","url":"https:\/\/brizyproducts.com\/fr\/product\/veste-de-pluie-dhiver-vincennes\/","name":"Veste de pluie hivernale Vincennes | Pour drivers de trot | Brizy","isPartOf":{"@id":"https:\/\/brizyproducts.com\/fr\/#website"},"primaryImageOfPage":{"@id":"https:\/\/brizyproducts.com\/fr\/product\/veste-de-pluie-dhiver-vincennes\/#primaryimage"},"image":{"@id":"https:\/\/brizyproducts.com\/fr\/product\/veste-de-pluie-dhiver-vincennes\/#primaryimage"},"thumbnailUrl":"https:\/\/brizyproducts.com\/wp-content\/uploads\/2023\/10\/1-25-png.webp","datePublished":"2023-10-26T13:56:25+00:00","dateModified":"2026-01-09T09:24:26+00:00","description":"Veste de pluie sur mesure, con\u00e7ue pour offrir chaleur et protection optimales aux drivers de trot lors des journ\u00e9es de course froides et pluvieuses.","breadcrumb":{"@id":"https:\/\/brizyproducts.com\/fr\/product\/veste-de-pluie-dhiver-vincennes\/#breadcrumb"},"inLanguage":"fr-FR","potentialAction":[{"@type":"ReadAction","target":["https:\/\/brizyproducts.com\/fr\/product\/veste-de-pluie-dhiver-vincennes\/"]}]},{"@type":"ImageObject","inLanguage":"fr-FR","@id":"https:\/\/brizyproducts.com\/fr\/product\/veste-de-pluie-dhiver-vincennes\/#primaryimage","url":"https:\/\/brizyproducts.com\/wp-content\/uploads\/2023\/10\/1-25-png.webp","contentUrl":"https:\/\/brizyproducts.com\/wp-content\/uploads\/2023\/10\/1-25-png.webp","width":2560,"height":3413},{"@type":"BreadcrumbList","@id":"https:\/\/brizyproducts.com\/fr\/product\/veste-de-pluie-dhiver-vincennes\/#breadcrumb","itemListElement":[{"@type":"ListItem","position":1,"name":"Hem","item":"https:\/\/brizyproducts.com\/fr\/"},{"@type":"ListItem","position":2,"name":"Shop","item":"https:\/\/brizyproducts.com\/fr\/shop\/"},{"@type":"ListItem","position":3,"name":"Veste de pluie hivernale Vincennes"}]},{"@type":"WebSite","@id":"https:\/\/brizyproducts.com\/fr\/#website","url":"https:\/\/brizyproducts.com\/fr\/","name":"Brizy","description":"","publisher":{"@id":"https:\/\/brizyproducts.com\/fr\/#organization"},"potentialAction":[{"@type":"SearchAction","target":{"@type":"EntryPoint","urlTemplate":"https:\/\/brizyproducts.com\/fr\/?s={search_term_string}"},"query-input":{"@type":"PropertyValueSpecification","valueRequired":true,"valueName":"search_term_string"}}],"inLanguage":"fr-FR"},{"@type":"Organization","@id":"https:\/\/brizyproducts.com\/fr\/#organization","name":"Brizy","url":"https:\/\/brizyproducts.com\/fr\/","logo":{"@type":"ImageObject","inLanguage":"fr-FR","@id":"https:\/\/brizyproducts.com\/fr\/#\/schema\/logo\/image\/","url":"https:\/\/brizyproducts.com\/wp-content\/uploads\/2023\/12\/Brizy-old.svg","contentUrl":"https:\/\/brizyproducts.com\/wp-content\/uploads\/2023\/12\/Brizy-old.svg","width":1,"height":1,"caption":"Brizy"},"image":{"@id":"https:\/\/brizyproducts.com\/fr\/#\/schema\/logo\/image\/"},"sameAs":["https:\/\/www.facebook.com\/brizy.1983\/","https:\/\/www.linkedin.com\/company\/brizy-produktion\/"]}]},"product_price_amount":"0.00","product_price_currency":"USD","og_availability":"instock","product_availability":"instock","product_retailer_item_id":"2680","product_condition":"new"},"_links":{"self":[{"href":"https:\/\/brizyproducts.com\/fr\/wp-json\/wp\/v2\/product\/14019","targetHints":{"allow":["GET"]}}],"collection":[{"href":"https:\/\/brizyproducts.com\/fr\/wp-json\/wp\/v2\/product"}],"about":[{"href":"https:\/\/brizyproducts.com\/fr\/wp-json\/wp\/v2\/types\/product"}],"replies":[{"embeddable":true,"href":"https:\/\/brizyproducts.com\/fr\/wp-json\/wp\/v2\/comments?post=14019"}],"wp:featuredmedia":[{"embeddable":true,"href":"https:\/\/brizyproducts.com\/fr\/wp-json\/wp\/v2\/media\/14020"}],"wp:attachment":[{"href":"https:\/\/brizyproducts.com\/fr\/wp-json\/wp\/v2\/media?parent=14019"}],"wp:term":[{"taxonomy":"product_brand","embeddable":true,"href":"https:\/\/brizyproducts.com\/fr\/wp-json\/wp\/v2\/product_brand?post=14019"},{"taxonomy":"product_cat","embeddable":true,"href":"https:\/\/brizyproducts.com\/fr\/wp-json\/wp\/v2\/product_cat?post=14019"},{"taxonomy":"product_tag","embeddable":true,"href":"https:\/\/brizyproducts.com\/fr\/wp-json\/wp\/v2\/product_tag?post=14019"}],"curies":[{"name":"wp","href":"https:\/\/api.w.org\/{rel}","templated":true}]}}