{"id":13990,"date":"2023-10-26T13:56:25","date_gmt":"2023-10-26T13:56:25","guid":{"rendered":"https:\/\/brizyproducts.com\/product\/monopiece-vincennes-rain\/"},"modified":"2026-01-08T08:45:41","modified_gmt":"2026-01-08T08:45:41","slug":"monopiece-vincennes-rain","status":"publish","type":"product","link":"https:\/\/brizyproducts.com\/fr\/product\/monopiece-vincennes-rain\/","title":{"rendered":"Combinaison de pluie Vincennes"},"content":{"rendered":"<h2><strong>Combinaison de pluie coupe-vent et imperm\u00e9able qui vous garde au sec lors des journ\u00e9es de course pluvieuses<\/strong><\/h2>\n<p>La Combinaison de pluie Vincennes est con\u00e7ue pour garder les drivers de trot au sec pendant les journ\u00e9es de course sous la pluie. Fabriqu\u00e9e dans un polyester durable soigneusement s\u00e9lectionn\u00e9, elle prot\u00e8ge efficacement contre le vent et l\u2019eau.<\/p>\n<p>Avec un large choix de couleurs et d\u2019options de design, vous pouvez cr\u00e9er une combinaison de comp\u00e9tition enti\u00e8rement adapt\u00e9e \u00e0 vos pr\u00e9f\u00e9rences. Chaque combinaison est r\u00e9alis\u00e9e sur mesure pour un ajustement optimal et fabriqu\u00e9e dans des mat\u00e9riaux qui font vraiment la diff\u00e9rence.<\/p>\n\n","protected":false},"excerpt":{"rendered":"<p>Votre combinaison de pluie coupe-vent et imperm\u00e9able, personnalis\u00e9e et sur mesure pour les courses de trot<\/p>\n","protected":false},"featured_media":13991,"comment_status":"closed","ping_status":"closed","template":"","meta":{"_acf_changed":false},"product_brand":[],"product_cat":[331,240,447,262],"product_tag":[],"season":[507],"gender":[509,511],"collection":[534],"activity":[563],"product_type_brizy":[567],"class_list":{"0":"post-13990","1":"product","2":"type-product","3":"status-publish","4":"has-post-thumbnail","6":"product_cat-one-pieces","7":"product_cat-mens","8":"product_cat-tailor-made-layout","9":"product_cat-womens","10":"season-rain","11":"gender-men","12":"gender-women","13":"collection-vincennes","14":"activity-trotting","15":"product_type_brizy-custom-made","17":"first","18":"instock","19":"taxable","20":"shipping-taxable","21":"purchasable","22":"product-type-simple"},"acf":[],"yoast_head":"<!-- This site is optimized with the Yoast SEO plugin v27.4 - https:\/\/yoast.com\/product\/yoast-seo-wordpress\/ -->\n<title>Combinaison de pluie Vincennes | Combinaison pour le trot | Brizy<\/title>\n<meta name=\"description\" content=\"Combinaison de pluie sur mesure, offrant aux drivers de trot un ajustement optimal lors des journ\u00e9es de course pluvieuses et venteuses.\" \/>\n<meta name=\"robots\" content=\"index, follow, max-snippet:-1, max-image-preview:large, max-video-preview:-1\" \/>\n<link rel=\"canonical\" href=\"https:\/\/brizyproducts.com\/fr\/product\/monopiece-vincennes-rain\/\" \/>\n<meta property=\"og:locale\" content=\"fr_FR\" \/>\n<meta property=\"og:type\" content=\"article\" \/>\n<meta property=\"og:title\" content=\"Combinaison de pluie Vincennes | Combinaison pour le trot | Brizy\" \/>\n<meta property=\"og:description\" content=\"Combinaison de pluie sur mesure, offrant aux drivers de trot un ajustement optimal lors des journ\u00e9es de course pluvieuses et venteuses.\" \/>\n<meta property=\"og:url\" content=\"https:\/\/brizyproducts.com\/fr\/product\/monopiece-vincennes-rain\/\" \/>\n<meta property=\"og:site_name\" content=\"Brizy Products\" \/>\n<meta property=\"article:publisher\" content=\"https:\/\/www.facebook.com\/brizy.1983\/\" \/>\n<meta property=\"article:modified_time\" content=\"2026-01-08T08:45:41+00:00\" \/>\n<meta property=\"og:image\" content=\"https:\/\/brizyproducts.com\/wp-content\/uploads\/2023\/10\/5-7-scaled.webp\" \/>\n\t<meta property=\"og:image:width\" content=\"3375\" \/>\n\t<meta property=\"og:image:height\" content=\"4500\" \/>\n\t<meta property=\"og:image:type\" content=\"image\/png\" \/>\n<meta name=\"twitter:card\" content=\"summary_large_image\" \/>\n<meta property=\"product:price:amount\" content=\"0.00\" \/>\n<meta property=\"product:price:currency\" content=\"USD\" \/>\n<meta property=\"og:availability\" content=\"instock\" \/>\n<meta property=\"product:availability\" content=\"instock\" \/>\n<meta property=\"product:retailer_item_id\" content=\"1420\" \/>\n<meta property=\"product:condition\" content=\"new\" \/>\n<!-- \/ Yoast SEO plugin. -->","yoast_head_json":{"title":"Combinaison de pluie Vincennes | Combinaison pour le trot | Brizy","description":"Combinaison de pluie sur mesure, offrant aux drivers de trot un ajustement optimal lors des journ\u00e9es de course pluvieuses et venteuses.","robots":{"index":"index","follow":"follow","max-snippet":"max-snippet:-1","max-image-preview":"max-image-preview:large","max-video-preview":"max-video-preview:-1"},"canonical":"https:\/\/brizyproducts.com\/fr\/product\/monopiece-vincennes-rain\/","og_locale":"fr_FR","og_type":"article","og_title":"Combinaison de pluie Vincennes | Combinaison pour le trot | Brizy","og_description":"Combinaison de pluie sur mesure, offrant aux drivers de trot un ajustement optimal lors des journ\u00e9es de course pluvieuses et venteuses.","og_url":"https:\/\/brizyproducts.com\/fr\/product\/monopiece-vincennes-rain\/","og_site_name":"Brizy Products","article_publisher":"https:\/\/www.facebook.com\/brizy.1983\/","article_modified_time":"2026-01-08T08:45:41+00:00","og_image":[{"width":3375,"height":4500,"url":"https:\/\/brizyproducts.com\/wp-content\/uploads\/2023\/10\/5-7-scaled.webp","type":"image\/png"}],"twitter_card":"summary_large_image","schema":{"@context":"https:\/\/schema.org","@graph":[{"@type":"WebPage","@id":"https:\/\/brizyproducts.com\/fr\/product\/monopiece-vincennes-rain\/","url":"https:\/\/brizyproducts.com\/fr\/product\/monopiece-vincennes-rain\/","name":"Combinaison de pluie Vincennes | Combinaison pour le trot | Brizy","isPartOf":{"@id":"https:\/\/brizyproducts.com\/fr\/#website"},"primaryImageOfPage":{"@id":"https:\/\/brizyproducts.com\/fr\/product\/monopiece-vincennes-rain\/#primaryimage"},"image":{"@id":"https:\/\/brizyproducts.com\/fr\/product\/monopiece-vincennes-rain\/#primaryimage"},"thumbnailUrl":"https:\/\/brizyproducts.com\/wp-content\/uploads\/2023\/10\/5-7-scaled.webp","datePublished":"2023-10-26T13:56:25+00:00","dateModified":"2026-01-08T08:45:41+00:00","description":"Combinaison de pluie sur mesure, offrant aux drivers de trot un ajustement optimal lors des journ\u00e9es de course pluvieuses et venteuses.","breadcrumb":{"@id":"https:\/\/brizyproducts.com\/fr\/product\/monopiece-vincennes-rain\/#breadcrumb"},"inLanguage":"fr-FR","potentialAction":[{"@type":"ReadAction","target":["https:\/\/brizyproducts.com\/fr\/product\/monopiece-vincennes-rain\/"]}]},{"@type":"ImageObject","inLanguage":"fr-FR","@id":"https:\/\/brizyproducts.com\/fr\/product\/monopiece-vincennes-rain\/#primaryimage","url":"https:\/\/brizyproducts.com\/wp-content\/uploads\/2023\/10\/5-7-scaled.webp","contentUrl":"https:\/\/brizyproducts.com\/wp-content\/uploads\/2023\/10\/5-7-scaled.webp","width":3375,"height":4500},{"@type":"BreadcrumbList","@id":"https:\/\/brizyproducts.com\/fr\/product\/monopiece-vincennes-rain\/#breadcrumb","itemListElement":[{"@type":"ListItem","position":1,"name":"Hem","item":"https:\/\/brizyproducts.com\/fr\/"},{"@type":"ListItem","position":2,"name":"Shop","item":"https:\/\/brizyproducts.com\/fr\/shop\/"},{"@type":"ListItem","position":3,"name":"Combinaison de pluie Vincennes"}]},{"@type":"WebSite","@id":"https:\/\/brizyproducts.com\/fr\/#website","url":"https:\/\/brizyproducts.com\/fr\/","name":"Brizy","description":"","publisher":{"@id":"https:\/\/brizyproducts.com\/fr\/#organization"},"potentialAction":[{"@type":"SearchAction","target":{"@type":"EntryPoint","urlTemplate":"https:\/\/brizyproducts.com\/fr\/?s={search_term_string}"},"query-input":{"@type":"PropertyValueSpecification","valueRequired":true,"valueName":"search_term_string"}}],"inLanguage":"fr-FR"},{"@type":"Organization","@id":"https:\/\/brizyproducts.com\/fr\/#organization","name":"Brizy","url":"https:\/\/brizyproducts.com\/fr\/","logo":{"@type":"ImageObject","inLanguage":"fr-FR","@id":"https:\/\/brizyproducts.com\/fr\/#\/schema\/logo\/image\/","url":"https:\/\/brizyproducts.com\/wp-content\/uploads\/2023\/12\/Brizy-old.svg","contentUrl":"https:\/\/brizyproducts.com\/wp-content\/uploads\/2023\/12\/Brizy-old.svg","width":1,"height":1,"caption":"Brizy"},"image":{"@id":"https:\/\/brizyproducts.com\/fr\/#\/schema\/logo\/image\/"},"sameAs":["https:\/\/www.facebook.com\/brizy.1983\/","https:\/\/www.linkedin.com\/company\/brizy-produktion\/"]}]},"product_price_amount":"0.00","product_price_currency":"USD","og_availability":"instock","product_availability":"instock","product_retailer_item_id":"1420","product_condition":"new"},"_links":{"self":[{"href":"https:\/\/brizyproducts.com\/fr\/wp-json\/wp\/v2\/product\/13990","targetHints":{"allow":["GET"]}}],"collection":[{"href":"https:\/\/brizyproducts.com\/fr\/wp-json\/wp\/v2\/product"}],"about":[{"href":"https:\/\/brizyproducts.com\/fr\/wp-json\/wp\/v2\/types\/product"}],"replies":[{"embeddable":true,"href":"https:\/\/brizyproducts.com\/fr\/wp-json\/wp\/v2\/comments?post=13990"}],"wp:featuredmedia":[{"embeddable":true,"href":"https:\/\/brizyproducts.com\/fr\/wp-json\/wp\/v2\/media\/13991"}],"wp:attachment":[{"href":"https:\/\/brizyproducts.com\/fr\/wp-json\/wp\/v2\/media?parent=13990"}],"wp:term":[{"taxonomy":"product_brand","embeddable":true,"href":"https:\/\/brizyproducts.com\/fr\/wp-json\/wp\/v2\/product_brand?post=13990"},{"taxonomy":"product_cat","embeddable":true,"href":"https:\/\/brizyproducts.com\/fr\/wp-json\/wp\/v2\/product_cat?post=13990"},{"taxonomy":"product_tag","embeddable":true,"href":"https:\/\/brizyproducts.com\/fr\/wp-json\/wp\/v2\/product_tag?post=13990"},{"taxonomy":"season","embeddable":true,"href":"https:\/\/brizyproducts.com\/fr\/wp-json\/wp\/v2\/season?post=13990"},{"taxonomy":"gender","embeddable":true,"href":"https:\/\/brizyproducts.com\/fr\/wp-json\/wp\/v2\/gender?post=13990"},{"taxonomy":"collection","embeddable":true,"href":"https:\/\/brizyproducts.com\/fr\/wp-json\/wp\/v2\/collection?post=13990"},{"taxonomy":"activity","embeddable":true,"href":"https:\/\/brizyproducts.com\/fr\/wp-json\/wp\/v2\/activity?post=13990"},{"taxonomy":"product_type_brizy","embeddable":true,"href":"https:\/\/brizyproducts.com\/fr\/wp-json\/wp\/v2\/product_type_brizy?post=13990"}],"curies":[{"name":"wp","href":"https:\/\/api.w.org\/{rel}","templated":true}]}}