{"id":13941,"date":"2023-10-26T13:56:25","date_gmt":"2023-10-26T13:56:25","guid":{"rendered":"https:\/\/brizyproducts.com\/product\/veste-dete-lexington\/"},"modified":"2026-01-08T12:40:50","modified_gmt":"2026-01-08T12:40:50","slug":"veste-dete-lexington","status":"publish","type":"product","link":"https:\/\/brizyproducts.com\/fr\/product\/veste-dete-lexington\/","title":{"rendered":"Veste d&rsquo;\u00e9t\u00e9 Lexington"},"content":{"rendered":"<h2><strong>La veste de course ultime pour les courses attel\u00e9es en \u00e9t\u00e9<\/strong><\/h2>\n<p>La veste d\u2019\u00e9t\u00e9 id\u00e9ale, con\u00e7ue aussi bien pour les drivers d\u2019attelage que pour les cavaliers de mont\u00e9. Elle assure un confort optimal m\u00eame lors des journ\u00e9es de course les plus chaudes. Gr\u00e2ce \u00e0 sa grande respirabilit\u00e9 et \u00e0 des mat\u00e9riaux soigneusement s\u00e9lectionn\u00e9s, cette veste vous garde au frais sans sacrifier la durabilit\u00e9 ni la fonctionnalit\u00e9.<\/p>\n<p>Disponible dans un large choix de couleurs, de tissus et de finitions, vous pouvez personnaliser votre veste de course selon vos go\u00fbts exacts. Chaque veste est confectionn\u00e9e sur mesure pour un ajustement parfait et r\u00e9alis\u00e9e avec des mat\u00e9riaux de haute qualit\u00e9 qui font r\u00e9ellement la diff\u00e9rence. Choisissez entre un tissu flexible et extensible pour un confort exceptionnel ou une option en mesh l\u00e9ger offrant une ventilation maximale lors des journ\u00e9es d\u2019\u00e9t\u00e9 les plus chaudes.<\/p>\n","protected":false},"excerpt":{"rendered":"<p>&nbsp;<\/p>\n<p>&nbsp;<\/p>\n","protected":false},"featured_media":13945,"comment_status":"closed","ping_status":"closed","template":"","meta":{"_acf_changed":false},"product_brand":[],"product_cat":[273,447],"product_tag":[463],"season":[501],"gender":[509,511],"collection":[513],"activity":[565,563],"product_type_brizy":[567],"class_list":{"0":"post-13941","1":"product","2":"type-product","3":"status-publish","4":"has-post-thumbnail","6":"product_cat-jackets","7":"product_cat-tailor-made-layout","8":"product_tag-lexington-summer-fr","9":"season-summer","10":"gender-men","11":"gender-women","12":"collection-lexington","13":"activity-monte","14":"activity-trotting","15":"product_type_brizy-custom-made","17":"first","18":"instock","19":"taxable","20":"shipping-taxable","21":"purchasable","22":"product-type-simple"},"acf":[],"yoast_head":"<!-- This site is optimized with the Yoast SEO plugin v27.4 - https:\/\/yoast.com\/product\/yoast-seo-wordpress\/ -->\n<title>Veste d&#039;\u00e9t\u00e9 Lexington | Veste de course pour drivers de trot | Brizy<\/title>\n<meta name=\"description\" content=\"Veste de course sur mesure, con\u00e7ue pour offrir aux drivers d\u2019attelage et cavaliers de mont\u00e9 un confort et un ajustement optimal.\" \/>\n<meta name=\"robots\" content=\"index, follow, max-snippet:-1, max-image-preview:large, max-video-preview:-1\" \/>\n<link rel=\"canonical\" href=\"https:\/\/brizyproducts.com\/fr\/product\/veste-dete-lexington\/\" \/>\n<meta property=\"og:locale\" content=\"fr_FR\" \/>\n<meta property=\"og:type\" content=\"article\" \/>\n<meta property=\"og:title\" content=\"Veste d&#039;\u00e9t\u00e9 Lexington | Veste de course pour drivers de trot | Brizy\" \/>\n<meta property=\"og:description\" content=\"Veste de course sur mesure, con\u00e7ue pour offrir aux drivers d\u2019attelage et cavaliers de mont\u00e9 un confort et un ajustement optimal.\" \/>\n<meta property=\"og:url\" content=\"https:\/\/brizyproducts.com\/fr\/product\/veste-dete-lexington\/\" \/>\n<meta property=\"og:site_name\" content=\"Brizy Products\" \/>\n<meta property=\"article:publisher\" content=\"https:\/\/www.facebook.com\/brizy.1983\/\" \/>\n<meta property=\"article:modified_time\" content=\"2026-01-08T12:40:50+00:00\" \/>\n<meta property=\"og:image\" content=\"https:\/\/brizyproducts.com\/wp-content\/uploads\/2023\/10\/10-1650x2200.png\" \/>\n\t<meta property=\"og:image:width\" content=\"1650\" \/>\n\t<meta property=\"og:image:height\" content=\"2200\" \/>\n\t<meta property=\"og:image:type\" content=\"image\/png\" \/>\n<meta name=\"twitter:card\" content=\"summary_large_image\" \/>\n<meta property=\"product:price:amount\" content=\"0.00\" \/>\n<meta property=\"product:price:currency\" content=\"USD\" \/>\n<meta property=\"og:availability\" content=\"instock\" \/>\n<meta property=\"product:availability\" content=\"instock\" \/>\n<meta property=\"product:retailer_item_id\" content=\"2540\" \/>\n<meta property=\"product:condition\" content=\"new\" \/>\n<!-- \/ Yoast SEO plugin. -->","yoast_head_json":{"title":"Veste d'\u00e9t\u00e9 Lexington | Veste de course pour drivers de trot | Brizy","description":"Veste de course sur mesure, con\u00e7ue pour offrir aux drivers d\u2019attelage et cavaliers de mont\u00e9 un confort et un ajustement optimal.","robots":{"index":"index","follow":"follow","max-snippet":"max-snippet:-1","max-image-preview":"max-image-preview:large","max-video-preview":"max-video-preview:-1"},"canonical":"https:\/\/brizyproducts.com\/fr\/product\/veste-dete-lexington\/","og_locale":"fr_FR","og_type":"article","og_title":"Veste d'\u00e9t\u00e9 Lexington | Veste de course pour drivers de trot | Brizy","og_description":"Veste de course sur mesure, con\u00e7ue pour offrir aux drivers d\u2019attelage et cavaliers de mont\u00e9 un confort et un ajustement optimal.","og_url":"https:\/\/brizyproducts.com\/fr\/product\/veste-dete-lexington\/","og_site_name":"Brizy Products","article_publisher":"https:\/\/www.facebook.com\/brizy.1983\/","article_modified_time":"2026-01-08T12:40:50+00:00","og_image":[{"width":1650,"height":2200,"url":"https:\/\/brizyproducts.com\/wp-content\/uploads\/2023\/10\/10-1650x2200.png","type":"image\/png"}],"twitter_card":"summary_large_image","schema":{"@context":"https:\/\/schema.org","@graph":[{"@type":"WebPage","@id":"https:\/\/brizyproducts.com\/fr\/product\/veste-dete-lexington\/","url":"https:\/\/brizyproducts.com\/fr\/product\/veste-dete-lexington\/","name":"Veste d'\u00e9t\u00e9 Lexington | Veste de course pour drivers de trot | Brizy","isPartOf":{"@id":"https:\/\/brizyproducts.com\/fr\/#website"},"primaryImageOfPage":{"@id":"https:\/\/brizyproducts.com\/fr\/product\/veste-dete-lexington\/#primaryimage"},"image":{"@id":"https:\/\/brizyproducts.com\/fr\/product\/veste-dete-lexington\/#primaryimage"},"thumbnailUrl":"https:\/\/brizyproducts.com\/wp-content\/uploads\/2023\/10\/10.png","datePublished":"2023-10-26T13:56:25+00:00","dateModified":"2026-01-08T12:40:50+00:00","description":"Veste de course sur mesure, con\u00e7ue pour offrir aux drivers d\u2019attelage et cavaliers de mont\u00e9 un confort et un ajustement optimal.","breadcrumb":{"@id":"https:\/\/brizyproducts.com\/fr\/product\/veste-dete-lexington\/#breadcrumb"},"inLanguage":"fr-FR","potentialAction":[{"@type":"ReadAction","target":["https:\/\/brizyproducts.com\/fr\/product\/veste-dete-lexington\/"]}]},{"@type":"ImageObject","inLanguage":"fr-FR","@id":"https:\/\/brizyproducts.com\/fr\/product\/veste-dete-lexington\/#primaryimage","url":"https:\/\/brizyproducts.com\/wp-content\/uploads\/2023\/10\/10.png","contentUrl":"https:\/\/brizyproducts.com\/wp-content\/uploads\/2023\/10\/10.png","width":3375,"height":4500},{"@type":"BreadcrumbList","@id":"https:\/\/brizyproducts.com\/fr\/product\/veste-dete-lexington\/#breadcrumb","itemListElement":[{"@type":"ListItem","position":1,"name":"Hem","item":"https:\/\/brizyproducts.com\/fr\/"},{"@type":"ListItem","position":2,"name":"Shop","item":"https:\/\/brizyproducts.com\/fr\/shop\/"},{"@type":"ListItem","position":3,"name":"Veste d&#8217;\u00e9t\u00e9 Lexington"}]},{"@type":"WebSite","@id":"https:\/\/brizyproducts.com\/fr\/#website","url":"https:\/\/brizyproducts.com\/fr\/","name":"Brizy","description":"","publisher":{"@id":"https:\/\/brizyproducts.com\/fr\/#organization"},"potentialAction":[{"@type":"SearchAction","target":{"@type":"EntryPoint","urlTemplate":"https:\/\/brizyproducts.com\/fr\/?s={search_term_string}"},"query-input":{"@type":"PropertyValueSpecification","valueRequired":true,"valueName":"search_term_string"}}],"inLanguage":"fr-FR"},{"@type":"Organization","@id":"https:\/\/brizyproducts.com\/fr\/#organization","name":"Brizy","url":"https:\/\/brizyproducts.com\/fr\/","logo":{"@type":"ImageObject","inLanguage":"fr-FR","@id":"https:\/\/brizyproducts.com\/fr\/#\/schema\/logo\/image\/","url":"https:\/\/brizyproducts.com\/wp-content\/uploads\/2023\/12\/Brizy-old.svg","contentUrl":"https:\/\/brizyproducts.com\/wp-content\/uploads\/2023\/12\/Brizy-old.svg","width":1,"height":1,"caption":"Brizy"},"image":{"@id":"https:\/\/brizyproducts.com\/fr\/#\/schema\/logo\/image\/"},"sameAs":["https:\/\/www.facebook.com\/brizy.1983\/","https:\/\/www.linkedin.com\/company\/brizy-produktion\/"]}]},"product_price_amount":"0.00","product_price_currency":"USD","og_availability":"instock","product_availability":"instock","product_retailer_item_id":"2540","product_condition":"new"},"_links":{"self":[{"href":"https:\/\/brizyproducts.com\/fr\/wp-json\/wp\/v2\/product\/13941","targetHints":{"allow":["GET"]}}],"collection":[{"href":"https:\/\/brizyproducts.com\/fr\/wp-json\/wp\/v2\/product"}],"about":[{"href":"https:\/\/brizyproducts.com\/fr\/wp-json\/wp\/v2\/types\/product"}],"replies":[{"embeddable":true,"href":"https:\/\/brizyproducts.com\/fr\/wp-json\/wp\/v2\/comments?post=13941"}],"wp:featuredmedia":[{"embeddable":true,"href":"https:\/\/brizyproducts.com\/fr\/wp-json\/wp\/v2\/media\/13945"}],"wp:attachment":[{"href":"https:\/\/brizyproducts.com\/fr\/wp-json\/wp\/v2\/media?parent=13941"}],"wp:term":[{"taxonomy":"product_brand","embeddable":true,"href":"https:\/\/brizyproducts.com\/fr\/wp-json\/wp\/v2\/product_brand?post=13941"},{"taxonomy":"product_cat","embeddable":true,"href":"https:\/\/brizyproducts.com\/fr\/wp-json\/wp\/v2\/product_cat?post=13941"},{"taxonomy":"product_tag","embeddable":true,"href":"https:\/\/brizyproducts.com\/fr\/wp-json\/wp\/v2\/product_tag?post=13941"},{"taxonomy":"season","embeddable":true,"href":"https:\/\/brizyproducts.com\/fr\/wp-json\/wp\/v2\/season?post=13941"},{"taxonomy":"gender","embeddable":true,"href":"https:\/\/brizyproducts.com\/fr\/wp-json\/wp\/v2\/gender?post=13941"},{"taxonomy":"collection","embeddable":true,"href":"https:\/\/brizyproducts.com\/fr\/wp-json\/wp\/v2\/collection?post=13941"},{"taxonomy":"activity","embeddable":true,"href":"https:\/\/brizyproducts.com\/fr\/wp-json\/wp\/v2\/activity?post=13941"},{"taxonomy":"product_type_brizy","embeddable":true,"href":"https:\/\/brizyproducts.com\/fr\/wp-json\/wp\/v2\/product_type_brizy?post=13941"}],"curies":[{"name":"wp","href":"https:\/\/api.w.org\/{rel}","templated":true}]}}