{"id":13914,"date":"2023-10-26T13:56:25","date_gmt":"2023-10-26T13:56:25","guid":{"rendered":"https:\/\/brizyproducts.com\/product\/veste-dhiver-lexington\/"},"modified":"2026-01-08T12:31:53","modified_gmt":"2026-01-08T12:31:53","slug":"veste-dhiver-lexington","status":"publish","type":"product","link":"https:\/\/brizyproducts.com\/fr\/product\/veste-dhiver-lexington\/","title":{"rendered":"Veste d&rsquo;hiver Lexington"},"content":{"rendered":"<div class=\"flex flex-grow flex-col max-w-full\">\n<div class=\"min-h-[20px] text-message flex flex-col items-start whitespace-pre-wrap break-words [.text-message+&amp;]:mt-5 juice:w-full juice:items-end overflow-x-auto gap-2\" dir=\"auto\" data-message-author-role=\"assistant\" data-message-id=\"675c53c7-335e-4956-95b1-df2bc7b937eb\">\n<div class=\"flex w-full flex-col gap-1 juice:empty:hidden juice:first:pt-[3px]\">\n<div class=\"markdown prose w-full break-words dark:prose-invert light\">\n<h2><strong>La veste de course ultime pour les journ\u00e9es froides<\/strong><\/h2>\n<p>La Veste d\u2019hiver Lexington est la veste de course id\u00e9ale pour les drivers et les cavaliers de mont\u00e9 lors des journ\u00e9es les plus froides de l\u2019hiver. Con\u00e7ue pour offrir un confort et une chaleur maximum m\u00eame par grand froid, elle est fabriqu\u00e9e dans notre mat\u00e9riau stretch durable avec une doublure Z qui prot\u00e8ge efficacement contre le vent et la pluie, vous gardant au sec.<\/p>\n<p>Disponible dans un large choix de couleurs, d\u2019\u00e9paisseurs de rembourrage et de finitions, vous pouvez personnaliser votre veste de course selon vos pr\u00e9f\u00e9rences exactes. Chaque veste est confectionn\u00e9e sur mesure pour un ajustement parfait et r\u00e9alis\u00e9e avec des mat\u00e9riaux de haute qualit\u00e9 qui font r\u00e9ellement la diff\u00e9rence. Cela en fait la veste de course d\u2019hiver ultime, adapt\u00e9e aux besoins de chaque driver et cavalier en termes de rembourrage, d\u2019ajustement et de design.<\/p>\n<\/div>\n<\/div>\n<\/div>\n<\/div>\n","protected":false},"excerpt":{"rendered":"<p>La veste de course d\u2019hiver o\u00f9 vous choisissez tout : l\u2019\u00e9paisseur du rembourrage, la coupe et le design.<\/p>\n","protected":false},"featured_media":13920,"comment_status":"closed","ping_status":"closed","template":"","meta":{"_acf_changed":false},"product_brand":[],"product_cat":[240,273,447,262],"product_tag":[],"season":[503],"gender":[509,511],"collection":[513],"activity":[563],"product_type_brizy":[567],"class_list":{"0":"post-13914","1":"product","2":"type-product","3":"status-publish","4":"has-post-thumbnail","6":"product_cat-mens","7":"product_cat-jackets","8":"product_cat-tailor-made-layout","9":"product_cat-womens","10":"season-winter","11":"gender-men","12":"gender-women","13":"collection-lexington","14":"activity-trotting","15":"product_type_brizy-custom-made","17":"first","18":"instock","19":"taxable","20":"shipping-taxable","21":"purchasable","22":"product-type-simple"},"acf":[],"yoast_head":"<!-- This site is optimized with the Yoast SEO plugin v27.4 - https:\/\/yoast.com\/product\/yoast-seo-wordpress\/ -->\n<title>Veste d&#039;hiver Lexington | Veste de course | Brizy<\/title>\n<meta name=\"description\" content=\"Veste de course d\u2019hiver sur mesure pour drivers d\u2019attelage et cavaliers de mont\u00e9, offrant un ajustement parfait, un confort et une chaleur optimaux.\" \/>\n<meta name=\"robots\" content=\"index, follow, max-snippet:-1, max-image-preview:large, max-video-preview:-1\" \/>\n<link rel=\"canonical\" href=\"https:\/\/brizyproducts.com\/fr\/product\/veste-dhiver-lexington\/\" \/>\n<meta property=\"og:locale\" content=\"fr_FR\" \/>\n<meta property=\"og:type\" content=\"article\" \/>\n<meta property=\"og:title\" content=\"Veste d&#039;hiver Lexington | Veste de course | Brizy\" \/>\n<meta property=\"og:description\" content=\"Veste de course d\u2019hiver sur mesure pour drivers d\u2019attelage et cavaliers de mont\u00e9, offrant un ajustement parfait, un confort et une chaleur optimaux.\" \/>\n<meta property=\"og:url\" content=\"https:\/\/brizyproducts.com\/fr\/product\/veste-dhiver-lexington\/\" \/>\n<meta property=\"og:site_name\" content=\"Brizy Products\" \/>\n<meta property=\"article:publisher\" content=\"https:\/\/www.facebook.com\/brizy.1983\/\" \/>\n<meta property=\"article:modified_time\" content=\"2026-01-08T12:31:53+00:00\" \/>\n<meta property=\"og:image\" content=\"https:\/\/brizyproducts.com\/wp-content\/uploads\/2023\/10\/2-25-png.webp\" \/>\n\t<meta property=\"og:image:width\" content=\"3375\" \/>\n\t<meta property=\"og:image:height\" content=\"4500\" \/>\n\t<meta property=\"og:image:type\" content=\"image\/png\" \/>\n<meta name=\"twitter:card\" content=\"summary_large_image\" \/>\n<meta property=\"product:price:amount\" content=\"0.00\" \/>\n<meta property=\"product:price:currency\" content=\"AUD\" \/>\n<meta property=\"og:availability\" content=\"instock\" \/>\n<meta property=\"product:availability\" content=\"instock\" \/>\n<meta property=\"product:retailer_item_id\" content=\"244080\" \/>\n<meta property=\"product:condition\" content=\"new\" \/>\n<!-- \/ Yoast SEO plugin. -->","yoast_head_json":{"title":"Veste d'hiver Lexington | Veste de course | Brizy","description":"Veste de course d\u2019hiver sur mesure pour drivers d\u2019attelage et cavaliers de mont\u00e9, offrant un ajustement parfait, un confort et une chaleur optimaux.","robots":{"index":"index","follow":"follow","max-snippet":"max-snippet:-1","max-image-preview":"max-image-preview:large","max-video-preview":"max-video-preview:-1"},"canonical":"https:\/\/brizyproducts.com\/fr\/product\/veste-dhiver-lexington\/","og_locale":"fr_FR","og_type":"article","og_title":"Veste d'hiver Lexington | Veste de course | Brizy","og_description":"Veste de course d\u2019hiver sur mesure pour drivers d\u2019attelage et cavaliers de mont\u00e9, offrant un ajustement parfait, un confort et une chaleur optimaux.","og_url":"https:\/\/brizyproducts.com\/fr\/product\/veste-dhiver-lexington\/","og_site_name":"Brizy Products","article_publisher":"https:\/\/www.facebook.com\/brizy.1983\/","article_modified_time":"2026-01-08T12:31:53+00:00","og_image":[{"width":3375,"height":4500,"url":"https:\/\/brizyproducts.com\/wp-content\/uploads\/2023\/10\/2-25-png.webp","type":"image\/png"}],"twitter_card":"summary_large_image","schema":{"@context":"https:\/\/schema.org","@graph":[{"@type":"WebPage","@id":"https:\/\/brizyproducts.com\/fr\/product\/veste-dhiver-lexington\/","url":"https:\/\/brizyproducts.com\/fr\/product\/veste-dhiver-lexington\/","name":"Veste d'hiver Lexington | Veste de course | Brizy","isPartOf":{"@id":"https:\/\/brizyproducts.com\/fr\/#website"},"primaryImageOfPage":{"@id":"https:\/\/brizyproducts.com\/fr\/product\/veste-dhiver-lexington\/#primaryimage"},"image":{"@id":"https:\/\/brizyproducts.com\/fr\/product\/veste-dhiver-lexington\/#primaryimage"},"thumbnailUrl":"https:\/\/brizyproducts.com\/wp-content\/uploads\/2023\/10\/2-25-png.webp","datePublished":"2023-10-26T13:56:25+00:00","dateModified":"2026-01-08T12:31:53+00:00","description":"Veste de course d\u2019hiver sur mesure pour drivers d\u2019attelage et cavaliers de mont\u00e9, offrant un ajustement parfait, un confort et une chaleur optimaux.","breadcrumb":{"@id":"https:\/\/brizyproducts.com\/fr\/product\/veste-dhiver-lexington\/#breadcrumb"},"inLanguage":"fr-FR","potentialAction":[{"@type":"ReadAction","target":["https:\/\/brizyproducts.com\/fr\/product\/veste-dhiver-lexington\/"]}]},{"@type":"ImageObject","inLanguage":"fr-FR","@id":"https:\/\/brizyproducts.com\/fr\/product\/veste-dhiver-lexington\/#primaryimage","url":"https:\/\/brizyproducts.com\/wp-content\/uploads\/2023\/10\/2-25-png.webp","contentUrl":"https:\/\/brizyproducts.com\/wp-content\/uploads\/2023\/10\/2-25-png.webp","width":2560,"height":3413},{"@type":"BreadcrumbList","@id":"https:\/\/brizyproducts.com\/fr\/product\/veste-dhiver-lexington\/#breadcrumb","itemListElement":[{"@type":"ListItem","position":1,"name":"Hem","item":"https:\/\/brizyproducts.com\/fr\/"},{"@type":"ListItem","position":2,"name":"Shop","item":"https:\/\/brizyproducts.com\/fr\/shop\/"},{"@type":"ListItem","position":3,"name":"Veste d&#8217;hiver Lexington"}]},{"@type":"WebSite","@id":"https:\/\/brizyproducts.com\/fr\/#website","url":"https:\/\/brizyproducts.com\/fr\/","name":"Brizy","description":"","publisher":{"@id":"https:\/\/brizyproducts.com\/fr\/#organization"},"potentialAction":[{"@type":"SearchAction","target":{"@type":"EntryPoint","urlTemplate":"https:\/\/brizyproducts.com\/fr\/?s={search_term_string}"},"query-input":{"@type":"PropertyValueSpecification","valueRequired":true,"valueName":"search_term_string"}}],"inLanguage":"fr-FR"},{"@type":"Organization","@id":"https:\/\/brizyproducts.com\/fr\/#organization","name":"Brizy","url":"https:\/\/brizyproducts.com\/fr\/","logo":{"@type":"ImageObject","inLanguage":"fr-FR","@id":"https:\/\/brizyproducts.com\/fr\/#\/schema\/logo\/image\/","url":"https:\/\/brizyproducts.com\/wp-content\/uploads\/2023\/12\/Brizy-old.svg","contentUrl":"https:\/\/brizyproducts.com\/wp-content\/uploads\/2023\/12\/Brizy-old.svg","width":1,"height":1,"caption":"Brizy"},"image":{"@id":"https:\/\/brizyproducts.com\/fr\/#\/schema\/logo\/image\/"},"sameAs":["https:\/\/www.facebook.com\/brizy.1983\/","https:\/\/www.linkedin.com\/company\/brizy-produktion\/"]}]},"product_price_amount":"0.00","product_price_currency":"AUD","og_availability":"instock","product_availability":"instock","product_retailer_item_id":"244080","product_condition":"new"},"_links":{"self":[{"href":"https:\/\/brizyproducts.com\/fr\/wp-json\/wp\/v2\/product\/13914","targetHints":{"allow":["GET"]}}],"collection":[{"href":"https:\/\/brizyproducts.com\/fr\/wp-json\/wp\/v2\/product"}],"about":[{"href":"https:\/\/brizyproducts.com\/fr\/wp-json\/wp\/v2\/types\/product"}],"replies":[{"embeddable":true,"href":"https:\/\/brizyproducts.com\/fr\/wp-json\/wp\/v2\/comments?post=13914"}],"wp:featuredmedia":[{"embeddable":true,"href":"https:\/\/brizyproducts.com\/fr\/wp-json\/wp\/v2\/media\/13920"}],"wp:attachment":[{"href":"https:\/\/brizyproducts.com\/fr\/wp-json\/wp\/v2\/media?parent=13914"}],"wp:term":[{"taxonomy":"product_brand","embeddable":true,"href":"https:\/\/brizyproducts.com\/fr\/wp-json\/wp\/v2\/product_brand?post=13914"},{"taxonomy":"product_cat","embeddable":true,"href":"https:\/\/brizyproducts.com\/fr\/wp-json\/wp\/v2\/product_cat?post=13914"},{"taxonomy":"product_tag","embeddable":true,"href":"https:\/\/brizyproducts.com\/fr\/wp-json\/wp\/v2\/product_tag?post=13914"},{"taxonomy":"season","embeddable":true,"href":"https:\/\/brizyproducts.com\/fr\/wp-json\/wp\/v2\/season?post=13914"},{"taxonomy":"gender","embeddable":true,"href":"https:\/\/brizyproducts.com\/fr\/wp-json\/wp\/v2\/gender?post=13914"},{"taxonomy":"collection","embeddable":true,"href":"https:\/\/brizyproducts.com\/fr\/wp-json\/wp\/v2\/collection?post=13914"},{"taxonomy":"activity","embeddable":true,"href":"https:\/\/brizyproducts.com\/fr\/wp-json\/wp\/v2\/activity?post=13914"},{"taxonomy":"product_type_brizy","embeddable":true,"href":"https:\/\/brizyproducts.com\/fr\/wp-json\/wp\/v2\/product_type_brizy?post=13914"}],"curies":[{"name":"wp","href":"https:\/\/api.w.org\/{rel}","templated":true}]}}