{"id":13901,"date":"2023-10-26T13:56:25","date_gmt":"2023-10-26T13:56:25","guid":{"rendered":"https:\/\/brizyproducts.com\/product\/vincennes-winter-rain-onepiece\/"},"modified":"2026-01-08T09:26:08","modified_gmt":"2026-01-08T09:26:08","slug":"vincennes-winter-rain-onepiece","status":"publish","type":"product","link":"https:\/\/brizyproducts.com\/fr\/product\/vincennes-winter-rain-onepiece\/","title":{"rendered":"Combinaison de pluie hivernale Vincennes"},"content":{"rendered":"<h2><strong>Combinaison de pluie hivernale coupe-vent et imperm\u00e9able qui vous garde au sec et au chaud lors des journ\u00e9es de course pluvieuses<\/strong><\/h2>\n<p>Une combinaison de pluie robuste con\u00e7ue pour garder les drivers de trot au sec et au chaud pendant les journ\u00e9es de course froides et pluvieuses. Fabriqu\u00e9e dans un polyester durable soigneusement s\u00e9lectionn\u00e9, la Combinaison de pluie hivernale Vincennes prot\u00e8ge efficacement contre le vent, l\u2019eau et le froid.<\/p>\n<p>Avec un large choix de couleurs, d\u2019options de rembourrage et de design, vous pouvez cr\u00e9er une combinaison de comp\u00e9tition enti\u00e8rement adapt\u00e9e \u00e0 vos pr\u00e9f\u00e9rences. Chaque combinaison est r\u00e9alis\u00e9e sur mesure pour un ajustement optimal et fabriqu\u00e9e dans des mat\u00e9riaux qui font vraiment la diff\u00e9rence. Choisissez parmi trois niveaux de rembourrage pour rester au chaud m\u00eame dans les conditions m\u00e9t\u00e9orologiques les plus difficiles.<\/p>\n","protected":false},"excerpt":{"rendered":"<p>Combinaison de pluie hivernale sur mesure, coupe-vent et imperm\u00e9able, pour les journ\u00e9es de course froides.<\/p>\n","protected":false},"featured_media":13909,"comment_status":"closed","ping_status":"closed","template":"","meta":{"_acf_changed":false},"product_brand":[],"product_cat":[240,331,447,262],"product_tag":[],"class_list":{"0":"post-13901","1":"product","2":"type-product","3":"status-publish","4":"has-post-thumbnail","6":"product_cat-mens","7":"product_cat-one-pieces","8":"product_cat-tailor-made-layout","9":"product_cat-womens","10":"season-rain","11":"season-winter","12":"gender-men","13":"gender-women","14":"collection-vincennes","15":"activity-racing","16":"product_type_brizy-tailor-made","18":"first","19":"instock","20":"taxable","21":"shipping-taxable","22":"purchasable","23":"product-type-simple"},"acf":[],"yoast_head":"<!-- This site is optimized with the Yoast SEO plugin v27.0 - https:\/\/yoast.com\/product\/yoast-seo-wordpress\/ -->\n<title>Combinaison de pluie hivernale Vincennes | Pour le trot | Brizy<\/title>\n<meta name=\"description\" content=\"Combinaison de pluie sur mesure et personnalis\u00e9e, con\u00e7ue pour offrir aux drivers de trot un ajustement optimal par temps froid et pluvieux.\" \/>\n<meta name=\"robots\" content=\"index, follow, max-snippet:-1, max-image-preview:large, max-video-preview:-1\" \/>\n<link rel=\"canonical\" href=\"https:\/\/brizyproducts.com\/fr\/product\/vincennes-winter-rain-onepiece\/\" \/>\n<meta property=\"og:locale\" content=\"fr_FR\" \/>\n<meta property=\"og:type\" content=\"article\" \/>\n<meta property=\"og:title\" content=\"Combinaison de pluie hivernale Vincennes | Pour le trot | Brizy\" \/>\n<meta property=\"og:description\" content=\"Combinaison de pluie sur mesure et personnalis\u00e9e, con\u00e7ue pour offrir aux drivers de trot un ajustement optimal par temps froid et pluvieux.\" \/>\n<meta property=\"og:url\" content=\"https:\/\/brizyproducts.com\/fr\/product\/vincennes-winter-rain-onepiece\/\" \/>\n<meta property=\"og:site_name\" content=\"Brizy Products\" \/>\n<meta property=\"article:publisher\" content=\"https:\/\/www.facebook.com\/brizy.1983\/\" \/>\n<meta property=\"article:modified_time\" content=\"2026-01-08T09:26:08+00:00\" \/>\n<meta property=\"og:image\" content=\"https:\/\/brizyproducts.com\/wp-content\/uploads\/2023\/10\/2-29-png.webp\" \/>\n\t<meta property=\"og:image:width\" content=\"3375\" \/>\n\t<meta property=\"og:image:height\" content=\"4500\" \/>\n\t<meta property=\"og:image:type\" content=\"image\/png\" \/>\n<meta name=\"twitter:card\" content=\"summary_large_image\" \/>\n<meta property=\"product:price:amount\" content=\"0.00\" \/>\n<meta property=\"product:price:currency\" content=\"USD\" \/>\n<meta property=\"og:availability\" content=\"instock\" \/>\n<meta property=\"product:availability\" content=\"instock\" \/>\n<meta property=\"product:retailer_item_id\" content=\"142080\" \/>\n<meta property=\"product:condition\" content=\"new\" \/>\n<!-- \/ Yoast SEO plugin. -->","yoast_head_json":{"title":"Combinaison de pluie hivernale Vincennes | Pour le trot | Brizy","description":"Combinaison de pluie sur mesure et personnalis\u00e9e, con\u00e7ue pour offrir aux drivers de trot un ajustement optimal par temps froid et pluvieux.","robots":{"index":"index","follow":"follow","max-snippet":"max-snippet:-1","max-image-preview":"max-image-preview:large","max-video-preview":"max-video-preview:-1"},"canonical":"https:\/\/brizyproducts.com\/fr\/product\/vincennes-winter-rain-onepiece\/","og_locale":"fr_FR","og_type":"article","og_title":"Combinaison de pluie hivernale Vincennes | Pour le trot | Brizy","og_description":"Combinaison de pluie sur mesure et personnalis\u00e9e, con\u00e7ue pour offrir aux drivers de trot un ajustement optimal par temps froid et pluvieux.","og_url":"https:\/\/brizyproducts.com\/fr\/product\/vincennes-winter-rain-onepiece\/","og_site_name":"Brizy Products","article_publisher":"https:\/\/www.facebook.com\/brizy.1983\/","article_modified_time":"2026-01-08T09:26:08+00:00","og_image":[{"width":3375,"height":4500,"url":"https:\/\/brizyproducts.com\/wp-content\/uploads\/2023\/10\/2-29-png.webp","type":"image\/png"}],"twitter_card":"summary_large_image","schema":{"@context":"https:\/\/schema.org","@graph":[{"@type":"WebPage","@id":"https:\/\/brizyproducts.com\/fr\/product\/vincennes-winter-rain-onepiece\/","url":"https:\/\/brizyproducts.com\/fr\/product\/vincennes-winter-rain-onepiece\/","name":"Combinaison de pluie hivernale Vincennes | Pour le trot | Brizy","isPartOf":{"@id":"https:\/\/brizyproducts.com\/fr\/#website"},"primaryImageOfPage":{"@id":"https:\/\/brizyproducts.com\/fr\/product\/vincennes-winter-rain-onepiece\/#primaryimage"},"image":{"@id":"https:\/\/brizyproducts.com\/fr\/product\/vincennes-winter-rain-onepiece\/#primaryimage"},"thumbnailUrl":"https:\/\/brizyproducts.com\/wp-content\/uploads\/2023\/10\/2-29-png.webp","datePublished":"2023-10-26T13:56:25+00:00","dateModified":"2026-01-08T09:26:08+00:00","description":"Combinaison de pluie sur mesure et personnalis\u00e9e, con\u00e7ue pour offrir aux drivers de trot un ajustement optimal par temps froid et pluvieux.","breadcrumb":{"@id":"https:\/\/brizyproducts.com\/fr\/product\/vincennes-winter-rain-onepiece\/#breadcrumb"},"inLanguage":"fr-FR","potentialAction":[{"@type":"ReadAction","target":["https:\/\/brizyproducts.com\/fr\/product\/vincennes-winter-rain-onepiece\/"]}]},{"@type":"ImageObject","inLanguage":"fr-FR","@id":"https:\/\/brizyproducts.com\/fr\/product\/vincennes-winter-rain-onepiece\/#primaryimage","url":"https:\/\/brizyproducts.com\/wp-content\/uploads\/2023\/10\/2-29-png.webp","contentUrl":"https:\/\/brizyproducts.com\/wp-content\/uploads\/2023\/10\/2-29-png.webp","width":2560,"height":3413},{"@type":"BreadcrumbList","@id":"https:\/\/brizyproducts.com\/fr\/product\/vincennes-winter-rain-onepiece\/#breadcrumb","itemListElement":[{"@type":"ListItem","position":1,"name":"Hem","item":"https:\/\/brizyproducts.com\/fr\/"},{"@type":"ListItem","position":2,"name":"Shop","item":"https:\/\/brizyproducts.com\/fr\/shop\/"},{"@type":"ListItem","position":3,"name":"Combinaison de pluie hivernale Vincennes"}]},{"@type":"WebSite","@id":"https:\/\/brizyproducts.com\/fr\/#website","url":"https:\/\/brizyproducts.com\/fr\/","name":"Brizy","description":"","publisher":{"@id":"https:\/\/brizyproducts.com\/fr\/#organization"},"potentialAction":[{"@type":"SearchAction","target":{"@type":"EntryPoint","urlTemplate":"https:\/\/brizyproducts.com\/fr\/?s={search_term_string}"},"query-input":{"@type":"PropertyValueSpecification","valueRequired":true,"valueName":"search_term_string"}}],"inLanguage":"fr-FR"},{"@type":"Organization","@id":"https:\/\/brizyproducts.com\/fr\/#organization","name":"Brizy","url":"https:\/\/brizyproducts.com\/fr\/","logo":{"@type":"ImageObject","inLanguage":"fr-FR","@id":"https:\/\/brizyproducts.com\/fr\/#\/schema\/logo\/image\/","url":"https:\/\/brizyproducts.com\/wp-content\/uploads\/2023\/12\/Brizy-old.svg","contentUrl":"https:\/\/brizyproducts.com\/wp-content\/uploads\/2023\/12\/Brizy-old.svg","width":1,"height":1,"caption":"Brizy"},"image":{"@id":"https:\/\/brizyproducts.com\/fr\/#\/schema\/logo\/image\/"},"sameAs":["https:\/\/www.facebook.com\/brizy.1983\/","https:\/\/www.linkedin.com\/company\/brizy-produktion\/"]}]},"product_price_amount":"0.00","product_price_currency":"USD","og_availability":"instock","product_availability":"instock","product_retailer_item_id":"142080","product_condition":"new"},"_links":{"self":[{"href":"https:\/\/brizyproducts.com\/fr\/wp-json\/wp\/v2\/product\/13901","targetHints":{"allow":["GET"]}}],"collection":[{"href":"https:\/\/brizyproducts.com\/fr\/wp-json\/wp\/v2\/product"}],"about":[{"href":"https:\/\/brizyproducts.com\/fr\/wp-json\/wp\/v2\/types\/product"}],"replies":[{"embeddable":true,"href":"https:\/\/brizyproducts.com\/fr\/wp-json\/wp\/v2\/comments?post=13901"}],"wp:featuredmedia":[{"embeddable":true,"href":"https:\/\/brizyproducts.com\/fr\/wp-json\/wp\/v2\/media\/13909"}],"wp:attachment":[{"href":"https:\/\/brizyproducts.com\/fr\/wp-json\/wp\/v2\/media?parent=13901"}],"wp:term":[{"taxonomy":"product_brand","embeddable":true,"href":"https:\/\/brizyproducts.com\/fr\/wp-json\/wp\/v2\/product_brand?post=13901"},{"taxonomy":"product_cat","embeddable":true,"href":"https:\/\/brizyproducts.com\/fr\/wp-json\/wp\/v2\/product_cat?post=13901"},{"taxonomy":"product_tag","embeddable":true,"href":"https:\/\/brizyproducts.com\/fr\/wp-json\/wp\/v2\/product_tag?post=13901"}],"curies":[{"name":"wp","href":"https:\/\/api.w.org\/{rel}","templated":true}]}}