{"id":13869,"date":"2023-10-12T11:10:13","date_gmt":"2023-10-12T11:10:13","guid":{"rendered":"https:\/\/brizyproducts.com\/product\/veste-printemps-automne-pour-femmes-lexington\/"},"modified":"2026-01-09T09:36:02","modified_gmt":"2026-01-09T09:36:02","slug":"veste-printemps-automne-pour-femmes-lexington","status":"publish","type":"product","link":"https:\/\/brizyproducts.com\/fr\/product\/veste-printemps-automne-pour-femmes-lexington\/","title":{"rendered":"Veste Lexington Printemps\/Automne Femmes"},"content":{"rendered":"<h2><strong>Notre veste de course populaire pour le printemps et l\u2019automne pour femmes.<\/strong><\/h2>\n<p>La veste de course parfaite pour les drivers d\u2019attelage et les cavali\u00e8res de mont\u00e9, con\u00e7ue pour offrir un confort exceptionnel tout au long de la saison des courses de printemps et d\u2019automne. Fabriqu\u00e9e dans notre mat\u00e9riau stretch durable avec doublure Z, elle prot\u00e8ge efficacement contre le vent et la pluie.<\/p>\n<p>Disponible dans un large choix de couleurs et de finitions, vous pouvez personnaliser votre veste de course selon vos pr\u00e9f\u00e9rences exactes. Chaque veste est confectionn\u00e9e sur mesure pour un ajustement parfait et r\u00e9alis\u00e9e avec des mat\u00e9riaux de haute qualit\u00e9 qui font r\u00e9ellement la diff\u00e9rence. Cela en fait la veste id\u00e9ale pour les courses au printemps et en automne, tant pour les drivers d\u2019attelage que pour les cavaliers de mont\u00e9.<\/p>\n","protected":false},"excerpt":{"rendered":"<p>Veste de course sur mesure pour les journ\u00e9es de course au printemps et en automne pour femmes, offrant un ajustement et un confort optimaux.<\/p>\n","protected":false},"featured_media":13873,"comment_status":"closed","ping_status":"closed","template":"","meta":{"_acf_changed":false},"product_brand":[],"product_cat":[273,447,262],"product_tag":[461],"season":[],"gender":[511],"collection":[513],"activity":[565,563],"product_type_brizy":[567],"class_list":{"0":"post-13869","1":"product","2":"type-product","3":"status-publish","4":"has-post-thumbnail","6":"product_cat-jackets","7":"product_cat-tailor-made-layout","8":"product_cat-womens","9":"product_tag-lexington-spring-fall-fr","10":"gender-women","11":"collection-lexington","12":"activity-monte","13":"activity-trotting","14":"product_type_brizy-custom-made","16":"first","17":"instock","18":"taxable","19":"shipping-taxable","20":"purchasable","21":"product-type-simple"},"acf":[],"yoast_head":"<!-- This site is optimized with the Yoast SEO plugin v27.3 - https:\/\/yoast.com\/product\/yoast-seo-wordpress\/ -->\n<title>Veste Lexington Femme | Veste de course | Brizy<\/title>\n<meta name=\"description\" content=\"Veste de course id\u00e9ale pour les drivers d\u2019attelage et les cavaliers de mont\u00e9, con\u00e7ue sur mesure pour un ajustement et un confort optimaux.\" \/>\n<meta name=\"robots\" content=\"index, follow, max-snippet:-1, max-image-preview:large, max-video-preview:-1\" \/>\n<link rel=\"canonical\" href=\"https:\/\/brizyproducts.com\/fr\/product\/veste-printemps-automne-pour-femmes-lexington\/\" \/>\n<meta property=\"og:locale\" content=\"fr_FR\" \/>\n<meta property=\"og:type\" content=\"article\" \/>\n<meta property=\"og:title\" content=\"Veste Lexington Femme | Veste de course | Brizy\" \/>\n<meta property=\"og:description\" content=\"Veste de course id\u00e9ale pour les drivers d\u2019attelage et les cavaliers de mont\u00e9, con\u00e7ue sur mesure pour un ajustement et un confort optimaux.\" \/>\n<meta property=\"og:url\" content=\"https:\/\/brizyproducts.com\/fr\/product\/veste-printemps-automne-pour-femmes-lexington\/\" \/>\n<meta property=\"og:site_name\" content=\"Brizy Products\" \/>\n<meta property=\"article:publisher\" content=\"https:\/\/www.facebook.com\/brizy.1983\/\" \/>\n<meta property=\"article:modified_time\" content=\"2026-01-09T09:36:02+00:00\" \/>\n<meta property=\"og:image\" content=\"https:\/\/brizyproducts.com\/wp-content\/uploads\/2024\/01\/1-1-png.webp\" \/>\n\t<meta property=\"og:image:width\" content=\"3375\" \/>\n\t<meta property=\"og:image:height\" content=\"4500\" \/>\n\t<meta property=\"og:image:type\" content=\"image\/png\" \/>\n<meta name=\"twitter:card\" content=\"summary_large_image\" \/>\n<meta property=\"product:price:amount\" content=\"0.00\" \/>\n<meta property=\"product:price:currency\" content=\"USD\" \/>\n<meta property=\"og:availability\" content=\"instock\" \/>\n<meta property=\"product:availability\" content=\"instock\" \/>\n<meta property=\"product:retailer_item_id\" content=\"2440-1\" \/>\n<meta property=\"product:condition\" content=\"new\" \/>\n<!-- \/ Yoast SEO plugin. -->","yoast_head_json":{"title":"Veste Lexington Femme | Veste de course | Brizy","description":"Veste de course id\u00e9ale pour les drivers d\u2019attelage et les cavaliers de mont\u00e9, con\u00e7ue sur mesure pour un ajustement et un confort optimaux.","robots":{"index":"index","follow":"follow","max-snippet":"max-snippet:-1","max-image-preview":"max-image-preview:large","max-video-preview":"max-video-preview:-1"},"canonical":"https:\/\/brizyproducts.com\/fr\/product\/veste-printemps-automne-pour-femmes-lexington\/","og_locale":"fr_FR","og_type":"article","og_title":"Veste Lexington Femme | Veste de course | Brizy","og_description":"Veste de course id\u00e9ale pour les drivers d\u2019attelage et les cavaliers de mont\u00e9, con\u00e7ue sur mesure pour un ajustement et un confort optimaux.","og_url":"https:\/\/brizyproducts.com\/fr\/product\/veste-printemps-automne-pour-femmes-lexington\/","og_site_name":"Brizy Products","article_publisher":"https:\/\/www.facebook.com\/brizy.1983\/","article_modified_time":"2026-01-09T09:36:02+00:00","og_image":[{"width":3375,"height":4500,"url":"https:\/\/brizyproducts.com\/wp-content\/uploads\/2024\/01\/1-1-png.webp","type":"image\/png"}],"twitter_card":"summary_large_image","schema":{"@context":"https:\/\/schema.org","@graph":[{"@type":"WebPage","@id":"https:\/\/brizyproducts.com\/fr\/product\/veste-printemps-automne-pour-femmes-lexington\/","url":"https:\/\/brizyproducts.com\/fr\/product\/veste-printemps-automne-pour-femmes-lexington\/","name":"Veste Lexington Femme | Veste de course | Brizy","isPartOf":{"@id":"https:\/\/brizyproducts.com\/fr\/#website"},"primaryImageOfPage":{"@id":"https:\/\/brizyproducts.com\/fr\/product\/veste-printemps-automne-pour-femmes-lexington\/#primaryimage"},"image":{"@id":"https:\/\/brizyproducts.com\/fr\/product\/veste-printemps-automne-pour-femmes-lexington\/#primaryimage"},"thumbnailUrl":"https:\/\/brizyproducts.com\/wp-content\/uploads\/2024\/01\/1-1-png.webp","datePublished":"2023-10-12T11:10:13+00:00","dateModified":"2026-01-09T09:36:02+00:00","description":"Veste de course id\u00e9ale pour les drivers d\u2019attelage et les cavaliers de mont\u00e9, con\u00e7ue sur mesure pour un ajustement et un confort optimaux.","breadcrumb":{"@id":"https:\/\/brizyproducts.com\/fr\/product\/veste-printemps-automne-pour-femmes-lexington\/#breadcrumb"},"inLanguage":"fr-FR","potentialAction":[{"@type":"ReadAction","target":["https:\/\/brizyproducts.com\/fr\/product\/veste-printemps-automne-pour-femmes-lexington\/"]}]},{"@type":"ImageObject","inLanguage":"fr-FR","@id":"https:\/\/brizyproducts.com\/fr\/product\/veste-printemps-automne-pour-femmes-lexington\/#primaryimage","url":"https:\/\/brizyproducts.com\/wp-content\/uploads\/2024\/01\/1-1-png.webp","contentUrl":"https:\/\/brizyproducts.com\/wp-content\/uploads\/2024\/01\/1-1-png.webp","width":2560,"height":3413},{"@type":"BreadcrumbList","@id":"https:\/\/brizyproducts.com\/fr\/product\/veste-printemps-automne-pour-femmes-lexington\/#breadcrumb","itemListElement":[{"@type":"ListItem","position":1,"name":"Hem","item":"https:\/\/brizyproducts.com\/fr\/start-april-2026\/"},{"@type":"ListItem","position":2,"name":"Shop","item":"https:\/\/brizyproducts.com\/fr\/shop\/"},{"@type":"ListItem","position":3,"name":"Veste Lexington Printemps\/Automne Femmes"}]},{"@type":"WebSite","@id":"https:\/\/brizyproducts.com\/fr\/#website","url":"https:\/\/brizyproducts.com\/fr\/","name":"Brizy","description":"","publisher":{"@id":"https:\/\/brizyproducts.com\/fr\/#organization"},"potentialAction":[{"@type":"SearchAction","target":{"@type":"EntryPoint","urlTemplate":"https:\/\/brizyproducts.com\/fr\/?s={search_term_string}"},"query-input":{"@type":"PropertyValueSpecification","valueRequired":true,"valueName":"search_term_string"}}],"inLanguage":"fr-FR"},{"@type":"Organization","@id":"https:\/\/brizyproducts.com\/fr\/#organization","name":"Brizy","url":"https:\/\/brizyproducts.com\/fr\/","logo":{"@type":"ImageObject","inLanguage":"fr-FR","@id":"https:\/\/brizyproducts.com\/fr\/#\/schema\/logo\/image\/","url":"https:\/\/brizyproducts.com\/wp-content\/uploads\/2023\/12\/Brizy-old.svg","contentUrl":"https:\/\/brizyproducts.com\/wp-content\/uploads\/2023\/12\/Brizy-old.svg","width":1,"height":1,"caption":"Brizy"},"image":{"@id":"https:\/\/brizyproducts.com\/fr\/#\/schema\/logo\/image\/"},"sameAs":["https:\/\/www.facebook.com\/brizy.1983\/","https:\/\/www.linkedin.com\/company\/brizy-produktion\/"]}]},"product_price_amount":"0.00","product_price_currency":"USD","og_availability":"instock","product_availability":"instock","product_retailer_item_id":"2440-1","product_condition":"new"},"_links":{"self":[{"href":"https:\/\/brizyproducts.com\/fr\/wp-json\/wp\/v2\/product\/13869","targetHints":{"allow":["GET"]}}],"collection":[{"href":"https:\/\/brizyproducts.com\/fr\/wp-json\/wp\/v2\/product"}],"about":[{"href":"https:\/\/brizyproducts.com\/fr\/wp-json\/wp\/v2\/types\/product"}],"replies":[{"embeddable":true,"href":"https:\/\/brizyproducts.com\/fr\/wp-json\/wp\/v2\/comments?post=13869"}],"wp:featuredmedia":[{"embeddable":true,"href":"https:\/\/brizyproducts.com\/fr\/wp-json\/wp\/v2\/media\/13873"}],"wp:attachment":[{"href":"https:\/\/brizyproducts.com\/fr\/wp-json\/wp\/v2\/media?parent=13869"}],"wp:term":[{"taxonomy":"product_brand","embeddable":true,"href":"https:\/\/brizyproducts.com\/fr\/wp-json\/wp\/v2\/product_brand?post=13869"},{"taxonomy":"product_cat","embeddable":true,"href":"https:\/\/brizyproducts.com\/fr\/wp-json\/wp\/v2\/product_cat?post=13869"},{"taxonomy":"product_tag","embeddable":true,"href":"https:\/\/brizyproducts.com\/fr\/wp-json\/wp\/v2\/product_tag?post=13869"},{"taxonomy":"season","embeddable":true,"href":"https:\/\/brizyproducts.com\/fr\/wp-json\/wp\/v2\/season?post=13869"},{"taxonomy":"gender","embeddable":true,"href":"https:\/\/brizyproducts.com\/fr\/wp-json\/wp\/v2\/gender?post=13869"},{"taxonomy":"collection","embeddable":true,"href":"https:\/\/brizyproducts.com\/fr\/wp-json\/wp\/v2\/collection?post=13869"},{"taxonomy":"activity","embeddable":true,"href":"https:\/\/brizyproducts.com\/fr\/wp-json\/wp\/v2\/activity?post=13869"},{"taxonomy":"product_type_brizy","embeddable":true,"href":"https:\/\/brizyproducts.com\/fr\/wp-json\/wp\/v2\/product_type_brizy?post=13869"}],"curies":[{"name":"wp","href":"https:\/\/api.w.org\/{rel}","templated":true}]}}