{"id":13844,"date":"2023-08-26T13:56:25","date_gmt":"2023-08-26T13:56:25","guid":{"rendered":"https:\/\/brizyproducts.com\/product\/pantalon-dete-lexington\/"},"modified":"2026-01-08T13:04:56","modified_gmt":"2026-01-08T13:04:56","slug":"pantalon-dete-lexington","status":"publish","type":"product","link":"https:\/\/brizyproducts.com\/fr\/product\/pantalon-dete-lexington\/","title":{"rendered":"Pantalon d&rsquo;\u00e9t\u00e9 Lexington"},"content":{"rendered":"<h2><strong>La pantalon d\u2019\u00e9t\u00e9 Lexington parfait pour les courses de trot par temps chaud<\/strong><\/h2>\n<p>D\u00e9couvrez le Pantalon d\u2019\u00e9t\u00e9 Lexington de Brizy, sp\u00e9cialement con\u00e7u pour r\u00e9pondre aux besoins des drivers lors des journ\u00e9es de course les plus chaudes. Confectionn\u00e9 dans un tissu blanc, il est homologu\u00e9 pour l\u2019\u00e9chauffement comme pour la comp\u00e9tition. Vous pouvez choisir entre notre tissu lisse et extensible ou notre tissu mesh respirant pour un confort maximal.<\/p>\n<p>Gr\u00e2ce \u00e0 plusieurs options de personnalisation, vous pouvez cr\u00e9er un pantalon qui vous ressemble enti\u00e8rement. Ajoutez votre nom, choisissez la couleur des passepoils et int\u00e9grez votre logo pour l\u2019assortir \u00e0 votre veste de course. Chaque paire est r\u00e9alis\u00e9e sur mesure pour une coupe optimale et fabriqu\u00e9e dans des mat\u00e9riaux d\u00e9velopp\u00e9s pour r\u00e9pondre aux exigences du trot attel\u00e9.<\/p>\n<p>Le r\u00e9sultat : le pantalon d\u2019\u00e9t\u00e9 id\u00e9al pour les drivers souhaitant allier performance, confort, durabilit\u00e9 et style dans chaque course.<\/p>\n","protected":false},"excerpt":{"rendered":"<p>Pantalon de course sur mesure pour l\u2019\u00e9t\u00e9, con\u00e7u pour les drivers de trot.<\/p>\n","protected":false},"featured_media":13847,"comment_status":"closed","ping_status":"closed","template":"","meta":{"_acf_changed":false},"product_brand":[],"product_cat":[241,447],"product_tag":[463],"season":[501],"gender":[509,511],"collection":[513],"activity":[563],"product_type_brizy":[567],"class_list":{"0":"post-13844","1":"product","2":"type-product","3":"status-publish","4":"has-post-thumbnail","6":"product_cat-trousers","7":"product_cat-tailor-made-layout","8":"product_tag-lexington-summer-fr","9":"season-summer","10":"gender-men","11":"gender-women","12":"collection-lexington","13":"activity-trotting","14":"product_type_brizy-custom-made","16":"first","17":"instock","18":"taxable","19":"shipping-taxable","20":"purchasable","21":"product-type-simple"},"acf":[],"yoast_head":"<!-- This site is optimized with the Yoast SEO plugin v27.3 - https:\/\/yoast.com\/product\/yoast-seo-wordpress\/ -->\n<title>Pantalon d&#039;\u00e9t\u00e9 Lexington | Pantalon de course pour drivers | Brizy<\/title>\n<meta name=\"description\" content=\"Pantalon d\u2019\u00e9t\u00e9 sur mesure pour les drivers, con\u00e7u pour les journ\u00e9es de course les plus chaudes, offrant un confort et un ajustement optimaux.\" \/>\n<meta name=\"robots\" content=\"index, follow, max-snippet:-1, max-image-preview:large, max-video-preview:-1\" \/>\n<link rel=\"canonical\" href=\"https:\/\/brizyproducts.com\/fr\/product\/pantalon-dete-lexington\/\" \/>\n<meta property=\"og:locale\" content=\"fr_FR\" \/>\n<meta property=\"og:type\" content=\"article\" \/>\n<meta property=\"og:title\" content=\"Pantalon d&#039;\u00e9t\u00e9 Lexington | Pantalon de course pour drivers | Brizy\" \/>\n<meta property=\"og:description\" content=\"Pantalon d\u2019\u00e9t\u00e9 sur mesure pour les drivers, con\u00e7u pour les journ\u00e9es de course les plus chaudes, offrant un confort et un ajustement optimaux.\" \/>\n<meta property=\"og:url\" content=\"https:\/\/brizyproducts.com\/fr\/product\/pantalon-dete-lexington\/\" \/>\n<meta property=\"og:site_name\" content=\"Brizy Products\" \/>\n<meta property=\"article:publisher\" content=\"https:\/\/www.facebook.com\/brizy.1983\/\" \/>\n<meta property=\"article:modified_time\" content=\"2026-01-08T13:04:56+00:00\" \/>\n<meta property=\"og:image\" content=\"https:\/\/brizyproducts.com\/wp-content\/uploads\/2023\/08\/2-1-png.webp\" \/>\n\t<meta property=\"og:image:width\" content=\"3375\" \/>\n\t<meta property=\"og:image:height\" content=\"4500\" \/>\n\t<meta property=\"og:image:type\" content=\"image\/png\" \/>\n<meta name=\"twitter:card\" content=\"summary_large_image\" \/>\n<meta property=\"product:price:amount\" content=\"0.00\" \/>\n<meta property=\"product:price:currency\" content=\"USD\" \/>\n<meta property=\"og:availability\" content=\"instock\" \/>\n<meta property=\"product:availability\" content=\"instock\" \/>\n<meta property=\"product:retailer_item_id\" content=\"3540\" \/>\n<meta property=\"product:condition\" content=\"new\" \/>\n<!-- \/ Yoast SEO plugin. -->","yoast_head_json":{"title":"Pantalon d'\u00e9t\u00e9 Lexington | Pantalon de course pour drivers | Brizy","description":"Pantalon d\u2019\u00e9t\u00e9 sur mesure pour les drivers, con\u00e7u pour les journ\u00e9es de course les plus chaudes, offrant un confort et un ajustement optimaux.","robots":{"index":"index","follow":"follow","max-snippet":"max-snippet:-1","max-image-preview":"max-image-preview:large","max-video-preview":"max-video-preview:-1"},"canonical":"https:\/\/brizyproducts.com\/fr\/product\/pantalon-dete-lexington\/","og_locale":"fr_FR","og_type":"article","og_title":"Pantalon d'\u00e9t\u00e9 Lexington | Pantalon de course pour drivers | Brizy","og_description":"Pantalon d\u2019\u00e9t\u00e9 sur mesure pour les drivers, con\u00e7u pour les journ\u00e9es de course les plus chaudes, offrant un confort et un ajustement optimaux.","og_url":"https:\/\/brizyproducts.com\/fr\/product\/pantalon-dete-lexington\/","og_site_name":"Brizy Products","article_publisher":"https:\/\/www.facebook.com\/brizy.1983\/","article_modified_time":"2026-01-08T13:04:56+00:00","og_image":[{"width":3375,"height":4500,"url":"https:\/\/brizyproducts.com\/wp-content\/uploads\/2023\/08\/2-1-png.webp","type":"image\/png"}],"twitter_card":"summary_large_image","schema":{"@context":"https:\/\/schema.org","@graph":[{"@type":"WebPage","@id":"https:\/\/brizyproducts.com\/fr\/product\/pantalon-dete-lexington\/","url":"https:\/\/brizyproducts.com\/fr\/product\/pantalon-dete-lexington\/","name":"Pantalon d'\u00e9t\u00e9 Lexington | Pantalon de course pour drivers | Brizy","isPartOf":{"@id":"https:\/\/brizyproducts.com\/fr\/#website"},"primaryImageOfPage":{"@id":"https:\/\/brizyproducts.com\/fr\/product\/pantalon-dete-lexington\/#primaryimage"},"image":{"@id":"https:\/\/brizyproducts.com\/fr\/product\/pantalon-dete-lexington\/#primaryimage"},"thumbnailUrl":"https:\/\/brizyproducts.com\/wp-content\/uploads\/2023\/08\/2-1-png.webp","datePublished":"2023-08-26T13:56:25+00:00","dateModified":"2026-01-08T13:04:56+00:00","description":"Pantalon d\u2019\u00e9t\u00e9 sur mesure pour les drivers, con\u00e7u pour les journ\u00e9es de course les plus chaudes, offrant un confort et un ajustement optimaux.","breadcrumb":{"@id":"https:\/\/brizyproducts.com\/fr\/product\/pantalon-dete-lexington\/#breadcrumb"},"inLanguage":"fr-FR","potentialAction":[{"@type":"ReadAction","target":["https:\/\/brizyproducts.com\/fr\/product\/pantalon-dete-lexington\/"]}]},{"@type":"ImageObject","inLanguage":"fr-FR","@id":"https:\/\/brizyproducts.com\/fr\/product\/pantalon-dete-lexington\/#primaryimage","url":"https:\/\/brizyproducts.com\/wp-content\/uploads\/2023\/08\/2-1-png.webp","contentUrl":"https:\/\/brizyproducts.com\/wp-content\/uploads\/2023\/08\/2-1-png.webp","width":3375,"height":4500},{"@type":"BreadcrumbList","@id":"https:\/\/brizyproducts.com\/fr\/product\/pantalon-dete-lexington\/#breadcrumb","itemListElement":[{"@type":"ListItem","position":1,"name":"Hem","item":"https:\/\/brizyproducts.com\/fr\/start-april-2026\/"},{"@type":"ListItem","position":2,"name":"Shop","item":"https:\/\/brizyproducts.com\/fr\/shop\/"},{"@type":"ListItem","position":3,"name":"Pantalon d&#8217;\u00e9t\u00e9 Lexington"}]},{"@type":"WebSite","@id":"https:\/\/brizyproducts.com\/fr\/#website","url":"https:\/\/brizyproducts.com\/fr\/","name":"Brizy","description":"","publisher":{"@id":"https:\/\/brizyproducts.com\/fr\/#organization"},"potentialAction":[{"@type":"SearchAction","target":{"@type":"EntryPoint","urlTemplate":"https:\/\/brizyproducts.com\/fr\/?s={search_term_string}"},"query-input":{"@type":"PropertyValueSpecification","valueRequired":true,"valueName":"search_term_string"}}],"inLanguage":"fr-FR"},{"@type":"Organization","@id":"https:\/\/brizyproducts.com\/fr\/#organization","name":"Brizy","url":"https:\/\/brizyproducts.com\/fr\/","logo":{"@type":"ImageObject","inLanguage":"fr-FR","@id":"https:\/\/brizyproducts.com\/fr\/#\/schema\/logo\/image\/","url":"https:\/\/brizyproducts.com\/wp-content\/uploads\/2023\/12\/Brizy-old.svg","contentUrl":"https:\/\/brizyproducts.com\/wp-content\/uploads\/2023\/12\/Brizy-old.svg","width":1,"height":1,"caption":"Brizy"},"image":{"@id":"https:\/\/brizyproducts.com\/fr\/#\/schema\/logo\/image\/"},"sameAs":["https:\/\/www.facebook.com\/brizy.1983\/","https:\/\/www.linkedin.com\/company\/brizy-produktion\/"]}]},"product_price_amount":"0.00","product_price_currency":"USD","og_availability":"instock","product_availability":"instock","product_retailer_item_id":"3540","product_condition":"new"},"_links":{"self":[{"href":"https:\/\/brizyproducts.com\/fr\/wp-json\/wp\/v2\/product\/13844","targetHints":{"allow":["GET"]}}],"collection":[{"href":"https:\/\/brizyproducts.com\/fr\/wp-json\/wp\/v2\/product"}],"about":[{"href":"https:\/\/brizyproducts.com\/fr\/wp-json\/wp\/v2\/types\/product"}],"replies":[{"embeddable":true,"href":"https:\/\/brizyproducts.com\/fr\/wp-json\/wp\/v2\/comments?post=13844"}],"wp:featuredmedia":[{"embeddable":true,"href":"https:\/\/brizyproducts.com\/fr\/wp-json\/wp\/v2\/media\/13847"}],"wp:attachment":[{"href":"https:\/\/brizyproducts.com\/fr\/wp-json\/wp\/v2\/media?parent=13844"}],"wp:term":[{"taxonomy":"product_brand","embeddable":true,"href":"https:\/\/brizyproducts.com\/fr\/wp-json\/wp\/v2\/product_brand?post=13844"},{"taxonomy":"product_cat","embeddable":true,"href":"https:\/\/brizyproducts.com\/fr\/wp-json\/wp\/v2\/product_cat?post=13844"},{"taxonomy":"product_tag","embeddable":true,"href":"https:\/\/brizyproducts.com\/fr\/wp-json\/wp\/v2\/product_tag?post=13844"},{"taxonomy":"season","embeddable":true,"href":"https:\/\/brizyproducts.com\/fr\/wp-json\/wp\/v2\/season?post=13844"},{"taxonomy":"gender","embeddable":true,"href":"https:\/\/brizyproducts.com\/fr\/wp-json\/wp\/v2\/gender?post=13844"},{"taxonomy":"collection","embeddable":true,"href":"https:\/\/brizyproducts.com\/fr\/wp-json\/wp\/v2\/collection?post=13844"},{"taxonomy":"activity","embeddable":true,"href":"https:\/\/brizyproducts.com\/fr\/wp-json\/wp\/v2\/activity?post=13844"},{"taxonomy":"product_type_brizy","embeddable":true,"href":"https:\/\/brizyproducts.com\/fr\/wp-json\/wp\/v2\/product_type_brizy?post=13844"}],"curies":[{"name":"wp","href":"https:\/\/api.w.org\/{rel}","templated":true}]}}