{"id":13753,"date":"2023-10-26T13:58:23","date_gmt":"2023-10-26T13:58:23","guid":{"rendered":"https:\/\/brizyproducts.com\/product\/gilet-thermique-du-quebec\/"},"modified":"2025-11-24T13:50:52","modified_gmt":"2025-11-24T13:50:52","slug":"gilet-thermique-du-quebec","status":"publish","type":"product","link":"https:\/\/brizyproducts.com\/fr\/product\/gilet-thermique-du-quebec\/","title":{"rendered":"Gilet thermique du Qu\u00e9bec"},"content":{"rendered":"<p>Notre gilet l\u00e9g\u00e8rement rembourr\u00e9 est parfait comme couche interm\u00e9diaire pour plus de chaleur ou comme couche ext\u00e9rieure.<\/p>\n<p>Il est fabriqu\u00e9 avec 80 grammes d&rsquo;isolation l\u00e9g\u00e8re Sorona\u00ae.<\/p>\n<p>Le gilet est fid\u00e8le \u00e0 la taille.<\/p>\n","protected":false},"excerpt":{"rendered":"<p>Notre gilet l\u00e9g\u00e8rement rembourr\u00e9 est parfait comme couche interm\u00e9diaire pour plus de chaleur ou comme couche ext\u00e9rieure. Il est fabriqu\u00e9 avec 80 grammes d&rsquo;isolation l\u00e9g\u00e8re Sorona\u00ae. Le gilet est fid\u00e8le \u00e0 la taille.<\/p>\n","protected":false},"featured_media":15644,"comment_status":"closed","ping_status":"closed","template":"","meta":{"_acf_changed":false},"product_brand":[],"product_cat":[574,438],"product_tag":[],"season":[],"gender":[509],"collection":[526],"activity":[559,561],"product_type_brizy":[569],"class_list":{"0":"post-13753","1":"product","2":"type-product","3":"status-publish","4":"has-post-thumbnail","6":"product_cat-black-friday","7":"product_cat-outlet","8":"gender-men","9":"collection-quebec","10":"activity-stable","11":"activity-training","12":"product_type_brizy-stock-products","14":"first","15":"instock","16":"sale","17":"taxable","18":"shipping-taxable","19":"purchasable","20":"product-type-variable"},"acf":[],"yoast_head":"<!-- This site is optimized with the Yoast SEO plugin v27.4 - https:\/\/yoast.com\/product\/yoast-seo-wordpress\/ -->\n<title>Gilet thermique du Qu\u00e9bec | Harness racing clothing | Brizy<\/title>\n<meta name=\"description\" content=\"Notre gilet l\u00e9g\u00e8rement rembourr\u00e9 est parfait comme couche interm\u00e9diaire pour plus de chaleur ou comme couche ext\u00e9rieure. Il est fabriqu\u00e9 avec 80 grammes\" \/>\n<meta name=\"robots\" content=\"index, follow, max-snippet:-1, max-image-preview:large, max-video-preview:-1\" \/>\n<link rel=\"canonical\" href=\"https:\/\/brizyproducts.com\/fr\/product\/gilet-thermique-du-quebec\/\" \/>\n<meta property=\"og:locale\" content=\"fr_FR\" \/>\n<meta property=\"og:type\" content=\"article\" \/>\n<meta property=\"og:title\" content=\"Gilet thermique du Qu\u00e9bec | Harness racing clothing | Brizy\" \/>\n<meta property=\"og:description\" content=\"Notre gilet l\u00e9g\u00e8rement rembourr\u00e9 est parfait comme couche interm\u00e9diaire pour plus de chaleur ou comme couche ext\u00e9rieure. Il est fabriqu\u00e9 avec 80 grammes\" \/>\n<meta property=\"og:url\" content=\"https:\/\/brizyproducts.com\/fr\/product\/gilet-thermique-du-quebec\/\" \/>\n<meta property=\"og:site_name\" content=\"Brizy Products\" \/>\n<meta property=\"article:publisher\" content=\"https:\/\/www.facebook.com\/brizy.1983\/\" \/>\n<meta property=\"article:modified_time\" content=\"2025-11-24T13:50:52+00:00\" \/>\n<meta property=\"og:image\" content=\"https:\/\/brizyproducts.com\/wp-content\/uploads\/2023\/10\/2-9-1650x2200.png\" \/>\n\t<meta property=\"og:image:width\" content=\"1650\" \/>\n\t<meta property=\"og:image:height\" content=\"2200\" \/>\n\t<meta property=\"og:image:type\" content=\"image\/png\" \/>\n<meta name=\"twitter:card\" content=\"summary_large_image\" \/>\n<meta property=\"og:availability\" content=\"instock\" \/>\n<meta property=\"product:availability\" content=\"instock\" \/>\n<meta property=\"product:retailer_item_id\" content=\"8037-01\" \/>\n<meta property=\"product:condition\" content=\"new\" \/>\n<!-- \/ Yoast SEO plugin. -->","yoast_head_json":{"title":"Gilet thermique du Qu\u00e9bec | Harness racing clothing | Brizy","description":"Notre gilet l\u00e9g\u00e8rement rembourr\u00e9 est parfait comme couche interm\u00e9diaire pour plus de chaleur ou comme couche ext\u00e9rieure. Il est fabriqu\u00e9 avec 80 grammes","robots":{"index":"index","follow":"follow","max-snippet":"max-snippet:-1","max-image-preview":"max-image-preview:large","max-video-preview":"max-video-preview:-1"},"canonical":"https:\/\/brizyproducts.com\/fr\/product\/gilet-thermique-du-quebec\/","og_locale":"fr_FR","og_type":"article","og_title":"Gilet thermique du Qu\u00e9bec | Harness racing clothing | Brizy","og_description":"Notre gilet l\u00e9g\u00e8rement rembourr\u00e9 est parfait comme couche interm\u00e9diaire pour plus de chaleur ou comme couche ext\u00e9rieure. Il est fabriqu\u00e9 avec 80 grammes","og_url":"https:\/\/brizyproducts.com\/fr\/product\/gilet-thermique-du-quebec\/","og_site_name":"Brizy Products","article_publisher":"https:\/\/www.facebook.com\/brizy.1983\/","article_modified_time":"2025-11-24T13:50:52+00:00","og_image":[{"width":1650,"height":2200,"url":"https:\/\/brizyproducts.com\/wp-content\/uploads\/2023\/10\/2-9-1650x2200.png","type":"image\/png"}],"twitter_card":"summary_large_image","schema":{"@context":"https:\/\/schema.org","@graph":[{"@type":"WebPage","@id":"https:\/\/brizyproducts.com\/fr\/product\/gilet-thermique-du-quebec\/","url":"https:\/\/brizyproducts.com\/fr\/product\/gilet-thermique-du-quebec\/","name":"Gilet thermique du Qu\u00e9bec | Harness racing clothing | Brizy","isPartOf":{"@id":"https:\/\/brizyproducts.com\/fr\/#website"},"primaryImageOfPage":{"@id":"https:\/\/brizyproducts.com\/fr\/product\/gilet-thermique-du-quebec\/#primaryimage"},"image":{"@id":"https:\/\/brizyproducts.com\/fr\/product\/gilet-thermique-du-quebec\/#primaryimage"},"thumbnailUrl":"https:\/\/brizyproducts.com\/wp-content\/uploads\/2023\/10\/2-9.png","datePublished":"2023-10-26T13:58:23+00:00","dateModified":"2025-11-24T13:50:52+00:00","description":"Notre gilet l\u00e9g\u00e8rement rembourr\u00e9 est parfait comme couche interm\u00e9diaire pour plus de chaleur ou comme couche ext\u00e9rieure. Il est fabriqu\u00e9 avec 80 grammes","breadcrumb":{"@id":"https:\/\/brizyproducts.com\/fr\/product\/gilet-thermique-du-quebec\/#breadcrumb"},"inLanguage":"fr-FR","potentialAction":[{"@type":"ReadAction","target":["https:\/\/brizyproducts.com\/fr\/product\/gilet-thermique-du-quebec\/"]}]},{"@type":"ImageObject","inLanguage":"fr-FR","@id":"https:\/\/brizyproducts.com\/fr\/product\/gilet-thermique-du-quebec\/#primaryimage","url":"https:\/\/brizyproducts.com\/wp-content\/uploads\/2023\/10\/2-9.png","contentUrl":"https:\/\/brizyproducts.com\/wp-content\/uploads\/2023\/10\/2-9.png","width":3375,"height":4500},{"@type":"BreadcrumbList","@id":"https:\/\/brizyproducts.com\/fr\/product\/gilet-thermique-du-quebec\/#breadcrumb","itemListElement":[{"@type":"ListItem","position":1,"name":"Hem","item":"https:\/\/brizyproducts.com\/fr\/"},{"@type":"ListItem","position":2,"name":"Shop","item":"https:\/\/brizyproducts.com\/fr\/shop\/"},{"@type":"ListItem","position":3,"name":"Gilet thermique du Qu\u00e9bec"}]},{"@type":"WebSite","@id":"https:\/\/brizyproducts.com\/fr\/#website","url":"https:\/\/brizyproducts.com\/fr\/","name":"Brizy","description":"","publisher":{"@id":"https:\/\/brizyproducts.com\/fr\/#organization"},"potentialAction":[{"@type":"SearchAction","target":{"@type":"EntryPoint","urlTemplate":"https:\/\/brizyproducts.com\/fr\/?s={search_term_string}"},"query-input":{"@type":"PropertyValueSpecification","valueRequired":true,"valueName":"search_term_string"}}],"inLanguage":"fr-FR"},{"@type":"Organization","@id":"https:\/\/brizyproducts.com\/fr\/#organization","name":"Brizy","url":"https:\/\/brizyproducts.com\/fr\/","logo":{"@type":"ImageObject","inLanguage":"fr-FR","@id":"https:\/\/brizyproducts.com\/fr\/#\/schema\/logo\/image\/","url":"https:\/\/brizyproducts.com\/wp-content\/uploads\/2023\/12\/Brizy-old.svg","contentUrl":"https:\/\/brizyproducts.com\/wp-content\/uploads\/2023\/12\/Brizy-old.svg","width":1,"height":1,"caption":"Brizy"},"image":{"@id":"https:\/\/brizyproducts.com\/fr\/#\/schema\/logo\/image\/"},"sameAs":["https:\/\/www.facebook.com\/brizy.1983\/","https:\/\/www.linkedin.com\/company\/brizy-produktion\/"]}]},"og_availability":"instock","product_availability":"instock","product_retailer_item_id":"8037-01","product_condition":"new"},"_links":{"self":[{"href":"https:\/\/brizyproducts.com\/fr\/wp-json\/wp\/v2\/product\/13753","targetHints":{"allow":["GET"]}}],"collection":[{"href":"https:\/\/brizyproducts.com\/fr\/wp-json\/wp\/v2\/product"}],"about":[{"href":"https:\/\/brizyproducts.com\/fr\/wp-json\/wp\/v2\/types\/product"}],"replies":[{"embeddable":true,"href":"https:\/\/brizyproducts.com\/fr\/wp-json\/wp\/v2\/comments?post=13753"}],"wp:featuredmedia":[{"embeddable":true,"href":"https:\/\/brizyproducts.com\/fr\/wp-json\/wp\/v2\/media\/15644"}],"wp:attachment":[{"href":"https:\/\/brizyproducts.com\/fr\/wp-json\/wp\/v2\/media?parent=13753"}],"wp:term":[{"taxonomy":"product_brand","embeddable":true,"href":"https:\/\/brizyproducts.com\/fr\/wp-json\/wp\/v2\/product_brand?post=13753"},{"taxonomy":"product_cat","embeddable":true,"href":"https:\/\/brizyproducts.com\/fr\/wp-json\/wp\/v2\/product_cat?post=13753"},{"taxonomy":"product_tag","embeddable":true,"href":"https:\/\/brizyproducts.com\/fr\/wp-json\/wp\/v2\/product_tag?post=13753"},{"taxonomy":"season","embeddable":true,"href":"https:\/\/brizyproducts.com\/fr\/wp-json\/wp\/v2\/season?post=13753"},{"taxonomy":"gender","embeddable":true,"href":"https:\/\/brizyproducts.com\/fr\/wp-json\/wp\/v2\/gender?post=13753"},{"taxonomy":"collection","embeddable":true,"href":"https:\/\/brizyproducts.com\/fr\/wp-json\/wp\/v2\/collection?post=13753"},{"taxonomy":"activity","embeddable":true,"href":"https:\/\/brizyproducts.com\/fr\/wp-json\/wp\/v2\/activity?post=13753"},{"taxonomy":"product_type_brizy","embeddable":true,"href":"https:\/\/brizyproducts.com\/fr\/wp-json\/wp\/v2\/product_type_brizy?post=13753"}],"curies":[{"name":"wp","href":"https:\/\/api.w.org\/{rel}","templated":true}]}}