{"id":13603,"date":"2023-10-26T13:57:38","date_gmt":"2023-10-26T13:57:38","guid":{"rendered":"https:\/\/brizyproducts.com\/product\/veste-de-proprietaire\/"},"modified":"2026-01-12T09:52:35","modified_gmt":"2026-01-12T09:52:35","slug":"veste-de-proprietaire","status":"publish","type":"product","link":"https:\/\/brizyproducts.com\/fr\/product\/veste-de-proprietaire\/","title":{"rendered":"Casaque de Propri\u00e9taire"},"content":{"rendered":"<h2><strong>Casaque de Propri\u00e9taire personnalis\u00e9e pour tous les propri\u00e9taires de chevaux<\/strong><\/h2>\n<p>La Casaque de Propri\u00e9taire est con\u00e7ue pour les propri\u00e9taires de chevaux qui veulent se d\u00e9marquer. Facilitez l\u2019identification de votre driver et de votre cheval sur l\u2019hippodrome en cr\u00e9ant votre propre veste avec votre motif, logo et couleurs uniques.<\/p>\n<p>La veste est con\u00e7ue pour se porter par-dessus le costume de course, avec une coupe l\u00e9g\u00e8rement oversize pour un ajustement parfait. Elle est l\u00e9g\u00e8re et confortable, ce qui la rend id\u00e9ale pour le trot. Avec une fermeture \u00e9clair \u00e0 l\u2019avant, le driver peut l\u2019enfiler et l\u2019enlever facilement entre les courses.<\/p>\n","protected":false},"excerpt":{"rendered":"<p>La veste de course pour propri\u00e9taires qui veulent se d\u00e9marquer et \u00eatre facilement rep\u00e9r\u00e9s sur l\u2019hippodrome.<\/p>\n<p>&nbsp;<\/p>\n","protected":false},"featured_media":13614,"comment_status":"closed","ping_status":"closed","template":"","meta":{"_acf_changed":false},"product_brand":[],"product_cat":[273,447],"product_tag":[],"class_list":{"0":"post-13603","1":"product","2":"type-product","3":"status-publish","4":"has-post-thumbnail","6":"product_cat-jackets","7":"product_cat-tailor-made-layout","8":"season-summer","9":"gender-men","10":"collection-horse-owner","11":"activity-racing","12":"product_type_brizy-tailor-made","14":"first","15":"instock","16":"taxable","17":"shipping-taxable","18":"purchasable","19":"product-type-simple"},"acf":[],"yoast_head":"<!-- This site is optimized with the Yoast SEO plugin v27.0 - https:\/\/yoast.com\/product\/yoast-seo-wordpress\/ -->\n<title>Casaque de Propri\u00e9taire | Personnalis\u00e9e pour propri\u00e9taires | Brizy<\/title>\n<meta name=\"description\" content=\"Cr\u00e9ez votre Casaque de Propri\u00e9taire avec vos couleurs, motifs et logo pour rep\u00e9rer facilement votre driver et votre cheval.\" \/>\n<meta name=\"robots\" content=\"index, follow, max-snippet:-1, max-image-preview:large, max-video-preview:-1\" \/>\n<link rel=\"canonical\" href=\"https:\/\/brizyproducts.com\/fr\/product\/veste-de-proprietaire\/\" \/>\n<meta property=\"og:locale\" content=\"fr_FR\" \/>\n<meta property=\"og:type\" content=\"article\" \/>\n<meta property=\"og:title\" content=\"Casaque de Propri\u00e9taire | Personnalis\u00e9e pour propri\u00e9taires | Brizy\" \/>\n<meta property=\"og:description\" content=\"Cr\u00e9ez votre Casaque de Propri\u00e9taire avec vos couleurs, motifs et logo pour rep\u00e9rer facilement votre driver et votre cheval.\" \/>\n<meta property=\"og:url\" content=\"https:\/\/brizyproducts.com\/fr\/product\/veste-de-proprietaire\/\" \/>\n<meta property=\"og:site_name\" content=\"Brizy Products\" \/>\n<meta property=\"article:publisher\" content=\"https:\/\/www.facebook.com\/brizy.1983\/\" \/>\n<meta property=\"article:modified_time\" content=\"2026-01-12T09:52:35+00:00\" \/>\n<meta property=\"og:image\" content=\"https:\/\/brizyproducts.com\/wp-content\/uploads\/2023\/10\/5-6-png.webp\" \/>\n\t<meta property=\"og:image:width\" content=\"3375\" \/>\n\t<meta property=\"og:image:height\" content=\"4500\" \/>\n\t<meta property=\"og:image:type\" content=\"image\/png\" \/>\n<meta name=\"twitter:card\" content=\"summary_large_image\" \/>\n<meta property=\"product:price:amount\" content=\"0.00\" \/>\n<meta property=\"product:price:currency\" content=\"USD\" \/>\n<meta property=\"og:availability\" content=\"instock\" \/>\n<meta property=\"product:availability\" content=\"instock\" \/>\n<meta property=\"product:retailer_item_id\" content=\"2514\" \/>\n<meta property=\"product:condition\" content=\"new\" \/>\n<!-- \/ Yoast SEO plugin. -->","yoast_head_json":{"title":"Casaque de Propri\u00e9taire | Personnalis\u00e9e pour propri\u00e9taires | Brizy","description":"Cr\u00e9ez votre Casaque de Propri\u00e9taire avec vos couleurs, motifs et logo pour rep\u00e9rer facilement votre driver et votre cheval.","robots":{"index":"index","follow":"follow","max-snippet":"max-snippet:-1","max-image-preview":"max-image-preview:large","max-video-preview":"max-video-preview:-1"},"canonical":"https:\/\/brizyproducts.com\/fr\/product\/veste-de-proprietaire\/","og_locale":"fr_FR","og_type":"article","og_title":"Casaque de Propri\u00e9taire | Personnalis\u00e9e pour propri\u00e9taires | Brizy","og_description":"Cr\u00e9ez votre Casaque de Propri\u00e9taire avec vos couleurs, motifs et logo pour rep\u00e9rer facilement votre driver et votre cheval.","og_url":"https:\/\/brizyproducts.com\/fr\/product\/veste-de-proprietaire\/","og_site_name":"Brizy Products","article_publisher":"https:\/\/www.facebook.com\/brizy.1983\/","article_modified_time":"2026-01-12T09:52:35+00:00","og_image":[{"width":3375,"height":4500,"url":"https:\/\/brizyproducts.com\/wp-content\/uploads\/2023\/10\/5-6-png.webp","type":"image\/png"}],"twitter_card":"summary_large_image","schema":{"@context":"https:\/\/schema.org","@graph":[{"@type":"WebPage","@id":"https:\/\/brizyproducts.com\/fr\/product\/veste-de-proprietaire\/","url":"https:\/\/brizyproducts.com\/fr\/product\/veste-de-proprietaire\/","name":"Casaque de Propri\u00e9taire | Personnalis\u00e9e pour propri\u00e9taires | Brizy","isPartOf":{"@id":"https:\/\/brizyproducts.com\/fr\/#website"},"primaryImageOfPage":{"@id":"https:\/\/brizyproducts.com\/fr\/product\/veste-de-proprietaire\/#primaryimage"},"image":{"@id":"https:\/\/brizyproducts.com\/fr\/product\/veste-de-proprietaire\/#primaryimage"},"thumbnailUrl":"https:\/\/brizyproducts.com\/wp-content\/uploads\/2023\/10\/5-6-png.webp","datePublished":"2023-10-26T13:57:38+00:00","dateModified":"2026-01-12T09:52:35+00:00","description":"Cr\u00e9ez votre Casaque de Propri\u00e9taire avec vos couleurs, motifs et logo pour rep\u00e9rer facilement votre driver et votre cheval.","breadcrumb":{"@id":"https:\/\/brizyproducts.com\/fr\/product\/veste-de-proprietaire\/#breadcrumb"},"inLanguage":"fr-FR","potentialAction":[{"@type":"ReadAction","target":["https:\/\/brizyproducts.com\/fr\/product\/veste-de-proprietaire\/"]}]},{"@type":"ImageObject","inLanguage":"fr-FR","@id":"https:\/\/brizyproducts.com\/fr\/product\/veste-de-proprietaire\/#primaryimage","url":"https:\/\/brizyproducts.com\/wp-content\/uploads\/2023\/10\/5-6-png.webp","contentUrl":"https:\/\/brizyproducts.com\/wp-content\/uploads\/2023\/10\/5-6-png.webp","width":2560,"height":3413},{"@type":"BreadcrumbList","@id":"https:\/\/brizyproducts.com\/fr\/product\/veste-de-proprietaire\/#breadcrumb","itemListElement":[{"@type":"ListItem","position":1,"name":"Hem","item":"https:\/\/brizyproducts.com\/fr\/"},{"@type":"ListItem","position":2,"name":"Shop","item":"https:\/\/brizyproducts.com\/fr\/shop\/"},{"@type":"ListItem","position":3,"name":"Casaque de Propri\u00e9taire"}]},{"@type":"WebSite","@id":"https:\/\/brizyproducts.com\/fr\/#website","url":"https:\/\/brizyproducts.com\/fr\/","name":"Brizy","description":"","publisher":{"@id":"https:\/\/brizyproducts.com\/fr\/#organization"},"potentialAction":[{"@type":"SearchAction","target":{"@type":"EntryPoint","urlTemplate":"https:\/\/brizyproducts.com\/fr\/?s={search_term_string}"},"query-input":{"@type":"PropertyValueSpecification","valueRequired":true,"valueName":"search_term_string"}}],"inLanguage":"fr-FR"},{"@type":"Organization","@id":"https:\/\/brizyproducts.com\/fr\/#organization","name":"Brizy","url":"https:\/\/brizyproducts.com\/fr\/","logo":{"@type":"ImageObject","inLanguage":"fr-FR","@id":"https:\/\/brizyproducts.com\/fr\/#\/schema\/logo\/image\/","url":"https:\/\/brizyproducts.com\/wp-content\/uploads\/2023\/12\/Brizy-old.svg","contentUrl":"https:\/\/brizyproducts.com\/wp-content\/uploads\/2023\/12\/Brizy-old.svg","width":1,"height":1,"caption":"Brizy"},"image":{"@id":"https:\/\/brizyproducts.com\/fr\/#\/schema\/logo\/image\/"},"sameAs":["https:\/\/www.facebook.com\/brizy.1983\/","https:\/\/www.linkedin.com\/company\/brizy-produktion\/"]}]},"product_price_amount":"0.00","product_price_currency":"USD","og_availability":"instock","product_availability":"instock","product_retailer_item_id":"2514","product_condition":"new"},"_links":{"self":[{"href":"https:\/\/brizyproducts.com\/fr\/wp-json\/wp\/v2\/product\/13603","targetHints":{"allow":["GET"]}}],"collection":[{"href":"https:\/\/brizyproducts.com\/fr\/wp-json\/wp\/v2\/product"}],"about":[{"href":"https:\/\/brizyproducts.com\/fr\/wp-json\/wp\/v2\/types\/product"}],"replies":[{"embeddable":true,"href":"https:\/\/brizyproducts.com\/fr\/wp-json\/wp\/v2\/comments?post=13603"}],"wp:featuredmedia":[{"embeddable":true,"href":"https:\/\/brizyproducts.com\/fr\/wp-json\/wp\/v2\/media\/13614"}],"wp:attachment":[{"href":"https:\/\/brizyproducts.com\/fr\/wp-json\/wp\/v2\/media?parent=13603"}],"wp:term":[{"taxonomy":"product_brand","embeddable":true,"href":"https:\/\/brizyproducts.com\/fr\/wp-json\/wp\/v2\/product_brand?post=13603"},{"taxonomy":"product_cat","embeddable":true,"href":"https:\/\/brizyproducts.com\/fr\/wp-json\/wp\/v2\/product_cat?post=13603"},{"taxonomy":"product_tag","embeddable":true,"href":"https:\/\/brizyproducts.com\/fr\/wp-json\/wp\/v2\/product_tag?post=13603"}],"curies":[{"name":"wp","href":"https:\/\/api.w.org\/{rel}","templated":true}]}}