{"id":13397,"date":"2023-10-26T13:56:57","date_gmt":"2023-10-26T13:56:57","guid":{"rendered":"https:\/\/brizyproducts.com\/product\/piece-dhiver-lexington\/"},"modified":"2026-01-08T10:20:49","modified_gmt":"2026-01-08T10:20:49","slug":"piece-dhiver-lexington","status":"publish","type":"product","link":"https:\/\/brizyproducts.com\/fr\/product\/piece-dhiver-lexington\/","title":{"rendered":"Combinaison d\u2019hiver Lexington"},"content":{"rendered":"<h2><strong>La combinaison ultime pour les journ\u00e9es froides<\/strong><\/h2>\n<p>La combinaison d\u2019hiver Lexington est le choix parfait pour les drivers lors des journ\u00e9es les plus froides de l\u2019hiver. Cette combinaison d\u2019hiver enti\u00e8rement con\u00e7ue est d\u00e9velopp\u00e9e pour offrir un confort maximal, de la chaleur et une grande libert\u00e9 de mouvement, m\u00eame dans les conditions de course les plus exigeantes. Fabriqu\u00e9e dans notre mat\u00e9riau stretch durable avec doublure Z, la combinaison prot\u00e8ge efficacement contre le vent et la pluie, vous gardant au sec et au chaud tout au long de la journ\u00e9e de course.<\/p>\n<p>Avec un large choix de couleurs, d\u2019\u00e9paisseurs et de designs, vous pouvez personnaliser enti\u00e8rement votre combinaison selon vos pr\u00e9f\u00e9rences exactes. Chaque combinaison est r\u00e9alis\u00e9e sur mesure pour un ajustement optimal et fabriqu\u00e9e \u00e0 partir de mat\u00e9riaux qui font r\u00e9ellement la diff\u00e9rence. Le r\u00e9sultat est une combinaison d\u2019hiver adapt\u00e9e aux besoins de chaque driver &#8211; de la doublure et du niveau de chaleur \u00e0 l\u2019ajustement, la fonctionnalit\u00e9 et le design.<\/p>\n","protected":false},"excerpt":{"rendered":"<p>Une combinaison de course d\u2019hiver sur mesure o\u00f9 l\u2019\u00e9paisseur de la doublure, la coupe et le design sont enti\u00e8rement \u00e0 votre choix.<\/p>\n","protected":false},"featured_media":13404,"comment_status":"closed","ping_status":"closed","template":"","meta":{"_acf_changed":false},"product_brand":[],"product_cat":[331,447],"product_tag":[],"season":[503],"gender":[509,511],"collection":[513],"activity":[563],"product_type_brizy":[567],"class_list":{"0":"post-13397","1":"product","2":"type-product","3":"status-publish","4":"has-post-thumbnail","6":"product_cat-one-pieces","7":"product_cat-tailor-made-layout","8":"season-winter","9":"gender-men","10":"gender-women","11":"collection-lexington","12":"activity-trotting","13":"product_type_brizy-custom-made","15":"first","16":"instock","17":"taxable","18":"shipping-taxable","19":"purchasable","20":"product-type-simple"},"acf":[],"yoast_head":"<!-- This site is optimized with the Yoast SEO plugin v27.4 - https:\/\/yoast.com\/product\/yoast-seo-wordpress\/ -->\n<title>D\u2019hiver Lexington | Combinaison de course sur mesure | Brizy<\/title>\n<meta name=\"description\" content=\"La combinaison d\u2019hiver id\u00e9ale pour les drivers. Con\u00e7ue sur mesure et r\u00e9alis\u00e9e selon vos mensurations pour un ajustement, un confort et une chaleur optimaux.\" \/>\n<meta name=\"robots\" content=\"index, follow, max-snippet:-1, max-image-preview:large, max-video-preview:-1\" \/>\n<link rel=\"canonical\" href=\"https:\/\/brizyproducts.com\/fr\/product\/piece-dhiver-lexington\/\" \/>\n<meta property=\"og:locale\" content=\"fr_FR\" \/>\n<meta property=\"og:type\" content=\"article\" \/>\n<meta property=\"og:title\" content=\"D\u2019hiver Lexington | Combinaison de course sur mesure | Brizy\" \/>\n<meta property=\"og:description\" content=\"La combinaison d\u2019hiver id\u00e9ale pour les drivers. Con\u00e7ue sur mesure et r\u00e9alis\u00e9e selon vos mensurations pour un ajustement, un confort et une chaleur optimaux.\" \/>\n<meta property=\"og:url\" content=\"https:\/\/brizyproducts.com\/fr\/product\/piece-dhiver-lexington\/\" \/>\n<meta property=\"og:site_name\" content=\"Brizy Products\" \/>\n<meta property=\"article:publisher\" content=\"https:\/\/www.facebook.com\/brizy.1983\/\" \/>\n<meta property=\"article:modified_time\" content=\"2026-01-08T10:20:49+00:00\" \/>\n<meta property=\"og:image\" content=\"https:\/\/brizyproducts.com\/wp-content\/uploads\/2023\/10\/2-22-png.webp\" \/>\n\t<meta property=\"og:image:width\" content=\"3375\" \/>\n\t<meta property=\"og:image:height\" content=\"4500\" \/>\n\t<meta property=\"og:image:type\" content=\"image\/png\" \/>\n<meta name=\"twitter:card\" content=\"summary_large_image\" \/>\n<meta property=\"product:price:amount\" content=\"0.00\" \/>\n<meta property=\"product:price:currency\" content=\"USD\" \/>\n<meta property=\"og:availability\" content=\"instock\" \/>\n<meta property=\"product:availability\" content=\"instock\" \/>\n<meta property=\"product:retailer_item_id\" content=\"144580\" \/>\n<meta property=\"product:condition\" content=\"new\" \/>\n<!-- \/ Yoast SEO plugin. -->","yoast_head_json":{"title":"D\u2019hiver Lexington | Combinaison de course sur mesure | Brizy","description":"La combinaison d\u2019hiver id\u00e9ale pour les drivers. Con\u00e7ue sur mesure et r\u00e9alis\u00e9e selon vos mensurations pour un ajustement, un confort et une chaleur optimaux.","robots":{"index":"index","follow":"follow","max-snippet":"max-snippet:-1","max-image-preview":"max-image-preview:large","max-video-preview":"max-video-preview:-1"},"canonical":"https:\/\/brizyproducts.com\/fr\/product\/piece-dhiver-lexington\/","og_locale":"fr_FR","og_type":"article","og_title":"D\u2019hiver Lexington | Combinaison de course sur mesure | Brizy","og_description":"La combinaison d\u2019hiver id\u00e9ale pour les drivers. Con\u00e7ue sur mesure et r\u00e9alis\u00e9e selon vos mensurations pour un ajustement, un confort et une chaleur optimaux.","og_url":"https:\/\/brizyproducts.com\/fr\/product\/piece-dhiver-lexington\/","og_site_name":"Brizy Products","article_publisher":"https:\/\/www.facebook.com\/brizy.1983\/","article_modified_time":"2026-01-08T10:20:49+00:00","og_image":[{"width":3375,"height":4500,"url":"https:\/\/brizyproducts.com\/wp-content\/uploads\/2023\/10\/2-22-png.webp","type":"image\/png"}],"twitter_card":"summary_large_image","schema":{"@context":"https:\/\/schema.org","@graph":[{"@type":"WebPage","@id":"https:\/\/brizyproducts.com\/fr\/product\/piece-dhiver-lexington\/","url":"https:\/\/brizyproducts.com\/fr\/product\/piece-dhiver-lexington\/","name":"D\u2019hiver Lexington | Combinaison de course sur mesure | Brizy","isPartOf":{"@id":"https:\/\/brizyproducts.com\/fr\/#website"},"primaryImageOfPage":{"@id":"https:\/\/brizyproducts.com\/fr\/product\/piece-dhiver-lexington\/#primaryimage"},"image":{"@id":"https:\/\/brizyproducts.com\/fr\/product\/piece-dhiver-lexington\/#primaryimage"},"thumbnailUrl":"https:\/\/brizyproducts.com\/wp-content\/uploads\/2023\/10\/2-22-png.webp","datePublished":"2023-10-26T13:56:57+00:00","dateModified":"2026-01-08T10:20:49+00:00","description":"La combinaison d\u2019hiver id\u00e9ale pour les drivers. Con\u00e7ue sur mesure et r\u00e9alis\u00e9e selon vos mensurations pour un ajustement, un confort et une chaleur optimaux.","breadcrumb":{"@id":"https:\/\/brizyproducts.com\/fr\/product\/piece-dhiver-lexington\/#breadcrumb"},"inLanguage":"fr-FR","potentialAction":[{"@type":"ReadAction","target":["https:\/\/brizyproducts.com\/fr\/product\/piece-dhiver-lexington\/"]}]},{"@type":"ImageObject","inLanguage":"fr-FR","@id":"https:\/\/brizyproducts.com\/fr\/product\/piece-dhiver-lexington\/#primaryimage","url":"https:\/\/brizyproducts.com\/wp-content\/uploads\/2023\/10\/2-22-png.webp","contentUrl":"https:\/\/brizyproducts.com\/wp-content\/uploads\/2023\/10\/2-22-png.webp","width":2560,"height":3413},{"@type":"BreadcrumbList","@id":"https:\/\/brizyproducts.com\/fr\/product\/piece-dhiver-lexington\/#breadcrumb","itemListElement":[{"@type":"ListItem","position":1,"name":"Hem","item":"https:\/\/brizyproducts.com\/fr\/"},{"@type":"ListItem","position":2,"name":"Shop","item":"https:\/\/brizyproducts.com\/fr\/shop\/"},{"@type":"ListItem","position":3,"name":"Combinaison d\u2019hiver Lexington"}]},{"@type":"WebSite","@id":"https:\/\/brizyproducts.com\/fr\/#website","url":"https:\/\/brizyproducts.com\/fr\/","name":"Brizy","description":"","publisher":{"@id":"https:\/\/brizyproducts.com\/fr\/#organization"},"potentialAction":[{"@type":"SearchAction","target":{"@type":"EntryPoint","urlTemplate":"https:\/\/brizyproducts.com\/fr\/?s={search_term_string}"},"query-input":{"@type":"PropertyValueSpecification","valueRequired":true,"valueName":"search_term_string"}}],"inLanguage":"fr-FR"},{"@type":"Organization","@id":"https:\/\/brizyproducts.com\/fr\/#organization","name":"Brizy","url":"https:\/\/brizyproducts.com\/fr\/","logo":{"@type":"ImageObject","inLanguage":"fr-FR","@id":"https:\/\/brizyproducts.com\/fr\/#\/schema\/logo\/image\/","url":"https:\/\/brizyproducts.com\/wp-content\/uploads\/2023\/12\/Brizy-old.svg","contentUrl":"https:\/\/brizyproducts.com\/wp-content\/uploads\/2023\/12\/Brizy-old.svg","width":1,"height":1,"caption":"Brizy"},"image":{"@id":"https:\/\/brizyproducts.com\/fr\/#\/schema\/logo\/image\/"},"sameAs":["https:\/\/www.facebook.com\/brizy.1983\/","https:\/\/www.linkedin.com\/company\/brizy-produktion\/"]}]},"product_price_amount":"0.00","product_price_currency":"USD","og_availability":"instock","product_availability":"instock","product_retailer_item_id":"144580","product_condition":"new"},"_links":{"self":[{"href":"https:\/\/brizyproducts.com\/fr\/wp-json\/wp\/v2\/product\/13397","targetHints":{"allow":["GET"]}}],"collection":[{"href":"https:\/\/brizyproducts.com\/fr\/wp-json\/wp\/v2\/product"}],"about":[{"href":"https:\/\/brizyproducts.com\/fr\/wp-json\/wp\/v2\/types\/product"}],"replies":[{"embeddable":true,"href":"https:\/\/brizyproducts.com\/fr\/wp-json\/wp\/v2\/comments?post=13397"}],"wp:featuredmedia":[{"embeddable":true,"href":"https:\/\/brizyproducts.com\/fr\/wp-json\/wp\/v2\/media\/13404"}],"wp:attachment":[{"href":"https:\/\/brizyproducts.com\/fr\/wp-json\/wp\/v2\/media?parent=13397"}],"wp:term":[{"taxonomy":"product_brand","embeddable":true,"href":"https:\/\/brizyproducts.com\/fr\/wp-json\/wp\/v2\/product_brand?post=13397"},{"taxonomy":"product_cat","embeddable":true,"href":"https:\/\/brizyproducts.com\/fr\/wp-json\/wp\/v2\/product_cat?post=13397"},{"taxonomy":"product_tag","embeddable":true,"href":"https:\/\/brizyproducts.com\/fr\/wp-json\/wp\/v2\/product_tag?post=13397"},{"taxonomy":"season","embeddable":true,"href":"https:\/\/brizyproducts.com\/fr\/wp-json\/wp\/v2\/season?post=13397"},{"taxonomy":"gender","embeddable":true,"href":"https:\/\/brizyproducts.com\/fr\/wp-json\/wp\/v2\/gender?post=13397"},{"taxonomy":"collection","embeddable":true,"href":"https:\/\/brizyproducts.com\/fr\/wp-json\/wp\/v2\/collection?post=13397"},{"taxonomy":"activity","embeddable":true,"href":"https:\/\/brizyproducts.com\/fr\/wp-json\/wp\/v2\/activity?post=13397"},{"taxonomy":"product_type_brizy","embeddable":true,"href":"https:\/\/brizyproducts.com\/fr\/wp-json\/wp\/v2\/product_type_brizy?post=13397"}],"curies":[{"name":"wp","href":"https:\/\/api.w.org\/{rel}","templated":true}]}}