{"id":13385,"date":"2023-10-26T13:56:57","date_gmt":"2023-10-26T13:56:57","guid":{"rendered":"https:\/\/brizyproducts.com\/product\/lexington-monopiece-printemps-automne\/"},"modified":"2026-01-08T10:33:41","modified_gmt":"2026-01-08T10:33:41","slug":"lexington-monopiece-printemps-automne","status":"publish","type":"product","link":"https:\/\/brizyproducts.com\/fr\/product\/lexington-monopiece-printemps-automne\/","title":{"rendered":"Combinaison Lexington Printemps\/Automne"},"content":{"rendered":"<h2><strong>Notre combinaison de course populaire pour le printemps et l\u2019automne<\/strong><\/h2>\n<p>Cette combinaison est id\u00e9ale pour les drivers et con\u00e7ue pour offrir un confort maximal lors des journ\u00e9es de course au printemps et en automne. Fabriqu\u00e9e dans notre mat\u00e9riau stretch durable avec doublure Z, elle prot\u00e8ge efficacement contre le vent et la pluie.<\/p>\n<p>Avec un large choix de couleurs et de designs, vous pouvez personnaliser enti\u00e8rement votre combinaison selon vos pr\u00e9f\u00e9rences. Chaque combinaison est r\u00e9alis\u00e9e sur mesure pour un ajustement parfait et fabriqu\u00e9e dans des mat\u00e9riaux qui font r\u00e9ellement la diff\u00e9rence. Le r\u00e9sultat est la combinaison de printemps et d\u2019automne ultime pour les drivers qui veulent tout : fonctionnalit\u00e9, confort, ajustement, durabilit\u00e9 et style.<\/p>\n","protected":false},"excerpt":{"rendered":"<p>Combinaison de course sur mesure pour les journ\u00e9es de course au printemps et en automne, offrant un ajustement et un confort optimaux.<\/p>\n","protected":false},"featured_media":13388,"comment_status":"closed","ping_status":"closed","template":"","meta":{"_acf_changed":false},"product_brand":[],"product_cat":[331,240,447,262],"product_tag":[461],"class_list":{"0":"post-13385","1":"product","2":"type-product","3":"status-publish","4":"has-post-thumbnail","6":"product_cat-one-pieces","7":"product_cat-mens","8":"product_cat-tailor-made-layout","9":"product_cat-womens","10":"product_tag-lexington-spring-fall-fr","11":"season-spring-fall","12":"gender-men","13":"gender-women","14":"collection-lexington","15":"activity-racing","16":"product_type_brizy-tailor-made","18":"first","19":"instock","20":"virtual","21":"taxable","22":"purchasable","23":"product-type-simple"},"acf":[],"yoast_head":"<!-- This site is optimized with the Yoast SEO plugin v27.0 - https:\/\/yoast.com\/product\/yoast-seo-wordpress\/ -->\n<title>Lexington Printemps\/Automne | Combinaison de course | Brizy<\/title>\n<meta name=\"description\" content=\"Combinaison de course id\u00e9ale pour le printemps et l\u2019automne, con\u00e7ue sur mesure pour offrir aux drivers un ajustement parfait et un confort optimal.\" \/>\n<meta name=\"robots\" content=\"index, follow, max-snippet:-1, max-image-preview:large, max-video-preview:-1\" \/>\n<link rel=\"canonical\" href=\"https:\/\/brizyproducts.com\/fr\/product\/lexington-monopiece-printemps-automne\/\" \/>\n<meta property=\"og:locale\" content=\"fr_FR\" \/>\n<meta property=\"og:type\" content=\"article\" \/>\n<meta property=\"og:title\" content=\"Lexington Printemps\/Automne | Combinaison de course | Brizy\" \/>\n<meta property=\"og:description\" content=\"Combinaison de course id\u00e9ale pour le printemps et l\u2019automne, con\u00e7ue sur mesure pour offrir aux drivers un ajustement parfait et un confort optimal.\" \/>\n<meta property=\"og:url\" content=\"https:\/\/brizyproducts.com\/fr\/product\/lexington-monopiece-printemps-automne\/\" \/>\n<meta property=\"og:site_name\" content=\"Brizy Products\" \/>\n<meta property=\"article:publisher\" content=\"https:\/\/www.facebook.com\/brizy.1983\/\" \/>\n<meta property=\"article:modified_time\" content=\"2026-01-08T10:33:41+00:00\" \/>\n<meta property=\"og:image\" content=\"https:\/\/brizyproducts.com\/wp-content\/uploads\/2023\/10\/1-24-png.webp\" \/>\n\t<meta property=\"og:image:width\" content=\"3375\" \/>\n\t<meta property=\"og:image:height\" content=\"4500\" \/>\n\t<meta property=\"og:image:type\" content=\"image\/png\" \/>\n<meta name=\"twitter:card\" content=\"summary_large_image\" \/>\n<meta property=\"product:price:amount\" content=\"0.00\" \/>\n<meta property=\"product:price:currency\" content=\"USD\" \/>\n<meta property=\"og:availability\" content=\"instock\" \/>\n<meta property=\"product:availability\" content=\"instock\" \/>\n<meta property=\"product:retailer_item_id\" content=\"1445\" \/>\n<meta property=\"product:condition\" content=\"new\" \/>\n<!-- \/ Yoast SEO plugin. -->","yoast_head_json":{"title":"Lexington Printemps\/Automne | Combinaison de course | Brizy","description":"Combinaison de course id\u00e9ale pour le printemps et l\u2019automne, con\u00e7ue sur mesure pour offrir aux drivers un ajustement parfait et un confort optimal.","robots":{"index":"index","follow":"follow","max-snippet":"max-snippet:-1","max-image-preview":"max-image-preview:large","max-video-preview":"max-video-preview:-1"},"canonical":"https:\/\/brizyproducts.com\/fr\/product\/lexington-monopiece-printemps-automne\/","og_locale":"fr_FR","og_type":"article","og_title":"Lexington Printemps\/Automne | Combinaison de course | Brizy","og_description":"Combinaison de course id\u00e9ale pour le printemps et l\u2019automne, con\u00e7ue sur mesure pour offrir aux drivers un ajustement parfait et un confort optimal.","og_url":"https:\/\/brizyproducts.com\/fr\/product\/lexington-monopiece-printemps-automne\/","og_site_name":"Brizy Products","article_publisher":"https:\/\/www.facebook.com\/brizy.1983\/","article_modified_time":"2026-01-08T10:33:41+00:00","og_image":[{"width":3375,"height":4500,"url":"https:\/\/brizyproducts.com\/wp-content\/uploads\/2023\/10\/1-24-png.webp","type":"image\/png"}],"twitter_card":"summary_large_image","schema":{"@context":"https:\/\/schema.org","@graph":[{"@type":"WebPage","@id":"https:\/\/brizyproducts.com\/fr\/product\/lexington-monopiece-printemps-automne\/","url":"https:\/\/brizyproducts.com\/fr\/product\/lexington-monopiece-printemps-automne\/","name":"Lexington Printemps\/Automne | Combinaison de course | Brizy","isPartOf":{"@id":"https:\/\/brizyproducts.com\/fr\/#website"},"primaryImageOfPage":{"@id":"https:\/\/brizyproducts.com\/fr\/product\/lexington-monopiece-printemps-automne\/#primaryimage"},"image":{"@id":"https:\/\/brizyproducts.com\/fr\/product\/lexington-monopiece-printemps-automne\/#primaryimage"},"thumbnailUrl":"https:\/\/brizyproducts.com\/wp-content\/uploads\/2023\/10\/1-24-png.webp","datePublished":"2023-10-26T13:56:57+00:00","dateModified":"2026-01-08T10:33:41+00:00","description":"Combinaison de course id\u00e9ale pour le printemps et l\u2019automne, con\u00e7ue sur mesure pour offrir aux drivers un ajustement parfait et un confort optimal.","breadcrumb":{"@id":"https:\/\/brizyproducts.com\/fr\/product\/lexington-monopiece-printemps-automne\/#breadcrumb"},"inLanguage":"fr-FR","potentialAction":[{"@type":"ReadAction","target":["https:\/\/brizyproducts.com\/fr\/product\/lexington-monopiece-printemps-automne\/"]}]},{"@type":"ImageObject","inLanguage":"fr-FR","@id":"https:\/\/brizyproducts.com\/fr\/product\/lexington-monopiece-printemps-automne\/#primaryimage","url":"https:\/\/brizyproducts.com\/wp-content\/uploads\/2023\/10\/1-24-png.webp","contentUrl":"https:\/\/brizyproducts.com\/wp-content\/uploads\/2023\/10\/1-24-png.webp","width":2560,"height":3413},{"@type":"BreadcrumbList","@id":"https:\/\/brizyproducts.com\/fr\/product\/lexington-monopiece-printemps-automne\/#breadcrumb","itemListElement":[{"@type":"ListItem","position":1,"name":"Hem","item":"https:\/\/brizyproducts.com\/fr\/"},{"@type":"ListItem","position":2,"name":"Shop","item":"https:\/\/brizyproducts.com\/fr\/shop\/"},{"@type":"ListItem","position":3,"name":"Combinaison Lexington Printemps\/Automne"}]},{"@type":"WebSite","@id":"https:\/\/brizyproducts.com\/fr\/#website","url":"https:\/\/brizyproducts.com\/fr\/","name":"Brizy","description":"","publisher":{"@id":"https:\/\/brizyproducts.com\/fr\/#organization"},"potentialAction":[{"@type":"SearchAction","target":{"@type":"EntryPoint","urlTemplate":"https:\/\/brizyproducts.com\/fr\/?s={search_term_string}"},"query-input":{"@type":"PropertyValueSpecification","valueRequired":true,"valueName":"search_term_string"}}],"inLanguage":"fr-FR"},{"@type":"Organization","@id":"https:\/\/brizyproducts.com\/fr\/#organization","name":"Brizy","url":"https:\/\/brizyproducts.com\/fr\/","logo":{"@type":"ImageObject","inLanguage":"fr-FR","@id":"https:\/\/brizyproducts.com\/fr\/#\/schema\/logo\/image\/","url":"https:\/\/brizyproducts.com\/wp-content\/uploads\/2023\/12\/Brizy-old.svg","contentUrl":"https:\/\/brizyproducts.com\/wp-content\/uploads\/2023\/12\/Brizy-old.svg","width":1,"height":1,"caption":"Brizy"},"image":{"@id":"https:\/\/brizyproducts.com\/fr\/#\/schema\/logo\/image\/"},"sameAs":["https:\/\/www.facebook.com\/brizy.1983\/","https:\/\/www.linkedin.com\/company\/brizy-produktion\/"]}]},"product_price_amount":"0.00","product_price_currency":"USD","og_availability":"instock","product_availability":"instock","product_retailer_item_id":"1445","product_condition":"new"},"_links":{"self":[{"href":"https:\/\/brizyproducts.com\/fr\/wp-json\/wp\/v2\/product\/13385","targetHints":{"allow":["GET"]}}],"collection":[{"href":"https:\/\/brizyproducts.com\/fr\/wp-json\/wp\/v2\/product"}],"about":[{"href":"https:\/\/brizyproducts.com\/fr\/wp-json\/wp\/v2\/types\/product"}],"replies":[{"embeddable":true,"href":"https:\/\/brizyproducts.com\/fr\/wp-json\/wp\/v2\/comments?post=13385"}],"wp:featuredmedia":[{"embeddable":true,"href":"https:\/\/brizyproducts.com\/fr\/wp-json\/wp\/v2\/media\/13388"}],"wp:attachment":[{"href":"https:\/\/brizyproducts.com\/fr\/wp-json\/wp\/v2\/media?parent=13385"}],"wp:term":[{"taxonomy":"product_brand","embeddable":true,"href":"https:\/\/brizyproducts.com\/fr\/wp-json\/wp\/v2\/product_brand?post=13385"},{"taxonomy":"product_cat","embeddable":true,"href":"https:\/\/brizyproducts.com\/fr\/wp-json\/wp\/v2\/product_cat?post=13385"},{"taxonomy":"product_tag","embeddable":true,"href":"https:\/\/brizyproducts.com\/fr\/wp-json\/wp\/v2\/product_tag?post=13385"}],"curies":[{"name":"wp","href":"https:\/\/api.w.org\/{rel}","templated":true}]}}