{"id":13357,"date":"2023-10-26T13:56:26","date_gmt":"2023-10-26T13:56:26","guid":{"rendered":"https:\/\/brizyproducts.com\/product\/napoli-spring-fall-onepiece\/"},"modified":"2026-02-24T10:35:56","modified_gmt":"2026-02-24T10:35:56","slug":"napoli-spring-fall-onepiece","status":"publish","type":"product","link":"https:\/\/brizyproducts.com\/fr\/product\/napoli-spring-fall-onepiece\/","title":{"rendered":"Combinaison Napoli Printemps\/Automne"},"content":{"rendered":"<h2><strong>La combinaison d\u2019entra\u00eenement toutes saisons id\u00e9ale pour le trot.<\/strong><\/h2>\n<p>Une tenue printemps\/automne parfaite pour les drivers, entra\u00eeneurs et le personnel d\u2019\u00e9curie, con\u00e7ue pour offrir un confort maximal pendant les s\u00e9ances d\u2019entra\u00eenement tout au long de l\u2019ann\u00e9e. Gr\u00e2ce \u00e0 sa grande respirabilit\u00e9 et \u00e0 notre tissu stretch r\u00e9sistant avec doublure Z, elle prot\u00e8ge efficacement contre le vent et la pluie tout en vous gardant au frais.<\/p>\n<p>Choisissez vos propres couleurs et votre design pour l\u2019assortir \u00e0 votre tenue de course ou aux couleurs de votre \u00e9curie. La Combinaison Napoli Printemps\/Automne est faite sur mesure pour un ajustement parfait et fabriqu\u00e9e avec des mat\u00e9riaux qui font vraiment la diff\u00e9rence.<\/p>\n","protected":false},"excerpt":{"rendered":"<p>Combinaison d\u2019entra\u00eenement toutes saisons, sur mesure, offrant un ajustement parfait et un confort optimal.<\/p>\n","protected":false},"featured_media":13359,"comment_status":"closed","ping_status":"closed","template":"","meta":{"_acf_changed":false},"product_brand":[],"product_cat":[331,240,447,262],"product_tag":[],"class_list":{"0":"post-13357","1":"product","2":"type-product","3":"status-publish","4":"has-post-thumbnail","6":"product_cat-one-pieces","7":"product_cat-mens","8":"product_cat-tailor-made-layout","9":"product_cat-womens","10":"season-spring-fall","11":"gender-men","12":"gender-women","13":"collection-napoli","14":"activity-training","15":"product_type_brizy-tailor-made","17":"first","18":"instock","19":"taxable","20":"shipping-taxable","21":"purchasable","22":"product-type-simple"},"acf":[],"yoast_head":"<!-- This site is optimized with the Yoast SEO plugin v27.3 - https:\/\/yoast.com\/product\/yoast-seo-wordpress\/ -->\n<title>Combinaison Napoli | Tenue d\u2019entra\u00eenement pour le trot | Brizy<\/title>\n<meta name=\"description\" content=\"Une tenue sur mesure offrant confort et ajustement optimal pour les drivers et entra\u00eeneurs de trot au printemps et en automne.\" \/>\n<meta name=\"robots\" content=\"index, follow, max-snippet:-1, max-image-preview:large, max-video-preview:-1\" \/>\n<link rel=\"canonical\" href=\"https:\/\/brizyproducts.com\/fr\/product\/napoli-spring-fall-onepiece\/\" \/>\n<meta property=\"og:locale\" content=\"fr_FR\" \/>\n<meta property=\"og:type\" content=\"article\" \/>\n<meta property=\"og:title\" content=\"Combinaison Napoli | Tenue d\u2019entra\u00eenement pour le trot | Brizy\" \/>\n<meta property=\"og:description\" content=\"Une tenue sur mesure offrant confort et ajustement optimal pour les drivers et entra\u00eeneurs de trot au printemps et en automne.\" \/>\n<meta property=\"og:url\" content=\"https:\/\/brizyproducts.com\/fr\/product\/napoli-spring-fall-onepiece\/\" \/>\n<meta property=\"og:site_name\" content=\"Brizy Products\" \/>\n<meta property=\"article:publisher\" content=\"https:\/\/www.facebook.com\/brizy.1983\/\" \/>\n<meta property=\"article:modified_time\" content=\"2026-02-24T10:35:56+00:00\" \/>\n<meta property=\"og:image\" content=\"https:\/\/brizyproducts.com\/wp-content\/uploads\/2023\/10\/17-1650x2200.png\" \/>\n\t<meta property=\"og:image:width\" content=\"1650\" \/>\n\t<meta property=\"og:image:height\" content=\"2200\" \/>\n\t<meta property=\"og:image:type\" content=\"image\/png\" \/>\n<meta name=\"twitter:card\" content=\"summary_large_image\" \/>\n<meta property=\"product:price:amount\" content=\"0.00\" \/>\n<meta property=\"product:price:currency\" content=\"USD\" \/>\n<meta property=\"og:availability\" content=\"instock\" \/>\n<meta property=\"product:availability\" content=\"instock\" \/>\n<meta property=\"product:retailer_item_id\" content=\"1450\" \/>\n<meta property=\"product:condition\" content=\"new\" \/>\n<!-- \/ Yoast SEO plugin. -->","yoast_head_json":{"title":"Combinaison Napoli | Tenue d\u2019entra\u00eenement pour le trot | Brizy","description":"Une tenue sur mesure offrant confort et ajustement optimal pour les drivers et entra\u00eeneurs de trot au printemps et en automne.","robots":{"index":"index","follow":"follow","max-snippet":"max-snippet:-1","max-image-preview":"max-image-preview:large","max-video-preview":"max-video-preview:-1"},"canonical":"https:\/\/brizyproducts.com\/fr\/product\/napoli-spring-fall-onepiece\/","og_locale":"fr_FR","og_type":"article","og_title":"Combinaison Napoli | Tenue d\u2019entra\u00eenement pour le trot | Brizy","og_description":"Une tenue sur mesure offrant confort et ajustement optimal pour les drivers et entra\u00eeneurs de trot au printemps et en automne.","og_url":"https:\/\/brizyproducts.com\/fr\/product\/napoli-spring-fall-onepiece\/","og_site_name":"Brizy Products","article_publisher":"https:\/\/www.facebook.com\/brizy.1983\/","article_modified_time":"2026-02-24T10:35:56+00:00","og_image":[{"width":1650,"height":2200,"url":"https:\/\/brizyproducts.com\/wp-content\/uploads\/2023\/10\/17-1650x2200.png","type":"image\/png"}],"twitter_card":"summary_large_image","schema":{"@context":"https:\/\/schema.org","@graph":[{"@type":"WebPage","@id":"https:\/\/brizyproducts.com\/fr\/product\/napoli-spring-fall-onepiece\/","url":"https:\/\/brizyproducts.com\/fr\/product\/napoli-spring-fall-onepiece\/","name":"Combinaison Napoli | Tenue d\u2019entra\u00eenement pour le trot | Brizy","isPartOf":{"@id":"https:\/\/brizyproducts.com\/fr\/#website"},"primaryImageOfPage":{"@id":"https:\/\/brizyproducts.com\/fr\/product\/napoli-spring-fall-onepiece\/#primaryimage"},"image":{"@id":"https:\/\/brizyproducts.com\/fr\/product\/napoli-spring-fall-onepiece\/#primaryimage"},"thumbnailUrl":"https:\/\/brizyproducts.com\/wp-content\/uploads\/2023\/10\/17.png","datePublished":"2023-10-26T13:56:26+00:00","dateModified":"2026-02-24T10:35:56+00:00","description":"Une tenue sur mesure offrant confort et ajustement optimal pour les drivers et entra\u00eeneurs de trot au printemps et en automne.","breadcrumb":{"@id":"https:\/\/brizyproducts.com\/fr\/product\/napoli-spring-fall-onepiece\/#breadcrumb"},"inLanguage":"fr-FR","potentialAction":[{"@type":"ReadAction","target":["https:\/\/brizyproducts.com\/fr\/product\/napoli-spring-fall-onepiece\/"]}]},{"@type":"ImageObject","inLanguage":"fr-FR","@id":"https:\/\/brizyproducts.com\/fr\/product\/napoli-spring-fall-onepiece\/#primaryimage","url":"https:\/\/brizyproducts.com\/wp-content\/uploads\/2023\/10\/17.png","contentUrl":"https:\/\/brizyproducts.com\/wp-content\/uploads\/2023\/10\/17.png","width":3375,"height":4500},{"@type":"BreadcrumbList","@id":"https:\/\/brizyproducts.com\/fr\/product\/napoli-spring-fall-onepiece\/#breadcrumb","itemListElement":[{"@type":"ListItem","position":1,"name":"Hem","item":"https:\/\/brizyproducts.com\/fr\/"},{"@type":"ListItem","position":2,"name":"Shop","item":"https:\/\/brizyproducts.com\/fr\/shop\/"},{"@type":"ListItem","position":3,"name":"Combinaison Napoli Printemps\/Automne"}]},{"@type":"WebSite","@id":"https:\/\/brizyproducts.com\/fr\/#website","url":"https:\/\/brizyproducts.com\/fr\/","name":"Brizy","description":"","publisher":{"@id":"https:\/\/brizyproducts.com\/fr\/#organization"},"potentialAction":[{"@type":"SearchAction","target":{"@type":"EntryPoint","urlTemplate":"https:\/\/brizyproducts.com\/fr\/?s={search_term_string}"},"query-input":{"@type":"PropertyValueSpecification","valueRequired":true,"valueName":"search_term_string"}}],"inLanguage":"fr-FR"},{"@type":"Organization","@id":"https:\/\/brizyproducts.com\/fr\/#organization","name":"Brizy","url":"https:\/\/brizyproducts.com\/fr\/","logo":{"@type":"ImageObject","inLanguage":"fr-FR","@id":"https:\/\/brizyproducts.com\/fr\/#\/schema\/logo\/image\/","url":"https:\/\/brizyproducts.com\/wp-content\/uploads\/2023\/12\/Brizy-old.svg","contentUrl":"https:\/\/brizyproducts.com\/wp-content\/uploads\/2023\/12\/Brizy-old.svg","width":1,"height":1,"caption":"Brizy"},"image":{"@id":"https:\/\/brizyproducts.com\/fr\/#\/schema\/logo\/image\/"},"sameAs":["https:\/\/www.facebook.com\/brizy.1983\/","https:\/\/www.linkedin.com\/company\/brizy-produktion\/"]}]},"product_price_amount":"0.00","product_price_currency":"USD","og_availability":"instock","product_availability":"instock","product_retailer_item_id":"1450","product_condition":"new"},"_links":{"self":[{"href":"https:\/\/brizyproducts.com\/fr\/wp-json\/wp\/v2\/product\/13357","targetHints":{"allow":["GET"]}}],"collection":[{"href":"https:\/\/brizyproducts.com\/fr\/wp-json\/wp\/v2\/product"}],"about":[{"href":"https:\/\/brizyproducts.com\/fr\/wp-json\/wp\/v2\/types\/product"}],"replies":[{"embeddable":true,"href":"https:\/\/brizyproducts.com\/fr\/wp-json\/wp\/v2\/comments?post=13357"}],"wp:featuredmedia":[{"embeddable":true,"href":"https:\/\/brizyproducts.com\/fr\/wp-json\/wp\/v2\/media\/13359"}],"wp:attachment":[{"href":"https:\/\/brizyproducts.com\/fr\/wp-json\/wp\/v2\/media?parent=13357"}],"wp:term":[{"taxonomy":"product_brand","embeddable":true,"href":"https:\/\/brizyproducts.com\/fr\/wp-json\/wp\/v2\/product_brand?post=13357"},{"taxonomy":"product_cat","embeddable":true,"href":"https:\/\/brizyproducts.com\/fr\/wp-json\/wp\/v2\/product_cat?post=13357"},{"taxonomy":"product_tag","embeddable":true,"href":"https:\/\/brizyproducts.com\/fr\/wp-json\/wp\/v2\/product_tag?post=13357"}],"curies":[{"name":"wp","href":"https:\/\/api.w.org\/{rel}","templated":true}]}}