{"id":13157,"date":"2023-10-27T13:56:25","date_gmt":"2023-10-27T13:56:25","guid":{"rendered":"https:\/\/brizyproducts.com\/product\/veste-de-pluie-vincennes\/"},"modified":"2026-01-09T08:56:53","modified_gmt":"2026-01-09T08:56:53","slug":"veste-de-pluie-vincennes","status":"publish","type":"product","link":"https:\/\/brizyproducts.com\/fr\/product\/veste-de-pluie-vincennes\/","title":{"rendered":"Veste de pluie Vincennes"},"content":{"rendered":"<div class=\"flex-shrink-0 flex flex-col relative items-end\">\n<div class=\"pt-0\">\n<div class=\"gizmo-bot-avatar flex h-8 w-8 items-center justify-center overflow-hidden rounded-full\">\n<h2><strong>La veste de pluie qui vous garde au sec lors des journ\u00e9es de course pluvieuses et venteuses<\/strong><\/h2>\n<p>La Veste de pluie Vincennes est une veste fonctionnelle con\u00e7ue sp\u00e9cifiquement pour les drivers de trot et leurs besoins sur l\u2019hippodrome. Son tissage polyester durable avec traitement DWR prot\u00e8ge efficacement contre la pluie et le vent, m\u00eame pendant de longues journ\u00e9es de course. La veste est l\u00e9g\u00e8re, souple et offre une totale libert\u00e9 de mouvement, tout en vous gardant au sec de mani\u00e8re fiable.<\/p>\n<p>Avec un large choix de couleurs et d\u2019options de design, vous pouvez cr\u00e9er une veste de course enti\u00e8rement adapt\u00e9e \u00e0 vos pr\u00e9f\u00e9rences. Chaque veste est r\u00e9alis\u00e9e sur mesure pour un ajustement optimal et fabriqu\u00e9e dans des mat\u00e9riaux qui font vraiment la diff\u00e9rence.<\/p>\n<\/div>\n<\/div>\n<\/div>\n","protected":false},"excerpt":{"rendered":"<p>Veste de course personnalis\u00e9e et sur mesure avec un mat\u00e9riau durable d\u00e9perlant et coupe-vent.<\/p>\n","protected":false},"featured_media":13160,"comment_status":"closed","ping_status":"closed","template":"","meta":{"_acf_changed":false},"product_brand":[],"product_cat":[240,273,447],"product_tag":[],"class_list":{"0":"post-13157","1":"product","2":"type-product","3":"status-publish","4":"has-post-thumbnail","6":"product_cat-mens","7":"product_cat-jackets","8":"product_cat-tailor-made-layout","9":"season-rain","10":"gender-men","11":"gender-women","12":"collection-vincennes","13":"activity-racing","14":"product_type_brizy-tailor-made","16":"first","17":"instock","18":"taxable","19":"shipping-taxable","20":"purchasable","21":"product-type-simple"},"acf":[],"yoast_head":"<!-- This site is optimized with the Yoast SEO plugin v27.3 - https:\/\/yoast.com\/product\/yoast-seo-wordpress\/ -->\n<title>Veste de pluie Vincennes | Pour les courses pluvieuses | Brizy<\/title>\n<meta name=\"description\" content=\"Veste de pluie sur mesure, offrant un ajustement optimal et un grand confort aux drivers de trot lors des journ\u00e9es de course pluvieuses et venteuses.\" \/>\n<meta name=\"robots\" content=\"index, follow, max-snippet:-1, max-image-preview:large, max-video-preview:-1\" \/>\n<link rel=\"canonical\" href=\"https:\/\/brizyproducts.com\/fr\/product\/veste-de-pluie-vincennes\/\" \/>\n<meta property=\"og:locale\" content=\"fr_FR\" \/>\n<meta property=\"og:type\" content=\"article\" \/>\n<meta property=\"og:title\" content=\"Veste de pluie Vincennes | Pour les courses pluvieuses | Brizy\" \/>\n<meta property=\"og:description\" content=\"Veste de pluie sur mesure, offrant un ajustement optimal et un grand confort aux drivers de trot lors des journ\u00e9es de course pluvieuses et venteuses.\" \/>\n<meta property=\"og:url\" content=\"https:\/\/brizyproducts.com\/fr\/product\/veste-de-pluie-vincennes\/\" \/>\n<meta property=\"og:site_name\" content=\"Brizy Products\" \/>\n<meta property=\"article:publisher\" content=\"https:\/\/www.facebook.com\/brizy.1983\/\" \/>\n<meta property=\"article:modified_time\" content=\"2026-01-09T08:56:53+00:00\" \/>\n<meta property=\"og:image\" content=\"https:\/\/brizyproducts.com\/wp-content\/uploads\/2023\/10\/4-13-png.webp\" \/>\n\t<meta property=\"og:image:width\" content=\"3375\" \/>\n\t<meta property=\"og:image:height\" content=\"4500\" \/>\n\t<meta property=\"og:image:type\" content=\"image\/png\" \/>\n<meta name=\"twitter:card\" content=\"summary_large_image\" \/>\n<meta property=\"product:price:amount\" content=\"0.00\" \/>\n<meta property=\"product:price:currency\" content=\"USD\" \/>\n<meta property=\"og:availability\" content=\"instock\" \/>\n<meta property=\"product:availability\" content=\"instock\" \/>\n<meta property=\"product:retailer_item_id\" content=\"2610\" \/>\n<meta property=\"product:condition\" content=\"new\" \/>\n<!-- \/ Yoast SEO plugin. -->","yoast_head_json":{"title":"Veste de pluie Vincennes | Pour les courses pluvieuses | Brizy","description":"Veste de pluie sur mesure, offrant un ajustement optimal et un grand confort aux drivers de trot lors des journ\u00e9es de course pluvieuses et venteuses.","robots":{"index":"index","follow":"follow","max-snippet":"max-snippet:-1","max-image-preview":"max-image-preview:large","max-video-preview":"max-video-preview:-1"},"canonical":"https:\/\/brizyproducts.com\/fr\/product\/veste-de-pluie-vincennes\/","og_locale":"fr_FR","og_type":"article","og_title":"Veste de pluie Vincennes | Pour les courses pluvieuses | Brizy","og_description":"Veste de pluie sur mesure, offrant un ajustement optimal et un grand confort aux drivers de trot lors des journ\u00e9es de course pluvieuses et venteuses.","og_url":"https:\/\/brizyproducts.com\/fr\/product\/veste-de-pluie-vincennes\/","og_site_name":"Brizy Products","article_publisher":"https:\/\/www.facebook.com\/brizy.1983\/","article_modified_time":"2026-01-09T08:56:53+00:00","og_image":[{"width":3375,"height":4500,"url":"https:\/\/brizyproducts.com\/wp-content\/uploads\/2023\/10\/4-13-png.webp","type":"image\/png"}],"twitter_card":"summary_large_image","schema":{"@context":"https:\/\/schema.org","@graph":[{"@type":"WebPage","@id":"https:\/\/brizyproducts.com\/fr\/product\/veste-de-pluie-vincennes\/","url":"https:\/\/brizyproducts.com\/fr\/product\/veste-de-pluie-vincennes\/","name":"Veste de pluie Vincennes | Pour les courses pluvieuses | Brizy","isPartOf":{"@id":"https:\/\/brizyproducts.com\/fr\/#website"},"primaryImageOfPage":{"@id":"https:\/\/brizyproducts.com\/fr\/product\/veste-de-pluie-vincennes\/#primaryimage"},"image":{"@id":"https:\/\/brizyproducts.com\/fr\/product\/veste-de-pluie-vincennes\/#primaryimage"},"thumbnailUrl":"https:\/\/brizyproducts.com\/wp-content\/uploads\/2023\/10\/4-13-png.webp","datePublished":"2023-10-27T13:56:25+00:00","dateModified":"2026-01-09T08:56:53+00:00","description":"Veste de pluie sur mesure, offrant un ajustement optimal et un grand confort aux drivers de trot lors des journ\u00e9es de course pluvieuses et venteuses.","breadcrumb":{"@id":"https:\/\/brizyproducts.com\/fr\/product\/veste-de-pluie-vincennes\/#breadcrumb"},"inLanguage":"fr-FR","potentialAction":[{"@type":"ReadAction","target":["https:\/\/brizyproducts.com\/fr\/product\/veste-de-pluie-vincennes\/"]}]},{"@type":"ImageObject","inLanguage":"fr-FR","@id":"https:\/\/brizyproducts.com\/fr\/product\/veste-de-pluie-vincennes\/#primaryimage","url":"https:\/\/brizyproducts.com\/wp-content\/uploads\/2023\/10\/4-13-png.webp","contentUrl":"https:\/\/brizyproducts.com\/wp-content\/uploads\/2023\/10\/4-13-png.webp","width":2560,"height":3413},{"@type":"BreadcrumbList","@id":"https:\/\/brizyproducts.com\/fr\/product\/veste-de-pluie-vincennes\/#breadcrumb","itemListElement":[{"@type":"ListItem","position":1,"name":"Hem","item":"https:\/\/brizyproducts.com\/fr\/"},{"@type":"ListItem","position":2,"name":"Shop","item":"https:\/\/brizyproducts.com\/fr\/shop\/"},{"@type":"ListItem","position":3,"name":"Veste de pluie Vincennes"}]},{"@type":"WebSite","@id":"https:\/\/brizyproducts.com\/fr\/#website","url":"https:\/\/brizyproducts.com\/fr\/","name":"Brizy","description":"","publisher":{"@id":"https:\/\/brizyproducts.com\/fr\/#organization"},"potentialAction":[{"@type":"SearchAction","target":{"@type":"EntryPoint","urlTemplate":"https:\/\/brizyproducts.com\/fr\/?s={search_term_string}"},"query-input":{"@type":"PropertyValueSpecification","valueRequired":true,"valueName":"search_term_string"}}],"inLanguage":"fr-FR"},{"@type":"Organization","@id":"https:\/\/brizyproducts.com\/fr\/#organization","name":"Brizy","url":"https:\/\/brizyproducts.com\/fr\/","logo":{"@type":"ImageObject","inLanguage":"fr-FR","@id":"https:\/\/brizyproducts.com\/fr\/#\/schema\/logo\/image\/","url":"https:\/\/brizyproducts.com\/wp-content\/uploads\/2023\/12\/Brizy-old.svg","contentUrl":"https:\/\/brizyproducts.com\/wp-content\/uploads\/2023\/12\/Brizy-old.svg","width":1,"height":1,"caption":"Brizy"},"image":{"@id":"https:\/\/brizyproducts.com\/fr\/#\/schema\/logo\/image\/"},"sameAs":["https:\/\/www.facebook.com\/brizy.1983\/","https:\/\/www.linkedin.com\/company\/brizy-produktion\/"]}]},"product_price_amount":"0.00","product_price_currency":"USD","og_availability":"instock","product_availability":"instock","product_retailer_item_id":"2610","product_condition":"new"},"_links":{"self":[{"href":"https:\/\/brizyproducts.com\/fr\/wp-json\/wp\/v2\/product\/13157","targetHints":{"allow":["GET"]}}],"collection":[{"href":"https:\/\/brizyproducts.com\/fr\/wp-json\/wp\/v2\/product"}],"about":[{"href":"https:\/\/brizyproducts.com\/fr\/wp-json\/wp\/v2\/types\/product"}],"replies":[{"embeddable":true,"href":"https:\/\/brizyproducts.com\/fr\/wp-json\/wp\/v2\/comments?post=13157"}],"wp:featuredmedia":[{"embeddable":true,"href":"https:\/\/brizyproducts.com\/fr\/wp-json\/wp\/v2\/media\/13160"}],"wp:attachment":[{"href":"https:\/\/brizyproducts.com\/fr\/wp-json\/wp\/v2\/media?parent=13157"}],"wp:term":[{"taxonomy":"product_brand","embeddable":true,"href":"https:\/\/brizyproducts.com\/fr\/wp-json\/wp\/v2\/product_brand?post=13157"},{"taxonomy":"product_cat","embeddable":true,"href":"https:\/\/brizyproducts.com\/fr\/wp-json\/wp\/v2\/product_cat?post=13157"},{"taxonomy":"product_tag","embeddable":true,"href":"https:\/\/brizyproducts.com\/fr\/wp-json\/wp\/v2\/product_tag?post=13157"}],"curies":[{"name":"wp","href":"https:\/\/api.w.org\/{rel}","templated":true}]}}