{"id":13088,"date":"2023-10-26T13:59:38","date_gmt":"2023-10-26T13:59:38","guid":{"rendered":"https:\/\/brizyproducts.com\/product\/valise-a-cabine\/"},"modified":"2023-10-26T13:59:38","modified_gmt":"2023-10-26T13:59:38","slug":"valise-a-cabine","status":"publish","type":"product","link":"https:\/\/brizyproducts.com\/fr\/product\/valise-a-cabine\/","title":{"rendered":"Valise \u00e0 cabine"},"content":{"rendered":"<p><strong>D\u00e9couvrez la durabilit\u00e9 et le style de notre valise cabine : Le compagnon de voyage id\u00e9al pour les courses sous harnais et les sports \u00e9questres !<\/strong><\/p>\n<p>Faites l&rsquo;exp\u00e9rience de la protection et de la commodit\u00e9 avec notre valise Cabin durable, fabriqu\u00e9e \u00e0 partir d&rsquo;un mat\u00e9riau en nylon de haute qualit\u00e9 pour garantir la s\u00e9curit\u00e9 de vos effets personnels pendant le voyage. Parfaite pour les professionnels des courses sous harnais et les passionn\u00e9s d&rsquo;\u00e9quitation, cette valise r\u00e9pond \u00e0 tous vos besoins en mati\u00e8re de voyage et d&#8217;emballage. <\/p>\n<p><strong>Caract\u00e9ristiques :<\/strong><\/p>\n<ul>\n<li>Assure une protection optimale et une durabilit\u00e9 \u00e0 long terme.<\/li>\n<li>  Ouverture pratique sur le dessus et fermetures \u00e0 glissi\u00e8re lat\u00e9rales pour une utilisation rapide et ais\u00e9e.<\/li>\n<li><strong>:<\/strong> Deux compartiments g\u00e9n\u00e9reux avec des poches en filet pour faciliter l&rsquo;organisation et l&rsquo;acc\u00e8s.<\/li>\n<li>Dimensions : Longueur &#8211; 55 cm, Largeur &#8211; 35 cm, Hauteur &#8211; 20 cm<\/li>\n<\/ul>\n<p><strong>Composition<\/strong><\/p>\n<ul>\n<li>100% Nylon,<\/li>\n<\/ul>\n<p><strong>Personnalisation possible :<\/strong><\/p>\n<ul>\n<li>Personnalisez votre valise cabine avec votre logo et votre nom pour une touche unique. Contactez-nous pour plus de d\u00e9tails ! <\/li>\n<\/ul>\n<p><strong>Veuillez noter que nos sacs sont exclusivement disponibles en Europe.<\/strong><\/p>\n\n","protected":false},"excerpt":{"rendered":"<p>D\u00e9couvrez la durabilit\u00e9 et le style de notre valise cabine : Le compagnon de voyage id\u00e9al pour les courses sous harnais et les sports \u00e9questres ! Faites l&rsquo;exp\u00e9rience de la protection et de la commodit\u00e9 avec notre valise Cabin durable, fabriqu\u00e9e \u00e0 partir d&rsquo;un mat\u00e9riau en nylon de haute qualit\u00e9 pour garantir la s\u00e9curit\u00e9 de [&hellip;]<\/p>\n","protected":false},"featured_media":13105,"comment_status":"closed","ping_status":"closed","template":"","meta":{"_acf_changed":false},"product_brand":[],"product_cat":[373],"product_tag":[],"season":[],"gender":[509],"collection":[],"activity":[559,561,563],"product_type_brizy":[569],"class_list":{"0":"post-13088","1":"product","2":"type-product","3":"status-publish","4":"has-post-thumbnail","6":"product_cat-luggage","7":"gender-men","8":"activity-stable","9":"activity-training","10":"activity-trotting","11":"product_type_brizy-stock-products","13":"first","14":"instock","15":"taxable","16":"shipping-taxable","17":"purchasable","18":"product-type-simple"},"acf":[],"yoast_head":"<!-- This site is optimized with the Yoast SEO plugin v27.3 - https:\/\/yoast.com\/product\/yoast-seo-wordpress\/ -->\n<title>Valise \u00e0 cabine | Harness racing clothing | Brizy<\/title>\n<meta name=\"description\" content=\"D\u00e9couvrez la durabilit\u00e9 et le style de notre valise cabine : Le compagnon de voyage id\u00e9al pour les courses sous harnais et les sports \u00e9questres ! Faites\" \/>\n<meta name=\"robots\" content=\"index, follow, max-snippet:-1, max-image-preview:large, max-video-preview:-1\" \/>\n<link rel=\"canonical\" href=\"https:\/\/brizyproducts.com\/fr\/product\/valise-a-cabine\/\" \/>\n<meta property=\"og:locale\" content=\"fr_FR\" \/>\n<meta property=\"og:type\" content=\"article\" \/>\n<meta property=\"og:title\" content=\"Valise \u00e0 cabine | Harness racing clothing | Brizy\" \/>\n<meta property=\"og:description\" content=\"D\u00e9couvrez la durabilit\u00e9 et le style de notre valise cabine : Le compagnon de voyage id\u00e9al pour les courses sous harnais et les sports \u00e9questres ! Faites\" \/>\n<meta property=\"og:url\" content=\"https:\/\/brizyproducts.com\/fr\/product\/valise-a-cabine\/\" \/>\n<meta property=\"og:site_name\" content=\"Brizy Products\" \/>\n<meta property=\"article:publisher\" content=\"https:\/\/www.facebook.com\/brizy.1983\/\" \/>\n<meta property=\"og:image\" content=\"https:\/\/brizyproducts.com\/wp-content\/uploads\/2023\/10\/2-6-1650x2200.png\" \/>\n\t<meta property=\"og:image:width\" content=\"1650\" \/>\n\t<meta property=\"og:image:height\" content=\"2200\" \/>\n\t<meta property=\"og:image:type\" content=\"image\/png\" \/>\n<meta name=\"twitter:card\" content=\"summary_large_image\" \/>\n<meta property=\"product:price:amount\" content=\"116.00\" \/>\n<meta property=\"product:price:currency\" content=\"USD\" \/>\n<meta property=\"og:availability\" content=\"instock\" \/>\n<meta property=\"product:availability\" content=\"instock\" \/>\n<meta property=\"product:retailer_item_id\" content=\"8055-1\" \/>\n<meta property=\"product:condition\" content=\"new\" \/>\n<!-- \/ Yoast SEO plugin. -->","yoast_head_json":{"title":"Valise \u00e0 cabine | Harness racing clothing | Brizy","description":"D\u00e9couvrez la durabilit\u00e9 et le style de notre valise cabine : Le compagnon de voyage id\u00e9al pour les courses sous harnais et les sports \u00e9questres ! Faites","robots":{"index":"index","follow":"follow","max-snippet":"max-snippet:-1","max-image-preview":"max-image-preview:large","max-video-preview":"max-video-preview:-1"},"canonical":"https:\/\/brizyproducts.com\/fr\/product\/valise-a-cabine\/","og_locale":"fr_FR","og_type":"article","og_title":"Valise \u00e0 cabine | Harness racing clothing | Brizy","og_description":"D\u00e9couvrez la durabilit\u00e9 et le style de notre valise cabine : Le compagnon de voyage id\u00e9al pour les courses sous harnais et les sports \u00e9questres ! Faites","og_url":"https:\/\/brizyproducts.com\/fr\/product\/valise-a-cabine\/","og_site_name":"Brizy Products","article_publisher":"https:\/\/www.facebook.com\/brizy.1983\/","og_image":[{"width":1650,"height":2200,"url":"https:\/\/brizyproducts.com\/wp-content\/uploads\/2023\/10\/2-6-1650x2200.png","type":"image\/png"}],"twitter_card":"summary_large_image","schema":{"@context":"https:\/\/schema.org","@graph":[{"@type":"WebPage","@id":"https:\/\/brizyproducts.com\/fr\/product\/valise-a-cabine\/","url":"https:\/\/brizyproducts.com\/fr\/product\/valise-a-cabine\/","name":"Valise \u00e0 cabine | Harness racing clothing | Brizy","isPartOf":{"@id":"https:\/\/brizyproducts.com\/fr\/#website"},"primaryImageOfPage":{"@id":"https:\/\/brizyproducts.com\/fr\/product\/valise-a-cabine\/#primaryimage"},"image":{"@id":"https:\/\/brizyproducts.com\/fr\/product\/valise-a-cabine\/#primaryimage"},"thumbnailUrl":"https:\/\/brizyproducts.com\/wp-content\/uploads\/2023\/10\/2-6.png","datePublished":"2023-10-26T13:59:38+00:00","description":"D\u00e9couvrez la durabilit\u00e9 et le style de notre valise cabine : Le compagnon de voyage id\u00e9al pour les courses sous harnais et les sports \u00e9questres ! Faites","breadcrumb":{"@id":"https:\/\/brizyproducts.com\/fr\/product\/valise-a-cabine\/#breadcrumb"},"inLanguage":"fr-FR","potentialAction":[{"@type":"ReadAction","target":["https:\/\/brizyproducts.com\/fr\/product\/valise-a-cabine\/"]}]},{"@type":"ImageObject","inLanguage":"fr-FR","@id":"https:\/\/brizyproducts.com\/fr\/product\/valise-a-cabine\/#primaryimage","url":"https:\/\/brizyproducts.com\/wp-content\/uploads\/2023\/10\/2-6.png","contentUrl":"https:\/\/brizyproducts.com\/wp-content\/uploads\/2023\/10\/2-6.png","width":3375,"height":4500},{"@type":"BreadcrumbList","@id":"https:\/\/brizyproducts.com\/fr\/product\/valise-a-cabine\/#breadcrumb","itemListElement":[{"@type":"ListItem","position":1,"name":"Hem","item":"https:\/\/brizyproducts.com\/fr\/start-april-2026\/"},{"@type":"ListItem","position":2,"name":"Shop","item":"https:\/\/brizyproducts.com\/fr\/shop\/"},{"@type":"ListItem","position":3,"name":"Valise \u00e0 cabine"}]},{"@type":"WebSite","@id":"https:\/\/brizyproducts.com\/fr\/#website","url":"https:\/\/brizyproducts.com\/fr\/","name":"Brizy","description":"","publisher":{"@id":"https:\/\/brizyproducts.com\/fr\/#organization"},"potentialAction":[{"@type":"SearchAction","target":{"@type":"EntryPoint","urlTemplate":"https:\/\/brizyproducts.com\/fr\/?s={search_term_string}"},"query-input":{"@type":"PropertyValueSpecification","valueRequired":true,"valueName":"search_term_string"}}],"inLanguage":"fr-FR"},{"@type":"Organization","@id":"https:\/\/brizyproducts.com\/fr\/#organization","name":"Brizy","url":"https:\/\/brizyproducts.com\/fr\/","logo":{"@type":"ImageObject","inLanguage":"fr-FR","@id":"https:\/\/brizyproducts.com\/fr\/#\/schema\/logo\/image\/","url":"https:\/\/brizyproducts.com\/wp-content\/uploads\/2023\/12\/Brizy-old.svg","contentUrl":"https:\/\/brizyproducts.com\/wp-content\/uploads\/2023\/12\/Brizy-old.svg","width":1,"height":1,"caption":"Brizy"},"image":{"@id":"https:\/\/brizyproducts.com\/fr\/#\/schema\/logo\/image\/"},"sameAs":["https:\/\/www.facebook.com\/brizy.1983\/","https:\/\/www.linkedin.com\/company\/brizy-produktion\/"]}]},"product_price_amount":"116.00","product_price_currency":"USD","og_availability":"instock","product_availability":"instock","product_retailer_item_id":"8055-1","product_condition":"new"},"_links":{"self":[{"href":"https:\/\/brizyproducts.com\/fr\/wp-json\/wp\/v2\/product\/13088","targetHints":{"allow":["GET"]}}],"collection":[{"href":"https:\/\/brizyproducts.com\/fr\/wp-json\/wp\/v2\/product"}],"about":[{"href":"https:\/\/brizyproducts.com\/fr\/wp-json\/wp\/v2\/types\/product"}],"replies":[{"embeddable":true,"href":"https:\/\/brizyproducts.com\/fr\/wp-json\/wp\/v2\/comments?post=13088"}],"wp:featuredmedia":[{"embeddable":true,"href":"https:\/\/brizyproducts.com\/fr\/wp-json\/wp\/v2\/media\/13105"}],"wp:attachment":[{"href":"https:\/\/brizyproducts.com\/fr\/wp-json\/wp\/v2\/media?parent=13088"}],"wp:term":[{"taxonomy":"product_brand","embeddable":true,"href":"https:\/\/brizyproducts.com\/fr\/wp-json\/wp\/v2\/product_brand?post=13088"},{"taxonomy":"product_cat","embeddable":true,"href":"https:\/\/brizyproducts.com\/fr\/wp-json\/wp\/v2\/product_cat?post=13088"},{"taxonomy":"product_tag","embeddable":true,"href":"https:\/\/brizyproducts.com\/fr\/wp-json\/wp\/v2\/product_tag?post=13088"},{"taxonomy":"season","embeddable":true,"href":"https:\/\/brizyproducts.com\/fr\/wp-json\/wp\/v2\/season?post=13088"},{"taxonomy":"gender","embeddable":true,"href":"https:\/\/brizyproducts.com\/fr\/wp-json\/wp\/v2\/gender?post=13088"},{"taxonomy":"collection","embeddable":true,"href":"https:\/\/brizyproducts.com\/fr\/wp-json\/wp\/v2\/collection?post=13088"},{"taxonomy":"activity","embeddable":true,"href":"https:\/\/brizyproducts.com\/fr\/wp-json\/wp\/v2\/activity?post=13088"},{"taxonomy":"product_type_brizy","embeddable":true,"href":"https:\/\/brizyproducts.com\/fr\/wp-json\/wp\/v2\/product_type_brizy?post=13088"}],"curies":[{"name":"wp","href":"https:\/\/api.w.org\/{rel}","templated":true}]}}